{"id":405706,"date":"2021-10-25T18:05:30","date_gmt":"2021-10-25T16:05:30","guid":{"rendered":"https:\/\/justvape.nu\/produkt\/hellvape-dead-rabbit-r-tank-pyrex-glass-6-5ml\/"},"modified":"2022-11-24T11:34:03","modified_gmt":"2022-11-24T10:34:03","slug":"hellvape-dod-kanin-r-tank-pyrex-glas-6-5ml","status":"publish","type":"product","link":"https:\/\/justvape.nu\/sv\/produkt\/hellvape-dod-kanin-r-tank-pyrex-glas-6-5ml\/","title":{"rendered":"HELLVAPE &#8211; DEAD RABBIT R TANK PYREX GLASS 6.5ML"},"content":{"rendered":"<h2>HELLVAPE &#8211; DEAD RABBIT R TANK PYREX GLASS 6.5ML<\/h2>\n<p>Dead Rabbit R Tank Glass Tube \u00e4r kompatibel med Dead Rabbit R Tank. Den \u00e4r gjord av h\u00f6gkvalitativt pyrexglas. Den har en kapacitet p\u00e5 6,5 ml. 1 st varje f\u00f6rpackning. Skaffa den bara som en av dina reservdelar.<\/p>\n<div class=\"shop-features \">\n<h2 class=\"shop-features-title \">SPECIFIKATIONER<\/h2>\n<\/div>\n<p><strong class=\"description-little-title\">Parametrar f\u00f6r utbyte av glasr\u00f6r f\u00f6r Dead Rabbit R-tank:<\/strong><\/p>\n<table class=\"description-table\">\n<tbody>\n<tr>\n<td class=\"strong-title \">varum\u00e4rke<\/td>\n<td class=\"inline\">Hellvape<\/td>\n<\/tr>\n<tr>\n<td class=\"strong-title \">produktnamn<\/td>\n<td class=\"inline\">Dead Rabbit R tankglasr\u00f6r<\/td>\n<\/tr>\n<tr>\n<td class=\"strong-title \">Kapacitet<\/td>\n<td class=\"inline\">6,5 ml<\/td>\n<\/tr>\n<tr>\n<td class=\"strong-title \">Passar f\u00f6r<\/td>\n<td class=\"inline\">Dead Rabbit R Tank<\/td>\n<\/tr>\n<tr>\n<td class=\"strong-title \">Kvantitet<\/td>\n<td class=\"inline\">1 st\/f\u00f6rpackning<\/td>\n<\/tr>\n<\/tbody>\n<\/table>\n<div class=\"shop-features \">\n<h2 class=\"shop-features-title \">PAKET INNEH\u00c5LL<\/h2>\n<\/div>\n<p><strong class=\"description-little-title \">Paketet med Hellvape Dead Rabbit Pyrex Glass kommer med:<\/strong><\/p>\n<p>1* Dead Rabbit R Tankglasr\u00f6r<\/p>\n<p class=\"description-img-center \">\n","protected":false},"excerpt":{"rendered":"<p>HELLVAPE &#8211; DEAD RABBIT R TANK PYREX GLASS 6.5ML<\/p>\n","protected":false},"featured_media":405293,"comment_status":"open","ping_status":"closed","template":"","meta":{"_acf_changed":false,"_uag_custom_page_level_css":"","site-sidebar-layout":"default","site-content-layout":"default","ast-site-content-layout":"default","site-content-style":"default","site-sidebar-style":"default","ast-global-header-display":"","ast-banner-title-visibility":"","ast-main-header-display":"","ast-hfb-above-header-display":"","ast-hfb-below-header-display":"","ast-hfb-mobile-header-display":"","site-post-title":"","ast-breadcrumbs-content":"","ast-featured-img":"","footer-sml-layout":"","ast-disable-related-posts":"","theme-transparent-header-meta":"default","adv-header-id-meta":"","stick-header-meta":"default","header-above-stick-meta":"","header-main-stick-meta":"","header-below-stick-meta":"","astra-migrate-meta-layouts":"default","ast-page-background-enabled":"default","ast-page-background-meta":{"desktop":{"background-color":"","background-image":"","background-repeat":"repeat","background-position":"center center","background-size":"auto","background-attachment":"scroll","background-type":"","background-media":"","overlay-type":"","overlay-color":"","overlay-opacity":"","overlay-gradient":""},"tablet":{"background-color":"","background-image":"","background-repeat":"repeat","background-position":"center center","background-size":"auto","background-attachment":"scroll","background-type":"","background-media":"","overlay-type":"","overlay-color":"","overlay-opacity":"","overlay-gradient":""},"mobile":{"background-color":"","background-image":"","background-repeat":"repeat","background-position":"center center","background-size":"auto","background-attachment":"scroll","background-type":"","background-media":"","overlay-type":"","overlay-color":"","overlay-opacity":"","overlay-gradient":""}},"ast-content-background-meta":{"desktop":{"background-color":"var(--ast-global-color-5)","background-image":"","background-repeat":"repeat","background-position":"center center","background-size":"auto","background-attachment":"scroll","background-type":"","background-media":"","overlay-type":"","overlay-color":"","overlay-opacity":"","overlay-gradient":""},"tablet":{"background-color":"var(--ast-global-color-5)","background-image":"","background-repeat":"repeat","background-position":"center center","background-size":"auto","background-attachment":"scroll","background-type":"","background-media":"","overlay-type":"","overlay-color":"","overlay-opacity":"","overlay-gradient":""},"mobile":{"background-color":"var(--ast-global-color-5)","background-image":"","background-repeat":"repeat","background-position":"center center","background-size":"auto","background-attachment":"scroll","background-type":"","background-media":"","overlay-type":"","overlay-color":"","overlay-opacity":"","overlay-gradient":""}}},"product_brand":[],"product_cat":[2024,1984],"product_tag":[],"class_list":{"0":"post-405706","1":"product","2":"type-product","3":"status-publish","4":"has-post-thumbnail","6":"product_cat-glas-adaptrar","7":"product_cat-tankar-spolar","8":"desktop-align-center","9":"tablet-align-center","10":"mobile-align-center","11":"ast-product-gallery-layout-horizontal-slider","12":"ast-product-gallery-with-no-image","13":"ast-product-tabs-layout-horizontal","15":"first","16":"instock","17":"sale","18":"taxable","19":"shipping-taxable","20":"purchasable","21":"product-type-simple"},"acf":[],"uagb_featured_image_src":{"full":["https:\/\/justvape.nu\/wp-content\/uploads\/2021\/10\/8c39ff4aa8.jpg",450,450,false],"thumbnail":["https:\/\/justvape.nu\/wp-content\/uploads\/2021\/10\/8c39ff4aa8-150x150.jpg",150,150,true],"medium":["https:\/\/justvape.nu\/wp-content\/uploads\/2021\/10\/8c39ff4aa8-300x300.jpg",300,300,true],"medium_large":["https:\/\/justvape.nu\/wp-content\/uploads\/2021\/10\/8c39ff4aa8.jpg",450,450,false],"large":["https:\/\/justvape.nu\/wp-content\/uploads\/2021\/10\/8c39ff4aa8.jpg",450,450,false],"1536x1536":["https:\/\/justvape.nu\/wp-content\/uploads\/2021\/10\/8c39ff4aa8.jpg",450,450,false],"2048x2048":["https:\/\/justvape.nu\/wp-content\/uploads\/2021\/10\/8c39ff4aa8.jpg",450,450,false],"woocommerce_thumbnail":["https:\/\/justvape.nu\/wp-content\/uploads\/2021\/10\/8c39ff4aa8-300x300.jpg",300,300,true],"woocommerce_single":["https:\/\/justvape.nu\/wp-content\/uploads\/2021\/10\/8c39ff4aa8.jpg",450,450,false],"woocommerce_gallery_thumbnail":["https:\/\/justvape.nu\/wp-content\/uploads\/2021\/10\/8c39ff4aa8-100x100.jpg",100,100,true],"dgwt-wcas-product-suggestion":["https:\/\/justvape.nu\/wp-content\/uploads\/2021\/10\/8c39ff4aa8-64x64.jpg",64,64,true]},"uagb_author_info":{"display_name":"JustVape.nu","author_link":"https:\/\/justvape.nu\/sv\/author\/"},"uagb_comment_info":0,"uagb_excerpt":"HELLVAPE - DEAD RABBIT R TANK PYREX GLASS 6.5ML","_links":{"self":[{"href":"https:\/\/justvape.nu\/sv\/wp-json\/wp\/v2\/product\/405706","targetHints":{"allow":["GET"]}}],"collection":[{"href":"https:\/\/justvape.nu\/sv\/wp-json\/wp\/v2\/product"}],"about":[{"href":"https:\/\/justvape.nu\/sv\/wp-json\/wp\/v2\/types\/product"}],"replies":[{"embeddable":true,"href":"https:\/\/justvape.nu\/sv\/wp-json\/wp\/v2\/comments?post=405706"}],"wp:featuredmedia":[{"embeddable":true,"href":"https:\/\/justvape.nu\/sv\/wp-json\/wp\/v2\/media\/405293"}],"wp:attachment":[{"href":"https:\/\/justvape.nu\/sv\/wp-json\/wp\/v2\/media?parent=405706"}],"wp:term":[{"taxonomy":"product_brand","embeddable":true,"href":"https:\/\/justvape.nu\/sv\/wp-json\/wp\/v2\/product_brand?post=405706"},{"taxonomy":"product_cat","embeddable":true,"href":"https:\/\/justvape.nu\/sv\/wp-json\/wp\/v2\/product_cat?post=405706"},{"taxonomy":"product_tag","embeddable":true,"href":"https:\/\/justvape.nu\/sv\/wp-json\/wp\/v2\/product_tag?post=405706"}],"curies":[{"name":"wp","href":"https:\/\/api.w.org\/{rel}","templated":true}]}}