{"id":399564,"date":"2021-09-07T22:05:32","date_gmt":"2021-09-07T20:05:32","guid":{"rendered":"https:\/\/www.justvape.nu\/produkt\/alpha3-cap-removal-tool\/"},"modified":"2023-12-14T10:02:06","modified_gmt":"2023-12-14T09:02:06","slug":"alpha3-cap-removal-tool","status":"publish","type":"product","link":"https:\/\/justvape.nu\/sv\/produkt\/alpha3-cap-removal-tool\/","title":{"rendered":"ALPHA3 CAP REMOVAL TOOL"},"content":{"rendered":"<h2 class=\"product_name\">ALPHA3 CAP REMOVAL TOOL<\/h2>\n<p>Alpha3 \u00e4r ett innovativt men enkelt kort p\u00e5fyllningslock och 10 ml spetsborttagare som sparar anv\u00e4ndningen av sax, skruvmejsel, t\u00e5ng och andra instrument som f\u00f6r n\u00e4rvarande anv\u00e4nds f\u00f6r jobbet. med en enkel skjut- och lyftr\u00f6relse kommer du att f\u00e5 bort kortfyllningsk\u00e5por med l\u00e4tthet!<\/p>\n<p><strong>Tar bort:<\/strong><\/p>\n<ul>\n<li>10 ml flaskspetsar<\/li>\n<li>60 ml knubbiga flaskspetsar<\/li>\n<li>120 ml knubbiga flaskspetsar<\/li>\n<\/ul>\n","protected":false},"excerpt":{"rendered":"<p>ALPHA3 CAP REMOVAL TOOL<\/p>\n","protected":false},"featured_media":399555,"comment_status":"open","ping_status":"closed","template":"","meta":{"_acf_changed":false,"_uag_custom_page_level_css":"","site-sidebar-layout":"default","site-content-layout":"default","ast-site-content-layout":"default","site-content-style":"default","site-sidebar-style":"default","ast-global-header-display":"","ast-banner-title-visibility":"","ast-main-header-display":"","ast-hfb-above-header-display":"","ast-hfb-below-header-display":"","ast-hfb-mobile-header-display":"","site-post-title":"","ast-breadcrumbs-content":"","ast-featured-img":"","footer-sml-layout":"","ast-disable-related-posts":"","theme-transparent-header-meta":"default","adv-header-id-meta":"","stick-header-meta":"default","header-above-stick-meta":"","header-main-stick-meta":"","header-below-stick-meta":"","astra-migrate-meta-layouts":"default","ast-page-background-enabled":"default","ast-page-background-meta":{"desktop":{"background-color":"","background-image":"","background-repeat":"repeat","background-position":"center center","background-size":"auto","background-attachment":"scroll","background-type":"","background-media":"","overlay-type":"","overlay-color":"","overlay-opacity":"","overlay-gradient":""},"tablet":{"background-color":"","background-image":"","background-repeat":"repeat","background-position":"center center","background-size":"auto","background-attachment":"scroll","background-type":"","background-media":"","overlay-type":"","overlay-color":"","overlay-opacity":"","overlay-gradient":""},"mobile":{"background-color":"","background-image":"","background-repeat":"repeat","background-position":"center center","background-size":"auto","background-attachment":"scroll","background-type":"","background-media":"","overlay-type":"","overlay-color":"","overlay-opacity":"","overlay-gradient":""}},"ast-content-background-meta":{"desktop":{"background-color":"var(--ast-global-color-5)","background-image":"","background-repeat":"repeat","background-position":"center center","background-size":"auto","background-attachment":"scroll","background-type":"","background-media":"","overlay-type":"","overlay-color":"","overlay-opacity":"","overlay-gradient":""},"tablet":{"background-color":"var(--ast-global-color-5)","background-image":"","background-repeat":"repeat","background-position":"center center","background-size":"auto","background-attachment":"scroll","background-type":"","background-media":"","overlay-type":"","overlay-color":"","overlay-opacity":"","overlay-gradient":""},"mobile":{"background-color":"var(--ast-global-color-5)","background-image":"","background-repeat":"repeat","background-position":"center center","background-size":"auto","background-attachment":"scroll","background-type":"","background-media":"","overlay-type":"","overlay-color":"","overlay-opacity":"","overlay-gradient":""}}},"product_brand":[],"product_cat":[1924,2288],"product_tag":[],"class_list":{"0":"post-399564","1":"product","2":"type-product","3":"status-publish","4":"has-post-thumbnail","6":"product_cat-diy-sv","7":"product_cat-vape-verktyg","8":"desktop-align-center","9":"tablet-align-center","10":"mobile-align-center","11":"ast-product-gallery-layout-horizontal-slider","12":"ast-product-gallery-with-no-image","13":"ast-product-tabs-layout-horizontal","15":"first","16":"instock","17":"sale","18":"taxable","19":"shipping-taxable","20":"purchasable","21":"product-type-simple"},"acf":[],"uagb_featured_image_src":{"full":["https:\/\/justvape.nu\/wp-content\/uploads\/2021\/09\/alpha-3-removal-tool-eliquid-cap-the-alpha-3.png",600,600,false],"thumbnail":["https:\/\/justvape.nu\/wp-content\/uploads\/2021\/09\/alpha-3-removal-tool-eliquid-cap-the-alpha-3-150x150.png",150,150,true],"medium":["https:\/\/justvape.nu\/wp-content\/uploads\/2021\/09\/alpha-3-removal-tool-eliquid-cap-the-alpha-3-300x300.png",300,300,true],"medium_large":["https:\/\/justvape.nu\/wp-content\/uploads\/2021\/09\/alpha-3-removal-tool-eliquid-cap-the-alpha-3.png",600,600,false],"large":["https:\/\/justvape.nu\/wp-content\/uploads\/2021\/09\/alpha-3-removal-tool-eliquid-cap-the-alpha-3.png",600,600,false],"1536x1536":["https:\/\/justvape.nu\/wp-content\/uploads\/2021\/09\/alpha-3-removal-tool-eliquid-cap-the-alpha-3.png",600,600,false],"2048x2048":["https:\/\/justvape.nu\/wp-content\/uploads\/2021\/09\/alpha-3-removal-tool-eliquid-cap-the-alpha-3.png",600,600,false],"woocommerce_thumbnail":["https:\/\/justvape.nu\/wp-content\/uploads\/2021\/09\/alpha-3-removal-tool-eliquid-cap-the-alpha-3-300x300.png",300,300,true],"woocommerce_single":["https:\/\/justvape.nu\/wp-content\/uploads\/2021\/09\/alpha-3-removal-tool-eliquid-cap-the-alpha-3.png",600,600,false],"woocommerce_gallery_thumbnail":["https:\/\/justvape.nu\/wp-content\/uploads\/2021\/09\/alpha-3-removal-tool-eliquid-cap-the-alpha-3-100x100.png",100,100,true],"dgwt-wcas-product-suggestion":["https:\/\/justvape.nu\/wp-content\/uploads\/2021\/09\/alpha-3-removal-tool-eliquid-cap-the-alpha-3-64x64.png",64,64,true]},"uagb_author_info":{"display_name":"JustVape.nu","author_link":"https:\/\/justvape.nu\/sv\/author\/"},"uagb_comment_info":0,"uagb_excerpt":"ALPHA3 CAP REMOVAL TOOL","_links":{"self":[{"href":"https:\/\/justvape.nu\/sv\/wp-json\/wp\/v2\/product\/399564","targetHints":{"allow":["GET"]}}],"collection":[{"href":"https:\/\/justvape.nu\/sv\/wp-json\/wp\/v2\/product"}],"about":[{"href":"https:\/\/justvape.nu\/sv\/wp-json\/wp\/v2\/types\/product"}],"replies":[{"embeddable":true,"href":"https:\/\/justvape.nu\/sv\/wp-json\/wp\/v2\/comments?post=399564"}],"wp:featuredmedia":[{"embeddable":true,"href":"https:\/\/justvape.nu\/sv\/wp-json\/wp\/v2\/media\/399555"}],"wp:attachment":[{"href":"https:\/\/justvape.nu\/sv\/wp-json\/wp\/v2\/media?parent=399564"}],"wp:term":[{"taxonomy":"product_brand","embeddable":true,"href":"https:\/\/justvape.nu\/sv\/wp-json\/wp\/v2\/product_brand?post=399564"},{"taxonomy":"product_cat","embeddable":true,"href":"https:\/\/justvape.nu\/sv\/wp-json\/wp\/v2\/product_cat?post=399564"},{"taxonomy":"product_tag","embeddable":true,"href":"https:\/\/justvape.nu\/sv\/wp-json\/wp\/v2\/product_tag?post=399564"}],"curies":[{"name":"wp","href":"https:\/\/api.w.org\/{rel}","templated":true}]}}