{"id":398470,"date":"2021-09-07T16:21:17","date_gmt":"2021-09-07T14:21:17","guid":{"rendered":"https:\/\/www.justvape.nu\/produkt\/aspire-cloudflask-replacement-pod-2ml\/"},"modified":"2021-09-07T16:29:32","modified_gmt":"2021-09-07T14:29:32","slug":"aspire-cloudflask-replacement-pod-2ml","status":"publish","type":"product","link":"https:\/\/justvape.nu\/sv\/produkt\/aspire-cloudflask-replacement-pod-2ml\/","title":{"rendered":"ASPIRE &#8211; CLOUDFLASK REPLACEMENT POD 2ML"},"content":{"rendered":"<h2>ASPIRE &#8211; CLOUDFLASK REPLACEMENT POD 2ML<\/h2>\n<p>Kombinerar kraftfulla funktioner med en l\u00e4ttanv\u00e4nd och robust elegant hipflask-stil, Aspires nya Cloudflask representerar en idealisk pod-enhet f\u00f6r nyare vapers eller erfarna vapers som letar efter den ultimata resekompisen.<\/p>\n<p>Denna ers\u00e4ttande 2 ml pod f\u00f6r Cloudflask g\u00f6r det m\u00f6jligt f\u00f6r Aspire coils enkla push-to-fit-system att byta ut din spole och kan enkelt fyllas p\u00e5 igen genom att ta bort podden, ta bort silikonbulten, fylla p\u00e5 din v\u00e4tska och byta ut.<\/p>\n<p>Harts 810 droppspetsar \u00e4r bekv\u00e4ma p\u00e5 l\u00e4pparna men kan ers\u00e4ttas med en annan 810 droppspets som du f\u00f6redrar.<\/p>\n<p>Designad f\u00f6r anv\u00e4ndning med Aspire Mesh 0.25 spolar f\u00f6r en sublim sub-ohm, DTL (direkt-till-lung) vapingupplevelse.<\/p>\n<p><strong>Specifikation:<\/strong><\/p>\n<p>2 ml kapacitet f\u00f6r e-v\u00e4tska<br \/>\nAvtagbart spolsystem<br \/>\nHarts 810 droppspets<br \/>\nKompatibel med Aspires Cloudflask Mesh Coils<\/p>\n","protected":false},"excerpt":{"rendered":"<p>ASPIRE &#8211; CLOUDFLASK REPLACEMENT POD 2ML<\/p>\n","protected":false},"featured_media":398480,"comment_status":"open","ping_status":"closed","template":"","meta":{"_acf_changed":false,"_uag_custom_page_level_css":"","site-sidebar-layout":"default","site-content-layout":"default","ast-site-content-layout":"default","site-content-style":"default","site-sidebar-style":"default","ast-global-header-display":"","ast-banner-title-visibility":"","ast-main-header-display":"","ast-hfb-above-header-display":"","ast-hfb-below-header-display":"","ast-hfb-mobile-header-display":"","site-post-title":"","ast-breadcrumbs-content":"","ast-featured-img":"","footer-sml-layout":"","ast-disable-related-posts":"","theme-transparent-header-meta":"default","adv-header-id-meta":"","stick-header-meta":"default","header-above-stick-meta":"","header-main-stick-meta":"","header-below-stick-meta":"","astra-migrate-meta-layouts":"default","ast-page-background-enabled":"default","ast-page-background-meta":{"desktop":{"background-color":"","background-image":"","background-repeat":"repeat","background-position":"center center","background-size":"auto","background-attachment":"scroll","background-type":"","background-media":"","overlay-type":"","overlay-color":"","overlay-opacity":"","overlay-gradient":""},"tablet":{"background-color":"","background-image":"","background-repeat":"repeat","background-position":"center center","background-size":"auto","background-attachment":"scroll","background-type":"","background-media":"","overlay-type":"","overlay-color":"","overlay-opacity":"","overlay-gradient":""},"mobile":{"background-color":"","background-image":"","background-repeat":"repeat","background-position":"center center","background-size":"auto","background-attachment":"scroll","background-type":"","background-media":"","overlay-type":"","overlay-color":"","overlay-opacity":"","overlay-gradient":""}},"ast-content-background-meta":{"desktop":{"background-color":"var(--ast-global-color-5)","background-image":"","background-repeat":"repeat","background-position":"center center","background-size":"auto","background-attachment":"scroll","background-type":"","background-media":"","overlay-type":"","overlay-color":"","overlay-opacity":"","overlay-gradient":""},"tablet":{"background-color":"var(--ast-global-color-5)","background-image":"","background-repeat":"repeat","background-position":"center center","background-size":"auto","background-attachment":"scroll","background-type":"","background-media":"","overlay-type":"","overlay-color":"","overlay-opacity":"","overlay-gradient":""},"mobile":{"background-color":"var(--ast-global-color-5)","background-image":"","background-repeat":"repeat","background-position":"center center","background-size":"auto","background-attachment":"scroll","background-type":"","background-media":"","overlay-type":"","overlay-color":"","overlay-opacity":"","overlay-gradient":""}}},"product_brand":[],"product_cat":[2064,1984],"product_tag":[],"class_list":{"0":"post-398470","1":"product","2":"type-product","3":"status-publish","4":"has-post-thumbnail","6":"product_cat-spolar-pods","7":"product_cat-tankar-spolar","8":"desktop-align-center","9":"tablet-align-center","10":"mobile-align-center","11":"ast-product-gallery-layout-horizontal-slider","12":"ast-product-gallery-with-no-image","13":"ast-product-tabs-layout-horizontal","15":"first","16":"instock","17":"sale","18":"taxable","19":"shipping-taxable","20":"purchasable","21":"product-type-simple"},"acf":[],"uagb_featured_image_src":{"full":["https:\/\/justvape.nu\/wp-content\/uploads\/2021\/09\/pod-aspire-cloudflask-pod-14637569835097_600x_dba8433a-5b87-4e92-9f40-da89038bdbf2.jpg",600,600,false],"thumbnail":["https:\/\/justvape.nu\/wp-content\/uploads\/2021\/09\/pod-aspire-cloudflask-pod-14637569835097_600x_dba8433a-5b87-4e92-9f40-da89038bdbf2-150x150.jpg",150,150,true],"medium":["https:\/\/justvape.nu\/wp-content\/uploads\/2021\/09\/pod-aspire-cloudflask-pod-14637569835097_600x_dba8433a-5b87-4e92-9f40-da89038bdbf2-300x300.jpg",300,300,true],"medium_large":["https:\/\/justvape.nu\/wp-content\/uploads\/2021\/09\/pod-aspire-cloudflask-pod-14637569835097_600x_dba8433a-5b87-4e92-9f40-da89038bdbf2.jpg",600,600,false],"large":["https:\/\/justvape.nu\/wp-content\/uploads\/2021\/09\/pod-aspire-cloudflask-pod-14637569835097_600x_dba8433a-5b87-4e92-9f40-da89038bdbf2.jpg",600,600,false],"1536x1536":["https:\/\/justvape.nu\/wp-content\/uploads\/2021\/09\/pod-aspire-cloudflask-pod-14637569835097_600x_dba8433a-5b87-4e92-9f40-da89038bdbf2.jpg",600,600,false],"2048x2048":["https:\/\/justvape.nu\/wp-content\/uploads\/2021\/09\/pod-aspire-cloudflask-pod-14637569835097_600x_dba8433a-5b87-4e92-9f40-da89038bdbf2.jpg",600,600,false],"woocommerce_thumbnail":["https:\/\/justvape.nu\/wp-content\/uploads\/2021\/09\/pod-aspire-cloudflask-pod-14637569835097_600x_dba8433a-5b87-4e92-9f40-da89038bdbf2-300x300.jpg",300,300,true],"woocommerce_single":["https:\/\/justvape.nu\/wp-content\/uploads\/2021\/09\/pod-aspire-cloudflask-pod-14637569835097_600x_dba8433a-5b87-4e92-9f40-da89038bdbf2.jpg",600,600,false],"woocommerce_gallery_thumbnail":["https:\/\/justvape.nu\/wp-content\/uploads\/2021\/09\/pod-aspire-cloudflask-pod-14637569835097_600x_dba8433a-5b87-4e92-9f40-da89038bdbf2-100x100.jpg",100,100,true],"dgwt-wcas-product-suggestion":["https:\/\/justvape.nu\/wp-content\/uploads\/2021\/09\/pod-aspire-cloudflask-pod-14637569835097_600x_dba8433a-5b87-4e92-9f40-da89038bdbf2-64x64.jpg",64,64,true]},"uagb_author_info":{"display_name":"JustVape.nu","author_link":"https:\/\/justvape.nu\/sv\/author\/"},"uagb_comment_info":0,"uagb_excerpt":"ASPIRE - CLOUDFLASK REPLACEMENT POD 2ML","_links":{"self":[{"href":"https:\/\/justvape.nu\/sv\/wp-json\/wp\/v2\/product\/398470","targetHints":{"allow":["GET"]}}],"collection":[{"href":"https:\/\/justvape.nu\/sv\/wp-json\/wp\/v2\/product"}],"about":[{"href":"https:\/\/justvape.nu\/sv\/wp-json\/wp\/v2\/types\/product"}],"replies":[{"embeddable":true,"href":"https:\/\/justvape.nu\/sv\/wp-json\/wp\/v2\/comments?post=398470"}],"wp:featuredmedia":[{"embeddable":true,"href":"https:\/\/justvape.nu\/sv\/wp-json\/wp\/v2\/media\/398480"}],"wp:attachment":[{"href":"https:\/\/justvape.nu\/sv\/wp-json\/wp\/v2\/media?parent=398470"}],"wp:term":[{"taxonomy":"product_brand","embeddable":true,"href":"https:\/\/justvape.nu\/sv\/wp-json\/wp\/v2\/product_brand?post=398470"},{"taxonomy":"product_cat","embeddable":true,"href":"https:\/\/justvape.nu\/sv\/wp-json\/wp\/v2\/product_cat?post=398470"},{"taxonomy":"product_tag","embeddable":true,"href":"https:\/\/justvape.nu\/sv\/wp-json\/wp\/v2\/product_tag?post=398470"}],"curies":[{"name":"wp","href":"https:\/\/api.w.org\/{rel}","templated":true}]}}