{"id":395331,"date":"2021-08-11T17:25:14","date_gmt":"2021-08-11T15:25:14","guid":{"rendered":"https:\/\/www.justvape.nu\/produkt\/geekvape-obelisk-60-pod-kit-2200mah\/"},"modified":"2024-04-09T15:34:36","modified_gmt":"2024-04-09T13:34:36","slug":"geekvape-obelisk-60-pod-kit-2200mah","status":"publish","type":"product","link":"https:\/\/justvape.nu\/sv\/produkt\/geekvape-obelisk-60-pod-kit-2200mah\/","title":{"rendered":"GEEKVAPE &#8211; OBELISK 60 POD KIT 2200mAh"},"content":{"rendered":"<h2>GEEKVAPE &#8211; OBELISK 60 POD KIT 2200mAh<\/h2>\n<p>Obelisk 60 har utformats f\u00f6r att erbjuda upp till en hel dags vaping p\u00e5 en laddning. 5 &#8211; 60 W utg\u00e5ngsomr\u00e5de inneb\u00e4r att den kommer att st\u00f6dja DTL (Direct To Lung) vaping, samtidigt som det ger dig m\u00f6jlighet att \u00e4ndra effekt f\u00f6r att uppt\u00e4cka din ideala niv\u00e5 av \u00e5ngproduktion. Varje kit levereras komplett med en Obelisk 2 ml pod samt tv\u00e5 spolar f\u00f6r att komma ig\u00e5ng.<\/p>\n<p>Obelisken \u00e4r utformad med diskretion i \u00e5tanke och passar i din handflata och erbjuder en helt enkelt metod f\u00f6r sub-ohm-vaping. En tydlig menysk\u00e4rm g\u00f6r detta kit enklare att installera och visar viktig information om batteritid, spolmotst\u00e5nd och effektniv\u00e5. F\u00f6rutom variabelt wattl\u00e4ge kan du ocks\u00e5 anv\u00e4nda temperaturkontroll f\u00f6r att st\u00e4lla in en fast maximal temperatur och det intelligenta kontrollchipet reglerar effekten f\u00f6r att h\u00e5lla temperaturen p\u00e5 den valda niv\u00e5n.<\/p>\n<p>Obelisk 2 ml p\u00e5fyllningsbar pod sitter inne i sj\u00e4lva enheten och \u00e4r s\u00e4krad med en magnetisk anslutning &#8211; vilket inneb\u00e4r inga irriterande hakar eller mekanismer. L\u00e4tt att fylla p\u00e5, varje pod har ocks\u00e5 ett justerbart \u00f6vre luftfl\u00f6de som ger dig mer kontroll \u00f6ver din inandning f\u00f6r en t\u00e4tare eller l\u00f6sare dragning. GeekVape P-spolarna har en mesh-konstruktion vilket inneb\u00e4r att de v\u00e4rmer mer e-v\u00e4tska i snabbare takt f\u00f6r att \u00f6ka b\u00e5de smak och \u00e5ngproduktion. N\u00e4r det g\u00e4ller att v\u00e4lja en e-v\u00e4tska rekommenderar vi en 70% VG e-v\u00e4tska eller h\u00f6gre VG e-v\u00e4tska.<\/p>\n<p><img loading=\"lazy\" decoding=\"async\" class=\"alignnone size-full wp-image-383695\" src=\"https:\/\/www.justvape.nu\/wp-content\/uploads\/2021\/05\/Color-Scheme.png\" alt=\"\" width=\"950\" height=\"64\" title=\"\" srcset=\"https:\/\/justvape.nu\/wp-content\/uploads\/2021\/05\/Color-Scheme.png 950w, https:\/\/justvape.nu\/wp-content\/uploads\/2021\/05\/Color-Scheme-600x40.png 600w, https:\/\/justvape.nu\/wp-content\/uploads\/2021\/05\/Color-Scheme-64x4.png 64w, https:\/\/justvape.nu\/wp-content\/uploads\/2021\/05\/Color-Scheme-300x20.png 300w, https:\/\/justvape.nu\/wp-content\/uploads\/2021\/05\/Color-Scheme-768x52.png 768w\" sizes=\"auto, (max-width: 950px) 100vw, 950px\" \/><br \/>\n<img loading=\"lazy\" decoding=\"async\" class=\"alignnone size-full wp-image-394846\" src=\"https:\/\/www.justvape.nu\/wp-content\/uploads\/2021\/08\/11_0c2669.jpg\" alt=\"\" width=\"950\" height=\"594\" title=\"\" srcset=\"https:\/\/justvape.nu\/wp-content\/uploads\/2021\/08\/11_0c2669.jpg 950w, https:\/\/justvape.nu\/wp-content\/uploads\/2021\/08\/11_0c2669-600x375.jpg 600w, https:\/\/justvape.nu\/wp-content\/uploads\/2021\/08\/11_0c2669-64x40.jpg 64w, https:\/\/justvape.nu\/wp-content\/uploads\/2021\/08\/11_0c2669-300x188.jpg 300w, https:\/\/justvape.nu\/wp-content\/uploads\/2021\/08\/11_0c2669-768x480.jpg 768w\" sizes=\"auto, (max-width: 950px) 100vw, 950px\" \/><\/p>\n<p><img loading=\"lazy\" decoding=\"async\" class=\"alignnone size-full wp-image-390997\" src=\"https:\/\/www.justvape.nu\/wp-content\/uploads\/2021\/06\/Specifications1.png\" alt=\"\" width=\"950\" height=\"64\" title=\"\" srcset=\"https:\/\/justvape.nu\/wp-content\/uploads\/2021\/06\/Specifications1.png 950w, https:\/\/justvape.nu\/wp-content\/uploads\/2021\/06\/Specifications1-600x40.png 600w, https:\/\/justvape.nu\/wp-content\/uploads\/2021\/06\/Specifications1-64x4.png 64w, https:\/\/justvape.nu\/wp-content\/uploads\/2021\/06\/Specifications1-300x20.png 300w, https:\/\/justvape.nu\/wp-content\/uploads\/2021\/06\/Specifications1-768x52.png 768w\" sizes=\"auto, (max-width: 950px) 100vw, 950px\" \/><\/p>\n<p><strong>Parametrar<\/strong><\/p>\n<p>Storlek: 97 x 47,5 mm<br \/>\nTankkapacitet: 2 ml<br \/>\nUtg\u00e5ngseffektomr\u00e5de: 5-60W<br \/>\nMotst\u00e5ndsomr\u00e5de: 0,1-3,0ohm<br \/>\nInkluderade spolar: P0.4 spole (0.4ohm, 50-60W) P0.5 spole (0.5ohm, 40-50W)<br \/>\nL\u00e4ngsta output\/vaping Time: 10S<br \/>\nTemperaturkontroll: 200-600 \u00b0 F\/100-315 \u2103<br \/>\nBatterikapacitet: 2200mAh<br \/>\nLaddningssp\u00e4nning: USB Type-C 5V\/2A<br \/>\nDisplaysk\u00e4rm: 0,96 tum TFT -f\u00e4rgsk\u00e4rm<br \/>\nF\u00f6rpackningsstorlek: 81 (L) x 60 (W) x 135 (H) mm<br \/>\n<img loading=\"lazy\" decoding=\"async\" class=\"alignnone size-full wp-image-394856\" src=\"https:\/\/www.justvape.nu\/wp-content\/uploads\/2021\/08\/12_8ddbe5.jpg\" alt=\"\" width=\"950\" height=\"677\" title=\"\" srcset=\"https:\/\/justvape.nu\/wp-content\/uploads\/2021\/08\/12_8ddbe5.jpg 950w, https:\/\/justvape.nu\/wp-content\/uploads\/2021\/08\/12_8ddbe5-600x428.jpg 600w, https:\/\/justvape.nu\/wp-content\/uploads\/2021\/08\/12_8ddbe5-64x46.jpg 64w, https:\/\/justvape.nu\/wp-content\/uploads\/2021\/08\/12_8ddbe5-300x214.jpg 300w, https:\/\/justvape.nu\/wp-content\/uploads\/2021\/08\/12_8ddbe5-768x547.jpg 768w\" sizes=\"auto, (max-width: 950px) 100vw, 950px\" \/><\/p>\n<p><img loading=\"lazy\" decoding=\"async\" class=\"alignnone size-full wp-image-18994\" src=\"https:\/\/www.justvape.nu\/wp-content\/uploads\/2018\/05\/Features.png\" alt=\"\" width=\"950\" height=\"64\" title=\"\" srcset=\"https:\/\/justvape.nu\/wp-content\/uploads\/2018\/05\/Features.png 950w, https:\/\/justvape.nu\/wp-content\/uploads\/2018\/05\/Features-555x37.png 555w, https:\/\/justvape.nu\/wp-content\/uploads\/2018\/05\/Features-64x4.png 64w, https:\/\/justvape.nu\/wp-content\/uploads\/2018\/05\/Features-300x20.png 300w, https:\/\/justvape.nu\/wp-content\/uploads\/2018\/05\/Features-768x52.png 768w\" sizes=\"auto, (max-width: 950px) 100vw, 950px\" \/><br \/>\nOtroligt l\u00e5ng batteritid med 2200mAh kapacitet<br \/>\n2 ml stor juice kapacitet med Geekvape P Series Coil<br \/>\n60W max out put support underbar vaping<br \/>\nUSB Type-C 5V\/2A snabb laddning<br \/>\nIntelligent Power-control chip<br \/>\n100-315 \u2103 justerbar temperatur<br \/>\nMagnetiskt klick utan extra problem<br \/>\n<img loading=\"lazy\" decoding=\"async\" class=\"alignnone wp-image-394867\" src=\"https:\/\/www.justvape.nu\/wp-content\/uploads\/2021\/08\/13_6707e3-scaled.jpg\" alt=\"\" width=\"950\" height=\"2598\" title=\"\" srcset=\"https:\/\/justvape.nu\/wp-content\/uploads\/2021\/08\/13_6707e3-scaled.jpg 749w, https:\/\/justvape.nu\/wp-content\/uploads\/2021\/08\/13_6707e3-scaled-600x1641.jpg 600w, https:\/\/justvape.nu\/wp-content\/uploads\/2021\/08\/13_6707e3-scaled-64x175.jpg 64w, https:\/\/justvape.nu\/wp-content\/uploads\/2021\/08\/13_6707e3-110x300.jpg 110w, https:\/\/justvape.nu\/wp-content\/uploads\/2021\/08\/13_6707e3-374x1024.jpg 374w, https:\/\/justvape.nu\/wp-content\/uploads\/2021\/08\/13_6707e3-768x2101.jpg 768w\" sizes=\"auto, (max-width: 950px) 100vw, 950px\" \/><\/p>\n<p><img loading=\"lazy\" decoding=\"async\" class=\"alignnone size-full wp-image-229153\" src=\"https:\/\/www.justvape.nu\/wp-content\/uploads\/2018\/04\/Packing-List.png\" alt=\"\" width=\"950\" height=\"64\" title=\"\" srcset=\"https:\/\/justvape.nu\/wp-content\/uploads\/2018\/04\/Packing-List.png 950w, https:\/\/justvape.nu\/wp-content\/uploads\/2018\/04\/Packing-List-600x40.png 600w, https:\/\/justvape.nu\/wp-content\/uploads\/2018\/04\/Packing-List-64x4.png 64w, https:\/\/justvape.nu\/wp-content\/uploads\/2018\/04\/Packing-List-300x20.png 300w, https:\/\/justvape.nu\/wp-content\/uploads\/2018\/04\/Packing-List-768x52.png 768w\" sizes=\"auto, (max-width: 950px) 100vw, 950px\" \/><\/p>\n<p><strong>TPD Edition<\/strong><\/p>\n<ul>\n<li>1 x kit (2 ml)<\/li>\n<li>1 x spolverktyg<\/li>\n<li>1 x USB-kabel (typ-C)<\/li>\n<li>2 \u00d7 Geekvape P-serie spole (f\u00f6rinstallerad: 0,4ohm, 50-60W, reservspole: 0,5ohm, 40-50W)<\/li>\n<\/ul>\n<p><img loading=\"lazy\" decoding=\"async\" class=\"alignnone size-full wp-image-394877\" src=\"https:\/\/www.justvape.nu\/wp-content\/uploads\/2021\/08\/14_2f8456.jpg\" alt=\"\" width=\"950\" height=\"458\" title=\"\" srcset=\"https:\/\/justvape.nu\/wp-content\/uploads\/2021\/08\/14_2f8456.jpg 950w, https:\/\/justvape.nu\/wp-content\/uploads\/2021\/08\/14_2f8456-600x289.jpg 600w, https:\/\/justvape.nu\/wp-content\/uploads\/2021\/08\/14_2f8456-64x31.jpg 64w, https:\/\/justvape.nu\/wp-content\/uploads\/2021\/08\/14_2f8456-300x145.jpg 300w, https:\/\/justvape.nu\/wp-content\/uploads\/2021\/08\/14_2f8456-768x370.jpg 768w\" sizes=\"auto, (max-width: 950px) 100vw, 950px\" \/><\/p>\n<div class=\"ast-oembed-container \" style=\"height: 100%;\"><iframe loading=\"lazy\" title=\"GeekVape Obelisk AIO60 Kit!\" width=\"500\" height=\"281\" src=\"https:\/\/www.youtube.com\/embed\/SsOyi_6zHZ0?feature=oembed\" frameborder=\"0\" allow=\"accelerometer; autoplay; clipboard-write; encrypted-media; gyroscope; picture-in-picture; web-share\" referrerpolicy=\"strict-origin-when-cross-origin\" allowfullscreen><\/iframe><\/div>\n","protected":false},"excerpt":{"rendered":"<p>GEEKVAPE &#8211; OBELISK 60 POD KIT 2200mAh<\/p>\n","protected":false},"featured_media":394896,"comment_status":"open","ping_status":"closed","template":"","meta":{"_acf_changed":false,"_uag_custom_page_level_css":"","site-sidebar-layout":"default","site-content-layout":"default","ast-site-content-layout":"default","site-content-style":"default","site-sidebar-style":"default","ast-global-header-display":"","ast-banner-title-visibility":"","ast-main-header-display":"","ast-hfb-above-header-display":"","ast-hfb-below-header-display":"","ast-hfb-mobile-header-display":"","site-post-title":"","ast-breadcrumbs-content":"","ast-featured-img":"","footer-sml-layout":"","ast-disable-related-posts":"","theme-transparent-header-meta":"default","adv-header-id-meta":"","stick-header-meta":"default","header-above-stick-meta":"","header-main-stick-meta":"","header-below-stick-meta":"","astra-migrate-meta-layouts":"default","ast-page-background-enabled":"default","ast-page-background-meta":{"desktop":{"background-color":"","background-image":"","background-repeat":"repeat","background-position":"center center","background-size":"auto","background-attachment":"scroll","background-type":"","background-media":"","overlay-type":"","overlay-color":"","overlay-opacity":"","overlay-gradient":""},"tablet":{"background-color":"","background-image":"","background-repeat":"repeat","background-position":"center center","background-size":"auto","background-attachment":"scroll","background-type":"","background-media":"","overlay-type":"","overlay-color":"","overlay-opacity":"","overlay-gradient":""},"mobile":{"background-color":"","background-image":"","background-repeat":"repeat","background-position":"center center","background-size":"auto","background-attachment":"scroll","background-type":"","background-media":"","overlay-type":"","overlay-color":"","overlay-opacity":"","overlay-gradient":""}},"ast-content-background-meta":{"desktop":{"background-color":"var(--ast-global-color-5)","background-image":"","background-repeat":"repeat","background-position":"center center","background-size":"auto","background-attachment":"scroll","background-type":"","background-media":"","overlay-type":"","overlay-color":"","overlay-opacity":"","overlay-gradient":""},"tablet":{"background-color":"var(--ast-global-color-5)","background-image":"","background-repeat":"repeat","background-position":"center center","background-size":"auto","background-attachment":"scroll","background-type":"","background-media":"","overlay-type":"","overlay-color":"","overlay-opacity":"","overlay-gradient":""},"mobile":{"background-color":"var(--ast-global-color-5)","background-image":"","background-repeat":"repeat","background-position":"center center","background-size":"auto","background-attachment":"scroll","background-type":"","background-media":"","overlay-type":"","overlay-color":"","overlay-opacity":"","overlay-gradient":""}}},"product_brand":[],"product_cat":[2074,3246,2532,2084,2533],"product_tag":[],"class_list":{"0":"post-395331","1":"product","2":"type-product","3":"status-publish","4":"has-post-thumbnail","6":"product_cat-e-cigaretter-sv","7":"product_cat-geekvape-sv-2","8":"product_cat-hardware-sv","9":"product_cat-nyborjarsatser-pods","10":"product_cat-shop-by-brand-sv","11":"desktop-align-center","12":"tablet-align-center","13":"mobile-align-center","14":"ast-product-gallery-layout-horizontal-slider","15":"ast-product-gallery-with-no-image","16":"ast-product-single-variable","17":"ast-product-tabs-layout-horizontal","19":"first","20":"instock","21":"sale","22":"taxable","23":"shipping-taxable","24":"purchasable","25":"product-type-variable"},"acf":[],"uagb_featured_image_src":{"full":["https:\/\/justvape.nu\/wp-content\/uploads\/2021\/08\/0_4892e9.jpg",600,600,false],"thumbnail":["https:\/\/justvape.nu\/wp-content\/uploads\/2021\/08\/0_4892e9-150x150.jpg",150,150,true],"medium":["https:\/\/justvape.nu\/wp-content\/uploads\/2021\/08\/0_4892e9-300x300.jpg",300,300,true],"medium_large":["https:\/\/justvape.nu\/wp-content\/uploads\/2021\/08\/0_4892e9.jpg",600,600,false],"large":["https:\/\/justvape.nu\/wp-content\/uploads\/2021\/08\/0_4892e9.jpg",600,600,false],"1536x1536":["https:\/\/justvape.nu\/wp-content\/uploads\/2021\/08\/0_4892e9.jpg",600,600,false],"2048x2048":["https:\/\/justvape.nu\/wp-content\/uploads\/2021\/08\/0_4892e9.jpg",600,600,false],"woocommerce_thumbnail":["https:\/\/justvape.nu\/wp-content\/uploads\/2021\/08\/0_4892e9-300x300.jpg",300,300,true],"woocommerce_single":["https:\/\/justvape.nu\/wp-content\/uploads\/2021\/08\/0_4892e9.jpg",600,600,false],"woocommerce_gallery_thumbnail":["https:\/\/justvape.nu\/wp-content\/uploads\/2021\/08\/0_4892e9-100x100.jpg",100,100,true],"dgwt-wcas-product-suggestion":["https:\/\/justvape.nu\/wp-content\/uploads\/2021\/08\/0_4892e9-64x64.jpg",64,64,true]},"uagb_author_info":{"display_name":"JustVape.nu","author_link":"https:\/\/justvape.nu\/sv\/author\/"},"uagb_comment_info":0,"uagb_excerpt":"GEEKVAPE - OBELISK 60 POD KIT 2200mAh","_links":{"self":[{"href":"https:\/\/justvape.nu\/sv\/wp-json\/wp\/v2\/product\/395331","targetHints":{"allow":["GET"]}}],"collection":[{"href":"https:\/\/justvape.nu\/sv\/wp-json\/wp\/v2\/product"}],"about":[{"href":"https:\/\/justvape.nu\/sv\/wp-json\/wp\/v2\/types\/product"}],"replies":[{"embeddable":true,"href":"https:\/\/justvape.nu\/sv\/wp-json\/wp\/v2\/comments?post=395331"}],"wp:featuredmedia":[{"embeddable":true,"href":"https:\/\/justvape.nu\/sv\/wp-json\/wp\/v2\/media\/394896"}],"wp:attachment":[{"href":"https:\/\/justvape.nu\/sv\/wp-json\/wp\/v2\/media?parent=395331"}],"wp:term":[{"taxonomy":"product_brand","embeddable":true,"href":"https:\/\/justvape.nu\/sv\/wp-json\/wp\/v2\/product_brand?post=395331"},{"taxonomy":"product_cat","embeddable":true,"href":"https:\/\/justvape.nu\/sv\/wp-json\/wp\/v2\/product_cat?post=395331"},{"taxonomy":"product_tag","embeddable":true,"href":"https:\/\/justvape.nu\/sv\/wp-json\/wp\/v2\/product_tag?post=395331"}],"curies":[{"name":"wp","href":"https:\/\/api.w.org\/{rel}","templated":true}]}}