{"id":390069,"date":"2021-06-10T13:58:06","date_gmt":"2021-06-10T11:58:06","guid":{"rendered":"https:\/\/www.justvape.nu\/produkt\/smok-infinix-2-pod-3-pack\/"},"modified":"2024-04-09T15:42:25","modified_gmt":"2024-04-09T13:42:25","slug":"smok-infinix-2-pod-3-pack","status":"publish","type":"product","link":"https:\/\/justvape.nu\/sv\/produkt\/smok-infinix-2-pod-3-pack\/","title":{"rendered":"SMOK &#8211; INFINIX 2 POD 3 PACK"},"content":{"rendered":"<h2>SMOK &#8211; INFINIX 2 POD 3 PACK<\/h2>\n<p>Smok &#8211; Infinix 2 ers\u00e4ttningsb\u00e4lgar av Smok. Har en 2 ml juice kapacitet, 1,4 ohm motst\u00e5nd och \u00e4r speciellt utformad f\u00f6r mun till lung\u00e5ngning. Med hj\u00e4lp av ett sidp\u00e5fyllningssystem \u00e4r Infinix 2-kapslarna l\u00e4tta att anv\u00e4nda utan n\u00e5gra oro f\u00f6r l\u00e4ckage.<\/p>\n<p><strong><a name=\"packing\"><\/a>F\u00f6rpackningsdetaljer:<\/strong><br \/>\n3st &#8211; SMOK Infinix 2 Pods 2ml<\/p>\n<p><strong><a name=\"parameters\"><\/a>Parametrar:<\/strong><br \/>\n\u2022 E-v\u00e4tskekapacitet: 2 ml<br \/>\n\u2022 Spole: 1,4ohm<br \/>\n\u2022 Antal: 3st \/ f\u00f6rpackning<\/p>\n","protected":false},"excerpt":{"rendered":"<p>SMOK &#8211; INFINIX 2 POD 3 PACK Smok &#8211; Infinix 2 ers\u00e4ttningsb\u00e4lgar av Smok. Har en 2 ml juice kapacitet, 1,4 ohm motst\u00e5nd och \u00e4r speciellt utformad f\u00f6r mun till lung\u00e5ngning. Med hj\u00e4lp av ett sidp\u00e5fyllningssystem \u00e4r Infinix 2-kapslarna l\u00e4tta att anv\u00e4nda utan n\u00e5gra oro f\u00f6r l\u00e4ckage. F\u00f6rpackningsdetaljer: 3st &#8211; SMOK Infinix 2 Pods 2ml [&hellip;]<\/p>\n","protected":false},"featured_media":389423,"comment_status":"open","ping_status":"closed","template":"","meta":{"_acf_changed":false,"_uag_custom_page_level_css":"","site-sidebar-layout":"default","site-content-layout":"default","ast-site-content-layout":"default","site-content-style":"default","site-sidebar-style":"default","ast-global-header-display":"","ast-banner-title-visibility":"","ast-main-header-display":"","ast-hfb-above-header-display":"","ast-hfb-below-header-display":"","ast-hfb-mobile-header-display":"","site-post-title":"","ast-breadcrumbs-content":"","ast-featured-img":"","footer-sml-layout":"","ast-disable-related-posts":"","theme-transparent-header-meta":"default","adv-header-id-meta":"","stick-header-meta":"default","header-above-stick-meta":"","header-main-stick-meta":"","header-below-stick-meta":"","astra-migrate-meta-layouts":"default","ast-page-background-enabled":"default","ast-page-background-meta":{"desktop":{"background-color":"","background-image":"","background-repeat":"repeat","background-position":"center center","background-size":"auto","background-attachment":"scroll","background-type":"","background-media":"","overlay-type":"","overlay-color":"","overlay-opacity":"","overlay-gradient":""},"tablet":{"background-color":"","background-image":"","background-repeat":"repeat","background-position":"center center","background-size":"auto","background-attachment":"scroll","background-type":"","background-media":"","overlay-type":"","overlay-color":"","overlay-opacity":"","overlay-gradient":""},"mobile":{"background-color":"","background-image":"","background-repeat":"repeat","background-position":"center center","background-size":"auto","background-attachment":"scroll","background-type":"","background-media":"","overlay-type":"","overlay-color":"","overlay-opacity":"","overlay-gradient":""}},"ast-content-background-meta":{"desktop":{"background-color":"var(--ast-global-color-5)","background-image":"","background-repeat":"repeat","background-position":"center center","background-size":"auto","background-attachment":"scroll","background-type":"","background-media":"","overlay-type":"","overlay-color":"","overlay-opacity":"","overlay-gradient":""},"tablet":{"background-color":"var(--ast-global-color-5)","background-image":"","background-repeat":"repeat","background-position":"center center","background-size":"auto","background-attachment":"scroll","background-type":"","background-media":"","overlay-type":"","overlay-color":"","overlay-opacity":"","overlay-gradient":""},"mobile":{"background-color":"var(--ast-global-color-5)","background-image":"","background-repeat":"repeat","background-position":"center center","background-size":"auto","background-attachment":"scroll","background-type":"","background-media":"","overlay-type":"","overlay-color":"","overlay-opacity":"","overlay-gradient":""}}},"product_brand":[],"product_cat":[2064,1984],"product_tag":[],"class_list":{"0":"post-390069","1":"product","2":"type-product","3":"status-publish","4":"has-post-thumbnail","6":"product_cat-spolar-pods","7":"product_cat-tankar-spolar","8":"desktop-align-center","9":"tablet-align-center","10":"mobile-align-center","11":"ast-product-gallery-layout-horizontal-slider","12":"ast-product-gallery-with-no-image","13":"ast-product-tabs-layout-horizontal","15":"first","16":"instock","17":"sale","18":"taxable","19":"shipping-taxable","20":"purchasable","21":"product-type-simple"},"acf":[],"uagb_featured_image_src":{"full":["https:\/\/justvape.nu\/wp-content\/uploads\/2021\/06\/SMOK-INFINIX-2-Pods-3-Pack-justvape.jpg",800,800,false],"thumbnail":["https:\/\/justvape.nu\/wp-content\/uploads\/2021\/06\/SMOK-INFINIX-2-Pods-3-Pack-justvape-150x150.jpg",150,150,true],"medium":["https:\/\/justvape.nu\/wp-content\/uploads\/2021\/06\/SMOK-INFINIX-2-Pods-3-Pack-justvape-300x300.jpg",300,300,true],"medium_large":["https:\/\/justvape.nu\/wp-content\/uploads\/2021\/06\/SMOK-INFINIX-2-Pods-3-Pack-justvape-768x768.jpg",768,768,true],"large":["https:\/\/justvape.nu\/wp-content\/uploads\/2021\/06\/SMOK-INFINIX-2-Pods-3-Pack-justvape.jpg",800,800,false],"1536x1536":["https:\/\/justvape.nu\/wp-content\/uploads\/2021\/06\/SMOK-INFINIX-2-Pods-3-Pack-justvape.jpg",800,800,false],"2048x2048":["https:\/\/justvape.nu\/wp-content\/uploads\/2021\/06\/SMOK-INFINIX-2-Pods-3-Pack-justvape.jpg",800,800,false],"woocommerce_thumbnail":["https:\/\/justvape.nu\/wp-content\/uploads\/2021\/06\/SMOK-INFINIX-2-Pods-3-Pack-justvape-300x300.jpg",300,300,true],"woocommerce_single":["https:\/\/justvape.nu\/wp-content\/uploads\/2021\/06\/SMOK-INFINIX-2-Pods-3-Pack-justvape-600x600.jpg",600,600,true],"woocommerce_gallery_thumbnail":["https:\/\/justvape.nu\/wp-content\/uploads\/2021\/06\/SMOK-INFINIX-2-Pods-3-Pack-justvape-100x100.jpg",100,100,true],"dgwt-wcas-product-suggestion":["https:\/\/justvape.nu\/wp-content\/uploads\/2021\/06\/SMOK-INFINIX-2-Pods-3-Pack-justvape-64x64.jpg",64,64,true]},"uagb_author_info":{"display_name":"JustVape.nu","author_link":"https:\/\/justvape.nu\/sv\/author\/"},"uagb_comment_info":0,"uagb_excerpt":"SMOK &#8211; INFINIX 2 POD 3 PACK Smok &#8211; Infinix 2 ers\u00e4ttningsb\u00e4lgar av Smok. Har en 2 ml juice kapacitet, 1,4 ohm motst\u00e5nd och \u00e4r speciellt utformad f\u00f6r mun till lung\u00e5ngning. Med hj\u00e4lp av ett sidp\u00e5fyllningssystem \u00e4r Infinix 2-kapslarna l\u00e4tta att anv\u00e4nda utan n\u00e5gra oro f\u00f6r l\u00e4ckage. F\u00f6rpackningsdetaljer: 3st &#8211; SMOK Infinix 2 Pods 2ml&hellip;","_links":{"self":[{"href":"https:\/\/justvape.nu\/sv\/wp-json\/wp\/v2\/product\/390069","targetHints":{"allow":["GET"]}}],"collection":[{"href":"https:\/\/justvape.nu\/sv\/wp-json\/wp\/v2\/product"}],"about":[{"href":"https:\/\/justvape.nu\/sv\/wp-json\/wp\/v2\/types\/product"}],"replies":[{"embeddable":true,"href":"https:\/\/justvape.nu\/sv\/wp-json\/wp\/v2\/comments?post=390069"}],"wp:featuredmedia":[{"embeddable":true,"href":"https:\/\/justvape.nu\/sv\/wp-json\/wp\/v2\/media\/389423"}],"wp:attachment":[{"href":"https:\/\/justvape.nu\/sv\/wp-json\/wp\/v2\/media?parent=390069"}],"wp:term":[{"taxonomy":"product_brand","embeddable":true,"href":"https:\/\/justvape.nu\/sv\/wp-json\/wp\/v2\/product_brand?post=390069"},{"taxonomy":"product_cat","embeddable":true,"href":"https:\/\/justvape.nu\/sv\/wp-json\/wp\/v2\/product_cat?post=390069"},{"taxonomy":"product_tag","embeddable":true,"href":"https:\/\/justvape.nu\/sv\/wp-json\/wp\/v2\/product_tag?post=390069"}],"curies":[{"name":"wp","href":"https:\/\/api.w.org\/{rel}","templated":true}]}}