{"id":388582,"date":"2021-06-09T14:40:33","date_gmt":"2021-06-09T12:40:33","guid":{"rendered":"https:\/\/www.justvape.nu\/produkt\/hellvape-wirice-launcher-tank-glass-tube-5ml\/"},"modified":"2024-04-09T15:43:50","modified_gmt":"2024-04-09T13:43:50","slug":"hellvape-wirice-launcher-tank-glass-tube-5ml","status":"publish","type":"product","link":"https:\/\/justvape.nu\/sv\/produkt\/hellvape-wirice-launcher-tank-glass-tube-5ml\/","title":{"rendered":"HELLVAPE &#8211; WIRICE &#8211; LAUNCHER TANK GLASS TUBE 5ML"},"content":{"rendered":"<h2>HELLVAPE &#8211; WIRICE &#8211; LAUNCHER TANK GLASS TUBE 5ML<\/h2>\n<div class=\"description\">\n<p>Wirice Launcher Tank Glass tube \u00e4r speciellt designad f\u00f6r Wirice Launcher Tank 25mm. Det \u00e4r 5 ml (bubbelglas).<\/p>\n<p><strong>Parametrar:<\/strong><\/p>\n<ul>\n<li>Kapacitet: 5 ml (bubbelglas)<\/li>\n<li>Material: Pyrexglas &amp; PCTG<\/li>\n<li>Kvantitet: 1 st \/ f\u00f6rpackning<\/li>\n<li>Passar f\u00f6r: Wirice Launcher Tank 25mm<\/li>\n<\/ul>\n<p><img loading=\"lazy\" decoding=\"async\" class=\"alignnone size-full wp-image-18999\" src=\"https:\/\/www.justvape.nu\/wp-content\/uploads\/2018\/04\/Packing-List.png\" alt=\"\" width=\"950\" height=\"64\" title=\"\" srcset=\"https:\/\/justvape.nu\/wp-content\/uploads\/2018\/04\/Packing-List.png 950w, https:\/\/justvape.nu\/wp-content\/uploads\/2018\/04\/Packing-List-555x37.png 555w, https:\/\/justvape.nu\/wp-content\/uploads\/2018\/04\/Packing-List-64x4.png 64w, https:\/\/justvape.nu\/wp-content\/uploads\/2018\/04\/Packing-List-300x20.png 300w, https:\/\/justvape.nu\/wp-content\/uploads\/2018\/04\/Packing-List-768x52.png 768w\" sizes=\"auto, (max-width: 950px) 100vw, 950px\" \/><br \/>\n1 x Wirice Launcher Tank Glasr\u00f6r 1 st<\/p>\n<\/div>\n<div id=\"shopify-product-reviews\" data-id=\"4921507905638\"><\/div>\n","protected":false},"excerpt":{"rendered":"<p>HELLVAPE &#8211; WIRICE &#8211; LAUNCHER TANK GLASS TUBE 5ML<\/p>\n","protected":false},"featured_media":387364,"comment_status":"open","ping_status":"closed","template":"","meta":{"_acf_changed":false,"_uag_custom_page_level_css":"","site-sidebar-layout":"default","site-content-layout":"default","ast-site-content-layout":"default","site-content-style":"default","site-sidebar-style":"default","ast-global-header-display":"","ast-banner-title-visibility":"","ast-main-header-display":"","ast-hfb-above-header-display":"","ast-hfb-below-header-display":"","ast-hfb-mobile-header-display":"","site-post-title":"","ast-breadcrumbs-content":"","ast-featured-img":"","footer-sml-layout":"","ast-disable-related-posts":"","theme-transparent-header-meta":"default","adv-header-id-meta":"","stick-header-meta":"default","header-above-stick-meta":"","header-main-stick-meta":"","header-below-stick-meta":"","astra-migrate-meta-layouts":"default","ast-page-background-enabled":"default","ast-page-background-meta":{"desktop":{"background-color":"","background-image":"","background-repeat":"repeat","background-position":"center center","background-size":"auto","background-attachment":"scroll","background-type":"","background-media":"","overlay-type":"","overlay-color":"","overlay-opacity":"","overlay-gradient":""},"tablet":{"background-color":"","background-image":"","background-repeat":"repeat","background-position":"center center","background-size":"auto","background-attachment":"scroll","background-type":"","background-media":"","overlay-type":"","overlay-color":"","overlay-opacity":"","overlay-gradient":""},"mobile":{"background-color":"","background-image":"","background-repeat":"repeat","background-position":"center center","background-size":"auto","background-attachment":"scroll","background-type":"","background-media":"","overlay-type":"","overlay-color":"","overlay-opacity":"","overlay-gradient":""}},"ast-content-background-meta":{"desktop":{"background-color":"var(--ast-global-color-5)","background-image":"","background-repeat":"repeat","background-position":"center center","background-size":"auto","background-attachment":"scroll","background-type":"","background-media":"","overlay-type":"","overlay-color":"","overlay-opacity":"","overlay-gradient":""},"tablet":{"background-color":"var(--ast-global-color-5)","background-image":"","background-repeat":"repeat","background-position":"center center","background-size":"auto","background-attachment":"scroll","background-type":"","background-media":"","overlay-type":"","overlay-color":"","overlay-opacity":"","overlay-gradient":""},"mobile":{"background-color":"var(--ast-global-color-5)","background-image":"","background-repeat":"repeat","background-position":"center center","background-size":"auto","background-attachment":"scroll","background-type":"","background-media":"","overlay-type":"","overlay-color":"","overlay-opacity":"","overlay-gradient":""}}},"product_brand":[],"product_cat":[2024,1984],"product_tag":[],"class_list":{"0":"post-388582","1":"product","2":"type-product","3":"status-publish","4":"has-post-thumbnail","6":"product_cat-glas-adaptrar","7":"product_cat-tankar-spolar","8":"desktop-align-center","9":"tablet-align-center","10":"mobile-align-center","11":"ast-product-gallery-layout-horizontal-slider","12":"ast-product-gallery-with-no-image","13":"ast-product-tabs-layout-horizontal","15":"first","16":"instock","17":"sale","18":"taxable","19":"shipping-taxable","20":"purchasable","21":"product-type-simple"},"acf":[],"uagb_featured_image_src":{"full":["https:\/\/justvape.nu\/wp-content\/uploads\/2021\/06\/hellvape-wirice-launcher-vape-atomizer-replacement-bubble-tank-tube-transparent-glass-5ml-justvape.jpg",800,800,false],"thumbnail":["https:\/\/justvape.nu\/wp-content\/uploads\/2021\/06\/hellvape-wirice-launcher-vape-atomizer-replacement-bubble-tank-tube-transparent-glass-5ml-justvape-150x150.jpg",150,150,true],"medium":["https:\/\/justvape.nu\/wp-content\/uploads\/2021\/06\/hellvape-wirice-launcher-vape-atomizer-replacement-bubble-tank-tube-transparent-glass-5ml-justvape-300x300.jpg",300,300,true],"medium_large":["https:\/\/justvape.nu\/wp-content\/uploads\/2021\/06\/hellvape-wirice-launcher-vape-atomizer-replacement-bubble-tank-tube-transparent-glass-5ml-justvape-768x768.jpg",768,768,true],"large":["https:\/\/justvape.nu\/wp-content\/uploads\/2021\/06\/hellvape-wirice-launcher-vape-atomizer-replacement-bubble-tank-tube-transparent-glass-5ml-justvape.jpg",800,800,false],"1536x1536":["https:\/\/justvape.nu\/wp-content\/uploads\/2021\/06\/hellvape-wirice-launcher-vape-atomizer-replacement-bubble-tank-tube-transparent-glass-5ml-justvape.jpg",800,800,false],"2048x2048":["https:\/\/justvape.nu\/wp-content\/uploads\/2021\/06\/hellvape-wirice-launcher-vape-atomizer-replacement-bubble-tank-tube-transparent-glass-5ml-justvape.jpg",800,800,false],"woocommerce_thumbnail":["https:\/\/justvape.nu\/wp-content\/uploads\/2021\/06\/hellvape-wirice-launcher-vape-atomizer-replacement-bubble-tank-tube-transparent-glass-5ml-justvape-300x300.jpg",300,300,true],"woocommerce_single":["https:\/\/justvape.nu\/wp-content\/uploads\/2021\/06\/hellvape-wirice-launcher-vape-atomizer-replacement-bubble-tank-tube-transparent-glass-5ml-justvape-600x600.jpg",600,600,true],"woocommerce_gallery_thumbnail":["https:\/\/justvape.nu\/wp-content\/uploads\/2021\/06\/hellvape-wirice-launcher-vape-atomizer-replacement-bubble-tank-tube-transparent-glass-5ml-justvape-100x100.jpg",100,100,true],"dgwt-wcas-product-suggestion":["https:\/\/justvape.nu\/wp-content\/uploads\/2021\/06\/hellvape-wirice-launcher-vape-atomizer-replacement-bubble-tank-tube-transparent-glass-5ml-justvape-64x64.jpg",64,64,true]},"uagb_author_info":{"display_name":"JustVape.nu","author_link":"https:\/\/justvape.nu\/sv\/author\/"},"uagb_comment_info":0,"uagb_excerpt":"HELLVAPE - WIRICE - LAUNCHER TANK GLASS TUBE 5ML","_links":{"self":[{"href":"https:\/\/justvape.nu\/sv\/wp-json\/wp\/v2\/product\/388582","targetHints":{"allow":["GET"]}}],"collection":[{"href":"https:\/\/justvape.nu\/sv\/wp-json\/wp\/v2\/product"}],"about":[{"href":"https:\/\/justvape.nu\/sv\/wp-json\/wp\/v2\/types\/product"}],"replies":[{"embeddable":true,"href":"https:\/\/justvape.nu\/sv\/wp-json\/wp\/v2\/comments?post=388582"}],"wp:featuredmedia":[{"embeddable":true,"href":"https:\/\/justvape.nu\/sv\/wp-json\/wp\/v2\/media\/387364"}],"wp:attachment":[{"href":"https:\/\/justvape.nu\/sv\/wp-json\/wp\/v2\/media?parent=388582"}],"wp:term":[{"taxonomy":"product_brand","embeddable":true,"href":"https:\/\/justvape.nu\/sv\/wp-json\/wp\/v2\/product_brand?post=388582"},{"taxonomy":"product_cat","embeddable":true,"href":"https:\/\/justvape.nu\/sv\/wp-json\/wp\/v2\/product_cat?post=388582"},{"taxonomy":"product_tag","embeddable":true,"href":"https:\/\/justvape.nu\/sv\/wp-json\/wp\/v2\/product_tag?post=388582"}],"curies":[{"name":"wp","href":"https:\/\/api.w.org\/{rel}","templated":true}]}}