{"id":385433,"date":"2021-05-16T14:54:20","date_gmt":"2021-05-16T12:54:20","guid":{"rendered":"https:\/\/www.justvape.nu\/produkt\/dovpo-x-sjalvmordslagen-abyss-aio-18650-batterieror\/"},"modified":"2024-04-09T15:44:15","modified_gmt":"2024-04-09T13:44:15","slug":"dovpo-x-suicide-mods-abyss-aio-18650-battery-tube","status":"publish","type":"product","link":"https:\/\/justvape.nu\/sv\/produkt\/dovpo-x-suicide-mods-abyss-aio-18650-battery-tube\/","title":{"rendered":"DOVPO X sj\u00e4lvmordsl\u00e4gen &#8211; ABYSS AIO 18650 BATTERIER\u00d6R"},"content":{"rendered":"<h2>DOVPO X sj\u00e4lvmordsl\u00e4gen &#8211; ABYSS AIO 18650 BATTERIER\u00d6R<\/h2>\n<p>Minska vikten och kunden din Abyss AIO i 18650-l\u00e4ge genom att byta till en akrylbatterihylsa.<\/p>\n<p><strong>F\u00f6rpackning:<\/strong><\/p>\n<p>1 x batterir\u00f6r<\/p>\n","protected":false},"excerpt":{"rendered":"<p>DOVPO X sj\u00e4lvmordsl\u00e4gen &#8211; ABYSS AIO 18650 BATTERIER\u00d6R<\/p>\n","protected":false},"featured_media":384971,"comment_status":"open","ping_status":"closed","template":"","meta":{"_acf_changed":false,"_uag_custom_page_level_css":"","site-sidebar-layout":"default","site-content-layout":"default","ast-site-content-layout":"default","site-content-style":"default","site-sidebar-style":"default","ast-global-header-display":"","ast-banner-title-visibility":"","ast-main-header-display":"","ast-hfb-above-header-display":"","ast-hfb-below-header-display":"","ast-hfb-mobile-header-display":"","site-post-title":"","ast-breadcrumbs-content":"","ast-featured-img":"","footer-sml-layout":"","ast-disable-related-posts":"","theme-transparent-header-meta":"default","adv-header-id-meta":"","stick-header-meta":"default","header-above-stick-meta":"","header-main-stick-meta":"","header-below-stick-meta":"","astra-migrate-meta-layouts":"default","ast-page-background-enabled":"default","ast-page-background-meta":{"desktop":{"background-color":"","background-image":"","background-repeat":"repeat","background-position":"center center","background-size":"auto","background-attachment":"scroll","background-type":"","background-media":"","overlay-type":"","overlay-color":"","overlay-opacity":"","overlay-gradient":""},"tablet":{"background-color":"","background-image":"","background-repeat":"repeat","background-position":"center center","background-size":"auto","background-attachment":"scroll","background-type":"","background-media":"","overlay-type":"","overlay-color":"","overlay-opacity":"","overlay-gradient":""},"mobile":{"background-color":"","background-image":"","background-repeat":"repeat","background-position":"center center","background-size":"auto","background-attachment":"scroll","background-type":"","background-media":"","overlay-type":"","overlay-color":"","overlay-opacity":"","overlay-gradient":""}},"ast-content-background-meta":{"desktop":{"background-color":"var(--ast-global-color-5)","background-image":"","background-repeat":"repeat","background-position":"center center","background-size":"auto","background-attachment":"scroll","background-type":"","background-media":"","overlay-type":"","overlay-color":"","overlay-opacity":"","overlay-gradient":""},"tablet":{"background-color":"var(--ast-global-color-5)","background-image":"","background-repeat":"repeat","background-position":"center center","background-size":"auto","background-attachment":"scroll","background-type":"","background-media":"","overlay-type":"","overlay-color":"","overlay-opacity":"","overlay-gradient":""},"mobile":{"background-color":"var(--ast-global-color-5)","background-image":"","background-repeat":"repeat","background-position":"center center","background-size":"auto","background-attachment":"scroll","background-type":"","background-media":"","overlay-type":"","overlay-color":"","overlay-opacity":"","overlay-gradient":""}}},"product_brand":[],"product_cat":[4865,2532,2533,4876],"product_tag":[],"class_list":{"0":"post-385433","1":"product","2":"type-product","3":"status-publish","4":"has-post-thumbnail","6":"product_cat-dovpo-sv","7":"product_cat-hardware-sv","8":"product_cat-shop-by-brand-sv","9":"product_cat-suicide-mods-sv","10":"desktop-align-center","11":"tablet-align-center","12":"mobile-align-center","13":"ast-product-gallery-layout-horizontal-slider","14":"ast-product-gallery-with-no-image","15":"ast-product-single-variable","16":"ast-product-tabs-layout-horizontal","18":"first","19":"instock","20":"sale","21":"taxable","22":"shipping-taxable","23":"purchasable","24":"product-type-variable"},"acf":[],"uagb_featured_image_src":{"full":["https:\/\/justvape.nu\/wp-content\/uploads\/2021\/05\/SUICIDE-MODS-X-DOVPO_ABYSS-AIO-18650-BATTERY-TUBE_GROUP_PA_72.jpg",600,600,false],"thumbnail":["https:\/\/justvape.nu\/wp-content\/uploads\/2021\/05\/SUICIDE-MODS-X-DOVPO_ABYSS-AIO-18650-BATTERY-TUBE_GROUP_PA_72-150x150.jpg",150,150,true],"medium":["https:\/\/justvape.nu\/wp-content\/uploads\/2021\/05\/SUICIDE-MODS-X-DOVPO_ABYSS-AIO-18650-BATTERY-TUBE_GROUP_PA_72-300x300.jpg",300,300,true],"medium_large":["https:\/\/justvape.nu\/wp-content\/uploads\/2021\/05\/SUICIDE-MODS-X-DOVPO_ABYSS-AIO-18650-BATTERY-TUBE_GROUP_PA_72.jpg",600,600,false],"large":["https:\/\/justvape.nu\/wp-content\/uploads\/2021\/05\/SUICIDE-MODS-X-DOVPO_ABYSS-AIO-18650-BATTERY-TUBE_GROUP_PA_72.jpg",600,600,false],"1536x1536":["https:\/\/justvape.nu\/wp-content\/uploads\/2021\/05\/SUICIDE-MODS-X-DOVPO_ABYSS-AIO-18650-BATTERY-TUBE_GROUP_PA_72.jpg",600,600,false],"2048x2048":["https:\/\/justvape.nu\/wp-content\/uploads\/2021\/05\/SUICIDE-MODS-X-DOVPO_ABYSS-AIO-18650-BATTERY-TUBE_GROUP_PA_72.jpg",600,600,false],"woocommerce_thumbnail":["https:\/\/justvape.nu\/wp-content\/uploads\/2021\/05\/SUICIDE-MODS-X-DOVPO_ABYSS-AIO-18650-BATTERY-TUBE_GROUP_PA_72-300x300.jpg",300,300,true],"woocommerce_single":["https:\/\/justvape.nu\/wp-content\/uploads\/2021\/05\/SUICIDE-MODS-X-DOVPO_ABYSS-AIO-18650-BATTERY-TUBE_GROUP_PA_72.jpg",600,600,false],"woocommerce_gallery_thumbnail":["https:\/\/justvape.nu\/wp-content\/uploads\/2021\/05\/SUICIDE-MODS-X-DOVPO_ABYSS-AIO-18650-BATTERY-TUBE_GROUP_PA_72-100x100.jpg",100,100,true],"dgwt-wcas-product-suggestion":["https:\/\/justvape.nu\/wp-content\/uploads\/2021\/05\/SUICIDE-MODS-X-DOVPO_ABYSS-AIO-18650-BATTERY-TUBE_GROUP_PA_72-64x64.jpg",64,64,true]},"uagb_author_info":{"display_name":"JustVape.nu","author_link":"https:\/\/justvape.nu\/sv\/author\/"},"uagb_comment_info":0,"uagb_excerpt":"DOVPO X sj\u00e4lvmordsl\u00e4gen - ABYSS AIO 18650 BATTERIER\u00d6R","_links":{"self":[{"href":"https:\/\/justvape.nu\/sv\/wp-json\/wp\/v2\/product\/385433","targetHints":{"allow":["GET"]}}],"collection":[{"href":"https:\/\/justvape.nu\/sv\/wp-json\/wp\/v2\/product"}],"about":[{"href":"https:\/\/justvape.nu\/sv\/wp-json\/wp\/v2\/types\/product"}],"replies":[{"embeddable":true,"href":"https:\/\/justvape.nu\/sv\/wp-json\/wp\/v2\/comments?post=385433"}],"wp:featuredmedia":[{"embeddable":true,"href":"https:\/\/justvape.nu\/sv\/wp-json\/wp\/v2\/media\/384971"}],"wp:attachment":[{"href":"https:\/\/justvape.nu\/sv\/wp-json\/wp\/v2\/media?parent=385433"}],"wp:term":[{"taxonomy":"product_brand","embeddable":true,"href":"https:\/\/justvape.nu\/sv\/wp-json\/wp\/v2\/product_brand?post=385433"},{"taxonomy":"product_cat","embeddable":true,"href":"https:\/\/justvape.nu\/sv\/wp-json\/wp\/v2\/product_cat?post=385433"},{"taxonomy":"product_tag","embeddable":true,"href":"https:\/\/justvape.nu\/sv\/wp-json\/wp\/v2\/product_tag?post=385433"}],"curies":[{"name":"wp","href":"https:\/\/api.w.org\/{rel}","templated":true}]}}