{"id":385385,"date":"2021-05-16T15:38:53","date_gmt":"2021-05-16T13:38:53","guid":{"rendered":"https:\/\/www.justvape.nu\/produkt\/suicide-mods-x-dovpo-abyss-adapter-bridge\/"},"modified":"2024-04-09T15:44:34","modified_gmt":"2024-04-09T13:44:34","slug":"suicide-mods-x-dovpo-abyss-adapter-bridge","status":"publish","type":"product","link":"https:\/\/justvape.nu\/sv\/produkt\/suicide-mods-x-dovpo-abyss-adapter-bridge\/","title":{"rendered":"SUICIDE MODS X DOVPO &#8211; ABYSS &#8211; ADAPTER"},"content":{"rendered":"<h2>SUICIDE MODS X DOVPO &#8211; ABYSS &#8211; ADAPTER<\/h2>\n<p>PnP Bridge finns i tv\u00e5 f\u00e4rger svart och silver eftersom det finns mycket material p\u00e5 bron Dovpo och Suicide mods best\u00e4mde sig f\u00f6r att g\u00f6ra det tillg\u00e4ngligt i en annan f\u00e4rg f\u00f6r att inte kompromissa med enhetens \u00f6vergripande estetik.<\/p>\n<p>Kompatibilitet<\/p>\n<ul>\n<li>PnP \/ Gtx: Anv\u00e4nds med PnP- eller Gtx-spolar<\/li>\n<li>EUC: Anv\u00e4nds med alla vaporesso EUC-spolar<\/li>\n<li>Caliburn G: Anv\u00e4nds med Uwell Caliburn G Coils<\/li>\n<li>Nord: F\u00f6r anv\u00e4ndning med r\u00f6k Nord Coils<\/li>\n<\/ul>\n","protected":false},"excerpt":{"rendered":"<p>SUICIDE MODS X DOVPO &#8211; ABYSS &#8211; ADAPTER<\/p>\n","protected":false},"featured_media":385174,"comment_status":"open","ping_status":"closed","template":"","meta":{"_acf_changed":false,"_uag_custom_page_level_css":"","site-sidebar-layout":"default","site-content-layout":"default","ast-site-content-layout":"default","site-content-style":"default","site-sidebar-style":"default","ast-global-header-display":"","ast-banner-title-visibility":"","ast-main-header-display":"","ast-hfb-above-header-display":"","ast-hfb-below-header-display":"","ast-hfb-mobile-header-display":"","site-post-title":"","ast-breadcrumbs-content":"","ast-featured-img":"","footer-sml-layout":"","ast-disable-related-posts":"","theme-transparent-header-meta":"default","adv-header-id-meta":"","stick-header-meta":"default","header-above-stick-meta":"","header-main-stick-meta":"","header-below-stick-meta":"","astra-migrate-meta-layouts":"default","ast-page-background-enabled":"default","ast-page-background-meta":{"desktop":{"background-color":"","background-image":"","background-repeat":"repeat","background-position":"center center","background-size":"auto","background-attachment":"scroll","background-type":"","background-media":"","overlay-type":"","overlay-color":"","overlay-opacity":"","overlay-gradient":""},"tablet":{"background-color":"","background-image":"","background-repeat":"repeat","background-position":"center center","background-size":"auto","background-attachment":"scroll","background-type":"","background-media":"","overlay-type":"","overlay-color":"","overlay-opacity":"","overlay-gradient":""},"mobile":{"background-color":"","background-image":"","background-repeat":"repeat","background-position":"center center","background-size":"auto","background-attachment":"scroll","background-type":"","background-media":"","overlay-type":"","overlay-color":"","overlay-opacity":"","overlay-gradient":""}},"ast-content-background-meta":{"desktop":{"background-color":"var(--ast-global-color-5)","background-image":"","background-repeat":"repeat","background-position":"center center","background-size":"auto","background-attachment":"scroll","background-type":"","background-media":"","overlay-type":"","overlay-color":"","overlay-opacity":"","overlay-gradient":""},"tablet":{"background-color":"var(--ast-global-color-5)","background-image":"","background-repeat":"repeat","background-position":"center center","background-size":"auto","background-attachment":"scroll","background-type":"","background-media":"","overlay-type":"","overlay-color":"","overlay-opacity":"","overlay-gradient":""},"mobile":{"background-color":"var(--ast-global-color-5)","background-image":"","background-repeat":"repeat","background-position":"center center","background-size":"auto","background-attachment":"scroll","background-type":"","background-media":"","overlay-type":"","overlay-color":"","overlay-opacity":"","overlay-gradient":""}}},"product_brand":[],"product_cat":[4865,2024,2532,2533,4876,1984],"product_tag":[],"class_list":{"0":"post-385385","1":"product","2":"type-product","3":"status-publish","4":"has-post-thumbnail","6":"product_cat-dovpo-sv","7":"product_cat-glas-adaptrar","8":"product_cat-hardware-sv","9":"product_cat-shop-by-brand-sv","10":"product_cat-suicide-mods-sv","11":"product_cat-tankar-spolar","12":"desktop-align-center","13":"tablet-align-center","14":"mobile-align-center","15":"ast-product-gallery-layout-horizontal-slider","16":"ast-product-single-variable","17":"ast-product-tabs-layout-horizontal","19":"first","20":"instock","21":"sale","22":"taxable","23":"shipping-taxable","24":"purchasable","25":"product-type-variable"},"acf":[],"uagb_featured_image_src":{"full":["https:\/\/justvape.nu\/wp-content\/uploads\/2021\/05\/SUICIDE-MODS-X-DOVPO_ABYSS_PNP-GTX-ADAPTER_SILVER_PA_72.jpg",600,600,false],"thumbnail":["https:\/\/justvape.nu\/wp-content\/uploads\/2021\/05\/SUICIDE-MODS-X-DOVPO_ABYSS_PNP-GTX-ADAPTER_SILVER_PA_72-150x150.jpg",150,150,true],"medium":["https:\/\/justvape.nu\/wp-content\/uploads\/2021\/05\/SUICIDE-MODS-X-DOVPO_ABYSS_PNP-GTX-ADAPTER_SILVER_PA_72-300x300.jpg",300,300,true],"medium_large":["https:\/\/justvape.nu\/wp-content\/uploads\/2021\/05\/SUICIDE-MODS-X-DOVPO_ABYSS_PNP-GTX-ADAPTER_SILVER_PA_72.jpg",600,600,false],"large":["https:\/\/justvape.nu\/wp-content\/uploads\/2021\/05\/SUICIDE-MODS-X-DOVPO_ABYSS_PNP-GTX-ADAPTER_SILVER_PA_72.jpg",600,600,false],"1536x1536":["https:\/\/justvape.nu\/wp-content\/uploads\/2021\/05\/SUICIDE-MODS-X-DOVPO_ABYSS_PNP-GTX-ADAPTER_SILVER_PA_72.jpg",600,600,false],"2048x2048":["https:\/\/justvape.nu\/wp-content\/uploads\/2021\/05\/SUICIDE-MODS-X-DOVPO_ABYSS_PNP-GTX-ADAPTER_SILVER_PA_72.jpg",600,600,false],"woocommerce_thumbnail":["https:\/\/justvape.nu\/wp-content\/uploads\/2021\/05\/SUICIDE-MODS-X-DOVPO_ABYSS_PNP-GTX-ADAPTER_SILVER_PA_72-300x300.jpg",300,300,true],"woocommerce_single":["https:\/\/justvape.nu\/wp-content\/uploads\/2021\/05\/SUICIDE-MODS-X-DOVPO_ABYSS_PNP-GTX-ADAPTER_SILVER_PA_72.jpg",600,600,false],"woocommerce_gallery_thumbnail":["https:\/\/justvape.nu\/wp-content\/uploads\/2021\/05\/SUICIDE-MODS-X-DOVPO_ABYSS_PNP-GTX-ADAPTER_SILVER_PA_72-100x100.jpg",100,100,true],"dgwt-wcas-product-suggestion":["https:\/\/justvape.nu\/wp-content\/uploads\/2021\/05\/SUICIDE-MODS-X-DOVPO_ABYSS_PNP-GTX-ADAPTER_SILVER_PA_72-64x64.jpg",64,64,true]},"uagb_author_info":{"display_name":"JustVape.nu","author_link":"https:\/\/justvape.nu\/sv\/author\/"},"uagb_comment_info":0,"uagb_excerpt":"SUICIDE MODS X DOVPO - ABYSS - ADAPTER","_links":{"self":[{"href":"https:\/\/justvape.nu\/sv\/wp-json\/wp\/v2\/product\/385385","targetHints":{"allow":["GET"]}}],"collection":[{"href":"https:\/\/justvape.nu\/sv\/wp-json\/wp\/v2\/product"}],"about":[{"href":"https:\/\/justvape.nu\/sv\/wp-json\/wp\/v2\/types\/product"}],"replies":[{"embeddable":true,"href":"https:\/\/justvape.nu\/sv\/wp-json\/wp\/v2\/comments?post=385385"}],"wp:featuredmedia":[{"embeddable":true,"href":"https:\/\/justvape.nu\/sv\/wp-json\/wp\/v2\/media\/385174"}],"wp:attachment":[{"href":"https:\/\/justvape.nu\/sv\/wp-json\/wp\/v2\/media?parent=385385"}],"wp:term":[{"taxonomy":"product_brand","embeddable":true,"href":"https:\/\/justvape.nu\/sv\/wp-json\/wp\/v2\/product_brand?post=385385"},{"taxonomy":"product_cat","embeddable":true,"href":"https:\/\/justvape.nu\/sv\/wp-json\/wp\/v2\/product_cat?post=385385"},{"taxonomy":"product_tag","embeddable":true,"href":"https:\/\/justvape.nu\/sv\/wp-json\/wp\/v2\/product_tag?post=385385"}],"curies":[{"name":"wp","href":"https:\/\/api.w.org\/{rel}","templated":true}]}}