{"id":381954,"date":"2018-09-26T20:58:35","date_gmt":"2018-09-26T18:58:35","guid":{"rendered":"https:\/\/www.justvape.nu\/produkt\/wotofo-fardigbyggd-bomull\/"},"modified":"2026-01-10T14:16:34","modified_gmt":"2026-01-10T13:16:34","slug":"wotofo-forbyggd-bomull","status":"publish","type":"product","link":"https:\/\/justvape.nu\/sv\/produkt\/wotofo-forbyggd-bomull\/","title":{"rendered":"Wotofo &#8211; Pre-Built Cotton"},"content":{"rendered":"<h2>Wotofo &#8211; Pre-Built Cotton<\/h2>\n<p>Wotofo Agleted Organic Cotton \u00e4r inspirerad av de st\u00e4ndigt \u00f6kande behoven av snabb bomullsf\u00f6rberedelse f\u00f6r din ombyggnadskomfort. Bomullen som vi valde \u00e4r av l\u00e5nga fibrer s\u00e5 att den sl\u00e4pper och det inte \u00e4r l\u00e4tt att dra is\u00e4r. Det \u00e4r dock inte det b\u00e4sta, det b\u00e4sta \u00e4r att vi l\u00e4gger en mantel i ena \u00e4nden av bomullsremsan f\u00f6r att fungera som agleten p\u00e5 din skosn\u00f6re, d\u00e5 \u00e4r det mycket l\u00e4ttare att tr\u00e4 bomullen genom spolarna. Varje bomullsremsa \u00e4r f\u00e4rdig att anv\u00e4ndas med r\u00e4tt bomullsm\u00e4ngd som testas f\u00f6r att passa b\u00e4st f\u00f6r dominerande 3 mm ID-spolar p\u00e5 marknaden och 6 mm ID Wotofo Profile mesh-spolar. Bomullen har stor absorptionsf\u00f6rm\u00e5ga och b\u00e4ttre retentionsf\u00f6rm\u00e5ga, nyf\u00f6rpackad f\u00f6r att ge den renaste smaken. Det finns 10 stycken agleted bomullsremsor i en liten l\u00e5da, praktiska att b\u00e4ra och lagras p\u00e5 ett rent s\u00e4tt.<\/p>\n<p><strong>Funktioner:<\/strong><\/p>\n<p>1. 100% ekologisk bomull<\/p>\n<p>2. F\u00e4rdig att anv\u00e4nda med aglet i ena \u00e4nden<\/p>\n<p>3. Korrekt bomullsm\u00e4ngd som passar f\u00f6r dominerande 3 mm ID-spolar \/ Justvape rekommenderar 3,5 mm ID-spolar med dessa bomullstoppar eller med 6 mm ID till Mesh-spolar<\/p>\n<p>4. L\u00e5nga fibrer speciellt utvalda f\u00f6r vapning<\/p>\n<p>5. Stor absorptionsf\u00f6rm\u00e5ga<\/p>\n<p>6. B\u00e4ttre retentionsf\u00f6rm\u00e5ga<\/p>\n<p>7. Fr\u00e4sch och ren smak<\/p>\n<p>8. Nu i 10 st l\u00e5da och 30 st l\u00e5da (30 st endast i \u00d83)<\/p>\n<p><img loading=\"lazy\" decoding=\"async\" class=\"alignnone size-full wp-image-112105\" src=\"https:\/\/www.justvape.nu\/wp-content\/uploads\/2018\/09\/2018082216.png\" alt=\"\" width=\"950\" height=\"383\" title=\"\" srcset=\"https:\/\/justvape.nu\/wp-content\/uploads\/2018\/09\/2018082216.png 950w, https:\/\/justvape.nu\/wp-content\/uploads\/2018\/09\/2018082216-555x224.png 555w, https:\/\/justvape.nu\/wp-content\/uploads\/2018\/09\/2018082216-64x26.png 64w, https:\/\/justvape.nu\/wp-content\/uploads\/2018\/09\/2018082216-300x121.png 300w, https:\/\/justvape.nu\/wp-content\/uploads\/2018\/09\/2018082216-768x310.png 768w, https:\/\/justvape.nu\/wp-content\/uploads\/2018\/09\/2018082216-24x10.png 24w, https:\/\/justvape.nu\/wp-content\/uploads\/2018\/09\/2018082216-36x15.png 36w, https:\/\/justvape.nu\/wp-content\/uploads\/2018\/09\/2018082216-48x19.png 48w\" sizes=\"auto, (max-width: 950px) 100vw, 950px\" \/><\/p>\n<p><img loading=\"lazy\" decoding=\"async\" class=\"alignnone size-full wp-image-23091\" src=\"https:\/\/www.justvape.nu\/wp-content\/uploads\/2018\/09\/QQjietu201-1.png\" alt=\"\" width=\"1031\" height=\"386\" title=\"\" srcset=\"https:\/\/justvape.nu\/wp-content\/uploads\/2018\/09\/QQjietu201-1.png 1031w, https:\/\/justvape.nu\/wp-content\/uploads\/2018\/09\/QQjietu201-1-555x208.png 555w, https:\/\/justvape.nu\/wp-content\/uploads\/2018\/09\/QQjietu201-1-64x24.png 64w, https:\/\/justvape.nu\/wp-content\/uploads\/2018\/09\/QQjietu201-1-300x112.png 300w, https:\/\/justvape.nu\/wp-content\/uploads\/2018\/09\/QQjietu201-1-768x288.png 768w, https:\/\/justvape.nu\/wp-content\/uploads\/2018\/09\/QQjietu201-1-1024x383.png 1024w\" sizes=\"auto, (max-width: 1031px) 100vw, 1031px\" \/><\/p>\n","protected":false},"excerpt":{"rendered":"<p>Wotofo &#8211; Pre-Built Cotton<\/p>\n","protected":false},"featured_media":255682,"comment_status":"open","ping_status":"closed","template":"","meta":{"_acf_changed":false,"_uag_custom_page_level_css":"","site-sidebar-layout":"default","site-content-layout":"default","ast-site-content-layout":"default","site-content-style":"default","site-sidebar-style":"default","ast-global-header-display":"","ast-banner-title-visibility":"","ast-main-header-display":"","ast-hfb-above-header-display":"","ast-hfb-below-header-display":"","ast-hfb-mobile-header-display":"","site-post-title":"","ast-breadcrumbs-content":"","ast-featured-img":"","footer-sml-layout":"","ast-disable-related-posts":"","theme-transparent-header-meta":"default","adv-header-id-meta":"","stick-header-meta":"default","header-above-stick-meta":"","header-main-stick-meta":"","header-below-stick-meta":"","astra-migrate-meta-layouts":"default","ast-page-background-enabled":"default","ast-page-background-meta":{"desktop":{"background-color":"","background-image":"","background-repeat":"repeat","background-position":"center center","background-size":"auto","background-attachment":"scroll","background-type":"","background-media":"","overlay-type":"","overlay-color":"","overlay-opacity":"","overlay-gradient":""},"tablet":{"background-color":"","background-image":"","background-repeat":"repeat","background-position":"center center","background-size":"auto","background-attachment":"scroll","background-type":"","background-media":"","overlay-type":"","overlay-color":"","overlay-opacity":"","overlay-gradient":""},"mobile":{"background-color":"","background-image":"","background-repeat":"repeat","background-position":"center center","background-size":"auto","background-attachment":"scroll","background-type":"","background-media":"","overlay-type":"","overlay-color":"","overlay-opacity":"","overlay-gradient":""}},"ast-content-background-meta":{"desktop":{"background-color":"var(--ast-global-color-5)","background-image":"","background-repeat":"repeat","background-position":"center center","background-size":"auto","background-attachment":"scroll","background-type":"","background-media":"","overlay-type":"","overlay-color":"","overlay-opacity":"","overlay-gradient":""},"tablet":{"background-color":"var(--ast-global-color-5)","background-image":"","background-repeat":"repeat","background-position":"center center","background-size":"auto","background-attachment":"scroll","background-type":"","background-media":"","overlay-type":"","overlay-color":"","overlay-opacity":"","overlay-gradient":""},"mobile":{"background-color":"var(--ast-global-color-5)","background-image":"","background-repeat":"repeat","background-position":"center center","background-size":"auto","background-attachment":"scroll","background-type":"","background-media":"","overlay-type":"","overlay-color":"","overlay-opacity":"","overlay-gradient":""}}},"product_brand":[],"product_cat":[2218,1924],"product_tag":[],"class_list":{"0":"post-381954","1":"product","2":"type-product","3":"status-publish","4":"has-post-thumbnail","6":"product_cat-bomull","7":"product_cat-diy-sv","8":"desktop-align-center","9":"tablet-align-center","10":"mobile-align-center","11":"ast-product-gallery-layout-horizontal-slider","12":"ast-product-single-variable","13":"ast-product-tabs-layout-horizontal","15":"first","16":"instock","17":"sale","18":"taxable","19":"shipping-taxable","20":"purchasable","21":"product-type-variable"},"acf":[],"uagb_featured_image_src":{"full":["https:\/\/justvape.nu\/wp-content\/uploads\/2018\/09\/Wotofo-Pre-Built-Agleted-Organic-Cotton.jpg",800,800,false],"thumbnail":["https:\/\/justvape.nu\/wp-content\/uploads\/2018\/09\/Wotofo-Pre-Built-Agleted-Organic-Cotton-150x150.jpg",150,150,true],"medium":["https:\/\/justvape.nu\/wp-content\/uploads\/2018\/09\/Wotofo-Pre-Built-Agleted-Organic-Cotton-300x300.jpg",300,300,true],"medium_large":["https:\/\/justvape.nu\/wp-content\/uploads\/2018\/09\/Wotofo-Pre-Built-Agleted-Organic-Cotton-768x768.jpg",768,768,true],"large":["https:\/\/justvape.nu\/wp-content\/uploads\/2018\/09\/Wotofo-Pre-Built-Agleted-Organic-Cotton.jpg",800,800,false],"1536x1536":["https:\/\/justvape.nu\/wp-content\/uploads\/2018\/09\/Wotofo-Pre-Built-Agleted-Organic-Cotton.jpg",800,800,false],"2048x2048":["https:\/\/justvape.nu\/wp-content\/uploads\/2018\/09\/Wotofo-Pre-Built-Agleted-Organic-Cotton.jpg",800,800,false],"woocommerce_thumbnail":["https:\/\/justvape.nu\/wp-content\/uploads\/2018\/09\/Wotofo-Pre-Built-Agleted-Organic-Cotton-300x300.jpg",300,300,true],"woocommerce_single":["https:\/\/justvape.nu\/wp-content\/uploads\/2018\/09\/Wotofo-Pre-Built-Agleted-Organic-Cotton-600x600.jpg",600,600,true],"woocommerce_gallery_thumbnail":["https:\/\/justvape.nu\/wp-content\/uploads\/2018\/09\/Wotofo-Pre-Built-Agleted-Organic-Cotton-100x100.jpg",100,100,true],"dgwt-wcas-product-suggestion":["https:\/\/justvape.nu\/wp-content\/uploads\/2018\/09\/Wotofo-Pre-Built-Agleted-Organic-Cotton-64x64.jpg",64,64,true]},"uagb_author_info":{"display_name":"JustVape.nu","author_link":"https:\/\/justvape.nu\/sv\/author\/"},"uagb_comment_info":0,"uagb_excerpt":"Wotofo - Pre-Built Cotton","_links":{"self":[{"href":"https:\/\/justvape.nu\/sv\/wp-json\/wp\/v2\/product\/381954","targetHints":{"allow":["GET"]}}],"collection":[{"href":"https:\/\/justvape.nu\/sv\/wp-json\/wp\/v2\/product"}],"about":[{"href":"https:\/\/justvape.nu\/sv\/wp-json\/wp\/v2\/types\/product"}],"replies":[{"embeddable":true,"href":"https:\/\/justvape.nu\/sv\/wp-json\/wp\/v2\/comments?post=381954"}],"wp:featuredmedia":[{"embeddable":true,"href":"https:\/\/justvape.nu\/sv\/wp-json\/wp\/v2\/media\/255682"}],"wp:attachment":[{"href":"https:\/\/justvape.nu\/sv\/wp-json\/wp\/v2\/media?parent=381954"}],"wp:term":[{"taxonomy":"product_brand","embeddable":true,"href":"https:\/\/justvape.nu\/sv\/wp-json\/wp\/v2\/product_brand?post=381954"},{"taxonomy":"product_cat","embeddable":true,"href":"https:\/\/justvape.nu\/sv\/wp-json\/wp\/v2\/product_cat?post=381954"},{"taxonomy":"product_tag","embeddable":true,"href":"https:\/\/justvape.nu\/sv\/wp-json\/wp\/v2\/product_tag?post=381954"}],"curies":[{"name":"wp","href":"https:\/\/api.w.org\/{rel}","templated":true}]}}