{"id":381853,"date":"2018-09-12T12:23:42","date_gmt":"2018-09-12T10:23:42","guid":{"rendered":"https:\/\/www.justvape.nu\/produkt\/samsung-30t-21700-3000mah-35a-batteri-inr21700-30t\/"},"modified":"2025-01-28T15:51:52","modified_gmt":"2025-01-28T14:51:52","slug":"samsung-30t-21700-35a-flat-top-battery-3000mah","status":"publish","type":"product","link":"https:\/\/justvape.nu\/sv\/produkt\/samsung-30t-21700-35a-flat-top-battery-3000mah\/","title":{"rendered":"Samsung 30T 21700 3000mAh 35A Batteri &#8211; INR21700-30T"},"content":{"rendered":"<h2>Samsung 30T 21700 3000mAh 35A batteri &#8211; INR21700-30T<\/h2>\n<div>\n<p>H\u00e4r \u00e4r &#8221;Nuvarande kung&#8221;, ordspel avsedd. Detta \u00e4r f\u00f6r n\u00e4rvarande kungen av alla Ultra-High Drain-enheter. Ingen annan cell p\u00e5 marknaden kan matcha den str\u00f6m som den h\u00e4r cellen levererar. Den h\u00e4r cellen pumpar ut en kapacitet p\u00e5 3000 mAh energi och g\u00f6r det med en med en riktig 35 amp kontinuerlig urladdning \/ avloppsgrad utan att temperaturen \u00e4r nedsatt. \u00c4ven vid 30 ampere kontinuerlig urladdning \/ avlopp v\u00e4rms det bara upp till 67 grader Celsius eller 153 grader Fahrenheit. Det visar dig uppfinningsrikedom och FoU som gick med p\u00e5 att utveckla den h\u00e4r cellen. Men den h\u00e4r cellen har ingen verklig f\u00f6rdel om du inte anv\u00e4nder den i en ultrah\u00f6g urladdnings- \/ dr\u00e4neringsenhet \u00f6ver 20 ampere och f\u00f6rst d\u00e5 visar den cellen att det \u00e4r sant. Den h\u00e4r cellen har praktiskt taget ingen sp\u00e4nningss\u00e4nk tills den skjuts till tillverkarens gr\u00e4nsv\u00e4rde.<\/p>\n<\/div>\n<h4>Specifikationer:<\/h4>\n<ul>\n<li>Modell: INR21700-30T<\/li>\n<li>Storlek: 21700<\/li>\n<li>Stil: Flat Top<\/li>\n<li>Nominell kapacitet: 3000mAh<\/li>\n<li>Kontinuerligt urladdningsv\u00e4rde: 35A<\/li>\n<li>Nominell sp\u00e4nning: 3,6v<\/li>\n<li>Skyddad: Nej<\/li>\n<li>Laddningsbart: Ja<\/li>\n<li>Ungef\u00e4rliga m\u00e5tt: 21,1 mm x 70,2 mm<\/li>\n<li>Ungef\u00e4rlig vikt: 68,2 g<\/li>\n<\/ul>\n<div>\n<hr>\n<\/div>\n<h4>Samsung SDI s\u00e4kerhetsinformation<br \/>\n<a href=\"https:\/\/www.samsungsdi.com\/lithium-ion-battery\/safe-information.html\" target=\"_blank\" rel=\"noopener noreferrer\">&#8221;Laddning, anv\u00e4ndning och hantering av sm\u00e5 litiumjonbatterier&#8221;<\/a><\/h4>\n<h4><\/h4>\n<h4>VARNING:<\/h4>\n<div>Anv\u00e4ndaren m\u00e5ste ha l\u00e4mplig f\u00f6rst\u00e5else f\u00f6r litiumjonbatterier innan k\u00f6p. Var f\u00f6rsiktig n\u00e4r du arbetar med och anv\u00e4nder litiumjonbatterier eftersom de \u00e4r mycket k\u00e4nsliga f\u00f6r laddningsegenskaper och kan explodera, brinna eller orsaka brand om de missbrukas eller hanteras felaktigt. Ladda alltid i eller p\u00e5 en brands\u00e4ker yta. L\u00e4mna aldrig batterierna laddade utan uppsikt. Detta batteri s\u00e4ljs f\u00f6r anv\u00e4ndning av systemintegrationer med korrekt skyddskrets eller batteripaket med ett batterihanteringssystem eller kretskort (kretskort \/ modul). K\u00f6paren \u00e4r ansvarig f\u00f6r skador eller skador orsakade av felaktig anv\u00e4ndning eller felaktig hantering av litiumjonbatterier och laddare. Ladda endast med en smart laddare avsedd f\u00f6r denna specifika typ av litiumjonbatteri.<\/div>\n<ul>\n<li>MISBRUK ELLER Mishandling av litiumjonbatterier kan utg\u00f6ra en allvarlig risk f\u00f6r personskador, fastighetsskador eller d\u00f6d<\/li>\n<li>BATTERIER KAN explodera, brinna eller orsaka en brand om det missbrukas eller misshandlas<\/li>\n<li>ANV\u00c4ND ENDAST MED R\u00c4TT CIRCUITRY I ETT SKYDDSBATTERIF\u00d6RPACKNING<\/li>\n<li>ANV\u00c4ND ENDAST INNAN SPECIFIKATIONER F\u00d6R TILLVERKARE<\/li>\n<li>F\u00d6RVARA INTE L\u00d6ST BATTERI I EN F\u00c5SA, PURS ETC. &#8211; ANV\u00c4ND ALLTID ETT SKYDDSFODRAL ELLER RUTA<\/li>\n<li>H\u00e5ll dig borta fr\u00e5n metallf\u00f6rem\u00e5l f\u00f6r att f\u00f6rhindra kortslutning<\/li>\n<li>Kortslut inte<\/li>\n<li>Anv\u00e4nd INTE om omslaget eller isolatorn \u00e4r skadad eller s\u00f6nderriven<\/li>\n<li>Anv\u00e4nd INTE om den \u00e4r skadad p\u00e5 n\u00e5got s\u00e4tt<\/li>\n<li>\u00d6VERLADA INTE eller \u00f6verladda INTE<\/li>\n<li>\u00c4ndra INTE, demontera, punktera, klipp, krossa eller f\u00f6rbr\u00e4nna<\/li>\n<li>Uts\u00e4tt INTE f\u00f6r v\u00e4tskor eller h\u00f6ga temperaturer<\/li>\n<li>L\u00d6D INTE, endast punktsvetsas<\/li>\n<li>Anv\u00e4ndaren m\u00e5ste vara f\u00f6rtrogen med hanteringen av litiumjonbatterier innan k\u00f6p<\/li>\n<li>Anv\u00e4ndningen av batterier \u00e4r P\u00c5 DIN EGEN RISK<\/li>\n<li>Ladda ALLTID i eller p\u00e5 en brands\u00e4ker yta och l\u00e4mna aldrig laddningsbatterierna utan uppsikt<\/li>\n<li>\u00c5TERF\u00d6RS\u00c4LJARE M\u00c5STE VIDARE ALLA VARNINGAR TILL ALLA KUNDER F\u00d6R REFERENS OCH S\u00c4KERHET<\/li>\n<\/ul>\n","protected":false},"excerpt":{"rendered":"<p>Samsung 30T 21700 3000mAh 35A batteri &#8211; INR21700-30T<\/p>\n","protected":false},"featured_media":254912,"comment_status":"open","ping_status":"closed","template":"","meta":{"_acf_changed":false,"_uag_custom_page_level_css":"","site-sidebar-layout":"default","site-content-layout":"default","ast-site-content-layout":"default","site-content-style":"default","site-sidebar-style":"default","ast-global-header-display":"","ast-banner-title-visibility":"","ast-main-header-display":"","ast-hfb-above-header-display":"","ast-hfb-below-header-display":"","ast-hfb-mobile-header-display":"","site-post-title":"","ast-breadcrumbs-content":"","ast-featured-img":"","footer-sml-layout":"","ast-disable-related-posts":"","theme-transparent-header-meta":"default","adv-header-id-meta":"","stick-header-meta":"default","header-above-stick-meta":"","header-main-stick-meta":"","header-below-stick-meta":"","astra-migrate-meta-layouts":"default","ast-page-background-enabled":"default","ast-page-background-meta":{"desktop":{"background-color":"","background-image":"","background-repeat":"repeat","background-position":"center center","background-size":"auto","background-attachment":"scroll","background-type":"","background-media":"","overlay-type":"","overlay-color":"","overlay-opacity":"","overlay-gradient":""},"tablet":{"background-color":"","background-image":"","background-repeat":"repeat","background-position":"center center","background-size":"auto","background-attachment":"scroll","background-type":"","background-media":"","overlay-type":"","overlay-color":"","overlay-opacity":"","overlay-gradient":""},"mobile":{"background-color":"","background-image":"","background-repeat":"repeat","background-position":"center center","background-size":"auto","background-attachment":"scroll","background-type":"","background-media":"","overlay-type":"","overlay-color":"","overlay-opacity":"","overlay-gradient":""}},"ast-content-background-meta":{"desktop":{"background-color":"var(--ast-global-color-5)","background-image":"","background-repeat":"repeat","background-position":"center center","background-size":"auto","background-attachment":"scroll","background-type":"","background-media":"","overlay-type":"","overlay-color":"","overlay-opacity":"","overlay-gradient":""},"tablet":{"background-color":"var(--ast-global-color-5)","background-image":"","background-repeat":"repeat","background-position":"center center","background-size":"auto","background-attachment":"scroll","background-type":"","background-media":"","overlay-type":"","overlay-color":"","overlay-opacity":"","overlay-gradient":""},"mobile":{"background-color":"var(--ast-global-color-5)","background-image":"","background-repeat":"repeat","background-position":"center center","background-size":"auto","background-attachment":"scroll","background-type":"","background-media":"","overlay-type":"","overlay-color":"","overlay-opacity":"","overlay-gradient":""}}},"product_brand":[],"product_cat":[2387,2178,3350,2533],"product_tag":[],"class_list":{"0":"post-381853","1":"product","2":"type-product","3":"status-publish","4":"has-post-thumbnail","6":"product_cat-21700-sv","7":"product_cat-battericeller","8":"product_cat-samsung-sv","9":"product_cat-shop-by-brand-sv","10":"product_shipping_class-batteries-sv","11":"desktop-align-center","12":"tablet-align-center","13":"mobile-align-center","14":"ast-product-gallery-layout-horizontal-slider","15":"ast-product-gallery-with-no-image","16":"ast-product-tabs-layout-horizontal","18":"first","19":"instock","20":"sale","21":"taxable","22":"shipping-taxable","23":"purchasable","24":"product-type-simple"},"acf":[],"uagb_featured_image_src":{"full":["https:\/\/justvape.nu\/wp-content\/uploads\/2018\/09\/1_175.jpg",800,800,false],"thumbnail":["https:\/\/justvape.nu\/wp-content\/uploads\/2018\/09\/1_175-150x150.jpg",150,150,true],"medium":["https:\/\/justvape.nu\/wp-content\/uploads\/2018\/09\/1_175-300x300.jpg",300,300,true],"medium_large":["https:\/\/justvape.nu\/wp-content\/uploads\/2018\/09\/1_175-768x768.jpg",768,768,true],"large":["https:\/\/justvape.nu\/wp-content\/uploads\/2018\/09\/1_175.jpg",800,800,false],"1536x1536":["https:\/\/justvape.nu\/wp-content\/uploads\/2018\/09\/1_175.jpg",800,800,false],"2048x2048":["https:\/\/justvape.nu\/wp-content\/uploads\/2018\/09\/1_175.jpg",800,800,false],"woocommerce_thumbnail":["https:\/\/justvape.nu\/wp-content\/uploads\/2018\/09\/1_175-300x300.jpg",300,300,true],"woocommerce_single":["https:\/\/justvape.nu\/wp-content\/uploads\/2018\/09\/1_175-600x600.jpg",600,600,true],"woocommerce_gallery_thumbnail":["https:\/\/justvape.nu\/wp-content\/uploads\/2018\/09\/1_175-100x100.jpg",100,100,true],"dgwt-wcas-product-suggestion":["https:\/\/justvape.nu\/wp-content\/uploads\/2018\/09\/1_175-64x64.jpg",64,64,true]},"uagb_author_info":{"display_name":"JustVape.nu","author_link":"https:\/\/justvape.nu\/sv\/author\/"},"uagb_comment_info":0,"uagb_excerpt":"Samsung 30T 21700 3000mAh 35A batteri - INR21700-30T","_links":{"self":[{"href":"https:\/\/justvape.nu\/sv\/wp-json\/wp\/v2\/product\/381853","targetHints":{"allow":["GET"]}}],"collection":[{"href":"https:\/\/justvape.nu\/sv\/wp-json\/wp\/v2\/product"}],"about":[{"href":"https:\/\/justvape.nu\/sv\/wp-json\/wp\/v2\/types\/product"}],"replies":[{"embeddable":true,"href":"https:\/\/justvape.nu\/sv\/wp-json\/wp\/v2\/comments?post=381853"}],"wp:featuredmedia":[{"embeddable":true,"href":"https:\/\/justvape.nu\/sv\/wp-json\/wp\/v2\/media\/254912"}],"wp:attachment":[{"href":"https:\/\/justvape.nu\/sv\/wp-json\/wp\/v2\/media?parent=381853"}],"wp:term":[{"taxonomy":"product_brand","embeddable":true,"href":"https:\/\/justvape.nu\/sv\/wp-json\/wp\/v2\/product_brand?post=381853"},{"taxonomy":"product_cat","embeddable":true,"href":"https:\/\/justvape.nu\/sv\/wp-json\/wp\/v2\/product_cat?post=381853"},{"taxonomy":"product_tag","embeddable":true,"href":"https:\/\/justvape.nu\/sv\/wp-json\/wp\/v2\/product_tag?post=381853"}],"curies":[{"name":"wp","href":"https:\/\/api.w.org\/{rel}","templated":true}]}}