{"id":381451,"date":"2018-05-18T14:09:36","date_gmt":"2018-05-18T12:09:36","guid":{"rendered":"https:\/\/www.justvape.nu\/produkt\/smok-v8-baby-tfv12-baby-prince-coils\/"},"modified":"2024-04-09T16:41:07","modified_gmt":"2024-04-09T14:41:07","slug":"smok-v8-baby-coils-5-stk","status":"publish","type":"product","link":"https:\/\/justvape.nu\/sv\/produkt\/smok-v8-baby-coils-5-stk\/","title":{"rendered":"Smok V8 Baby \/ TFV12 Baby Prince Coils"},"content":{"rendered":"<h2>Smok V8 Baby \/ TFV12 Baby Prince Coils 5 st<\/h2>\n<p><strong>Dessa V8 Baby Coils \u00e4r ocks\u00e5 kompatibla med TFV12 Baby Prince Tank<\/strong><strong> .<\/strong><\/p>\n<p><strong>V8 Baby-T12 EU levereras i 3 st!<\/strong><\/p>\n<p>Nyligen tillagda V8 BABY-Q4, V8 BABY Mesh, V8 BABY-T12, V8 BABY-T12 Red Light, V8 BABY-T12 Green Light och V8 BABY-T12 Orange Light-spolar producerade f\u00f6r att skapa t\u00e4tare moln och renare smak med samma effekt och \u00f6ka livsl\u00e4ngden, vilket \u00e4r en fantastisk f\u00f6rb\u00e4ttring! Ljusspolen avger vackert ljus n\u00e4r du f\u00f6r\u00e5ngar, och netspolen har ett st\u00f6rre v\u00e4rmeomr\u00e5de f\u00f6r att p\u00e5skynda uppv\u00e4rmningsprocessen. Skaffa dem s\u00e5 kommer du att f\u00f6rb\u00e4ttra din vapingupplevelse till en fantastisk niv\u00e5.<\/p>\n<p><img loading=\"lazy\" decoding=\"async\" class=\"alignnone size-full wp-image-19310\" src=\"https:\/\/www.justvape.nu\/wp-content\/uploads\/2018\/05\/0_35_14-1.jpg\" alt=\"\" width=\"1000\" height=\"1000\" title=\"\" srcset=\"https:\/\/justvape.nu\/wp-content\/uploads\/2018\/05\/0_35_14-1.jpg 1000w, https:\/\/justvape.nu\/wp-content\/uploads\/2018\/05\/0_35_14-1-262x262.jpg 262w, https:\/\/justvape.nu\/wp-content\/uploads\/2018\/05\/0_35_14-1-160x160.jpg 160w, https:\/\/justvape.nu\/wp-content\/uploads\/2018\/05\/0_35_14-1-555x555.jpg 555w, https:\/\/justvape.nu\/wp-content\/uploads\/2018\/05\/0_35_14-1-64x64.jpg 64w, https:\/\/justvape.nu\/wp-content\/uploads\/2018\/05\/0_35_14-1-300x300.jpg 300w, https:\/\/justvape.nu\/wp-content\/uploads\/2018\/05\/0_35_14-1-150x150.jpg 150w, https:\/\/justvape.nu\/wp-content\/uploads\/2018\/05\/0_35_14-1-768x768.jpg 768w, https:\/\/justvape.nu\/wp-content\/uploads\/2018\/05\/0_35_14-1-500x500.jpg 500w\" sizes=\"auto, (max-width: 1000px) 100vw, 1000px\" \/><\/p>\n<p><img loading=\"lazy\" decoding=\"async\" class=\"alignnone size-full wp-image-18995\" src=\"https:\/\/www.justvape.nu\/wp-content\/uploads\/2018\/05\/Packing-List.png\" alt=\"\" width=\"950\" height=\"64\" title=\"\" srcset=\"https:\/\/justvape.nu\/wp-content\/uploads\/2018\/05\/Packing-List.png 950w, https:\/\/justvape.nu\/wp-content\/uploads\/2018\/05\/Packing-List-555x37.png 555w, https:\/\/justvape.nu\/wp-content\/uploads\/2018\/05\/Packing-List-64x4.png 64w, https:\/\/justvape.nu\/wp-content\/uploads\/2018\/05\/Packing-List-300x20.png 300w, https:\/\/justvape.nu\/wp-content\/uploads\/2018\/05\/Packing-List-768x52.png 768w\" sizes=\"auto, (max-width: 950px) 100vw, 950px\" \/><\/p>\n<ul>\n<li>1 x 5st SMOK V8 babyers\u00e4ttningsspole<\/li>\n<\/ul>\n<p>&nbsp;<\/p>\n<p><img loading=\"lazy\" decoding=\"async\" class=\"alignnone size-full wp-image-18993\" src=\"https:\/\/www.justvape.nu\/wp-content\/uploads\/2018\/05\/Specifications.png\" alt=\"\" width=\"950\" height=\"64\" title=\"\" srcset=\"https:\/\/justvape.nu\/wp-content\/uploads\/2018\/05\/Specifications.png 950w, https:\/\/justvape.nu\/wp-content\/uploads\/2018\/05\/Specifications-555x37.png 555w, https:\/\/justvape.nu\/wp-content\/uploads\/2018\/05\/Specifications-64x4.png 64w, https:\/\/justvape.nu\/wp-content\/uploads\/2018\/05\/Specifications-300x20.png 300w, https:\/\/justvape.nu\/wp-content\/uploads\/2018\/05\/Specifications-768x52.png 768w\" sizes=\"auto, (max-width: 950px) 100vw, 950px\" \/><\/p>\n<p><strong>V8 Baby-Q4 <\/strong><br \/>\nGe dig t\u00e4tare \u00e5nga och ren smak<br \/>\n0,4 ohm dubbla spolar<br \/>\n30-65W \/ B\u00c4ST: 50-60W<\/p>\n<p><strong>V8 Baby Mesh<\/strong><br \/>\nSnabb uppv\u00e4rmningsprocess och massiv \u00e5nga<br \/>\n0,15ohm spole<br \/>\n40-80W \/ B\u00c4STA 60-70W<\/p>\n<p><strong>V8 Baby Strip<\/strong><br \/>\nV\u00e4rmer j\u00e4mnt och t\u00e4tare moln massiv \u00e5nga<br \/>\n0,15ohm spole<br \/>\n40W-100W \/ BEST 80W-90W<\/p>\n<p><strong>V8 Baby-T12<\/strong><br \/>\nGe dig massiv \u00e5nga och ren smak<br \/>\n0,15ohm duodecuple-spolar<br \/>\n50-90W \/ B\u00c4STA 60-80W<\/p>\n<p><strong>V8 Baby-T12 EU 3 st<br \/>\n<\/strong> Ge dig massiv \u00e5nga och ren smak<br \/>\n0,15ohm duodecuple-spolar<br \/>\n50-90W \/ B\u00c4STA 60-80W<strong><br \/>\n<\/strong><\/p>\n<p><strong>V8 Baby-T12 r\u00f6tt ljus<\/strong><br \/>\nGe dig enorm \u00e5nga och lysande ljus<br \/>\n0,15ohm duodecuple-spolar<br \/>\n50-90W \/ B\u00c4STA 60-80W<\/p>\n<p><strong>V8 Baby-T12 gr\u00f6nt ljus<\/strong><br \/>\nGe dig enorm \u00e5nga och lysande ljus<br \/>\n0,15ohm duodecuple-spolar<br \/>\n50-90W \/ B\u00c4STA 60-80W<\/p>\n<p><strong>V8 Baby-T12 Orange Light<\/strong><br \/>\nGe dig enorm \u00e5nga och lysande ljus<br \/>\n0,15ohm duodecuple-spolar<br \/>\n50-90W \/ B\u00c4STA 60-80W<br \/>\n<img loading=\"lazy\" decoding=\"async\" class=\"alignnone size-full wp-image-19312\" src=\"https:\/\/www.justvape.nu\/wp-content\/uploads\/2018\/05\/Extras.png\" alt=\"\" width=\"950\" height=\"64\" title=\"\" srcset=\"https:\/\/justvape.nu\/wp-content\/uploads\/2018\/05\/Extras.png 950w, https:\/\/justvape.nu\/wp-content\/uploads\/2018\/05\/Extras-555x37.png 555w, https:\/\/justvape.nu\/wp-content\/uploads\/2018\/05\/Extras-64x4.png 64w, https:\/\/justvape.nu\/wp-content\/uploads\/2018\/05\/Extras-300x20.png 300w, https:\/\/justvape.nu\/wp-content\/uploads\/2018\/05\/Extras-768x52.png 768w\" sizes=\"auto, (max-width: 950px) 100vw, 950px\" \/><\/p>\n<ul>\n<li>Kompatibel med TFV8 Baby Tank<a href=\"https:\/\/www.heavengifts.com\/product\/SMOK-TFV8-BABY-Beast-Tank-Black.html\" target=\"_blank\" rel=\"noopener\"> och TFV8 Big Baby Tank Standardversion (fungerar inte med TFV8 Tank).<\/a><\/li>\n<li>Dessa V8 Baby Coils \u00e4r ocks\u00e5 kompatibla med TFV12 Baby Prince Tank.<\/li>\n<\/ul>\n<p>&nbsp;<\/p>\n","protected":false},"excerpt":{"rendered":"<p>Smok V8 Baby \/ TFV12 Baby Prince Coils 5 Stk<\/p>\n","protected":false},"featured_media":249552,"comment_status":"open","ping_status":"closed","template":"","meta":{"_acf_changed":false,"_uag_custom_page_level_css":"","site-sidebar-layout":"default","site-content-layout":"default","ast-site-content-layout":"default","site-content-style":"default","site-sidebar-style":"default","ast-global-header-display":"","ast-banner-title-visibility":"","ast-main-header-display":"","ast-hfb-above-header-display":"","ast-hfb-below-header-display":"","ast-hfb-mobile-header-display":"","site-post-title":"","ast-breadcrumbs-content":"","ast-featured-img":"","footer-sml-layout":"","ast-disable-related-posts":"","theme-transparent-header-meta":"default","adv-header-id-meta":"","stick-header-meta":"default","header-above-stick-meta":"","header-main-stick-meta":"","header-below-stick-meta":"","astra-migrate-meta-layouts":"default","ast-page-background-enabled":"default","ast-page-background-meta":{"desktop":{"background-color":"","background-image":"","background-repeat":"repeat","background-position":"center center","background-size":"auto","background-attachment":"scroll","background-type":"","background-media":"","overlay-type":"","overlay-color":"","overlay-opacity":"","overlay-gradient":""},"tablet":{"background-color":"","background-image":"","background-repeat":"repeat","background-position":"center center","background-size":"auto","background-attachment":"scroll","background-type":"","background-media":"","overlay-type":"","overlay-color":"","overlay-opacity":"","overlay-gradient":""},"mobile":{"background-color":"","background-image":"","background-repeat":"repeat","background-position":"center center","background-size":"auto","background-attachment":"scroll","background-type":"","background-media":"","overlay-type":"","overlay-color":"","overlay-opacity":"","overlay-gradient":""}},"ast-content-background-meta":{"desktop":{"background-color":"var(--ast-global-color-5)","background-image":"","background-repeat":"repeat","background-position":"center center","background-size":"auto","background-attachment":"scroll","background-type":"","background-media":"","overlay-type":"","overlay-color":"","overlay-opacity":"","overlay-gradient":""},"tablet":{"background-color":"var(--ast-global-color-5)","background-image":"","background-repeat":"repeat","background-position":"center center","background-size":"auto","background-attachment":"scroll","background-type":"","background-media":"","overlay-type":"","overlay-color":"","overlay-opacity":"","overlay-gradient":""},"mobile":{"background-color":"var(--ast-global-color-5)","background-image":"","background-repeat":"repeat","background-position":"center center","background-size":"auto","background-attachment":"scroll","background-type":"","background-media":"","overlay-type":"","overlay-color":"","overlay-opacity":"","overlay-gradient":""}}},"product_brand":[],"product_cat":[2064,1984],"product_tag":[],"class_list":{"0":"post-381451","1":"product","2":"type-product","3":"status-publish","4":"has-post-thumbnail","6":"product_cat-spolar-pods","7":"product_cat-tankar-spolar","8":"desktop-align-center","9":"tablet-align-center","10":"mobile-align-center","11":"ast-product-gallery-layout-horizontal-slider","12":"ast-product-gallery-with-no-image","13":"ast-product-single-variable","14":"ast-product-tabs-layout-horizontal","16":"first","17":"instock","18":"sale","19":"taxable","20":"shipping-taxable","21":"purchasable","22":"product-type-variable"},"acf":[],"uagb_featured_image_src":{"full":["https:\/\/justvape.nu\/wp-content\/uploads\/2018\/05\/v8-baby-coils.jpg",800,800,false],"thumbnail":["https:\/\/justvape.nu\/wp-content\/uploads\/2018\/05\/v8-baby-coils-150x150.jpg",150,150,true],"medium":["https:\/\/justvape.nu\/wp-content\/uploads\/2018\/05\/v8-baby-coils-300x300.jpg",300,300,true],"medium_large":["https:\/\/justvape.nu\/wp-content\/uploads\/2018\/05\/v8-baby-coils-768x768.jpg",768,768,true],"large":["https:\/\/justvape.nu\/wp-content\/uploads\/2018\/05\/v8-baby-coils.jpg",800,800,false],"1536x1536":["https:\/\/justvape.nu\/wp-content\/uploads\/2018\/05\/v8-baby-coils.jpg",800,800,false],"2048x2048":["https:\/\/justvape.nu\/wp-content\/uploads\/2018\/05\/v8-baby-coils.jpg",800,800,false],"woocommerce_thumbnail":["https:\/\/justvape.nu\/wp-content\/uploads\/2018\/05\/v8-baby-coils-300x300.jpg",300,300,true],"woocommerce_single":["https:\/\/justvape.nu\/wp-content\/uploads\/2018\/05\/v8-baby-coils-600x600.jpg",600,600,true],"woocommerce_gallery_thumbnail":["https:\/\/justvape.nu\/wp-content\/uploads\/2018\/05\/v8-baby-coils-100x100.jpg",100,100,true],"dgwt-wcas-product-suggestion":["https:\/\/justvape.nu\/wp-content\/uploads\/2018\/05\/v8-baby-coils-64x64.jpg",64,64,true]},"uagb_author_info":{"display_name":"JustVape.nu","author_link":"https:\/\/justvape.nu\/sv\/author\/"},"uagb_comment_info":0,"uagb_excerpt":"Smok V8 Baby \/ TFV12 Baby Prince Coils 5 Stk","_links":{"self":[{"href":"https:\/\/justvape.nu\/sv\/wp-json\/wp\/v2\/product\/381451","targetHints":{"allow":["GET"]}}],"collection":[{"href":"https:\/\/justvape.nu\/sv\/wp-json\/wp\/v2\/product"}],"about":[{"href":"https:\/\/justvape.nu\/sv\/wp-json\/wp\/v2\/types\/product"}],"replies":[{"embeddable":true,"href":"https:\/\/justvape.nu\/sv\/wp-json\/wp\/v2\/comments?post=381451"}],"wp:featuredmedia":[{"embeddable":true,"href":"https:\/\/justvape.nu\/sv\/wp-json\/wp\/v2\/media\/249552"}],"wp:attachment":[{"href":"https:\/\/justvape.nu\/sv\/wp-json\/wp\/v2\/media?parent=381451"}],"wp:term":[{"taxonomy":"product_brand","embeddable":true,"href":"https:\/\/justvape.nu\/sv\/wp-json\/wp\/v2\/product_brand?post=381451"},{"taxonomy":"product_cat","embeddable":true,"href":"https:\/\/justvape.nu\/sv\/wp-json\/wp\/v2\/product_cat?post=381451"},{"taxonomy":"product_tag","embeddable":true,"href":"https:\/\/justvape.nu\/sv\/wp-json\/wp\/v2\/product_tag?post=381451"}],"curies":[{"name":"wp","href":"https:\/\/api.w.org\/{rel}","templated":true}]}}