{"id":380698,"date":"2018-02-02T19:43:34","date_gmt":"2018-02-02T18:43:34","guid":{"rendered":"https:\/\/www.justvape.nu\/produkt\/samsung-25r-18650-2500mah-20a-batteri-inr18650-25r\/"},"modified":"2024-04-09T17:06:05","modified_gmt":"2024-04-09T15:06:05","slug":"samsung-inr18650-25r-2500mah","status":"publish","type":"product","link":"https:\/\/justvape.nu\/sv\/produkt\/samsung-inr18650-25r-2500mah\/","title":{"rendered":"Samsung 25R 18650 2500mAh 20A Batteri &#8211; INR18650-25R"},"content":{"rendered":"<h2>Samsung 25R 18650 2500mAh 20A Batteri &#8211; INR18650-25R<\/h2>\n<div><\/div>\n<div>Detta \u00e4r utan tvekan den mest s\u00e5lda och respekterade 18650-formfaktorstorlekscellen p\u00e5 marknaden, fortfarande idag. Den h\u00e4r cellen \u00e4r av mycket h\u00f6g kvalitet och har en mycket ekonomisk prispo\u00e4ng f\u00f6r att boka den. Detta \u00e4r en utm\u00e4rkt balanserad cell n\u00e4r det g\u00e4ller prestanda och tillf\u00f6rlitlighet. Den h\u00e4r cellen har ocks\u00e5 en mycket bra j\u00e4mvikt med en m\u00e5ttlig-h\u00f6g kapacitet p\u00e5 2500 mAh i energi, samtidigt som den har en h\u00f6g maximal kontinuerlig urladdnings- \/ avloppsgrad p\u00e5 20 ampere (utan att temperaturen \u00e4r inblandad). Den h\u00e4r cellen \u00e4r v\u00e4ldigt stabil, \u00e4ven n\u00e4r den skjuts till sitt maximala betyg. Denna cell har ungef\u00e4r allt du kan \u00f6nska dig i en Li-Ion-cell, som du kan se p\u00e5 n\u00e5gra av dess attribut. Det har m\u00e5nga anv\u00e4ndningsomr\u00e5den som: kraftpaket, kraftfulla kraftbanker, BMS, elverktyg och kraftfulla ficklampor ocks\u00e5. Denna cell har en mycket s\u00e4krare batterikemisk smink \u00e4n celler fr\u00e5n det f\u00f6rflutna, vilket g\u00f6r den mer stabil och mycket s\u00e4krare. Denna cell klassificeras ofta som en &#8221;Goldilocks&#8221; -cell p\u00e5 grund av dess m\u00e5ngsidighet och alla dess egenskaper. Den h\u00e4r cellen har klarat tidens test och kontrollerar n\u00e4stan alla rutor som du rimligen kan avbilda. Det \u00e4r inte konstigt varf\u00f6r den har en s\u00e5dan v\u00f6rdnadsv\u00e4rd historia och en favorit hos konsumenterna.<\/div>\n<h3><a href=\"https:\/\/www.justvape.nu\/wp-content\/uploads\/2018\/02\/samsung_25r_data_sheet.pdf\">Samsung 25R datablad<\/a><\/h3>\n<h4>Samsung 25R Specifikationer<\/h4>\n<ul>\n<li>Modell: Samsung 25R \/ INR18650-25R<\/li>\n<li>Storlek: 18650<\/li>\n<li>Stil: Flat Top<\/li>\n<li>Skyddad: Nej<\/li>\n<li>Laddningsbart: Ja<\/li>\n<li>Nominell kapacitet: 2500 mAh<\/li>\n<li>Kontinuerligt urladdningsv\u00e4rde: 20A<\/li>\n<li>Nominell sp\u00e4nning: 3,6V<\/li>\n<li>Ungef\u00e4rliga m\u00e5tt: 18,33 mm x 64,85 mm<\/li>\n<li>Ungef\u00e4rlig vikt: 43,8 g<\/li>\n<\/ul>\n<hr>\n<h4>Samsung SDI s\u00e4kerhetsinformation<br \/>\n<a href=\"https:\/\/www.samsungsdi.com\/lithium-ion-battery\/safe-information.html\" target=\"_blank\" rel=\"noopener noreferrer\">&#8221;Laddning, anv\u00e4ndning och hantering av sm\u00e5 litiumjonbatterier&#8221;<\/a><\/h4>\n<h4><\/h4>\n<h4>VARNING:<\/h4>\n<div>Anv\u00e4ndaren m\u00e5ste ha l\u00e4mplig f\u00f6rst\u00e5else f\u00f6r litiumjonbatterier innan k\u00f6p. Var f\u00f6rsiktig n\u00e4r du arbetar med och anv\u00e4nder litiumjonbatterier eftersom de \u00e4r mycket k\u00e4nsliga f\u00f6r laddningsegenskaper och kan explodera, brinna eller orsaka brand om de missbrukas eller hanteras felaktigt. Ladda alltid i eller p\u00e5 en brands\u00e4ker yta. L\u00e4mna aldrig batterierna laddade utan uppsikt. Detta batteri s\u00e4ljs f\u00f6r anv\u00e4ndning av systemintegrationer med korrekt skyddskrets eller batteripaket med ett batterihanteringssystem eller kretskort (kretskort \/ modul). K\u00f6paren \u00e4r ansvarig f\u00f6r skador eller skador orsakade av felaktig anv\u00e4ndning eller felaktig hantering av litiumjonbatterier och laddare. Ladda endast med en smart laddare avsedd f\u00f6r denna specifika typ av litiumjonbatteri.<\/div>\n<p>&nbsp;<\/p>\n<ul>\n<li>MISBRUK ELLER Mishandling av litiumjonbatterier kan utg\u00f6ra en allvarlig risk f\u00f6r personskador, fastighetsskador eller d\u00f6d<\/li>\n<li>BATTERIER KAN explodera, brinna eller orsaka en brand om det missbrukas eller misshandlas<\/li>\n<li>ANV\u00c4ND ENDAST MED R\u00c4TT CIRCUITRY I ETT SKYDDSBATTERIF\u00d6RPACKNING<\/li>\n<li>ANV\u00c4ND ENDAST INNAN SPECIFIKATIONER F\u00d6R TILLVERKARE<\/li>\n<li>F\u00d6RVARA INTE L\u00d6ST BATTERI I EN F\u00c5SA, PURS ETC. &#8211; ANV\u00c4ND ALLTID ETT SKYDDSFODRAL ELLER RUTA<\/li>\n<li>H\u00e5ll dig borta fr\u00e5n metallf\u00f6rem\u00e5l f\u00f6r att f\u00f6rhindra kortslutning<\/li>\n<li>Kortslut inte<\/li>\n<li>Anv\u00e4nd INTE om omslaget eller isolatorn \u00e4r skadad eller s\u00f6nderriven<\/li>\n<li>Anv\u00e4nd INTE om den \u00e4r skadad p\u00e5 n\u00e5got s\u00e4tt<\/li>\n<li>\u00d6VERLADA INTE eller \u00f6verladda INTE<\/li>\n<li>\u00c4ndra INTE, demontera, punktera, klipp, krossa eller f\u00f6rbr\u00e4nna<\/li>\n<li>Uts\u00e4tt INTE f\u00f6r v\u00e4tskor eller h\u00f6ga temperaturer<\/li>\n<li>L\u00d6D INTE, endast punktsvetsas<\/li>\n<li>Anv\u00e4ndaren m\u00e5ste vara f\u00f6rtrogen med hanteringen av litiumjonbatterier innan k\u00f6p<\/li>\n<li>Anv\u00e4ndningen av batterier \u00e4r P\u00c5 DIN EGEN RISK<\/li>\n<li>Ladda ALLTID i eller p\u00e5 en brands\u00e4ker yta och l\u00e4mna aldrig laddningsbatterierna utan uppsikt<\/li>\n<li>\u00c5TERF\u00d6RS\u00c4LJARE M\u00c5STE VIDARE ALLA VARNINGAR TILL ALLA KUNDER F\u00d6R REFERENS OCH S\u00c4KERHET<\/li>\n<\/ul>\n","protected":false},"excerpt":{"rendered":"<p>Samsung 25R 18650 2500mAh 20A Batteri &#8211; INR18650-25R<\/p>\n","protected":false},"featured_media":215096,"comment_status":"open","ping_status":"closed","template":"","meta":{"_acf_changed":false,"_uag_custom_page_level_css":"","site-sidebar-layout":"default","site-content-layout":"default","ast-site-content-layout":"default","site-content-style":"default","site-sidebar-style":"default","ast-global-header-display":"","ast-banner-title-visibility":"","ast-main-header-display":"","ast-hfb-above-header-display":"","ast-hfb-below-header-display":"","ast-hfb-mobile-header-display":"","site-post-title":"","ast-breadcrumbs-content":"","ast-featured-img":"","footer-sml-layout":"","ast-disable-related-posts":"","theme-transparent-header-meta":"default","adv-header-id-meta":"","stick-header-meta":"default","header-above-stick-meta":"","header-main-stick-meta":"","header-below-stick-meta":"","astra-migrate-meta-layouts":"default","ast-page-background-enabled":"default","ast-page-background-meta":{"desktop":{"background-color":"","background-image":"","background-repeat":"repeat","background-position":"center center","background-size":"auto","background-attachment":"scroll","background-type":"","background-media":"","overlay-type":"","overlay-color":"","overlay-opacity":"","overlay-gradient":""},"tablet":{"background-color":"","background-image":"","background-repeat":"repeat","background-position":"center center","background-size":"auto","background-attachment":"scroll","background-type":"","background-media":"","overlay-type":"","overlay-color":"","overlay-opacity":"","overlay-gradient":""},"mobile":{"background-color":"","background-image":"","background-repeat":"repeat","background-position":"center center","background-size":"auto","background-attachment":"scroll","background-type":"","background-media":"","overlay-type":"","overlay-color":"","overlay-opacity":"","overlay-gradient":""}},"ast-content-background-meta":{"desktop":{"background-color":"var(--ast-global-color-5)","background-image":"","background-repeat":"repeat","background-position":"center center","background-size":"auto","background-attachment":"scroll","background-type":"","background-media":"","overlay-type":"","overlay-color":"","overlay-opacity":"","overlay-gradient":""},"tablet":{"background-color":"var(--ast-global-color-5)","background-image":"","background-repeat":"repeat","background-position":"center center","background-size":"auto","background-attachment":"scroll","background-type":"","background-media":"","overlay-type":"","overlay-color":"","overlay-opacity":"","overlay-gradient":""},"mobile":{"background-color":"var(--ast-global-color-5)","background-image":"","background-repeat":"repeat","background-position":"center center","background-size":"auto","background-attachment":"scroll","background-type":"","background-media":"","overlay-type":"","overlay-color":"","overlay-opacity":"","overlay-gradient":""}}},"product_brand":[],"product_cat":[2338,2178,2532,3350,2533],"product_tag":[],"class_list":{"0":"post-380698","1":"product","2":"type-product","3":"status-publish","4":"has-post-thumbnail","6":"product_cat-18650-sv","7":"product_cat-battericeller","8":"product_cat-hardware-sv","9":"product_cat-samsung-sv","10":"product_cat-shop-by-brand-sv","11":"product_shipping_class-batteries-sv","12":"desktop-align-center","13":"tablet-align-center","14":"mobile-align-center","15":"ast-product-gallery-layout-horizontal-slider","16":"ast-product-gallery-with-no-image","17":"ast-product-tabs-layout-horizontal","19":"first","20":"instock","21":"sale","22":"taxable","23":"shipping-taxable","24":"purchasable","25":"product-type-simple"},"acf":[],"uagb_featured_image_src":{"full":["https:\/\/justvape.nu\/wp-content\/uploads\/2018\/02\/samsung-inr18650-25r-high-drain-battery-2500mah.jpg",800,800,false],"thumbnail":["https:\/\/justvape.nu\/wp-content\/uploads\/2018\/02\/samsung-inr18650-25r-high-drain-battery-2500mah-150x150.jpg",150,150,true],"medium":["https:\/\/justvape.nu\/wp-content\/uploads\/2018\/02\/samsung-inr18650-25r-high-drain-battery-2500mah-300x300.jpg",300,300,true],"medium_large":["https:\/\/justvape.nu\/wp-content\/uploads\/2018\/02\/samsung-inr18650-25r-high-drain-battery-2500mah-768x768.jpg",768,768,true],"large":["https:\/\/justvape.nu\/wp-content\/uploads\/2018\/02\/samsung-inr18650-25r-high-drain-battery-2500mah.jpg",800,800,false],"1536x1536":["https:\/\/justvape.nu\/wp-content\/uploads\/2018\/02\/samsung-inr18650-25r-high-drain-battery-2500mah.jpg",800,800,false],"2048x2048":["https:\/\/justvape.nu\/wp-content\/uploads\/2018\/02\/samsung-inr18650-25r-high-drain-battery-2500mah.jpg",800,800,false],"woocommerce_thumbnail":["https:\/\/justvape.nu\/wp-content\/uploads\/2018\/02\/samsung-inr18650-25r-high-drain-battery-2500mah-300x300.jpg",300,300,true],"woocommerce_single":["https:\/\/justvape.nu\/wp-content\/uploads\/2018\/02\/samsung-inr18650-25r-high-drain-battery-2500mah-600x600.jpg",600,600,true],"woocommerce_gallery_thumbnail":["https:\/\/justvape.nu\/wp-content\/uploads\/2018\/02\/samsung-inr18650-25r-high-drain-battery-2500mah-100x100.jpg",100,100,true],"dgwt-wcas-product-suggestion":["https:\/\/justvape.nu\/wp-content\/uploads\/2018\/02\/samsung-inr18650-25r-high-drain-battery-2500mah-64x64.jpg",64,64,true]},"uagb_author_info":{"display_name":"dsadmin","author_link":"https:\/\/justvape.nu\/sv\/author\/"},"uagb_comment_info":0,"uagb_excerpt":"Samsung 25R 18650 2500mAh 20A Batteri - INR18650-25R","_links":{"self":[{"href":"https:\/\/justvape.nu\/sv\/wp-json\/wp\/v2\/product\/380698","targetHints":{"allow":["GET"]}}],"collection":[{"href":"https:\/\/justvape.nu\/sv\/wp-json\/wp\/v2\/product"}],"about":[{"href":"https:\/\/justvape.nu\/sv\/wp-json\/wp\/v2\/types\/product"}],"replies":[{"embeddable":true,"href":"https:\/\/justvape.nu\/sv\/wp-json\/wp\/v2\/comments?post=380698"}],"wp:featuredmedia":[{"embeddable":true,"href":"https:\/\/justvape.nu\/sv\/wp-json\/wp\/v2\/media\/215096"}],"wp:attachment":[{"href":"https:\/\/justvape.nu\/sv\/wp-json\/wp\/v2\/media?parent=380698"}],"wp:term":[{"taxonomy":"product_brand","embeddable":true,"href":"https:\/\/justvape.nu\/sv\/wp-json\/wp\/v2\/product_brand?post=380698"},{"taxonomy":"product_cat","embeddable":true,"href":"https:\/\/justvape.nu\/sv\/wp-json\/wp\/v2\/product_cat?post=380698"},{"taxonomy":"product_tag","embeddable":true,"href":"https:\/\/justvape.nu\/sv\/wp-json\/wp\/v2\/product_tag?post=380698"}],"curies":[{"name":"wp","href":"https:\/\/api.w.org\/{rel}","templated":true}]}}