{"id":380482,"date":"2018-02-02T19:43:35","date_gmt":"2018-02-02T18:43:35","guid":{"rendered":"https:\/\/www.justvape.nu\/produkt\/sony-murata-vtc5a-18650-2600mah-25a-batteri-us18650vtc5a\/"},"modified":"2026-03-19T19:08:41","modified_gmt":"2026-03-19T18:08:41","slug":"sony-18650-vtc5a-2600mah","status":"publish","type":"product","link":"https:\/\/justvape.nu\/sv\/produkt\/sony-18650-vtc5a-2600mah\/","title":{"rendered":"Sony | Murata VTC5A 18650 2600mAh 25A Batteri &#8211; US18650VTC5A"},"content":{"rendered":"<h2>Sony | Murata VTC5A 18650 2600mAh 25A Batteri &#8211; US18650VTC5A<\/h2>\n<p>Denna Sony \/ MuRata VTC5A-cell \u00e4r en &#8221;Superman&#8221; -typ av celler f\u00f6r dem som beh\u00f6ver och kr\u00e4ver ultrah\u00f6g urladdnings- \/ dr\u00e4neringsceller i formfaktorstorleken 18650. Det \u00e4r en mycket s\u00e4ker och extremt tillf\u00f6rlitlig cell p\u00e5 grund av kemitypen NMC (Nickel Manganese Cobalt). Detta g\u00f6r att den kan uppr\u00e4tth\u00e5lla mycket stabila temperaturer under en s\u00e5dan extremt h\u00f6g urladdning \/ dr\u00e4nering. Den h\u00e4r cellen \u00e4r bara f\u00f6rdelaktig f\u00f6r de ultimata enheterna som kr\u00e4ver s\u00e5dana krav, eftersom den inte kommer att visa sin verkliga kapacitet f\u00f6rr\u00e4n efterfr\u00e5gan har skjutits till minst 20 ampere kontinuerlig urladdning \/ dr\u00e4nering och upp till 30 ampere kontinuerlig urladdning \/ dr\u00e4nering. Med en nominell kapacitet p\u00e5 2600 mAh och upp till 35 ampere med konstant urladdning \/ dr\u00e4nering n\u00e4r cellen h\u00e5lls under 176 grader Fahrenheit eller 80 grader Celsius, kommer du inte att hitta en h\u00f6gkvalitetscell f\u00f6r att m\u00f6ta din Ultimate High Discharge \/ Drain-enhetens behov eller krav.<\/p>\n<p>Denna cell anses f\u00f6rmodligen vara den h\u00e5rdast drabbade under den initiala urladdningen \/ dr\u00e4neringen av n\u00e5gon 18650-formfaktorstorlekscell, som har \u00f6ver 2500 mAh i kapacitet. Om du vill att b\u00e5de en &#8221;sinnesfrid&#8221; och mycket kr\u00e4vande behov m\u00e5ste uppfyllas och \u00e4r n\u00f6jd, s\u00e5 \u00e4r det h\u00e4r du g\u00e5r till cellen.<\/p>\n<h3><a href=\"https:\/\/www.justvape.nu\/wp-content\/uploads\/2018\/02\/sony_vtc5a_data_sheet.pdf\">Sony VTC5A datablad<\/a><\/h3>\n<h4>Specifikationer:<\/h4>\n<ul>\n<li>Modell: US18650VTC5A<\/li>\n<li>Storlek: 18650<\/li>\n<li>Stil: Flat Top<\/li>\n<li>Kemi: NMC<\/li>\n<li>Nominell kapacitet: 2600mAh<\/li>\n<li>Kontinuerligt urladdningsv\u00e4rde: 25A<\/li>\n<li>Nominell sp\u00e4nning: 3,6v<\/li>\n<li>Skyddad: Nej<\/li>\n<li>Laddningsbart: Ja<\/li>\n<li>Ungef\u00e4rliga m\u00e5tt: 18,2 mm x 65 mm<\/li>\n<li>Ungef\u00e4rlig vikt: 47,8 g<\/li>\n<\/ul>\n<p>&nbsp;<\/p>\n<div><\/div>\n<h4>VARNING:<\/h4>\n<div>Anv\u00e4ndaren m\u00e5ste ha l\u00e4mplig f\u00f6rst\u00e5else f\u00f6r litiumjonbatterier innan k\u00f6p. Var f\u00f6rsiktig n\u00e4r du arbetar med och anv\u00e4nder litiumjonbatterier eftersom de \u00e4r mycket k\u00e4nsliga f\u00f6r laddningsegenskaper och kan explodera, brinna eller orsaka brand om de missbrukas eller hanteras felaktigt. Ladda alltid i eller p\u00e5 en brands\u00e4ker yta. L\u00e4mna aldrig batterierna laddade utan uppsikt. K\u00f6paren \u00e4r ansvarig f\u00f6r skador eller skador orsakade av felaktig anv\u00e4ndning eller felaktig hantering av litiumjonbatterier och laddare. Ingen uttrycklig eller underf\u00f6rst\u00e5dd garanti f\u00f6r kompatibilitet med n\u00e5gon enhet kan g\u00f6ras. Ladda endast med en smart laddare avsedd f\u00f6r denna specifika typ av litiumjonbatteri. Blanda inte och matcha gamla och nya, anv\u00e4nda och oanv\u00e4nda batterier.<\/div>\n<div><\/div>\n<ul>\n<li>Felaktig eller felaktig hantering av litiumjonbatterier kan utg\u00f6ra en ALLVARLIG RISK f\u00f6r personskador, skador p\u00e5 egendom eller d\u00f6dsfall<\/li>\n<li>BATTERIER KAN explodera, brinna eller orsaka en brand om det missbrukas eller misshandlas<\/li>\n<li>Anv\u00e4nd ENDAST med korrekt skyddskrets<\/li>\n<li>Anv\u00e4nd ENDAST inom tillverkarens specifikationer<\/li>\n<li>F\u00f6rvara INTE l\u00f6st i fickan, v\u00e4skan etc. &#8211; anv\u00e4nd alltid ett skyddsh\u00f6lje<\/li>\n<li>H\u00e5ll dig borta fr\u00e5n metallf\u00f6rem\u00e5l f\u00f6r att f\u00f6rhindra kortslutning<\/li>\n<li>Kortslut inte<\/li>\n<li>Anv\u00e4nd INTE om omslaget eller isolatorn \u00e4r skadad eller s\u00f6nderriven<\/li>\n<li>Anv\u00e4nd INTE om den \u00e4r skadad p\u00e5 n\u00e5got s\u00e4tt<\/li>\n<li>\u00d6VERLADA INTE eller \u00f6verladda INTE<\/li>\n<li>\u00c4ndra INTE, demontera, punktera, klipp, krossa eller f\u00f6rbr\u00e4nna<\/li>\n<li>Uts\u00e4tt INTE f\u00f6r v\u00e4tskor eller h\u00f6ga temperaturer<\/li>\n<li>L\u00d6D INTE<\/li>\n<li>Anv\u00e4ndaren m\u00e5ste vara f\u00f6rtrogen med hanteringen av litiumjonbatterier innan k\u00f6p<\/li>\n<li>Anv\u00e4ndningen av batterier \u00e4r P\u00c5 DIN EGEN RISK<\/li>\n<\/ul>\n<div>\n<div><\/div>\n<\/div>\n","protected":false},"excerpt":{"rendered":"<p>Sony | Murata VTC5A 18650 2600mAh 25A Batteri &#8211; US18650VTC5A<\/p>\n","protected":false},"featured_media":299775,"comment_status":"open","ping_status":"closed","template":"","meta":{"_acf_changed":false,"_uag_custom_page_level_css":"","site-sidebar-layout":"default","site-content-layout":"default","ast-site-content-layout":"default","site-content-style":"default","site-sidebar-style":"default","ast-global-header-display":"","ast-banner-title-visibility":"","ast-main-header-display":"","ast-hfb-above-header-display":"","ast-hfb-below-header-display":"","ast-hfb-mobile-header-display":"","site-post-title":"","ast-breadcrumbs-content":"","ast-featured-img":"","footer-sml-layout":"","ast-disable-related-posts":"","theme-transparent-header-meta":"default","adv-header-id-meta":"","stick-header-meta":"default","header-above-stick-meta":"","header-main-stick-meta":"","header-below-stick-meta":"","astra-migrate-meta-layouts":"default","ast-page-background-enabled":"default","ast-page-background-meta":{"desktop":{"background-color":"","background-image":"","background-repeat":"repeat","background-position":"center center","background-size":"auto","background-attachment":"scroll","background-type":"","background-media":"","overlay-type":"","overlay-color":"","overlay-opacity":"","overlay-gradient":""},"tablet":{"background-color":"","background-image":"","background-repeat":"repeat","background-position":"center center","background-size":"auto","background-attachment":"scroll","background-type":"","background-media":"","overlay-type":"","overlay-color":"","overlay-opacity":"","overlay-gradient":""},"mobile":{"background-color":"","background-image":"","background-repeat":"repeat","background-position":"center center","background-size":"auto","background-attachment":"scroll","background-type":"","background-media":"","overlay-type":"","overlay-color":"","overlay-opacity":"","overlay-gradient":""}},"ast-content-background-meta":{"desktop":{"background-color":"var(--ast-global-color-5)","background-image":"","background-repeat":"repeat","background-position":"center center","background-size":"auto","background-attachment":"scroll","background-type":"","background-media":"","overlay-type":"","overlay-color":"","overlay-opacity":"","overlay-gradient":""},"tablet":{"background-color":"var(--ast-global-color-5)","background-image":"","background-repeat":"repeat","background-position":"center center","background-size":"auto","background-attachment":"scroll","background-type":"","background-media":"","overlay-type":"","overlay-color":"","overlay-opacity":"","overlay-gradient":""},"mobile":{"background-color":"var(--ast-global-color-5)","background-image":"","background-repeat":"repeat","background-position":"center center","background-size":"auto","background-attachment":"scroll","background-type":"","background-media":"","overlay-type":"","overlay-color":"","overlay-opacity":"","overlay-gradient":""}}},"product_brand":[],"product_cat":[2338,2178,2532,2533,3386],"product_tag":[],"class_list":{"0":"post-380482","1":"product","2":"type-product","3":"status-publish","4":"has-post-thumbnail","6":"product_cat-18650-sv","7":"product_cat-battericeller","8":"product_cat-hardware-sv","9":"product_cat-shop-by-brand-sv","10":"product_cat-sony-sv-2","11":"product_shipping_class-batteries-sv","12":"desktop-align-center","13":"tablet-align-center","14":"mobile-align-center","15":"ast-product-gallery-layout-horizontal-slider","16":"ast-product-gallery-with-no-image","17":"ast-product-tabs-layout-horizontal","19":"first","20":"instock","21":"sale","22":"taxable","23":"shipping-taxable","24":"purchasable","25":"product-type-simple"},"acf":[],"uagb_featured_image_src":{"full":["https:\/\/justvape.nu\/wp-content\/uploads\/2018\/02\/sony-18650-vtc5a-2600mah-high-drain-battery-12c-35a-1.jpg",800,800,false],"thumbnail":["https:\/\/justvape.nu\/wp-content\/uploads\/2018\/02\/sony-18650-vtc5a-2600mah-high-drain-battery-12c-35a-1-150x150.jpg",150,150,true],"medium":["https:\/\/justvape.nu\/wp-content\/uploads\/2018\/02\/sony-18650-vtc5a-2600mah-high-drain-battery-12c-35a-1-300x300.jpg",300,300,true],"medium_large":["https:\/\/justvape.nu\/wp-content\/uploads\/2018\/02\/sony-18650-vtc5a-2600mah-high-drain-battery-12c-35a-1-768x768.jpg",768,768,true],"large":["https:\/\/justvape.nu\/wp-content\/uploads\/2018\/02\/sony-18650-vtc5a-2600mah-high-drain-battery-12c-35a-1.jpg",800,800,false],"1536x1536":["https:\/\/justvape.nu\/wp-content\/uploads\/2018\/02\/sony-18650-vtc5a-2600mah-high-drain-battery-12c-35a-1.jpg",800,800,false],"2048x2048":["https:\/\/justvape.nu\/wp-content\/uploads\/2018\/02\/sony-18650-vtc5a-2600mah-high-drain-battery-12c-35a-1.jpg",800,800,false],"woocommerce_thumbnail":["https:\/\/justvape.nu\/wp-content\/uploads\/2018\/02\/sony-18650-vtc5a-2600mah-high-drain-battery-12c-35a-1-300x300.jpg",300,300,true],"woocommerce_single":["https:\/\/justvape.nu\/wp-content\/uploads\/2018\/02\/sony-18650-vtc5a-2600mah-high-drain-battery-12c-35a-1-600x600.jpg",600,600,true],"woocommerce_gallery_thumbnail":["https:\/\/justvape.nu\/wp-content\/uploads\/2018\/02\/sony-18650-vtc5a-2600mah-high-drain-battery-12c-35a-1-100x100.jpg",100,100,true],"dgwt-wcas-product-suggestion":["https:\/\/justvape.nu\/wp-content\/uploads\/2018\/02\/sony-18650-vtc5a-2600mah-high-drain-battery-12c-35a-1-64x64.jpg",64,64,true]},"uagb_author_info":{"display_name":"dsadmin","author_link":"https:\/\/justvape.nu\/sv\/author\/"},"uagb_comment_info":0,"uagb_excerpt":"Sony | Murata VTC5A 18650 2600mAh 25A Batteri - US18650VTC5A","_links":{"self":[{"href":"https:\/\/justvape.nu\/sv\/wp-json\/wp\/v2\/product\/380482","targetHints":{"allow":["GET"]}}],"collection":[{"href":"https:\/\/justvape.nu\/sv\/wp-json\/wp\/v2\/product"}],"about":[{"href":"https:\/\/justvape.nu\/sv\/wp-json\/wp\/v2\/types\/product"}],"replies":[{"embeddable":true,"href":"https:\/\/justvape.nu\/sv\/wp-json\/wp\/v2\/comments?post=380482"}],"wp:featuredmedia":[{"embeddable":true,"href":"https:\/\/justvape.nu\/sv\/wp-json\/wp\/v2\/media\/299775"}],"wp:attachment":[{"href":"https:\/\/justvape.nu\/sv\/wp-json\/wp\/v2\/media?parent=380482"}],"wp:term":[{"taxonomy":"product_brand","embeddable":true,"href":"https:\/\/justvape.nu\/sv\/wp-json\/wp\/v2\/product_brand?post=380482"},{"taxonomy":"product_cat","embeddable":true,"href":"https:\/\/justvape.nu\/sv\/wp-json\/wp\/v2\/product_cat?post=380482"},{"taxonomy":"product_tag","embeddable":true,"href":"https:\/\/justvape.nu\/sv\/wp-json\/wp\/v2\/product_tag?post=380482"}],"curies":[{"name":"wp","href":"https:\/\/api.w.org\/{rel}","templated":true}]}}