{"id":380107,"date":"2018-02-02T19:43:22","date_gmt":"2018-02-02T18:43:22","guid":{"rendered":"https:\/\/www.justvape.nu\/produkt\/efest-lush-q4-intelligent-led-laddare\/"},"modified":"2025-06-24T01:52:53","modified_gmt":"2025-06-23T23:52:53","slug":"efest-lush-q4-intelligent-led-oplader","status":"publish","type":"product","link":"https:\/\/justvape.nu\/sv\/produkt\/efest-lush-q4-intelligent-led-oplader\/","title":{"rendered":"Efest LUSH Q4 Intelligent LED Charger"},"content":{"rendered":"<h2>Efest LUSH Q4 Intelligent LED Charger<\/h2>\n<p>&nbsp;<\/p>\n<p>Med Efests LUSH Q4-laddare f\u00e5r du plats att ladda 4 batterier samtidigt.<\/p>\n<p>Du kan ladda allt fr\u00e5n 10440 till 26650 batterier.<\/p>\n<p>Stolparna \u00e4r gjorda av st\u00e5l och kl\u00e4dda med h\u00e5rt krom1, vilket ger en mycket exakt volt n\u00e4r du laddar.<\/p>\n<p>Laddaren laddas med 0,5Amp med 3 eller 4 batterier, 1Ampere med 2 batterier och 2Ampere om du kopplar ihop ett batteri; med andra ord en riktigt snabb laddningstid.<br \/>\nNaturligtvis har HUSH Q4 alla skyddsfunktioner som f\u00f6rv\u00e4ntas av en modern laddare.<\/p>\n<p>Den inbyggda \u00e5terupplivningsfunktionen g\u00f6r att du kan \u00e5teruppliva \u00f6verladdade \/ urladdade batterier.<\/p>\n<p><strong>Detaljer:<\/strong><\/p>\n<p>Laddar f\u00f6ljande batterityper: 10440, 14500, 14650, 16340, 16650, 17650, 17670, 18350, 18490, 18500, 18650, 20700, 22650, 26500, 26650.<br \/>\n4-plats laddare.<br \/>\nLaddas med 0,5 Amp med 3 och 4 batterier, 1Amp med 2 batterier och 2Amp om du bara laddar ett batteri \u00e5t g\u00e5ngen.<br \/>\nLED-display f\u00f6r varje batteri, visar aktuell laddningsstatus.<br \/>\nF\u00f6rb\u00e4ttrad fj\u00e4der genom batteriinst\u00e4llningsspolen g\u00f6r det enkelt att ta ut batterierna och s\u00e4tta i dem.<br \/>\nStolparna \u00e4r gjorda av st\u00e5l och belagda med krom1 vilket ger en mer exakt volt n\u00e4r du laddar ditt batteri.<br \/>\nKan \u00e5teruppliva vissa batterier \u00e4ven om de \u00e4r helt urladdade. (minst 0,6 volt)<br \/>\nSkyddad mot \u00f6verladdning.<br \/>\nSkyddad mot kortslutning.<br \/>\nOmv\u00e4nd polaritetsskydd.<br \/>\nStoppar automatiskt laddningen n\u00e4r ett batteri \u00e4r fulladdat.<br \/>\nIng\u00e5ngssp\u00e4nning: 220 Volt.<\/p>\n","protected":false},"excerpt":{"rendered":"<p>Efest LUSH Q4 Intelligent LED Charger<\/p>\n","protected":false},"featured_media":239100,"comment_status":"open","ping_status":"closed","template":"","meta":{"_acf_changed":false,"_uag_custom_page_level_css":"","site-sidebar-layout":"default","site-content-layout":"default","ast-site-content-layout":"default","site-content-style":"default","site-sidebar-style":"default","ast-global-header-display":"","ast-banner-title-visibility":"","ast-main-header-display":"","ast-hfb-above-header-display":"","ast-hfb-below-header-display":"","ast-hfb-mobile-header-display":"","site-post-title":"","ast-breadcrumbs-content":"","ast-featured-img":"","footer-sml-layout":"","ast-disable-related-posts":"","theme-transparent-header-meta":"default","adv-header-id-meta":"","stick-header-meta":"default","header-above-stick-meta":"","header-main-stick-meta":"","header-below-stick-meta":"","astra-migrate-meta-layouts":"default","ast-page-background-enabled":"default","ast-page-background-meta":{"desktop":{"background-color":"","background-image":"","background-repeat":"repeat","background-position":"center center","background-size":"auto","background-attachment":"scroll","background-type":"","background-media":"","overlay-type":"","overlay-color":"","overlay-opacity":"","overlay-gradient":""},"tablet":{"background-color":"","background-image":"","background-repeat":"repeat","background-position":"center center","background-size":"auto","background-attachment":"scroll","background-type":"","background-media":"","overlay-type":"","overlay-color":"","overlay-opacity":"","overlay-gradient":""},"mobile":{"background-color":"","background-image":"","background-repeat":"repeat","background-position":"center center","background-size":"auto","background-attachment":"scroll","background-type":"","background-media":"","overlay-type":"","overlay-color":"","overlay-opacity":"","overlay-gradient":""}},"ast-content-background-meta":{"desktop":{"background-color":"var(--ast-global-color-5)","background-image":"","background-repeat":"repeat","background-position":"center center","background-size":"auto","background-attachment":"scroll","background-type":"","background-media":"","overlay-type":"","overlay-color":"","overlay-opacity":"","overlay-gradient":""},"tablet":{"background-color":"var(--ast-global-color-5)","background-image":"","background-repeat":"repeat","background-position":"center center","background-size":"auto","background-attachment":"scroll","background-type":"","background-media":"","overlay-type":"","overlay-color":"","overlay-opacity":"","overlay-gradient":""},"mobile":{"background-color":"var(--ast-global-color-5)","background-image":"","background-repeat":"repeat","background-position":"center center","background-size":"auto","background-attachment":"scroll","background-type":"","background-media":"","overlay-type":"","overlay-color":"","overlay-opacity":"","overlay-gradient":""}}},"product_brand":[],"product_cat":[3215,2532,2198,2533,1914],"product_tag":[],"class_list":{"0":"post-380107","1":"product","2":"type-product","3":"status-publish","4":"has-post-thumbnail","6":"product_cat-efest-sv-2","7":"product_cat-hardware-sv","8":"product_cat-laddare","9":"product_cat-shop-by-brand-sv","10":"product_cat-accessories-sv","11":"desktop-align-center","12":"tablet-align-center","13":"mobile-align-center","14":"ast-product-gallery-layout-horizontal-slider","15":"ast-product-tabs-layout-horizontal","17":"first","18":"instock","19":"sale","20":"taxable","21":"shipping-taxable","22":"purchasable","23":"product-type-simple"},"acf":[],"uagb_featured_image_src":{"full":["https:\/\/justvape.nu\/wp-content\/uploads\/2018\/02\/LUSHQ4.jpg",1000,1000,false],"thumbnail":["https:\/\/justvape.nu\/wp-content\/uploads\/2018\/02\/LUSHQ4-150x150.jpg",150,150,true],"medium":["https:\/\/justvape.nu\/wp-content\/uploads\/2018\/02\/LUSHQ4-300x300.jpg",300,300,true],"medium_large":["https:\/\/justvape.nu\/wp-content\/uploads\/2018\/02\/LUSHQ4-768x768.jpg",768,768,true],"large":["https:\/\/justvape.nu\/wp-content\/uploads\/2018\/02\/LUSHQ4.jpg",1000,1000,false],"1536x1536":["https:\/\/justvape.nu\/wp-content\/uploads\/2018\/02\/LUSHQ4.jpg",1000,1000,false],"2048x2048":["https:\/\/justvape.nu\/wp-content\/uploads\/2018\/02\/LUSHQ4.jpg",1000,1000,false],"woocommerce_thumbnail":["https:\/\/justvape.nu\/wp-content\/uploads\/2018\/02\/LUSHQ4-300x300.jpg",300,300,true],"woocommerce_single":["https:\/\/justvape.nu\/wp-content\/uploads\/2018\/02\/LUSHQ4-600x600.jpg",600,600,true],"woocommerce_gallery_thumbnail":["https:\/\/justvape.nu\/wp-content\/uploads\/2018\/02\/LUSHQ4-100x100.jpg",100,100,true],"dgwt-wcas-product-suggestion":["https:\/\/justvape.nu\/wp-content\/uploads\/2018\/02\/LUSHQ4-64x64.jpg",64,64,true]},"uagb_author_info":{"display_name":"dsadmin","author_link":"https:\/\/justvape.nu\/sv\/author\/"},"uagb_comment_info":0,"uagb_excerpt":"Efest LUSH Q4 Intelligent LED Charger","_links":{"self":[{"href":"https:\/\/justvape.nu\/sv\/wp-json\/wp\/v2\/product\/380107","targetHints":{"allow":["GET"]}}],"collection":[{"href":"https:\/\/justvape.nu\/sv\/wp-json\/wp\/v2\/product"}],"about":[{"href":"https:\/\/justvape.nu\/sv\/wp-json\/wp\/v2\/types\/product"}],"replies":[{"embeddable":true,"href":"https:\/\/justvape.nu\/sv\/wp-json\/wp\/v2\/comments?post=380107"}],"wp:featuredmedia":[{"embeddable":true,"href":"https:\/\/justvape.nu\/sv\/wp-json\/wp\/v2\/media\/239100"}],"wp:attachment":[{"href":"https:\/\/justvape.nu\/sv\/wp-json\/wp\/v2\/media?parent=380107"}],"wp:term":[{"taxonomy":"product_brand","embeddable":true,"href":"https:\/\/justvape.nu\/sv\/wp-json\/wp\/v2\/product_brand?post=380107"},{"taxonomy":"product_cat","embeddable":true,"href":"https:\/\/justvape.nu\/sv\/wp-json\/wp\/v2\/product_cat?post=380107"},{"taxonomy":"product_tag","embeddable":true,"href":"https:\/\/justvape.nu\/sv\/wp-json\/wp\/v2\/product_tag?post=380107"}],"curies":[{"name":"wp","href":"https:\/\/api.w.org\/{rel}","templated":true}]}}