{"id":380062,"date":"2018-02-02T19:43:22","date_gmt":"2018-02-02T18:43:22","guid":{"rendered":"https:\/\/www.justvape.nu\/produkt\/efest-slim-k1-intelligent-laddare\/"},"modified":"2024-02-18T17:33:44","modified_gmt":"2024-02-18T16:33:44","slug":"efest-slim-k1-intelligent-charger","status":"publish","type":"product","link":"https:\/\/justvape.nu\/sv\/produkt\/efest-slim-k1-intelligent-charger\/","title":{"rendered":"Efest SLIM K1 Intelligent laddare"},"content":{"rendered":"<h2>Efest SLIM K1 Intelligent laddare<\/h2>\n<p>&nbsp;<\/p>\n<p>Efest Slim K1 Single Bay batteriladdare \u00e4r en intelligent batteriladdare som kan ladda en enda cell. Batterifacket anv\u00e4nder en fj\u00e4der tillverkad av pianotr\u00e5d f\u00f6r att ge en smidig glidning vid installation och borttagning av batterier. Som med alla sina enheter har Efest inkluderat en tydlig och intuitiv LED-display, som visar anv\u00e4ndaren n\u00e4r batterierna laddas och n\u00e4r de \u00e4r fulladdade med automatisk stoppfunktion. Efest Slim K1-laddaren har skydd mot omv\u00e4nd polaritet, kortslutning, \u00f6verladdning och m\u00e5nga fler s\u00e4kerhetsfunktioner. Kolla in v\u00e5rt utbud av uppladdningsbara batterier och vape p\u00e5!<\/p>\n<p>Kompatibel med: 10440, 14500, 14650, 16340, 16650, 17650, 17670, 18350, 18490, 18500, 18650, 20700, 21700, 26500, 26650<\/p>\n<p>Observera: Inga batterier ing\u00e5r i denna laddare. Batterier kan k\u00f6pas separat fr\u00e5n v\u00e5r tillbeh\u00f6rssida eller genom att f\u00f6lja den h\u00e4r l\u00e4nken.<\/p>\n<p><strong>Inneh\u00e5ll i satsen:<\/strong><\/p>\n<p>Inneh\u00e5ll:<br \/>\n&#8211; 1 x Efest Slim K1 laddare<br \/>\n&#8211; 1 x USB-kabel<\/p>\n<p><strong>Funktioner:<\/strong><\/p>\n<p>&#8211; Snabbladdningsl\u00e4ge: 1.0A<br \/>\n&#8211; Passar olika 3,6 V och 3,7 V Li-ion-batterier<br \/>\n&#8211; Skydd mot omv\u00e4nd polaritet<br \/>\n&#8211; Aktiveringsfunktion<br \/>\n&#8211; Laddningsfunktion med automatisk detektering<br \/>\n&#8211; Skydd mot \u00f6verladdning<br \/>\n&#8211; Skydd mot kortslutning<br \/>\n&#8211; CE- och RoHS-certifierad<br \/>\n&#8211; Fj\u00e4der av pianotr\u00e5d ger en mjuk glidning n\u00e4r batteriet s\u00e4tts i och tas ur<br \/>\n&#8211; St\u00e5lkatod med l\u00e5g resistans och h\u00e5rdf\u00f6rkromning ger en mer exakt laddningssp\u00e4nning<br \/>\n&#8211; AC-ing\u00e5ngseffekt: AC 100~240V 50\/60Hz<br \/>\n&#8211; DC-utg\u00e5ngseffekt: DC 5V 1A<br \/>\n&#8211; Automatisk avst\u00e4ngningssp\u00e4nning: 4,20+\/-0,5V<br \/>\n&#8211; Standby-str\u00f6m: &lt;20mA<br \/>\n&#8211; Automatisk laddningssp\u00e4nning: 4,10+\/-0,10V<br \/>\n&#8211; F\u00f6rvaringstemperatur: 40-70 C<br \/>\n&#8211; DC-ing\u00e5ngseffekt: DC 5V 1A<br \/>\n&#8211; 1A CC-str\u00f6m: 1000mA+\/-10% (i %)<br \/>\n&#8211; CV-avbrottsstr\u00f6m: ,100mA<br \/>\n&#8211; Aktiveringsstr\u00f6m: 50mA~100mA<br \/>\n&#8211; Driftstemperatur: 0-40C<\/p>\n<p><strong>Kompatibilitet:<\/strong><br \/>\nKompatibel med 18650 vaping mod-batterier. \u00c4ven kompatibel med 10440\/14500\/14650\/16340\/17335\/17500\/17670\/18350\/18490\/18500\/18650\/18700\/20700\/21700\/22650\/25500\/26650 3,6V\/3,7V litiumjonbatterier<\/p>\n","protected":false},"excerpt":{"rendered":"<p>Efest SLIM K1 Intelligent laddare<\/p>\n","protected":false},"featured_media":239170,"comment_status":"open","ping_status":"closed","template":"","meta":{"_acf_changed":false,"_uag_custom_page_level_css":"","site-sidebar-layout":"default","site-content-layout":"default","ast-site-content-layout":"default","site-content-style":"default","site-sidebar-style":"default","ast-global-header-display":"","ast-banner-title-visibility":"","ast-main-header-display":"","ast-hfb-above-header-display":"","ast-hfb-below-header-display":"","ast-hfb-mobile-header-display":"","site-post-title":"","ast-breadcrumbs-content":"","ast-featured-img":"","footer-sml-layout":"","ast-disable-related-posts":"","theme-transparent-header-meta":"default","adv-header-id-meta":"","stick-header-meta":"default","header-above-stick-meta":"","header-main-stick-meta":"","header-below-stick-meta":"","astra-migrate-meta-layouts":"default","ast-page-background-enabled":"default","ast-page-background-meta":{"desktop":{"background-color":"","background-image":"","background-repeat":"repeat","background-position":"center center","background-size":"auto","background-attachment":"scroll","background-type":"","background-media":"","overlay-type":"","overlay-color":"","overlay-opacity":"","overlay-gradient":""},"tablet":{"background-color":"","background-image":"","background-repeat":"repeat","background-position":"center center","background-size":"auto","background-attachment":"scroll","background-type":"","background-media":"","overlay-type":"","overlay-color":"","overlay-opacity":"","overlay-gradient":""},"mobile":{"background-color":"","background-image":"","background-repeat":"repeat","background-position":"center center","background-size":"auto","background-attachment":"scroll","background-type":"","background-media":"","overlay-type":"","overlay-color":"","overlay-opacity":"","overlay-gradient":""}},"ast-content-background-meta":{"desktop":{"background-color":"var(--ast-global-color-5)","background-image":"","background-repeat":"repeat","background-position":"center center","background-size":"auto","background-attachment":"scroll","background-type":"","background-media":"","overlay-type":"","overlay-color":"","overlay-opacity":"","overlay-gradient":""},"tablet":{"background-color":"var(--ast-global-color-5)","background-image":"","background-repeat":"repeat","background-position":"center center","background-size":"auto","background-attachment":"scroll","background-type":"","background-media":"","overlay-type":"","overlay-color":"","overlay-opacity":"","overlay-gradient":""},"mobile":{"background-color":"var(--ast-global-color-5)","background-image":"","background-repeat":"repeat","background-position":"center center","background-size":"auto","background-attachment":"scroll","background-type":"","background-media":"","overlay-type":"","overlay-color":"","overlay-opacity":"","overlay-gradient":""}}},"product_brand":[],"product_cat":[3215,2532,2198,2533,1914],"product_tag":[],"class_list":{"0":"post-380062","1":"product","2":"type-product","3":"status-publish","4":"has-post-thumbnail","6":"product_cat-efest-sv-2","7":"product_cat-hardware-sv","8":"product_cat-laddare","9":"product_cat-shop-by-brand-sv","10":"product_cat-accessories-sv","11":"desktop-align-center","12":"tablet-align-center","13":"mobile-align-center","14":"ast-product-gallery-layout-horizontal-slider","15":"ast-product-gallery-with-no-image","16":"ast-product-tabs-layout-horizontal","18":"first","19":"instock","20":"sale","21":"taxable","22":"shipping-taxable","23":"purchasable","24":"product-type-simple"},"acf":[],"uagb_featured_image_src":{"full":["https:\/\/justvape.nu\/wp-content\/uploads\/2018\/02\/efest-slim-k1-intelligent-charger.jpg",800,800,false],"thumbnail":["https:\/\/justvape.nu\/wp-content\/uploads\/2018\/02\/efest-slim-k1-intelligent-charger-150x150.jpg",150,150,true],"medium":["https:\/\/justvape.nu\/wp-content\/uploads\/2018\/02\/efest-slim-k1-intelligent-charger-300x300.jpg",300,300,true],"medium_large":["https:\/\/justvape.nu\/wp-content\/uploads\/2018\/02\/efest-slim-k1-intelligent-charger-768x768.jpg",768,768,true],"large":["https:\/\/justvape.nu\/wp-content\/uploads\/2018\/02\/efest-slim-k1-intelligent-charger.jpg",800,800,false],"1536x1536":["https:\/\/justvape.nu\/wp-content\/uploads\/2018\/02\/efest-slim-k1-intelligent-charger.jpg",800,800,false],"2048x2048":["https:\/\/justvape.nu\/wp-content\/uploads\/2018\/02\/efest-slim-k1-intelligent-charger.jpg",800,800,false],"woocommerce_thumbnail":["https:\/\/justvape.nu\/wp-content\/uploads\/2018\/02\/efest-slim-k1-intelligent-charger-300x300.jpg",300,300,true],"woocommerce_single":["https:\/\/justvape.nu\/wp-content\/uploads\/2018\/02\/efest-slim-k1-intelligent-charger-600x600.jpg",600,600,true],"woocommerce_gallery_thumbnail":["https:\/\/justvape.nu\/wp-content\/uploads\/2018\/02\/efest-slim-k1-intelligent-charger-100x100.jpg",100,100,true],"dgwt-wcas-product-suggestion":["https:\/\/justvape.nu\/wp-content\/uploads\/2018\/02\/efest-slim-k1-intelligent-charger-64x64.jpg",64,64,true]},"uagb_author_info":{"display_name":"dsadmin","author_link":"https:\/\/justvape.nu\/sv\/author\/"},"uagb_comment_info":0,"uagb_excerpt":"Efest SLIM K1 Intelligent laddare","_links":{"self":[{"href":"https:\/\/justvape.nu\/sv\/wp-json\/wp\/v2\/product\/380062","targetHints":{"allow":["GET"]}}],"collection":[{"href":"https:\/\/justvape.nu\/sv\/wp-json\/wp\/v2\/product"}],"about":[{"href":"https:\/\/justvape.nu\/sv\/wp-json\/wp\/v2\/types\/product"}],"replies":[{"embeddable":true,"href":"https:\/\/justvape.nu\/sv\/wp-json\/wp\/v2\/comments?post=380062"}],"wp:featuredmedia":[{"embeddable":true,"href":"https:\/\/justvape.nu\/sv\/wp-json\/wp\/v2\/media\/239170"}],"wp:attachment":[{"href":"https:\/\/justvape.nu\/sv\/wp-json\/wp\/v2\/media?parent=380062"}],"wp:term":[{"taxonomy":"product_brand","embeddable":true,"href":"https:\/\/justvape.nu\/sv\/wp-json\/wp\/v2\/product_brand?post=380062"},{"taxonomy":"product_cat","embeddable":true,"href":"https:\/\/justvape.nu\/sv\/wp-json\/wp\/v2\/product_cat?post=380062"},{"taxonomy":"product_tag","embeddable":true,"href":"https:\/\/justvape.nu\/sv\/wp-json\/wp\/v2\/product_tag?post=380062"}],"curies":[{"name":"wp","href":"https:\/\/api.w.org\/{rel}","templated":true}]}}