{"id":379745,"date":"2018-02-02T19:43:10","date_gmt":"2018-02-02T18:43:10","guid":{"rendered":"https:\/\/www.justvape.nu\/produkt\/smok-tfv12-p-spolar-3-st\/"},"modified":"2024-04-09T17:06:07","modified_gmt":"2024-04-09T15:06:07","slug":"smok-v12-prins-spolar","status":"publish","type":"product","link":"https:\/\/justvape.nu\/sv\/produkt\/smok-v12-prins-spolar\/","title":{"rendered":"Smok TFV12 P Coils 3 Pcs"},"content":{"rendered":"<h2>Smok TFV12 P Coils 3 Pcs<\/h2>\n<p>Mycket smak eller stora moln?<\/p>\n<p>Valet \u00e4r ditt med Smok&#8217;s Coil-sortiment.<\/p>\n<p>Ett urval av spolarna p\u00e5 bilden \u00e4r under utveckling och det finns inget datum n\u00e4r de kommer fram.<\/p>\n<p><img loading=\"lazy\" decoding=\"async\" class=\"alignnone size-full wp-image-21176\" src=\"https:\/\/www.justvape.nu\/wp-content\/uploads\/2018\/02\/1531991699569.jpg\" alt=\"\" width=\"1300\" height=\"2442\" title=\"\" srcset=\"https:\/\/justvape.nu\/wp-content\/uploads\/2018\/02\/1531991699569.jpg 1300w, https:\/\/justvape.nu\/wp-content\/uploads\/2018\/02\/1531991699569-555x1043.jpg 555w, https:\/\/justvape.nu\/wp-content\/uploads\/2018\/02\/1531991699569-64x120.jpg 64w, https:\/\/justvape.nu\/wp-content\/uploads\/2018\/02\/1531991699569-300x564.jpg 300w, https:\/\/justvape.nu\/wp-content\/uploads\/2018\/02\/1531991699569-160x300.jpg 160w, https:\/\/justvape.nu\/wp-content\/uploads\/2018\/02\/1531991699569-768x1443.jpg 768w, https:\/\/justvape.nu\/wp-content\/uploads\/2018\/02\/1531991699569-545x1024.jpg 545w\" sizes=\"auto, (max-width: 1300px) 100vw, 1300px\" \/><\/p>\n","protected":false},"excerpt":{"rendered":"<p>Smok TFV12 P Coils 3 Pcs<\/p>\n","protected":false},"featured_media":253072,"comment_status":"open","ping_status":"closed","template":"","meta":{"_acf_changed":false,"_uag_custom_page_level_css":"","site-sidebar-layout":"default","site-content-layout":"default","ast-site-content-layout":"default","site-content-style":"default","site-sidebar-style":"default","ast-global-header-display":"","ast-banner-title-visibility":"","ast-main-header-display":"","ast-hfb-above-header-display":"","ast-hfb-below-header-display":"","ast-hfb-mobile-header-display":"","site-post-title":"","ast-breadcrumbs-content":"","ast-featured-img":"","footer-sml-layout":"","ast-disable-related-posts":"","theme-transparent-header-meta":"default","adv-header-id-meta":"","stick-header-meta":"default","header-above-stick-meta":"","header-main-stick-meta":"","header-below-stick-meta":"","astra-migrate-meta-layouts":"default","ast-page-background-enabled":"default","ast-page-background-meta":{"desktop":{"background-color":"","background-image":"","background-repeat":"repeat","background-position":"center center","background-size":"auto","background-attachment":"scroll","background-type":"","background-media":"","overlay-type":"","overlay-color":"","overlay-opacity":"","overlay-gradient":""},"tablet":{"background-color":"","background-image":"","background-repeat":"repeat","background-position":"center center","background-size":"auto","background-attachment":"scroll","background-type":"","background-media":"","overlay-type":"","overlay-color":"","overlay-opacity":"","overlay-gradient":""},"mobile":{"background-color":"","background-image":"","background-repeat":"repeat","background-position":"center center","background-size":"auto","background-attachment":"scroll","background-type":"","background-media":"","overlay-type":"","overlay-color":"","overlay-opacity":"","overlay-gradient":""}},"ast-content-background-meta":{"desktop":{"background-color":"var(--ast-global-color-5)","background-image":"","background-repeat":"repeat","background-position":"center center","background-size":"auto","background-attachment":"scroll","background-type":"","background-media":"","overlay-type":"","overlay-color":"","overlay-opacity":"","overlay-gradient":""},"tablet":{"background-color":"var(--ast-global-color-5)","background-image":"","background-repeat":"repeat","background-position":"center center","background-size":"auto","background-attachment":"scroll","background-type":"","background-media":"","overlay-type":"","overlay-color":"","overlay-opacity":"","overlay-gradient":""},"mobile":{"background-color":"var(--ast-global-color-5)","background-image":"","background-repeat":"repeat","background-position":"center center","background-size":"auto","background-attachment":"scroll","background-type":"","background-media":"","overlay-type":"","overlay-color":"","overlay-opacity":"","overlay-gradient":""}}},"product_brand":[],"product_cat":[2064,1984],"product_tag":[],"class_list":{"0":"post-379745","1":"product","2":"type-product","3":"status-publish","4":"has-post-thumbnail","6":"product_cat-spolar-pods","7":"product_cat-tankar-spolar","8":"desktop-align-center","9":"tablet-align-center","10":"mobile-align-center","11":"ast-product-gallery-layout-horizontal-slider","12":"ast-product-gallery-with-no-image","13":"ast-product-single-variable","14":"ast-product-tabs-layout-horizontal","16":"first","17":"instock","18":"sale","19":"taxable","20":"shipping-taxable","21":"purchasable","22":"product-type-variable"},"acf":[],"uagb_featured_image_src":{"full":["https:\/\/justvape.nu\/wp-content\/uploads\/2018\/02\/SMOK-PRINCE-COILS.jpg",800,800,false],"thumbnail":["https:\/\/justvape.nu\/wp-content\/uploads\/2018\/02\/SMOK-PRINCE-COILS-150x150.jpg",150,150,true],"medium":["https:\/\/justvape.nu\/wp-content\/uploads\/2018\/02\/SMOK-PRINCE-COILS-300x300.jpg",300,300,true],"medium_large":["https:\/\/justvape.nu\/wp-content\/uploads\/2018\/02\/SMOK-PRINCE-COILS-768x768.jpg",768,768,true],"large":["https:\/\/justvape.nu\/wp-content\/uploads\/2018\/02\/SMOK-PRINCE-COILS.jpg",800,800,false],"1536x1536":["https:\/\/justvape.nu\/wp-content\/uploads\/2018\/02\/SMOK-PRINCE-COILS.jpg",800,800,false],"2048x2048":["https:\/\/justvape.nu\/wp-content\/uploads\/2018\/02\/SMOK-PRINCE-COILS.jpg",800,800,false],"woocommerce_thumbnail":["https:\/\/justvape.nu\/wp-content\/uploads\/2018\/02\/SMOK-PRINCE-COILS-300x300.jpg",300,300,true],"woocommerce_single":["https:\/\/justvape.nu\/wp-content\/uploads\/2018\/02\/SMOK-PRINCE-COILS-600x600.jpg",600,600,true],"woocommerce_gallery_thumbnail":["https:\/\/justvape.nu\/wp-content\/uploads\/2018\/02\/SMOK-PRINCE-COILS-100x100.jpg",100,100,true],"dgwt-wcas-product-suggestion":["https:\/\/justvape.nu\/wp-content\/uploads\/2018\/02\/SMOK-PRINCE-COILS-64x64.jpg",64,64,true]},"uagb_author_info":{"display_name":"dsadmin","author_link":"https:\/\/justvape.nu\/sv\/author\/"},"uagb_comment_info":0,"uagb_excerpt":"Smok TFV12 P Coils 3 Pcs","_links":{"self":[{"href":"https:\/\/justvape.nu\/sv\/wp-json\/wp\/v2\/product\/379745","targetHints":{"allow":["GET"]}}],"collection":[{"href":"https:\/\/justvape.nu\/sv\/wp-json\/wp\/v2\/product"}],"about":[{"href":"https:\/\/justvape.nu\/sv\/wp-json\/wp\/v2\/types\/product"}],"replies":[{"embeddable":true,"href":"https:\/\/justvape.nu\/sv\/wp-json\/wp\/v2\/comments?post=379745"}],"wp:featuredmedia":[{"embeddable":true,"href":"https:\/\/justvape.nu\/sv\/wp-json\/wp\/v2\/media\/253072"}],"wp:attachment":[{"href":"https:\/\/justvape.nu\/sv\/wp-json\/wp\/v2\/media?parent=379745"}],"wp:term":[{"taxonomy":"product_brand","embeddable":true,"href":"https:\/\/justvape.nu\/sv\/wp-json\/wp\/v2\/product_brand?post=379745"},{"taxonomy":"product_cat","embeddable":true,"href":"https:\/\/justvape.nu\/sv\/wp-json\/wp\/v2\/product_cat?post=379745"},{"taxonomy":"product_tag","embeddable":true,"href":"https:\/\/justvape.nu\/sv\/wp-json\/wp\/v2\/product_tag?post=379745"}],"curies":[{"name":"wp","href":"https:\/\/api.w.org\/{rel}","templated":true}]}}