{"id":379048,"date":"2018-01-18T13:59:48","date_gmt":"2018-01-18T12:59:48","guid":{"rendered":"https:\/\/www.justvape.nu\/produkt\/aspire-pockex-coils-5-st\/"},"modified":"2024-06-27T20:51:00","modified_gmt":"2024-06-27T18:51:00","slug":"aspire-pockex-spolar","status":"publish","type":"product","link":"https:\/\/justvape.nu\/sv\/produkt\/aspire-pockex-spolar\/","title":{"rendered":"Aspire PockeX Coils 5 st"},"content":{"rendered":"<h2>Aspire PockeX Coils 5 st<\/h2>\n<p class=\"container\">Med samma spolteknik som de hyllade Nautilus X U-tech-spolarna, som ger en lysande vapingupplevelse med perfekt smak och \u00e5ngproduktion.<br \/>\nPockeX-spolar \u00e4r sub-ohm, vilket inneb\u00e4r att det \u00e4r v\u00e4ldigt glad att producera en god m\u00e4ngd \u00e5nga<\/p>\n<div class=\"container\"><strong><strong>F\u00f6rpackningsdetaljer:<br \/>\n<\/strong><\/strong> 5st &#8211; Aspire PockeX Atomizer Head<\/div>\n<div><\/div>\n<div class=\"container\"><a name=\"parameters\"><\/a>Parametrar:<br \/>\n\u2022 Motst\u00e5nd: 0,6 ohm Clapton, 1,2 ohm<\/div>\n","protected":false},"excerpt":{"rendered":"<p>Aspire PockeX Coils<\/p>\n","protected":false},"featured_media":214765,"comment_status":"open","ping_status":"closed","template":"","meta":{"_acf_changed":false,"_uag_custom_page_level_css":"","site-sidebar-layout":"default","site-content-layout":"default","ast-site-content-layout":"default","site-content-style":"default","site-sidebar-style":"default","ast-global-header-display":"","ast-banner-title-visibility":"","ast-main-header-display":"","ast-hfb-above-header-display":"","ast-hfb-below-header-display":"","ast-hfb-mobile-header-display":"","site-post-title":"","ast-breadcrumbs-content":"","ast-featured-img":"","footer-sml-layout":"","ast-disable-related-posts":"","theme-transparent-header-meta":"default","adv-header-id-meta":"","stick-header-meta":"default","header-above-stick-meta":"","header-main-stick-meta":"","header-below-stick-meta":"","astra-migrate-meta-layouts":"default","ast-page-background-enabled":"default","ast-page-background-meta":{"desktop":{"background-color":"","background-image":"","background-repeat":"repeat","background-position":"center center","background-size":"auto","background-attachment":"scroll","background-type":"","background-media":"","overlay-type":"","overlay-color":"","overlay-opacity":"","overlay-gradient":""},"tablet":{"background-color":"","background-image":"","background-repeat":"repeat","background-position":"center center","background-size":"auto","background-attachment":"scroll","background-type":"","background-media":"","overlay-type":"","overlay-color":"","overlay-opacity":"","overlay-gradient":""},"mobile":{"background-color":"","background-image":"","background-repeat":"repeat","background-position":"center center","background-size":"auto","background-attachment":"scroll","background-type":"","background-media":"","overlay-type":"","overlay-color":"","overlay-opacity":"","overlay-gradient":""}},"ast-content-background-meta":{"desktop":{"background-color":"var(--ast-global-color-5)","background-image":"","background-repeat":"repeat","background-position":"center center","background-size":"auto","background-attachment":"scroll","background-type":"","background-media":"","overlay-type":"","overlay-color":"","overlay-opacity":"","overlay-gradient":""},"tablet":{"background-color":"var(--ast-global-color-5)","background-image":"","background-repeat":"repeat","background-position":"center center","background-size":"auto","background-attachment":"scroll","background-type":"","background-media":"","overlay-type":"","overlay-color":"","overlay-opacity":"","overlay-gradient":""},"mobile":{"background-color":"var(--ast-global-color-5)","background-image":"","background-repeat":"repeat","background-position":"center center","background-size":"auto","background-attachment":"scroll","background-type":"","background-media":"","overlay-type":"","overlay-color":"","overlay-opacity":"","overlay-gradient":""}}},"product_brand":[],"product_cat":[2064,1984],"product_tag":[],"class_list":{"0":"post-379048","1":"product","2":"type-product","3":"status-publish","4":"has-post-thumbnail","6":"product_cat-spolar-pods","7":"product_cat-tankar-spolar","8":"desktop-align-center","9":"tablet-align-center","10":"mobile-align-center","11":"ast-product-gallery-layout-horizontal-slider","12":"ast-product-single-variable","13":"ast-product-tabs-layout-horizontal","15":"first","16":"instock","17":"sale","18":"taxable","19":"shipping-taxable","20":"purchasable","21":"product-type-variable"},"acf":[],"uagb_featured_image_src":{"full":["https:\/\/justvape.nu\/wp-content\/uploads\/2018\/01\/pockex-coil-5-pack.jpg",460,460,false],"thumbnail":["https:\/\/justvape.nu\/wp-content\/uploads\/2018\/01\/pockex-coil-5-pack-150x150.jpg",150,150,true],"medium":["https:\/\/justvape.nu\/wp-content\/uploads\/2018\/01\/pockex-coil-5-pack-300x300.jpg",300,300,true],"medium_large":["https:\/\/justvape.nu\/wp-content\/uploads\/2018\/01\/pockex-coil-5-pack.jpg",460,460,false],"large":["https:\/\/justvape.nu\/wp-content\/uploads\/2018\/01\/pockex-coil-5-pack.jpg",460,460,false],"1536x1536":["https:\/\/justvape.nu\/wp-content\/uploads\/2018\/01\/pockex-coil-5-pack.jpg",460,460,false],"2048x2048":["https:\/\/justvape.nu\/wp-content\/uploads\/2018\/01\/pockex-coil-5-pack.jpg",460,460,false],"woocommerce_thumbnail":["https:\/\/justvape.nu\/wp-content\/uploads\/2018\/01\/pockex-coil-5-pack-300x300.jpg",300,300,true],"woocommerce_single":["https:\/\/justvape.nu\/wp-content\/uploads\/2018\/01\/pockex-coil-5-pack.jpg",460,460,false],"woocommerce_gallery_thumbnail":["https:\/\/justvape.nu\/wp-content\/uploads\/2018\/01\/pockex-coil-5-pack-100x100.jpg",100,100,true],"dgwt-wcas-product-suggestion":["https:\/\/justvape.nu\/wp-content\/uploads\/2018\/01\/pockex-coil-5-pack-64x64.jpg",64,64,true]},"uagb_author_info":{"display_name":"dsadmin","author_link":"https:\/\/justvape.nu\/sv\/author\/"},"uagb_comment_info":0,"uagb_excerpt":"Aspire PockeX Coils","_links":{"self":[{"href":"https:\/\/justvape.nu\/sv\/wp-json\/wp\/v2\/product\/379048","targetHints":{"allow":["GET"]}}],"collection":[{"href":"https:\/\/justvape.nu\/sv\/wp-json\/wp\/v2\/product"}],"about":[{"href":"https:\/\/justvape.nu\/sv\/wp-json\/wp\/v2\/types\/product"}],"replies":[{"embeddable":true,"href":"https:\/\/justvape.nu\/sv\/wp-json\/wp\/v2\/comments?post=379048"}],"wp:featuredmedia":[{"embeddable":true,"href":"https:\/\/justvape.nu\/sv\/wp-json\/wp\/v2\/media\/214765"}],"wp:attachment":[{"href":"https:\/\/justvape.nu\/sv\/wp-json\/wp\/v2\/media?parent=379048"}],"wp:term":[{"taxonomy":"product_brand","embeddable":true,"href":"https:\/\/justvape.nu\/sv\/wp-json\/wp\/v2\/product_brand?post=379048"},{"taxonomy":"product_cat","embeddable":true,"href":"https:\/\/justvape.nu\/sv\/wp-json\/wp\/v2\/product_cat?post=379048"},{"taxonomy":"product_tag","embeddable":true,"href":"https:\/\/justvape.nu\/sv\/wp-json\/wp\/v2\/product_tag?post=379048"}],"curies":[{"name":"wp","href":"https:\/\/api.w.org\/{rel}","templated":true}]}}