{"id":377303,"date":"2019-06-14T10:53:26","date_gmt":"2019-06-14T08:53:26","guid":{"rendered":"https:\/\/www.justvape.nu\/produkt\/samsung-40t-21700-4000mah-35a-batteri-inr21700-40t\/"},"modified":"2025-08-04T01:55:47","modified_gmt":"2025-08-03T23:55:47","slug":"samsung-40t-inr21700-4000mah","status":"publish","type":"product","link":"https:\/\/justvape.nu\/sv\/produkt\/samsung-40t-inr21700-4000mah\/","title":{"rendered":"Samsung 40T 21700 4000mAh 35A Batteri &#8211; INR21700-40T"},"content":{"rendered":"<h2 class=\"product_name\">Samsung 40T 21700 4000mAh 35A batteri &#8211; INR21700-40T<\/h2>\n<p>Samsung har verkligen slagit n\u00e5gra &#8221;Grand Slams&#8221; bara under de senaste \u00e5ren med Li-Ion-celler, den h\u00e4r Samsung 40T \u00e4r bara ett av dessa exempel. Vad som g\u00f6r den h\u00e4r cellen s\u00e5 speciell \u00e4r dess f\u00f6rm\u00e5ga att ha &#8221;maximal balans&#8221; med mycket h\u00f6g kapacitet och samtidigt som den har ultrah\u00f6g urladdnings- \/ dr\u00e4neringsfunktioner utan kompromisser, ans\u00e5gs detta tidigare vara om\u00f6jligt eftersom du bara har s\u00e5 mycket utrymme i en cell f\u00f6r antingen kapacitet eller h\u00f6g dr\u00e4nering, inte b\u00e5da. Samsung har blivit ledande inom FoU-avdelningen den senaste tiden, den h\u00e4r Samsung 40T \u00e4r bara ett lysande exempel p\u00e5 det. Att ha en legitim 4000 mAh kapacitet med en 35 Amp sann konstant urladdning utan att medf\u00f6ra en temperaturgr\u00e4ns och inte g\u00f6ra cellen \u00f6verarbetad, \u00e4r inget annat \u00e4n fantastiskt.<\/p>\n<p>Detta \u00e4r den h\u00e5rdast inledande tr\u00e4ffande cellen som har en legitim 4000 mAh eller mer i kapacitet. Med den h\u00e4r cellen kan du f\u00e5 en riktig &#8221;sinnesro&#8221; som dina kr\u00e4vande behov och \u00f6nskem\u00e5l kommer att vara mer \u00e4n n\u00f6jda och m\u00f6ta utan problem. Detta \u00e4r verkligen en fenomenal cell i formfaktorstorlek 21700.<\/p>\n<h4>Specifikationer:<\/h4>\n<ul>\n<li>Modell: INR21700-40T<\/li>\n<li>Storlek: 21700<\/li>\n<li>Stil: Flat Top<\/li>\n<li>Nominell kapacitet: 4000 mAh<\/li>\n<li>Kontinuerligt urladdningsv\u00e4rde: 35A utan temperaturminskning \/ 45A med 80 \u00b0 C temperaturminskning<\/li>\n<li>Nominell sp\u00e4nning: 3,6v<\/li>\n<li>Skyddad: Nej<\/li>\n<li>Laddningsbart: Ja<\/li>\n<li>Ungef\u00e4rliga m\u00e5tt: 21,1 mm x 70,4 mm<\/li>\n<li>Ungef\u00e4rlig vikt: 66,8 g<\/li>\n<\/ul>\n<hr>\n<h4>Samsung SDI s\u00e4kerhetsinformation<br \/>\n<a href=\"https:\/\/www.samsungsdi.com\/lithium-ion-battery\/safe-information.html\" target=\"_blank\" rel=\"noopener noreferrer\">&#8221;Laddning, anv\u00e4ndning och hantering av sm\u00e5 litiumjonbatterier&#8221;<\/a><\/h4>\n<h4><\/h4>\n<h4>VARNING:<\/h4>\n<div>Anv\u00e4ndaren m\u00e5ste ha l\u00e4mplig f\u00f6rst\u00e5else f\u00f6r litiumjonbatterier innan k\u00f6p. Var f\u00f6rsiktig n\u00e4r du arbetar med och anv\u00e4nder litiumjonbatterier eftersom de \u00e4r mycket k\u00e4nsliga f\u00f6r laddningsegenskaper och kan explodera, brinna eller orsaka brand om de missbrukas eller hanteras felaktigt. Ladda alltid i eller p\u00e5 en brands\u00e4ker yta. L\u00e4mna aldrig batterierna laddade utan uppsikt. Detta batteri s\u00e4ljs f\u00f6r anv\u00e4ndning av systemintegrationer med korrekt skyddskrets eller batteripaket med ett batterihanteringssystem eller kretskort (kretskort \/ modul). K\u00f6paren \u00e4r ansvarig f\u00f6r skador eller skador orsakade av felaktig anv\u00e4ndning eller felaktig hantering av litiumjonbatterier och laddare. Ladda endast med en smart laddare avsedd f\u00f6r denna specifika typ av litiumjonbatteri.<\/div>\n<ul>\n<li>MISBRUK ELLER Mishandling av litiumjonbatterier kan utg\u00f6ra en allvarlig risk f\u00f6r personskador, fastighetsskador eller d\u00f6d<\/li>\n<li>BATTERIER KAN explodera, brinna eller orsaka en brand om det missbrukas eller misshandlas<\/li>\n<li>ANV\u00c4ND ENDAST MED R\u00c4TT CIRCUITRY I ETT SKYDDSBATTERIF\u00d6RPACKNING<\/li>\n<li>ANV\u00c4ND ENDAST INNAN SPECIFIKATIONER F\u00d6R TILLVERKARE<\/li>\n<li>F\u00d6RVARA INTE L\u00d6ST BATTERI I EN F\u00c5SA, PURS ETC. &#8211; ANV\u00c4ND ALLTID ETT SKYDDSFODRAL ELLER RUTA<\/li>\n<li>H\u00e5ll dig borta fr\u00e5n metallf\u00f6rem\u00e5l f\u00f6r att f\u00f6rhindra kortslutning<\/li>\n<li>Kortslut inte<\/li>\n<li>Anv\u00e4nd INTE om omslaget eller isolatorn \u00e4r skadad eller s\u00f6nderriven<\/li>\n<li>Anv\u00e4nd INTE om den \u00e4r skadad p\u00e5 n\u00e5got s\u00e4tt<\/li>\n<li>\u00d6VERLADA INTE eller \u00f6verladda INTE<\/li>\n<li>\u00c4ndra INTE, demontera, punktera, klipp, krossa eller f\u00f6rbr\u00e4nna<\/li>\n<li>Uts\u00e4tt INTE f\u00f6r v\u00e4tskor eller h\u00f6ga temperaturer<\/li>\n<li>L\u00d6D INTE, endast punktsvetsas<\/li>\n<li>Anv\u00e4ndaren m\u00e5ste vara f\u00f6rtrogen med hanteringen av litiumjonbatterier innan k\u00f6p<\/li>\n<li>Anv\u00e4ndningen av batterier \u00e4r P\u00c5 DIN EGEN RISK<\/li>\n<li>Ladda ALLTID i eller p\u00e5 en brands\u00e4ker yta och l\u00e4mna aldrig laddningsbatterierna utan uppsikt<\/li>\n<li>\u00c5TERF\u00d6RS\u00c4LJARE M\u00c5STE VIDARE ALLA VARNINGAR TILL ALLA KUNDER F\u00d6R REFERENS OCH S\u00c4KERHET<\/li>\n<\/ul>\n","protected":false},"excerpt":{"rendered":"<p>Samsung 40T 21700 4000mAh 35A batteri &#8211; INR21700-40T<\/p>\n","protected":false},"featured_media":269913,"comment_status":"open","ping_status":"closed","template":"","meta":{"_acf_changed":false,"_uag_custom_page_level_css":"","site-sidebar-layout":"default","site-content-layout":"default","ast-site-content-layout":"default","site-content-style":"default","site-sidebar-style":"default","ast-global-header-display":"","ast-banner-title-visibility":"","ast-main-header-display":"","ast-hfb-above-header-display":"","ast-hfb-below-header-display":"","ast-hfb-mobile-header-display":"","site-post-title":"","ast-breadcrumbs-content":"","ast-featured-img":"","footer-sml-layout":"","ast-disable-related-posts":"","theme-transparent-header-meta":"default","adv-header-id-meta":"","stick-header-meta":"default","header-above-stick-meta":"","header-main-stick-meta":"","header-below-stick-meta":"","astra-migrate-meta-layouts":"default","ast-page-background-enabled":"default","ast-page-background-meta":{"desktop":{"background-color":"","background-image":"","background-repeat":"repeat","background-position":"center center","background-size":"auto","background-attachment":"scroll","background-type":"","background-media":"","overlay-type":"","overlay-color":"","overlay-opacity":"","overlay-gradient":""},"tablet":{"background-color":"","background-image":"","background-repeat":"repeat","background-position":"center center","background-size":"auto","background-attachment":"scroll","background-type":"","background-media":"","overlay-type":"","overlay-color":"","overlay-opacity":"","overlay-gradient":""},"mobile":{"background-color":"","background-image":"","background-repeat":"repeat","background-position":"center center","background-size":"auto","background-attachment":"scroll","background-type":"","background-media":"","overlay-type":"","overlay-color":"","overlay-opacity":"","overlay-gradient":""}},"ast-content-background-meta":{"desktop":{"background-color":"var(--ast-global-color-5)","background-image":"","background-repeat":"repeat","background-position":"center center","background-size":"auto","background-attachment":"scroll","background-type":"","background-media":"","overlay-type":"","overlay-color":"","overlay-opacity":"","overlay-gradient":""},"tablet":{"background-color":"var(--ast-global-color-5)","background-image":"","background-repeat":"repeat","background-position":"center center","background-size":"auto","background-attachment":"scroll","background-type":"","background-media":"","overlay-type":"","overlay-color":"","overlay-opacity":"","overlay-gradient":""},"mobile":{"background-color":"var(--ast-global-color-5)","background-image":"","background-repeat":"repeat","background-position":"center center","background-size":"auto","background-attachment":"scroll","background-type":"","background-media":"","overlay-type":"","overlay-color":"","overlay-opacity":"","overlay-gradient":""}}},"product_brand":[],"product_cat":[2387,2178,2532,3350,2533,1914],"product_tag":[],"class_list":{"0":"post-377303","1":"product","2":"type-product","3":"status-publish","4":"has-post-thumbnail","6":"product_cat-21700-sv","7":"product_cat-battericeller","8":"product_cat-hardware-sv","9":"product_cat-samsung-sv","10":"product_cat-shop-by-brand-sv","11":"product_cat-accessories-sv","12":"product_shipping_class-batteries-sv","13":"desktop-align-center","14":"tablet-align-center","15":"mobile-align-center","16":"ast-product-gallery-layout-horizontal-slider","17":"ast-product-gallery-with-no-image","18":"ast-product-tabs-layout-horizontal","20":"first","21":"instock","22":"sale","23":"taxable","24":"shipping-taxable","25":"purchasable","26":"product-type-simple"},"acf":[],"uagb_featured_image_src":{"full":["https:\/\/justvape.nu\/wp-content\/uploads\/2019\/06\/samsung-40t-inr21700-4000m23ah-37v-1480wh.png",800,800,false],"thumbnail":["https:\/\/justvape.nu\/wp-content\/uploads\/2019\/06\/samsung-40t-inr21700-4000m23ah-37v-1480wh-150x150.png",150,150,true],"medium":["https:\/\/justvape.nu\/wp-content\/uploads\/2019\/06\/samsung-40t-inr21700-4000m23ah-37v-1480wh-300x300.png",300,300,true],"medium_large":["https:\/\/justvape.nu\/wp-content\/uploads\/2019\/06\/samsung-40t-inr21700-4000m23ah-37v-1480wh-768x768.png",768,768,true],"large":["https:\/\/justvape.nu\/wp-content\/uploads\/2019\/06\/samsung-40t-inr21700-4000m23ah-37v-1480wh.png",800,800,false],"1536x1536":["https:\/\/justvape.nu\/wp-content\/uploads\/2019\/06\/samsung-40t-inr21700-4000m23ah-37v-1480wh.png",800,800,false],"2048x2048":["https:\/\/justvape.nu\/wp-content\/uploads\/2019\/06\/samsung-40t-inr21700-4000m23ah-37v-1480wh.png",800,800,false],"woocommerce_thumbnail":["https:\/\/justvape.nu\/wp-content\/uploads\/2019\/06\/samsung-40t-inr21700-4000m23ah-37v-1480wh-300x300.png",300,300,true],"woocommerce_single":["https:\/\/justvape.nu\/wp-content\/uploads\/2019\/06\/samsung-40t-inr21700-4000m23ah-37v-1480wh-600x600.png",600,600,true],"woocommerce_gallery_thumbnail":["https:\/\/justvape.nu\/wp-content\/uploads\/2019\/06\/samsung-40t-inr21700-4000m23ah-37v-1480wh-100x100.png",100,100,true],"dgwt-wcas-product-suggestion":["https:\/\/justvape.nu\/wp-content\/uploads\/2019\/06\/samsung-40t-inr21700-4000m23ah-37v-1480wh-64x64.png",64,64,true]},"uagb_author_info":{"display_name":"JustVape.nu","author_link":"https:\/\/justvape.nu\/sv\/author\/"},"uagb_comment_info":0,"uagb_excerpt":"Samsung 40T 21700 4000mAh 35A batteri - INR21700-40T","_links":{"self":[{"href":"https:\/\/justvape.nu\/sv\/wp-json\/wp\/v2\/product\/377303","targetHints":{"allow":["GET"]}}],"collection":[{"href":"https:\/\/justvape.nu\/sv\/wp-json\/wp\/v2\/product"}],"about":[{"href":"https:\/\/justvape.nu\/sv\/wp-json\/wp\/v2\/types\/product"}],"replies":[{"embeddable":true,"href":"https:\/\/justvape.nu\/sv\/wp-json\/wp\/v2\/comments?post=377303"}],"wp:featuredmedia":[{"embeddable":true,"href":"https:\/\/justvape.nu\/sv\/wp-json\/wp\/v2\/media\/269913"}],"wp:attachment":[{"href":"https:\/\/justvape.nu\/sv\/wp-json\/wp\/v2\/media?parent=377303"}],"wp:term":[{"taxonomy":"product_brand","embeddable":true,"href":"https:\/\/justvape.nu\/sv\/wp-json\/wp\/v2\/product_brand?post=377303"},{"taxonomy":"product_cat","embeddable":true,"href":"https:\/\/justvape.nu\/sv\/wp-json\/wp\/v2\/product_cat?post=377303"},{"taxonomy":"product_tag","embeddable":true,"href":"https:\/\/justvape.nu\/sv\/wp-json\/wp\/v2\/product_tag?post=377303"}],"curies":[{"name":"wp","href":"https:\/\/api.w.org\/{rel}","templated":true}]}}