{"id":375553,"date":"2019-12-05T13:58:51","date_gmt":"2019-12-05T12:58:51","guid":{"rendered":"https:\/\/www.justvape.nu\/produkt\/wotofo-dual-fused-clapton-coils-0-62%cf%89\/"},"modified":"2025-04-28T09:08:08","modified_gmt":"2025-04-28T07:08:08","slug":"wotofo-fused-clapton-coils-kopier","status":"publish","type":"product","link":"https:\/\/justvape.nu\/sv\/produkt\/wotofo-fused-clapton-coils-kopier\/","title":{"rendered":"WOTOFO &#8211; DUAL FUSED CLAPTON COILS 0.62\u03a9"},"content":{"rendered":"<h2>WOTOFO &#8211; DUAL FUSED CLAPTON COILS 0.62\u03a9 &#8211; 10 st<\/h2>\n<p>Wotofo Pre Built Dual Fused Clapton Coils best\u00e5r av tv\u00e5 kondenserade tr\u00e5dar med en tr\u00e5d lindad runt dem. Denna spole erbjuder en balans mellan moln och smakproduktion och med sin 0,62 ohm motst\u00e5nd har den utformats f\u00f6r sub ohm-vaping.<\/p>\n<p>Dessa spolar har utformats f\u00f6r anv\u00e4ndning med ombyggbara f\u00f6rst\u00e4rkare som RDA, RTA och RDTA. Denna spole anv\u00e4nder NI80-tr\u00e5d som erbjuder en snabbare ramp \u00e4n traditionell Kanthal.<\/p>\n<p>&nbsp;<\/p>\n<p><strong>Specifikationer:<\/strong><\/p>\n<p>28GAX2 + 38GA N80 \u00d8 3mm = 0,62Ohm<\/p>\n<p><strong>Inneh\u00e5ller:<\/strong><\/p>\n<ul>\n<li>10 x 0,62 Ohm dubbla sm\u00e4lta Clapton-spolar (28G x2 &amp; 38G)<\/li>\n<\/ul>\n<p><strong>Olika typer av spolar kan inte blandas och matchas.<\/strong><\/p>\n<p><strong>V\u00e4nligen notera:<\/strong> den h\u00e4r artikeln kr\u00e4ver en omfattande f\u00f6rst\u00e5else av tekniken f\u00f6r vaping, tillsammans med kunskap om elektronik och ohm lag. Vi r\u00e5der inga nyb\u00f6rjare att b\u00f6rja bygga om spolar utan att prata med en kunnig butik. Vi rekommenderar inte att du anv\u00e4nder denna typ av produkt med en mekanisk mod av n\u00e5got slag.<\/p>\n<p>En ombyggbar spole m\u00e5ste testas noggrant p\u00e5 en Ohms Reader innan den anv\u00e4nds p\u00e5 en enhet. Att inte testa detta ordentligt kan utg\u00f6ra en s\u00e4kerhetsrisk f\u00f6r anv\u00e4ndaren, och inga nya spolar ska anv\u00e4ndas p\u00e5 en elektronisk \u00e5ngapparat tills spolen \u00e4r k\u00e4nd f\u00f6r att vara s\u00e4ker.<\/p>\n","protected":false},"excerpt":{"rendered":"<p>WOTOFO &#8211; DUAL FUSED CLAPTON COILS 10 pcs<\/p>\n<p>&nbsp;<\/p>\n","protected":false},"featured_media":281123,"comment_status":"open","ping_status":"closed","template":"","meta":{"_acf_changed":false,"_uag_custom_page_level_css":"","site-sidebar-layout":"default","site-content-layout":"default","ast-site-content-layout":"default","site-content-style":"default","site-sidebar-style":"default","ast-global-header-display":"","ast-banner-title-visibility":"","ast-main-header-display":"","ast-hfb-above-header-display":"","ast-hfb-below-header-display":"","ast-hfb-mobile-header-display":"","site-post-title":"","ast-breadcrumbs-content":"","ast-featured-img":"","footer-sml-layout":"","ast-disable-related-posts":"","theme-transparent-header-meta":"default","adv-header-id-meta":"","stick-header-meta":"default","header-above-stick-meta":"","header-main-stick-meta":"","header-below-stick-meta":"","astra-migrate-meta-layouts":"default","ast-page-background-enabled":"default","ast-page-background-meta":{"desktop":{"background-color":"","background-image":"","background-repeat":"repeat","background-position":"center center","background-size":"auto","background-attachment":"scroll","background-type":"","background-media":"","overlay-type":"","overlay-color":"","overlay-opacity":"","overlay-gradient":""},"tablet":{"background-color":"","background-image":"","background-repeat":"repeat","background-position":"center center","background-size":"auto","background-attachment":"scroll","background-type":"","background-media":"","overlay-type":"","overlay-color":"","overlay-opacity":"","overlay-gradient":""},"mobile":{"background-color":"","background-image":"","background-repeat":"repeat","background-position":"center center","background-size":"auto","background-attachment":"scroll","background-type":"","background-media":"","overlay-type":"","overlay-color":"","overlay-opacity":"","overlay-gradient":""}},"ast-content-background-meta":{"desktop":{"background-color":"var(--ast-global-color-5)","background-image":"","background-repeat":"repeat","background-position":"center center","background-size":"auto","background-attachment":"scroll","background-type":"","background-media":"","overlay-type":"","overlay-color":"","overlay-opacity":"","overlay-gradient":""},"tablet":{"background-color":"var(--ast-global-color-5)","background-image":"","background-repeat":"repeat","background-position":"center center","background-size":"auto","background-attachment":"scroll","background-type":"","background-media":"","overlay-type":"","overlay-color":"","overlay-opacity":"","overlay-gradient":""},"mobile":{"background-color":"var(--ast-global-color-5)","background-image":"","background-repeat":"repeat","background-position":"center center","background-size":"auto","background-attachment":"scroll","background-type":"","background-media":"","overlay-type":"","overlay-color":"","overlay-opacity":"","overlay-gradient":""}}},"product_brand":[],"product_cat":[1924,2268,3501],"product_tag":[],"class_list":{"0":"post-375553","1":"product","2":"type-product","3":"status-publish","4":"has-post-thumbnail","6":"product_cat-diy-sv","7":"product_cat-forbyggda-spolar","8":"product_cat-wotofo-sv","9":"desktop-align-center","10":"tablet-align-center","11":"mobile-align-center","12":"ast-product-gallery-layout-horizontal-slider","13":"ast-product-gallery-with-no-image","14":"ast-product-tabs-layout-horizontal","16":"first","17":"instock","18":"sale","19":"taxable","20":"shipping-taxable","21":"purchasable","22":"product-type-simple"},"acf":[],"uagb_featured_image_src":{"full":["https:\/\/justvape.nu\/wp-content\/uploads\/2019\/12\/wotofo-dual-core-fused-clapton-prebuilt-coils-n80-3mm-062ohm-10stk.jpg",800,800,false],"thumbnail":["https:\/\/justvape.nu\/wp-content\/uploads\/2019\/12\/wotofo-dual-core-fused-clapton-prebuilt-coils-n80-3mm-062ohm-10stk-150x150.jpg",150,150,true],"medium":["https:\/\/justvape.nu\/wp-content\/uploads\/2019\/12\/wotofo-dual-core-fused-clapton-prebuilt-coils-n80-3mm-062ohm-10stk-300x300.jpg",300,300,true],"medium_large":["https:\/\/justvape.nu\/wp-content\/uploads\/2019\/12\/wotofo-dual-core-fused-clapton-prebuilt-coils-n80-3mm-062ohm-10stk-768x768.jpg",768,768,true],"large":["https:\/\/justvape.nu\/wp-content\/uploads\/2019\/12\/wotofo-dual-core-fused-clapton-prebuilt-coils-n80-3mm-062ohm-10stk.jpg",800,800,false],"1536x1536":["https:\/\/justvape.nu\/wp-content\/uploads\/2019\/12\/wotofo-dual-core-fused-clapton-prebuilt-coils-n80-3mm-062ohm-10stk.jpg",800,800,false],"2048x2048":["https:\/\/justvape.nu\/wp-content\/uploads\/2019\/12\/wotofo-dual-core-fused-clapton-prebuilt-coils-n80-3mm-062ohm-10stk.jpg",800,800,false],"woocommerce_thumbnail":["https:\/\/justvape.nu\/wp-content\/uploads\/2019\/12\/wotofo-dual-core-fused-clapton-prebuilt-coils-n80-3mm-062ohm-10stk-300x300.jpg",300,300,true],"woocommerce_single":["https:\/\/justvape.nu\/wp-content\/uploads\/2019\/12\/wotofo-dual-core-fused-clapton-prebuilt-coils-n80-3mm-062ohm-10stk-600x600.jpg",600,600,true],"woocommerce_gallery_thumbnail":["https:\/\/justvape.nu\/wp-content\/uploads\/2019\/12\/wotofo-dual-core-fused-clapton-prebuilt-coils-n80-3mm-062ohm-10stk-100x100.jpg",100,100,true],"dgwt-wcas-product-suggestion":["https:\/\/justvape.nu\/wp-content\/uploads\/2019\/12\/wotofo-dual-core-fused-clapton-prebuilt-coils-n80-3mm-062ohm-10stk-64x64.jpg",64,64,true]},"uagb_author_info":{"display_name":"JustVape.nu","author_link":"https:\/\/justvape.nu\/sv\/author\/"},"uagb_comment_info":0,"uagb_excerpt":"WOTOFO - DUAL FUSED CLAPTON COILS 10 pcs &nbsp;","_links":{"self":[{"href":"https:\/\/justvape.nu\/sv\/wp-json\/wp\/v2\/product\/375553","targetHints":{"allow":["GET"]}}],"collection":[{"href":"https:\/\/justvape.nu\/sv\/wp-json\/wp\/v2\/product"}],"about":[{"href":"https:\/\/justvape.nu\/sv\/wp-json\/wp\/v2\/types\/product"}],"replies":[{"embeddable":true,"href":"https:\/\/justvape.nu\/sv\/wp-json\/wp\/v2\/comments?post=375553"}],"wp:featuredmedia":[{"embeddable":true,"href":"https:\/\/justvape.nu\/sv\/wp-json\/wp\/v2\/media\/281123"}],"wp:attachment":[{"href":"https:\/\/justvape.nu\/sv\/wp-json\/wp\/v2\/media?parent=375553"}],"wp:term":[{"taxonomy":"product_brand","embeddable":true,"href":"https:\/\/justvape.nu\/sv\/wp-json\/wp\/v2\/product_brand?post=375553"},{"taxonomy":"product_cat","embeddable":true,"href":"https:\/\/justvape.nu\/sv\/wp-json\/wp\/v2\/product_cat?post=375553"},{"taxonomy":"product_tag","embeddable":true,"href":"https:\/\/justvape.nu\/sv\/wp-json\/wp\/v2\/product_tag?post=375553"}],"curies":[{"name":"wp","href":"https:\/\/api.w.org\/{rel}","templated":true}]}}