{"id":374600,"date":"2020-05-31T08:59:34","date_gmt":"2020-05-31T06:59:34","guid":{"rendered":"https:\/\/www.justvape.nu\/produkt\/efest-slim-k4-usb-c-laddare\/"},"modified":"2024-04-09T16:08:52","modified_gmt":"2024-04-09T14:08:52","slug":"efest-slim-k4-usb-c-laddare","status":"publish","type":"product","link":"https:\/\/justvape.nu\/sv\/produkt\/efest-slim-k4-usb-c-laddare\/","title":{"rendered":"Efest &#8211; SLIM K4 USB-C Charger"},"content":{"rendered":"<h2>Efest &#8211; SLIM K4 USB-C Charger<\/h2>\n<p>Kostnadseffektivt och l\u00e4ttanv\u00e4nt, Efest SLIM K4 laddare levereras med nya 7 spr\u00e5kf\u00f6rpackningar och anv\u00e4ndarhandbok! Otroligt l\u00e4tt och bekv\u00e4mt b\u00e4rbar.<\/p>\n<div><img loading=\"lazy\" decoding=\"async\" class=\"alignnone size-full wp-image-288744\" src=\"https:\/\/www.justvape.nu\/wp-content\/uploads\/2020\/05\/be45f494c972577c365a623e6d864593.jpg\" alt=\"\" width=\"950\" height=\"1472\" title=\"\" srcset=\"https:\/\/justvape.nu\/wp-content\/uploads\/2020\/05\/be45f494c972577c365a623e6d864593.jpg 950w, https:\/\/justvape.nu\/wp-content\/uploads\/2020\/05\/be45f494c972577c365a623e6d864593-600x930.jpg 600w, https:\/\/justvape.nu\/wp-content\/uploads\/2020\/05\/be45f494c972577c365a623e6d864593-64x99.jpg 64w, https:\/\/justvape.nu\/wp-content\/uploads\/2020\/05\/be45f494c972577c365a623e6d864593-194x300.jpg 194w, https:\/\/justvape.nu\/wp-content\/uploads\/2020\/05\/be45f494c972577c365a623e6d864593-661x1024.jpg 661w, https:\/\/justvape.nu\/wp-content\/uploads\/2020\/05\/be45f494c972577c365a623e6d864593-768x1190.jpg 768w\" sizes=\"auto, (max-width: 950px) 100vw, 950px\" \/><\/div>\n<div><img loading=\"lazy\" decoding=\"async\" class=\"alignnone size-full wp-image-288756\" src=\"https:\/\/www.justvape.nu\/wp-content\/uploads\/2020\/05\/435e7e41839d2770ec512d94962b7245.jpg\" alt=\"\" width=\"950\" height=\"1622\" title=\"\" srcset=\"https:\/\/justvape.nu\/wp-content\/uploads\/2020\/05\/435e7e41839d2770ec512d94962b7245.jpg 950w, https:\/\/justvape.nu\/wp-content\/uploads\/2020\/05\/435e7e41839d2770ec512d94962b7245-600x1024.jpg 600w, https:\/\/justvape.nu\/wp-content\/uploads\/2020\/05\/435e7e41839d2770ec512d94962b7245-64x109.jpg 64w, https:\/\/justvape.nu\/wp-content\/uploads\/2020\/05\/435e7e41839d2770ec512d94962b7245-176x300.jpg 176w, https:\/\/justvape.nu\/wp-content\/uploads\/2020\/05\/435e7e41839d2770ec512d94962b7245-768x1311.jpg 768w\" sizes=\"auto, (max-width: 950px) 100vw, 950px\" \/><\/div>\n<p><strong>F\u00f6rpackningsdetaljer:<\/strong><br \/>\n1 st &#8211; Efest SLIM K4 USB-C-laddare<\/p>\n<p><strong>Parametrar:<\/strong><br \/>\n\u2022 Ing\u00e5ng: DC 5V 2A<br \/>\n\u2022 ABS brands\u00e4kra material<br \/>\n\u2022 Typ-C USB-linje<br \/>\n\u2022 1A x 2 eller 4 X 0,5 A laddning<br \/>\n\u2022 Litiumcell fr\u00e5n 10440 till 18650 21700 20700 26650<br \/>\n\u2022 Driftstemperatur: -40 \u00b0 C &#8211; + 70 \u00b0 C<\/p>\n<p><strong>Funktioner:<\/strong><br \/>\n1. Beskrivning av LED-indikator<br \/>\n2. Auto-detektera laddningsstr\u00f6m: 2 X 1.0A \/ 1 X 1 -OA \/ 4 XO.5A \/ 3X 0.5A<br \/>\n3. S\u00e4ker laddningsl\u00e4ge: CC &amp; CV<br \/>\n4. S\u00e4ker och bekv\u00e4m USB-laddare (5V 2A)<br \/>\n5. \u00d6vervakar och laddar varje plats oberoende<br \/>\n6. \u00c5terst\u00e4llningsfunktion f\u00f6r smart sp\u00e4nning med l\u00e5g sp\u00e4nning<br \/>\n7. Otroligt l\u00e4tt och bekv\u00e4mt b\u00e4rbar<\/p>\n<p><strong>Tips:<\/strong><br \/>\n&#8211; Kompatibel med litium IMR 3.6V \/ 3.7V batterier<\/p>\n","protected":false},"excerpt":{"rendered":"<p>Efest &#8211; SLIM K4 USB-C Charger<\/p>\n","protected":false},"featured_media":288779,"comment_status":"open","ping_status":"closed","template":"","meta":{"_acf_changed":false,"_uag_custom_page_level_css":"","site-sidebar-layout":"default","site-content-layout":"default","ast-site-content-layout":"default","site-content-style":"default","site-sidebar-style":"default","ast-global-header-display":"","ast-banner-title-visibility":"","ast-main-header-display":"","ast-hfb-above-header-display":"","ast-hfb-below-header-display":"","ast-hfb-mobile-header-display":"","site-post-title":"","ast-breadcrumbs-content":"","ast-featured-img":"","footer-sml-layout":"","ast-disable-related-posts":"","theme-transparent-header-meta":"default","adv-header-id-meta":"","stick-header-meta":"default","header-above-stick-meta":"","header-main-stick-meta":"","header-below-stick-meta":"","astra-migrate-meta-layouts":"default","ast-page-background-enabled":"default","ast-page-background-meta":{"desktop":{"background-color":"","background-image":"","background-repeat":"repeat","background-position":"center center","background-size":"auto","background-attachment":"scroll","background-type":"","background-media":"","overlay-type":"","overlay-color":"","overlay-opacity":"","overlay-gradient":""},"tablet":{"background-color":"","background-image":"","background-repeat":"repeat","background-position":"center center","background-size":"auto","background-attachment":"scroll","background-type":"","background-media":"","overlay-type":"","overlay-color":"","overlay-opacity":"","overlay-gradient":""},"mobile":{"background-color":"","background-image":"","background-repeat":"repeat","background-position":"center center","background-size":"auto","background-attachment":"scroll","background-type":"","background-media":"","overlay-type":"","overlay-color":"","overlay-opacity":"","overlay-gradient":""}},"ast-content-background-meta":{"desktop":{"background-color":"var(--ast-global-color-5)","background-image":"","background-repeat":"repeat","background-position":"center center","background-size":"auto","background-attachment":"scroll","background-type":"","background-media":"","overlay-type":"","overlay-color":"","overlay-opacity":"","overlay-gradient":""},"tablet":{"background-color":"var(--ast-global-color-5)","background-image":"","background-repeat":"repeat","background-position":"center center","background-size":"auto","background-attachment":"scroll","background-type":"","background-media":"","overlay-type":"","overlay-color":"","overlay-opacity":"","overlay-gradient":""},"mobile":{"background-color":"var(--ast-global-color-5)","background-image":"","background-repeat":"repeat","background-position":"center center","background-size":"auto","background-attachment":"scroll","background-type":"","background-media":"","overlay-type":"","overlay-color":"","overlay-opacity":"","overlay-gradient":""}}},"product_brand":[],"product_cat":[3215,2532,2198,2533,1914],"product_tag":[],"class_list":{"0":"post-374600","1":"product","2":"type-product","3":"status-publish","4":"has-post-thumbnail","6":"product_cat-efest-sv-2","7":"product_cat-hardware-sv","8":"product_cat-laddare","9":"product_cat-shop-by-brand-sv","10":"product_cat-accessories-sv","11":"desktop-align-center","12":"tablet-align-center","13":"mobile-align-center","14":"ast-product-gallery-layout-horizontal-slider","15":"ast-product-gallery-with-no-image","16":"ast-product-tabs-layout-horizontal","18":"first","19":"instock","20":"sale","21":"taxable","22":"shipping-taxable","23":"purchasable","24":"product-type-simple"},"acf":[],"uagb_featured_image_src":{"full":["https:\/\/justvape.nu\/wp-content\/uploads\/2020\/05\/efest-slim-k4-usb-c-charger-1.jpg",800,800,false],"thumbnail":["https:\/\/justvape.nu\/wp-content\/uploads\/2020\/05\/efest-slim-k4-usb-c-charger-1-150x150.jpg",150,150,true],"medium":["https:\/\/justvape.nu\/wp-content\/uploads\/2020\/05\/efest-slim-k4-usb-c-charger-1-300x300.jpg",300,300,true],"medium_large":["https:\/\/justvape.nu\/wp-content\/uploads\/2020\/05\/efest-slim-k4-usb-c-charger-1-768x768.jpg",768,768,true],"large":["https:\/\/justvape.nu\/wp-content\/uploads\/2020\/05\/efest-slim-k4-usb-c-charger-1.jpg",800,800,false],"1536x1536":["https:\/\/justvape.nu\/wp-content\/uploads\/2020\/05\/efest-slim-k4-usb-c-charger-1.jpg",800,800,false],"2048x2048":["https:\/\/justvape.nu\/wp-content\/uploads\/2020\/05\/efest-slim-k4-usb-c-charger-1.jpg",800,800,false],"woocommerce_thumbnail":["https:\/\/justvape.nu\/wp-content\/uploads\/2020\/05\/efest-slim-k4-usb-c-charger-1-300x300.jpg",300,300,true],"woocommerce_single":["https:\/\/justvape.nu\/wp-content\/uploads\/2020\/05\/efest-slim-k4-usb-c-charger-1-600x600.jpg",600,600,true],"woocommerce_gallery_thumbnail":["https:\/\/justvape.nu\/wp-content\/uploads\/2020\/05\/efest-slim-k4-usb-c-charger-1-100x100.jpg",100,100,true],"dgwt-wcas-product-suggestion":["https:\/\/justvape.nu\/wp-content\/uploads\/2020\/05\/efest-slim-k4-usb-c-charger-1-64x64.jpg",64,64,true]},"uagb_author_info":{"display_name":"JustVape.nu","author_link":"https:\/\/justvape.nu\/sv\/author\/"},"uagb_comment_info":0,"uagb_excerpt":"Efest - SLIM K4 USB-C Charger","_links":{"self":[{"href":"https:\/\/justvape.nu\/sv\/wp-json\/wp\/v2\/product\/374600","targetHints":{"allow":["GET"]}}],"collection":[{"href":"https:\/\/justvape.nu\/sv\/wp-json\/wp\/v2\/product"}],"about":[{"href":"https:\/\/justvape.nu\/sv\/wp-json\/wp\/v2\/types\/product"}],"replies":[{"embeddable":true,"href":"https:\/\/justvape.nu\/sv\/wp-json\/wp\/v2\/comments?post=374600"}],"wp:featuredmedia":[{"embeddable":true,"href":"https:\/\/justvape.nu\/sv\/wp-json\/wp\/v2\/media\/288779"}],"wp:attachment":[{"href":"https:\/\/justvape.nu\/sv\/wp-json\/wp\/v2\/media?parent=374600"}],"wp:term":[{"taxonomy":"product_brand","embeddable":true,"href":"https:\/\/justvape.nu\/sv\/wp-json\/wp\/v2\/product_brand?post=374600"},{"taxonomy":"product_cat","embeddable":true,"href":"https:\/\/justvape.nu\/sv\/wp-json\/wp\/v2\/product_cat?post=374600"},{"taxonomy":"product_tag","embeddable":true,"href":"https:\/\/justvape.nu\/sv\/wp-json\/wp\/v2\/product_tag?post=374600"}],"curies":[{"name":"wp","href":"https:\/\/api.w.org\/{rel}","templated":true}]}}