{"id":373162,"date":"2020-04-02T12:16:19","date_gmt":"2020-04-02T10:16:19","guid":{"rendered":"https:\/\/www.justvape.nu\/produkt\/horizontech-falcon-ii-tank-2ml\/"},"modified":"2024-04-09T16:10:16","modified_gmt":"2024-04-09T14:10:16","slug":"horizontech-falcon-ii-tank-2ml","status":"publish","type":"product","link":"https:\/\/justvape.nu\/sv\/produkt\/horizontech-falcon-ii-tank-2ml\/","title":{"rendered":"HorizonTech &#8211; Falcon II Tank 2ml"},"content":{"rendered":"<h2>HorizonTech &#8211; Falcon II Tank 2ml<\/h2>\n<p>HorizonTech Falcon II tank \u00e4r den uppgraderade versionen av<strong><a href=\"https:\/\/www.vaporl.com\/horizon-falcon-sub-ohm-tank-atomizer.html\" target=\"_blank\" rel=\"noopener noreferrer\"><\/a><a href=\"https:\/\/www.justvape.nu\/en\/produkt\/horizon-falcon-king-tank\/\" target=\"_blank\" rel=\"noopener noreferrer\"> Falcon tank-serien<\/a> kommer med 2,0 ml e-v\u00e4tskekapacitet.<\/strong> HorizonTech Falcon II sub ohm-tank optimerar k\u00e4rnbytesmetoden: den tidigare k\u00e4rnan \u00e4r g\u00e4ngad och m\u00e5ste bytas ut efter att r\u00f6koljan \u00e4r helt f\u00f6rbrukad, skruva nu helt enkelt av basen och dra f\u00f6rstoftningsk\u00e4rnan direkt utan att smutsa ut handen. Den \u00e4r gjord av Pyrex-glas och rostfritt st\u00e5l som g\u00f6r din enhet h\u00e5llbar. HorizonTech Falcon II-ers\u00e4ttningstanken antar justerbart luftfl\u00f6de och hartsdroppspets som ger dig den renaste och fantastiska vapingsmaken. Dessutom har den en ny fl\u00e4ktformad spole, den avsmalnande strukturen bildar en \u00e5ngkomprimeringsbana nedifr\u00e5n och upp, vilket g\u00f6r smaken t\u00e4tare och \u00e5ngan mjukare. Och s\u00e4ttet att byta ut spolen \u00e4r bekv\u00e4mt och enkelt att anv\u00e4nda. Du kanske bara beh\u00f6ver det!<\/p>\n<figure class=\"figure\"><img loading=\"lazy\" decoding=\"async\" class=\"alignnone size-full wp-image-191205\" src=\"https:\/\/www.justvape.nu\/wp-content\/uploads\/2020\/04\/horizontech-falcon-II-vape-tank-uk-1.jpg\" alt=\"\" width=\"900\" height=\"417\" title=\"\" srcset=\"https:\/\/justvape.nu\/wp-content\/uploads\/2020\/04\/horizontech-falcon-II-vape-tank-uk-1.jpg 900w, https:\/\/justvape.nu\/wp-content\/uploads\/2020\/04\/horizontech-falcon-II-vape-tank-uk-1-300x139.jpg 300w, https:\/\/justvape.nu\/wp-content\/uploads\/2020\/04\/horizontech-falcon-II-vape-tank-uk-1-768x356.jpg 768w, https:\/\/justvape.nu\/wp-content\/uploads\/2020\/04\/horizontech-falcon-II-vape-tank-uk-1-555x257.jpg 555w, https:\/\/justvape.nu\/wp-content\/uploads\/2020\/04\/horizontech-falcon-II-vape-tank-uk-1-64x30.jpg 64w\" sizes=\"auto, (max-width: 900px) 100vw, 900px\" \/><figcaption class=\"figure-caption text-center\">Upplev f\u00f6rb\u00e4ttrad sub-ohm-vapning med HorizonTech Falcon II vape-tank.<\/figcaption><\/figure>\n<p>&nbsp;<\/p>\n<figure class=\"figure\"><img loading=\"lazy\" decoding=\"async\" class=\"alignnone size-full wp-image-191204\" src=\"https:\/\/www.justvape.nu\/wp-content\/uploads\/2020\/04\/horizontech-falcon-II-vape-tank-uk-2.jpg\" alt=\"\" width=\"900\" height=\"375\" title=\"\" srcset=\"https:\/\/justvape.nu\/wp-content\/uploads\/2020\/04\/horizontech-falcon-II-vape-tank-uk-2.jpg 900w, https:\/\/justvape.nu\/wp-content\/uploads\/2020\/04\/horizontech-falcon-II-vape-tank-uk-2-300x125.jpg 300w, https:\/\/justvape.nu\/wp-content\/uploads\/2020\/04\/horizontech-falcon-II-vape-tank-uk-2-768x320.jpg 768w, https:\/\/justvape.nu\/wp-content\/uploads\/2020\/04\/horizontech-falcon-II-vape-tank-uk-2-555x231.jpg 555w, https:\/\/justvape.nu\/wp-content\/uploads\/2020\/04\/horizontech-falcon-II-vape-tank-uk-2-64x27.jpg 64w\" sizes=\"auto, (max-width: 900px) 100vw, 900px\" \/><figcaption class=\"figure-caption text-center\">Enkel att fylla p\u00e5, 2 ml Falcon II-tanken har en skjutbar toppfyllningsmekanism f\u00f6r snabb \u00e5tkomst.<\/figcaption><\/figure>\n<p>&nbsp;<\/p>\n<figure class=\"figure\"><img loading=\"lazy\" decoding=\"async\" class=\"alignnone size-full wp-image-191203\" src=\"https:\/\/www.justvape.nu\/wp-content\/uploads\/2020\/04\/horizontech-falcon-II-vape-tank-uk-3.jpg\" alt=\"\" width=\"900\" height=\"407\" title=\"\" srcset=\"https:\/\/justvape.nu\/wp-content\/uploads\/2020\/04\/horizontech-falcon-II-vape-tank-uk-3.jpg 900w, https:\/\/justvape.nu\/wp-content\/uploads\/2020\/04\/horizontech-falcon-II-vape-tank-uk-3-300x136.jpg 300w, https:\/\/justvape.nu\/wp-content\/uploads\/2020\/04\/horizontech-falcon-II-vape-tank-uk-3-768x347.jpg 768w, https:\/\/justvape.nu\/wp-content\/uploads\/2020\/04\/horizontech-falcon-II-vape-tank-uk-3-555x251.jpg 555w, https:\/\/justvape.nu\/wp-content\/uploads\/2020\/04\/horizontech-falcon-II-vape-tank-uk-3-64x29.jpg 64w\" sizes=\"auto, (max-width: 900px) 100vw, 900px\" \/><figcaption class=\"figure-caption text-center\">Speciellt designad f\u00f6r Falcon II-tanken har Sector-spolarna en n\u00e4tbyggnad f\u00f6r \u00f6kad smakproduktion.<\/figcaption><\/figure>\n<p>&nbsp;<\/p>\n<figure class=\"figure\"><img loading=\"lazy\" decoding=\"async\" class=\"alignnone size-full wp-image-191202\" src=\"https:\/\/www.justvape.nu\/wp-content\/uploads\/2020\/04\/horizontech-falcon-II-vape-tank-uk-4.jpg\" alt=\"\" width=\"900\" height=\"407\" title=\"\" srcset=\"https:\/\/justvape.nu\/wp-content\/uploads\/2020\/04\/horizontech-falcon-II-vape-tank-uk-4.jpg 900w, https:\/\/justvape.nu\/wp-content\/uploads\/2020\/04\/horizontech-falcon-II-vape-tank-uk-4-300x136.jpg 300w, https:\/\/justvape.nu\/wp-content\/uploads\/2020\/04\/horizontech-falcon-II-vape-tank-uk-4-768x347.jpg 768w, https:\/\/justvape.nu\/wp-content\/uploads\/2020\/04\/horizontech-falcon-II-vape-tank-uk-4-555x251.jpg 555w, https:\/\/justvape.nu\/wp-content\/uploads\/2020\/04\/horizontech-falcon-II-vape-tank-uk-4-64x29.jpg 64w\" sizes=\"auto, (max-width: 900px) 100vw, 900px\" \/><figcaption class=\"figure-caption text-center\">En fl\u00e4ktv\u00e4vd spoldesign av Sector uppmuntrar till b\u00e4ttre \u00e5ngfl\u00f6de, vilket resulterar i \u00f6kad \u00e5ngproduktion.<br \/>\n<img loading=\"lazy\" decoding=\"async\" class=\"alignnone size-full wp-image-18999\" src=\"https:\/\/www.justvape.nu\/wp-content\/uploads\/2018\/04\/Packing-List.png\" alt=\"\" width=\"950\" height=\"64\" title=\"\" srcset=\"https:\/\/justvape.nu\/wp-content\/uploads\/2018\/04\/Packing-List.png 950w, https:\/\/justvape.nu\/wp-content\/uploads\/2018\/04\/Packing-List-555x37.png 555w, https:\/\/justvape.nu\/wp-content\/uploads\/2018\/04\/Packing-List-64x4.png 64w, https:\/\/justvape.nu\/wp-content\/uploads\/2018\/04\/Packing-List-300x20.png 300w, https:\/\/justvape.nu\/wp-content\/uploads\/2018\/04\/Packing-List-768x52.png 768w\" sizes=\"auto, (max-width: 950px) 100vw, 950px\" \/><br \/>\n1 x Falcon II tank 1 x Sektorspole installerad i tanken<br \/>\n1 x reservsektorspole<br \/>\n1 x upps\u00e4ttning ringar<\/p>\n<div class=\"ast-oembed-container \" style=\"height: 100%;\"><iframe loading=\"lazy\" title=\"The Falcon 2 SubOhm Tank By Horizontech!\" width=\"500\" height=\"281\" src=\"https:\/\/www.youtube.com\/embed\/rAmmKCpD5l0?feature=oembed\" frameborder=\"0\" allow=\"accelerometer; autoplay; clipboard-write; encrypted-media; gyroscope; picture-in-picture; web-share\" referrerpolicy=\"strict-origin-when-cross-origin\" allowfullscreen><\/iframe><\/div>\n<\/figcaption><\/figure>\n","protected":false},"excerpt":{"rendered":"<p>HorizonTech &#8211; Falcon II Tank 2ml<\/p>\n","protected":false},"featured_media":285733,"comment_status":"open","ping_status":"closed","template":"","meta":{"_acf_changed":false,"_uag_custom_page_level_css":"","site-sidebar-layout":"default","site-content-layout":"default","ast-site-content-layout":"default","site-content-style":"default","site-sidebar-style":"default","ast-global-header-display":"","ast-banner-title-visibility":"","ast-main-header-display":"","ast-hfb-above-header-display":"","ast-hfb-below-header-display":"","ast-hfb-mobile-header-display":"","site-post-title":"","ast-breadcrumbs-content":"","ast-featured-img":"","footer-sml-layout":"","ast-disable-related-posts":"","theme-transparent-header-meta":"default","adv-header-id-meta":"","stick-header-meta":"default","header-above-stick-meta":"","header-main-stick-meta":"","header-below-stick-meta":"","astra-migrate-meta-layouts":"default","ast-page-background-enabled":"default","ast-page-background-meta":{"desktop":{"background-color":"","background-image":"","background-repeat":"repeat","background-position":"center center","background-size":"auto","background-attachment":"scroll","background-type":"","background-media":"","overlay-type":"","overlay-color":"","overlay-opacity":"","overlay-gradient":""},"tablet":{"background-color":"","background-image":"","background-repeat":"repeat","background-position":"center center","background-size":"auto","background-attachment":"scroll","background-type":"","background-media":"","overlay-type":"","overlay-color":"","overlay-opacity":"","overlay-gradient":""},"mobile":{"background-color":"","background-image":"","background-repeat":"repeat","background-position":"center center","background-size":"auto","background-attachment":"scroll","background-type":"","background-media":"","overlay-type":"","overlay-color":"","overlay-opacity":"","overlay-gradient":""}},"ast-content-background-meta":{"desktop":{"background-color":"var(--ast-global-color-5)","background-image":"","background-repeat":"repeat","background-position":"center center","background-size":"auto","background-attachment":"scroll","background-type":"","background-media":"","overlay-type":"","overlay-color":"","overlay-opacity":"","overlay-gradient":""},"tablet":{"background-color":"var(--ast-global-color-5)","background-image":"","background-repeat":"repeat","background-position":"center center","background-size":"auto","background-attachment":"scroll","background-type":"","background-media":"","overlay-type":"","overlay-color":"","overlay-opacity":"","overlay-gradient":""},"mobile":{"background-color":"var(--ast-global-color-5)","background-image":"","background-repeat":"repeat","background-position":"center center","background-size":"auto","background-attachment":"scroll","background-type":"","background-media":"","overlay-type":"","overlay-color":"","overlay-opacity":"","overlay-gradient":""}}},"product_brand":[],"product_cat":[2532,3265,2533,2044,1984],"product_tag":[],"class_list":{"0":"post-373162","1":"product","2":"type-product","3":"status-publish","4":"has-post-thumbnail","6":"product_cat-hardware-sv","7":"product_cat-horizontech-falcon-sv-2","8":"product_cat-shop-by-brand-sv","9":"product_cat-tankar","10":"product_cat-tankar-spolar","11":"desktop-align-center","12":"tablet-align-center","13":"mobile-align-center","14":"ast-product-gallery-layout-horizontal-slider","15":"ast-product-gallery-with-no-image","16":"ast-product-single-variable","17":"ast-product-tabs-layout-horizontal","19":"first","20":"instock","21":"sale","22":"taxable","23":"shipping-taxable","24":"purchasable","25":"product-type-variable"},"acf":[],"uagb_featured_image_src":{"full":["https:\/\/justvape.nu\/wp-content\/uploads\/2020\/04\/falcon_ii_tank_config_109_800x.jpg",800,800,false],"thumbnail":["https:\/\/justvape.nu\/wp-content\/uploads\/2020\/04\/falcon_ii_tank_config_109_800x-150x150.jpg",150,150,true],"medium":["https:\/\/justvape.nu\/wp-content\/uploads\/2020\/04\/falcon_ii_tank_config_109_800x-300x300.jpg",300,300,true],"medium_large":["https:\/\/justvape.nu\/wp-content\/uploads\/2020\/04\/falcon_ii_tank_config_109_800x-768x768.jpg",768,768,true],"large":["https:\/\/justvape.nu\/wp-content\/uploads\/2020\/04\/falcon_ii_tank_config_109_800x.jpg",800,800,false],"1536x1536":["https:\/\/justvape.nu\/wp-content\/uploads\/2020\/04\/falcon_ii_tank_config_109_800x.jpg",800,800,false],"2048x2048":["https:\/\/justvape.nu\/wp-content\/uploads\/2020\/04\/falcon_ii_tank_config_109_800x.jpg",800,800,false],"woocommerce_thumbnail":["https:\/\/justvape.nu\/wp-content\/uploads\/2020\/04\/falcon_ii_tank_config_109_800x-300x300.jpg",300,300,true],"woocommerce_single":["https:\/\/justvape.nu\/wp-content\/uploads\/2020\/04\/falcon_ii_tank_config_109_800x-600x600.jpg",600,600,true],"woocommerce_gallery_thumbnail":["https:\/\/justvape.nu\/wp-content\/uploads\/2020\/04\/falcon_ii_tank_config_109_800x-100x100.jpg",100,100,true],"dgwt-wcas-product-suggestion":["https:\/\/justvape.nu\/wp-content\/uploads\/2020\/04\/falcon_ii_tank_config_109_800x-64x64.jpg",64,64,true]},"uagb_author_info":{"display_name":"JustVape.nu","author_link":"https:\/\/justvape.nu\/sv\/author\/"},"uagb_comment_info":0,"uagb_excerpt":"HorizonTech - Falcon II Tank 2ml","_links":{"self":[{"href":"https:\/\/justvape.nu\/sv\/wp-json\/wp\/v2\/product\/373162","targetHints":{"allow":["GET"]}}],"collection":[{"href":"https:\/\/justvape.nu\/sv\/wp-json\/wp\/v2\/product"}],"about":[{"href":"https:\/\/justvape.nu\/sv\/wp-json\/wp\/v2\/types\/product"}],"replies":[{"embeddable":true,"href":"https:\/\/justvape.nu\/sv\/wp-json\/wp\/v2\/comments?post=373162"}],"wp:featuredmedia":[{"embeddable":true,"href":"https:\/\/justvape.nu\/sv\/wp-json\/wp\/v2\/media\/285733"}],"wp:attachment":[{"href":"https:\/\/justvape.nu\/sv\/wp-json\/wp\/v2\/media?parent=373162"}],"wp:term":[{"taxonomy":"product_brand","embeddable":true,"href":"https:\/\/justvape.nu\/sv\/wp-json\/wp\/v2\/product_brand?post=373162"},{"taxonomy":"product_cat","embeddable":true,"href":"https:\/\/justvape.nu\/sv\/wp-json\/wp\/v2\/product_cat?post=373162"},{"taxonomy":"product_tag","embeddable":true,"href":"https:\/\/justvape.nu\/sv\/wp-json\/wp\/v2\/product_tag?post=373162"}],"curies":[{"name":"wp","href":"https:\/\/api.w.org\/{rel}","templated":true}]}}