{"id":371745,"date":"2019-12-16T19:46:44","date_gmt":"2019-12-16T18:46:44","guid":{"rendered":"https:\/\/www.justvape.nu\/produkt\/wotofo-nexmesh-strips\/"},"modified":"2025-04-12T12:26:51","modified_gmt":"2025-04-12T10:26:51","slug":"wotofo-nexmesh-strips","status":"publish","type":"product","link":"https:\/\/justvape.nu\/sv\/produkt\/wotofo-nexmesh-strips\/","title":{"rendered":"Wotofo nexMESH Strips"},"content":{"rendered":"<h2>Wotofo nexMESH Strips<\/h2>\n<p>Som v\u00e4rmek\u00e4rna spelar n\u00e4t en viktig roll. Varje liten strukturf\u00f6r\u00e4ndring \u00e4r viktig. Precis som en skr\u00e4ddarsydd kostym som borde passa perfekt p\u00e5 dig, testades n\u00e4tverket f\u00f6r Profile 1.5 om och om igen f\u00f6r att f\u00e5 b\u00e4sta resultat. Alla f\u00f6r\u00e4ndringar syftade till samma m\u00e5l, smakproduktion.<\/p>\n<p>F\u00f6r att tillgodose fler vapers har tre alternativ med maskspole inkluderats: nexMESH CHILL, nexMESH TURBO och nexMESH EXTREME. Observera att det nya n\u00e4tet inte kan bytas ut mot det ursprungliga profil-RDA-n\u00e4tet eftersom det \u00e4r 1,4 g\u00e5nger det ursprungliga omr\u00e5det.<\/p>\n<p>&nbsp;<\/p>\n<div><img loading=\"lazy\" decoding=\"async\" class=\"alignnone size-full wp-image-153384\" src=\"https:\/\/www.justvape.nu\/wp-content\/uploads\/2019\/11\/wotofo-profile-1.5-rda-nexMASH.jpg\" alt=\"\" width=\"800\" height=\"500\" title=\"\" srcset=\"https:\/\/justvape.nu\/wp-content\/uploads\/2019\/11\/wotofo-profile-1.5-rda-nexMASH.jpg 800w, https:\/\/justvape.nu\/wp-content\/uploads\/2019\/11\/wotofo-profile-1.5-rda-nexMASH-555x347.jpg 555w, https:\/\/justvape.nu\/wp-content\/uploads\/2019\/11\/wotofo-profile-1.5-rda-nexMASH-64x40.jpg 64w, https:\/\/justvape.nu\/wp-content\/uploads\/2019\/11\/wotofo-profile-1.5-rda-nexMASH-300x188.jpg 300w, https:\/\/justvape.nu\/wp-content\/uploads\/2019\/11\/wotofo-profile-1.5-rda-nexMASH-768x480.jpg 768w\" sizes=\"auto, (max-width: 800px) 100vw, 800px\" \/><\/div>\n<h2><strong>N\u00c4STA EXTREM (A1 0,16 OH)<\/strong><\/h2>\n<p>nexMESH Extreme \u00e4r det raffinerade v\u00e4vda tr\u00e5dn\u00e4tet som h\u00e4rr\u00f6r fr\u00e5n det ursprungliga tr\u00e5dn\u00e4tet. Dess hemlighet ligger i korrekt anv\u00e4ndning av ledningar. Smakproduktion kan variera drastiskt med liten liten skillnad i maskm\u00f6nster inklusive v\u00e4vning, krympning, avst\u00e5nd och tr\u00e5d. F\u00f6r att ytterligare f\u00f6rst\u00e5 vilken kraft nexMESH Extreme har anv\u00e4nder vi en analogi:<strong> nexMESH Extreme \u00e4r att integrera s\u00e5 komplex Clapton \u00e4r att enstr\u00e4ngad spole.<\/strong> I huvudsak erbjuder nexMESH Extreme st\u00f6rre lindningsyta p\u00e5 ett mikro s\u00e4tt \u00e4n vanliga n\u00e4tband, vilket \u00f6kar \u00e5ngproduktionen och f\u00f6rb\u00e4ttrar smakproduktionen.<\/p>\n<p><strong>Prestanda:<\/strong> Robust och stark, en kraftigt varmare smakupplevelse, tung \u00e5ngproduktion.<\/p>\n<div><img loading=\"lazy\" decoding=\"async\" class=\"alignnone size-full wp-image-153381\" src=\"https:\/\/www.justvape.nu\/wp-content\/uploads\/2019\/11\/wotofo-profile-1.5-rda-nexMASH-EXTREME.jpg\" alt=\"\" width=\"500\" height=\"300\" title=\"\" srcset=\"https:\/\/justvape.nu\/wp-content\/uploads\/2019\/11\/wotofo-profile-1.5-rda-nexMASH-EXTREME.jpg 500w, https:\/\/justvape.nu\/wp-content\/uploads\/2019\/11\/wotofo-profile-1.5-rda-nexMASH-EXTREME-64x38.jpg 64w, https:\/\/justvape.nu\/wp-content\/uploads\/2019\/11\/wotofo-profile-1.5-rda-nexMASH-EXTREME-300x180.jpg 300w\" sizes=\"auto, (max-width: 500px) 100vw, 500px\" \/><\/div>\n<h2><strong>NEXMESH TURBO (A1 0.13OHM)<\/strong><\/h2>\n<p>nexMESH Turbo \u00e4r den perforerade n\u00e4tremsan med h\u00f6g densitet som liknar nexMESH Chill. Det ger snabbare ramptid och ger stor kontaktyta till e-v\u00e4tskan. Resultatet? Mer \u00e5nga med fler m\u00f6jligheter att smaka fler toner i e-v\u00e4tskor p\u00e5 kortare tid.<\/p>\n<p><strong>Prestanda:<\/strong> Dj\u00e4rv och tydlig, en mer f\u00f6rh\u00f6jd smakupplevelse, tjock \u00e5ngproduktion.<\/p>\n<div><img loading=\"lazy\" decoding=\"async\" class=\"alignnone size-full wp-image-153382\" src=\"https:\/\/www.justvape.nu\/wp-content\/uploads\/2019\/11\/wotofo-profile-1.5-rda-nexMASH-TURBO.jpg\" alt=\"\" width=\"500\" height=\"300\" title=\"\" srcset=\"https:\/\/justvape.nu\/wp-content\/uploads\/2019\/11\/wotofo-profile-1.5-rda-nexMASH-TURBO.jpg 500w, https:\/\/justvape.nu\/wp-content\/uploads\/2019\/11\/wotofo-profile-1.5-rda-nexMASH-TURBO-300x180.jpg 300w, https:\/\/justvape.nu\/wp-content\/uploads\/2019\/11\/wotofo-profile-1.5-rda-nexMASH-TURBO-64x38.jpg 64w\" sizes=\"auto, (max-width: 500px) 100vw, 500px\" \/><\/div>\n<h2><strong>NEXMESH CHILL (A1 0.15OHM)<\/strong><\/h2>\n<p>nexMESH Chill \u00e4r remsan av vapenmetall med ordentligt stansade h\u00e5l i den f\u00f6r att bilda en maskliknande struktur. Det erbjuder j\u00e4mn v\u00e4rmef\u00f6rdelning och snabb uppv\u00e4rmningshastighet. NexMESH Chill kan med exakt kontroll \u00f6ver n\u00e4tningen bryta ner smakprofilen i e-v\u00e4tskan och m\u00f6jligg\u00f6ra en mer best\u00e4md smakupplevelse.<\/p>\n<p><strong>Prestanda:<\/strong> Smidig och mjuk, en mer avslappnad smakupplevelse, bra \u00e5ngproduktion.<\/p>\n<div><img loading=\"lazy\" decoding=\"async\" class=\"alignnone size-full wp-image-153383\" src=\"https:\/\/www.justvape.nu\/wp-content\/uploads\/2019\/11\/wotofo-profile-1.5-rda-nexMASH-CHILL.jpg\" alt=\"\" width=\"500\" height=\"300\" title=\"\" srcset=\"https:\/\/justvape.nu\/wp-content\/uploads\/2019\/11\/wotofo-profile-1.5-rda-nexMASH-CHILL.jpg 500w, https:\/\/justvape.nu\/wp-content\/uploads\/2019\/11\/wotofo-profile-1.5-rda-nexMASH-CHILL-64x38.jpg 64w, https:\/\/justvape.nu\/wp-content\/uploads\/2019\/11\/wotofo-profile-1.5-rda-nexMASH-CHILL-300x180.jpg 300w\" sizes=\"auto, (max-width: 500px) 100vw, 500px\" \/><\/div>\n<div><\/div>\n<div>\n<div class=\"ast-oembed-container \" style=\"height: 100%;\"><iframe loading=\"lazy\" title=\"Vaping At 100 Watts With The Profile v1.5 RDA By Wotofo &amp; #MRJUSTRIGHT1\" width=\"500\" height=\"281\" src=\"https:\/\/www.youtube.com\/embed\/GHrDLwgEuGM?start=615&#038;feature=oembed\" frameborder=\"0\" allow=\"accelerometer; autoplay; clipboard-write; encrypted-media; gyroscope; picture-in-picture; web-share\" referrerpolicy=\"strict-origin-when-cross-origin\" allowfullscreen><\/iframe><\/div>\n<\/div>\n","protected":false},"excerpt":{"rendered":"<p>Wotofo nexMESH Strips<\/p>\n","protected":false},"featured_media":281813,"comment_status":"open","ping_status":"closed","template":"","meta":{"_acf_changed":false,"_uag_custom_page_level_css":"","site-sidebar-layout":"default","site-content-layout":"default","ast-site-content-layout":"default","site-content-style":"default","site-sidebar-style":"default","ast-global-header-display":"","ast-banner-title-visibility":"","ast-main-header-display":"","ast-hfb-above-header-display":"","ast-hfb-below-header-display":"","ast-hfb-mobile-header-display":"","site-post-title":"","ast-breadcrumbs-content":"","ast-featured-img":"","footer-sml-layout":"","ast-disable-related-posts":"","theme-transparent-header-meta":"default","adv-header-id-meta":"","stick-header-meta":"default","header-above-stick-meta":"","header-main-stick-meta":"","header-below-stick-meta":"","astra-migrate-meta-layouts":"default","ast-page-background-enabled":"default","ast-page-background-meta":{"desktop":{"background-color":"","background-image":"","background-repeat":"repeat","background-position":"center center","background-size":"auto","background-attachment":"scroll","background-type":"","background-media":"","overlay-type":"","overlay-color":"","overlay-opacity":"","overlay-gradient":""},"tablet":{"background-color":"","background-image":"","background-repeat":"repeat","background-position":"center center","background-size":"auto","background-attachment":"scroll","background-type":"","background-media":"","overlay-type":"","overlay-color":"","overlay-opacity":"","overlay-gradient":""},"mobile":{"background-color":"","background-image":"","background-repeat":"repeat","background-position":"center center","background-size":"auto","background-attachment":"scroll","background-type":"","background-media":"","overlay-type":"","overlay-color":"","overlay-opacity":"","overlay-gradient":""}},"ast-content-background-meta":{"desktop":{"background-color":"var(--ast-global-color-5)","background-image":"","background-repeat":"repeat","background-position":"center center","background-size":"auto","background-attachment":"scroll","background-type":"","background-media":"","overlay-type":"","overlay-color":"","overlay-opacity":"","overlay-gradient":""},"tablet":{"background-color":"var(--ast-global-color-5)","background-image":"","background-repeat":"repeat","background-position":"center center","background-size":"auto","background-attachment":"scroll","background-type":"","background-media":"","overlay-type":"","overlay-color":"","overlay-opacity":"","overlay-gradient":""},"mobile":{"background-color":"var(--ast-global-color-5)","background-image":"","background-repeat":"repeat","background-position":"center center","background-size":"auto","background-attachment":"scroll","background-type":"","background-media":"","overlay-type":"","overlay-color":"","overlay-opacity":"","overlay-gradient":""}}},"product_brand":[],"product_cat":[1924,2268,3501],"product_tag":[],"class_list":{"0":"post-371745","1":"product","2":"type-product","3":"status-publish","4":"has-post-thumbnail","6":"product_cat-diy-sv","7":"product_cat-forbyggda-spolar","8":"product_cat-wotofo-sv","9":"desktop-align-center","10":"tablet-align-center","11":"mobile-align-center","12":"ast-product-gallery-layout-horizontal-slider","13":"ast-product-gallery-with-no-image","14":"ast-product-single-variable","15":"ast-product-tabs-layout-horizontal","17":"first","18":"instock","19":"sale","20":"taxable","21":"shipping-taxable","22":"purchasable","23":"product-type-variable"},"acf":[],"uagb_featured_image_src":{"full":["https:\/\/justvape.nu\/wp-content\/uploads\/2019\/12\/nexmesh_extreme_700x700.jpg",800,800,false],"thumbnail":["https:\/\/justvape.nu\/wp-content\/uploads\/2019\/12\/nexmesh_extreme_700x700-150x150.jpg",150,150,true],"medium":["https:\/\/justvape.nu\/wp-content\/uploads\/2019\/12\/nexmesh_extreme_700x700-300x300.jpg",300,300,true],"medium_large":["https:\/\/justvape.nu\/wp-content\/uploads\/2019\/12\/nexmesh_extreme_700x700-768x768.jpg",768,768,true],"large":["https:\/\/justvape.nu\/wp-content\/uploads\/2019\/12\/nexmesh_extreme_700x700.jpg",800,800,false],"1536x1536":["https:\/\/justvape.nu\/wp-content\/uploads\/2019\/12\/nexmesh_extreme_700x700.jpg",800,800,false],"2048x2048":["https:\/\/justvape.nu\/wp-content\/uploads\/2019\/12\/nexmesh_extreme_700x700.jpg",800,800,false],"woocommerce_thumbnail":["https:\/\/justvape.nu\/wp-content\/uploads\/2019\/12\/nexmesh_extreme_700x700-300x300.jpg",300,300,true],"woocommerce_single":["https:\/\/justvape.nu\/wp-content\/uploads\/2019\/12\/nexmesh_extreme_700x700-600x600.jpg",600,600,true],"woocommerce_gallery_thumbnail":["https:\/\/justvape.nu\/wp-content\/uploads\/2019\/12\/nexmesh_extreme_700x700-100x100.jpg",100,100,true],"dgwt-wcas-product-suggestion":["https:\/\/justvape.nu\/wp-content\/uploads\/2019\/12\/nexmesh_extreme_700x700-64x64.jpg",64,64,true]},"uagb_author_info":{"display_name":"JustVape.nu","author_link":"https:\/\/justvape.nu\/sv\/author\/"},"uagb_comment_info":0,"uagb_excerpt":"Wotofo nexMESH Strips","_links":{"self":[{"href":"https:\/\/justvape.nu\/sv\/wp-json\/wp\/v2\/product\/371745","targetHints":{"allow":["GET"]}}],"collection":[{"href":"https:\/\/justvape.nu\/sv\/wp-json\/wp\/v2\/product"}],"about":[{"href":"https:\/\/justvape.nu\/sv\/wp-json\/wp\/v2\/types\/product"}],"replies":[{"embeddable":true,"href":"https:\/\/justvape.nu\/sv\/wp-json\/wp\/v2\/comments?post=371745"}],"wp:featuredmedia":[{"embeddable":true,"href":"https:\/\/justvape.nu\/sv\/wp-json\/wp\/v2\/media\/281813"}],"wp:attachment":[{"href":"https:\/\/justvape.nu\/sv\/wp-json\/wp\/v2\/media?parent=371745"}],"wp:term":[{"taxonomy":"product_brand","embeddable":true,"href":"https:\/\/justvape.nu\/sv\/wp-json\/wp\/v2\/product_brand?post=371745"},{"taxonomy":"product_cat","embeddable":true,"href":"https:\/\/justvape.nu\/sv\/wp-json\/wp\/v2\/product_cat?post=371745"},{"taxonomy":"product_tag","embeddable":true,"href":"https:\/\/justvape.nu\/sv\/wp-json\/wp\/v2\/product_tag?post=371745"}],"curies":[{"name":"wp","href":"https:\/\/api.w.org\/{rel}","templated":true}]}}