{"id":369967,"date":"2020-07-31T18:22:57","date_gmt":"2020-07-31T16:22:57","guid":{"rendered":"https:\/\/www.justvape.nu\/produkt\/vapefly-firebolt-ekologisk-bomull\/"},"modified":"2024-05-21T15:45:33","modified_gmt":"2024-05-21T13:45:33","slug":"vapefly-firebolt-organisk-bomull","status":"publish","type":"product","link":"https:\/\/justvape.nu\/sv\/produkt\/vapefly-firebolt-organisk-bomull\/","title":{"rendered":"Vapefly Firebolt Organic Cotton"},"content":{"rendered":"<h2>Vapefly Firebolt Organic Cotton<\/h2>\n<p>De<strong> Vapefly Firebolt ekologisk bomull<\/strong> \u00e4r ett v\u00e4lgjordt veken f\u00f6r spolbyggnad. Det \u00e4r superabsorberande och levererar \u00f6verl\u00e4gsen smak och en j\u00e4mn hals. Det har ordnats i god tid i f\u00f6rv\u00e4g, s\u00e5 du beh\u00f6ver inte m\u00e4ta och vrida bomullen l\u00e4ngre. B\u00e4sta valet f\u00f6r DIY-\u00e4lskare. F\u00e5 bara Vapefly Firebolt Organic Cotton f\u00f6r att njuta av vaping.<\/p>\n<p><img loading=\"lazy\" decoding=\"async\" class=\"alignnone size-full wp-image-296272\" src=\"https:\/\/www.justvape.nu\/wp-content\/uploads\/2020\/07\/Vapefly-Firebolt-Organic-Cotton_02_f7f330.jpg\" alt=\"\" width=\"950\" height=\"683\" title=\"\" srcset=\"https:\/\/justvape.nu\/wp-content\/uploads\/2020\/07\/Vapefly-Firebolt-Organic-Cotton_02_f7f330.jpg 950w, https:\/\/justvape.nu\/wp-content\/uploads\/2020\/07\/Vapefly-Firebolt-Organic-Cotton_02_f7f330-600x431.jpg 600w, https:\/\/justvape.nu\/wp-content\/uploads\/2020\/07\/Vapefly-Firebolt-Organic-Cotton_02_f7f330-64x46.jpg 64w, https:\/\/justvape.nu\/wp-content\/uploads\/2020\/07\/Vapefly-Firebolt-Organic-Cotton_02_f7f330-300x216.jpg 300w, https:\/\/justvape.nu\/wp-content\/uploads\/2020\/07\/Vapefly-Firebolt-Organic-Cotton_02_f7f330-768x552.jpg 768w\" sizes=\"auto, (max-width: 950px) 100vw, 950px\" \/><\/p>\n<p><img loading=\"lazy\" decoding=\"async\" class=\"alignnone size-full wp-image-18993\" src=\"https:\/\/www.justvape.dk\/wp-content\/uploads\/2018\/05\/Specifications.png\" alt=\"\" width=\"950\" height=\"64\" title=\"\" srcset=\"https:\/\/justvape.nu\/wp-content\/uploads\/2018\/05\/Specifications.png 950w, https:\/\/justvape.nu\/wp-content\/uploads\/2018\/05\/Specifications-555x37.png 555w, https:\/\/justvape.nu\/wp-content\/uploads\/2018\/05\/Specifications-64x4.png 64w, https:\/\/justvape.nu\/wp-content\/uploads\/2018\/05\/Specifications-300x20.png 300w, https:\/\/justvape.nu\/wp-content\/uploads\/2018\/05\/Specifications-768x52.png 768w\" sizes=\"auto, (max-width: 950px) 100vw, 950px\" \/><\/p>\n<p><strong>Parametrar<\/strong><br \/>\nID: 3mm<br \/>\nMaterial: 100% ekologisk bomull<br \/>\nAntal: 20st \/ f\u00f6rpackning<br \/>\n<img loading=\"lazy\" decoding=\"async\" class=\"alignnone size-full wp-image-18999\" src=\"https:\/\/www.justvape.dk\/wp-content\/uploads\/2018\/04\/Packing-List.png\" alt=\"\" width=\"950\" height=\"64\" title=\"\" srcset=\"https:\/\/justvape.nu\/wp-content\/uploads\/2018\/04\/Packing-List.png 950w, https:\/\/justvape.nu\/wp-content\/uploads\/2018\/04\/Packing-List-555x37.png 555w, https:\/\/justvape.nu\/wp-content\/uploads\/2018\/04\/Packing-List-64x4.png 64w, https:\/\/justvape.nu\/wp-content\/uploads\/2018\/04\/Packing-List-300x20.png 300w, https:\/\/justvape.nu\/wp-content\/uploads\/2018\/04\/Packing-List-768x52.png 768w\" sizes=\"auto, (max-width: 950px) 100vw, 950px\" \/><\/p>\n<ul>\n<li>1x Vapefly Firebolt ekologisk bomull<\/li>\n<\/ul>\n<p><img loading=\"lazy\" decoding=\"async\" class=\"alignnone size-full wp-image-296283\" src=\"https:\/\/www.justvape.nu\/wp-content\/uploads\/2020\/07\/Vapefly-Firebolt-Organic-Cotton_02_87840b.jpg\" alt=\"\" width=\"950\" height=\"297\" title=\"\" srcset=\"https:\/\/justvape.nu\/wp-content\/uploads\/2020\/07\/Vapefly-Firebolt-Organic-Cotton_02_87840b.jpg 950w, https:\/\/justvape.nu\/wp-content\/uploads\/2020\/07\/Vapefly-Firebolt-Organic-Cotton_02_87840b-600x188.jpg 600w, https:\/\/justvape.nu\/wp-content\/uploads\/2020\/07\/Vapefly-Firebolt-Organic-Cotton_02_87840b-64x20.jpg 64w, https:\/\/justvape.nu\/wp-content\/uploads\/2020\/07\/Vapefly-Firebolt-Organic-Cotton_02_87840b-300x94.jpg 300w, https:\/\/justvape.nu\/wp-content\/uploads\/2020\/07\/Vapefly-Firebolt-Organic-Cotton_02_87840b-768x240.jpg 768w\" sizes=\"auto, (max-width: 950px) 100vw, 950px\" \/><\/p>\n","protected":false},"excerpt":{"rendered":"<p>Vapefly Firebolt Organic Cotton<\/p>\n","protected":false},"featured_media":296304,"comment_status":"open","ping_status":"closed","template":"","meta":{"_acf_changed":false,"_uag_custom_page_level_css":"","site-sidebar-layout":"default","site-content-layout":"default","ast-site-content-layout":"default","site-content-style":"default","site-sidebar-style":"default","ast-global-header-display":"","ast-banner-title-visibility":"","ast-main-header-display":"","ast-hfb-above-header-display":"","ast-hfb-below-header-display":"","ast-hfb-mobile-header-display":"","site-post-title":"","ast-breadcrumbs-content":"","ast-featured-img":"","footer-sml-layout":"","ast-disable-related-posts":"","theme-transparent-header-meta":"default","adv-header-id-meta":"","stick-header-meta":"default","header-above-stick-meta":"","header-main-stick-meta":"","header-below-stick-meta":"","astra-migrate-meta-layouts":"default","ast-page-background-enabled":"default","ast-page-background-meta":{"desktop":{"background-color":"","background-image":"","background-repeat":"repeat","background-position":"center center","background-size":"auto","background-attachment":"scroll","background-type":"","background-media":"","overlay-type":"","overlay-color":"","overlay-opacity":"","overlay-gradient":""},"tablet":{"background-color":"","background-image":"","background-repeat":"repeat","background-position":"center center","background-size":"auto","background-attachment":"scroll","background-type":"","background-media":"","overlay-type":"","overlay-color":"","overlay-opacity":"","overlay-gradient":""},"mobile":{"background-color":"","background-image":"","background-repeat":"repeat","background-position":"center center","background-size":"auto","background-attachment":"scroll","background-type":"","background-media":"","overlay-type":"","overlay-color":"","overlay-opacity":"","overlay-gradient":""}},"ast-content-background-meta":{"desktop":{"background-color":"var(--ast-global-color-5)","background-image":"","background-repeat":"repeat","background-position":"center center","background-size":"auto","background-attachment":"scroll","background-type":"","background-media":"","overlay-type":"","overlay-color":"","overlay-opacity":"","overlay-gradient":""},"tablet":{"background-color":"var(--ast-global-color-5)","background-image":"","background-repeat":"repeat","background-position":"center center","background-size":"auto","background-attachment":"scroll","background-type":"","background-media":"","overlay-type":"","overlay-color":"","overlay-opacity":"","overlay-gradient":""},"mobile":{"background-color":"var(--ast-global-color-5)","background-image":"","background-repeat":"repeat","background-position":"center center","background-size":"auto","background-attachment":"scroll","background-type":"","background-media":"","overlay-type":"","overlay-color":"","overlay-opacity":"","overlay-gradient":""}}},"product_brand":[],"product_cat":[2218,1924],"product_tag":[],"class_list":{"0":"post-369967","1":"product","2":"type-product","3":"status-publish","4":"has-post-thumbnail","6":"product_cat-bomull","7":"product_cat-diy-sv","8":"desktop-align-center","9":"tablet-align-center","10":"mobile-align-center","11":"ast-product-gallery-layout-horizontal-slider","12":"ast-product-gallery-with-no-image","13":"ast-product-tabs-layout-horizontal","15":"first","16":"instock","17":"sale","18":"taxable","19":"shipping-taxable","20":"purchasable","21":"product-type-simple"},"acf":[],"uagb_featured_image_src":{"full":["https:\/\/justvape.nu\/wp-content\/uploads\/2020\/07\/Vapefly-Firebolt-Organic-Cotton-_0049428dff74.jpg",800,800,false],"thumbnail":["https:\/\/justvape.nu\/wp-content\/uploads\/2020\/07\/Vapefly-Firebolt-Organic-Cotton-_0049428dff74-150x150.jpg",150,150,true],"medium":["https:\/\/justvape.nu\/wp-content\/uploads\/2020\/07\/Vapefly-Firebolt-Organic-Cotton-_0049428dff74-300x300.jpg",300,300,true],"medium_large":["https:\/\/justvape.nu\/wp-content\/uploads\/2020\/07\/Vapefly-Firebolt-Organic-Cotton-_0049428dff74-768x768.jpg",768,768,true],"large":["https:\/\/justvape.nu\/wp-content\/uploads\/2020\/07\/Vapefly-Firebolt-Organic-Cotton-_0049428dff74.jpg",800,800,false],"1536x1536":["https:\/\/justvape.nu\/wp-content\/uploads\/2020\/07\/Vapefly-Firebolt-Organic-Cotton-_0049428dff74.jpg",800,800,false],"2048x2048":["https:\/\/justvape.nu\/wp-content\/uploads\/2020\/07\/Vapefly-Firebolt-Organic-Cotton-_0049428dff74.jpg",800,800,false],"woocommerce_thumbnail":["https:\/\/justvape.nu\/wp-content\/uploads\/2020\/07\/Vapefly-Firebolt-Organic-Cotton-_0049428dff74-300x300.jpg",300,300,true],"woocommerce_single":["https:\/\/justvape.nu\/wp-content\/uploads\/2020\/07\/Vapefly-Firebolt-Organic-Cotton-_0049428dff74-600x600.jpg",600,600,true],"woocommerce_gallery_thumbnail":["https:\/\/justvape.nu\/wp-content\/uploads\/2020\/07\/Vapefly-Firebolt-Organic-Cotton-_0049428dff74-100x100.jpg",100,100,true],"dgwt-wcas-product-suggestion":["https:\/\/justvape.nu\/wp-content\/uploads\/2020\/07\/Vapefly-Firebolt-Organic-Cotton-_0049428dff74-64x64.jpg",64,64,true]},"uagb_author_info":{"display_name":"JustVape.nu","author_link":"https:\/\/justvape.nu\/sv\/author\/"},"uagb_comment_info":0,"uagb_excerpt":"Vapefly Firebolt Organic Cotton","_links":{"self":[{"href":"https:\/\/justvape.nu\/sv\/wp-json\/wp\/v2\/product\/369967","targetHints":{"allow":["GET"]}}],"collection":[{"href":"https:\/\/justvape.nu\/sv\/wp-json\/wp\/v2\/product"}],"about":[{"href":"https:\/\/justvape.nu\/sv\/wp-json\/wp\/v2\/types\/product"}],"replies":[{"embeddable":true,"href":"https:\/\/justvape.nu\/sv\/wp-json\/wp\/v2\/comments?post=369967"}],"wp:featuredmedia":[{"embeddable":true,"href":"https:\/\/justvape.nu\/sv\/wp-json\/wp\/v2\/media\/296304"}],"wp:attachment":[{"href":"https:\/\/justvape.nu\/sv\/wp-json\/wp\/v2\/media?parent=369967"}],"wp:term":[{"taxonomy":"product_brand","embeddable":true,"href":"https:\/\/justvape.nu\/sv\/wp-json\/wp\/v2\/product_brand?post=369967"},{"taxonomy":"product_cat","embeddable":true,"href":"https:\/\/justvape.nu\/sv\/wp-json\/wp\/v2\/product_cat?post=369967"},{"taxonomy":"product_tag","embeddable":true,"href":"https:\/\/justvape.nu\/sv\/wp-json\/wp\/v2\/product_tag?post=369967"}],"curies":[{"name":"wp","href":"https:\/\/api.w.org\/{rel}","templated":true}]}}