{"id":322046,"date":"2020-08-31T21:11:50","date_gmt":"2020-08-31T19:11:50","guid":{"rendered":"https:\/\/www.justvape.nu\/produkt\/hohm-tech-school-battery-charger-4-slots\/"},"modified":"2025-07-17T11:41:39","modified_gmt":"2025-07-17T09:41:39","slug":"hohm-tech-school-batteriladdare-4-slots","status":"publish","type":"product","link":"https:\/\/justvape.nu\/sv\/produkt\/hohm-tech-school-batteriladdare-4-slots\/","title":{"rendered":"HOHM TECH &#8211; SCHOOL BATTERY CHARGER 4 SLOTS"},"content":{"rendered":"<h2>HOHM TECH &#8211; SCHOOL BATTERY CHARGER 4 SLOTS<\/h2>\n<p>Dessa Hohm School-batteriladdare fr\u00e5n Hohm Tech \u00e4r helt autonoma och \u00e4r fulla av s\u00e4kerhetsfunktioner, med laddare som rymmer antingen tv\u00e5 av fyra batterier och \u00e4r kompatibla med 18650,20700,21700.<\/p>\n<p>Hohm School Battery Charger fr\u00e5n Hohm Tech \u00e4r en helautomatisk och \u00e4r utrustad med BLD1-systemet som automatiserar steg upp \/ ner-utg\u00e5ngen s\u00e5 att b\u00e5de sm\u00e5 och st\u00f6rre celler laddas med r\u00e4tt hastighet. \u00c4ven litiumjonbatterier med eller utan PCB \/ PCM3 balanseras l\u00e4tt till r\u00e4tt sp\u00e4nning. Detta s\u00e4kerst\u00e4ller att dagens sm\u00e5 li-ion-batterier inte p\u00e5verkas av kemintegriteten, vilket g\u00f6r att de kan f\u00e5 en full livscykel.<\/p>\n<h4>4BAY FUNKTIONER:<\/h4>\n<p>&nbsp;<\/p>\n<ul>\n<li>BLD1-system &#8211; Automatiserar laddningsf\u00f6rst\u00e4rkning och reduktion p\u00e5 li-jonceller<\/li>\n<li>Input-Power Autonomous Regulator integration (inte mer stressande USB-n\u00e4tadaptrar eller portar)<\/li>\n<li>Kompatibel med ALLA li-jonceller fr\u00e5n s\u00e5 kort som 30 mm till s\u00e5 l\u00e5ng som 73 mm<\/li>\n<li>LED-indikator som rapporterar f\u00e4rg- och blinkvariation f\u00f6r snabb \/ enkel avl\u00e4sning<\/li>\n<li>PCB \/ PCM3-kompatibel s\u00e5 att \u00e4ven skyddade celler inte l\u00e4mnas ute i kylan<\/li>\n<li>Skydd 101: A] \u00f6ver laddning; B] kortslutning; C] fel uppt\u00e4ckt av batterityp; D] omv\u00e4nd polaritet<\/li>\n<\/ul>\n<h4><\/h4>\n<p><em><strong>Specifikationer<\/strong><\/em><br \/>\n4 Bay Charger<br \/>\n2.0A x 2, 1.0A x 4 \/ 1A x 2 &amp; 0.5A x 2 (4A max kombinerad utg\u00e5ng)<br \/>\nHelt automatiserad med LED-laddningsstatusindikatorer<br \/>\nKompatibel kommer alla Li-ion-celler fr\u00e5n 30 mm till 73 mm<br \/>\nFlera skyddsfunktioner (\u00f6verladdning, kortslutning, fel batteritypdetektering och omv\u00e4nd polaritet<\/p>\n<p>https:\/\/www.youtube.com\/watch?v=HS8hXfwGyLM<\/p>\n","protected":false},"excerpt":{"rendered":"<p>HOHM TECH &#8211; SCHOOL BATTERY CHARGER 4 SLOTS<\/p>\n","protected":false},"featured_media":300564,"comment_status":"open","ping_status":"closed","template":"","meta":{"_acf_changed":false,"_uag_custom_page_level_css":"","site-sidebar-layout":"default","site-content-layout":"default","ast-site-content-layout":"default","site-content-style":"default","site-sidebar-style":"default","ast-global-header-display":"","ast-banner-title-visibility":"","ast-main-header-display":"","ast-hfb-above-header-display":"","ast-hfb-below-header-display":"","ast-hfb-mobile-header-display":"","site-post-title":"","ast-breadcrumbs-content":"","ast-featured-img":"","footer-sml-layout":"","ast-disable-related-posts":"","theme-transparent-header-meta":"default","adv-header-id-meta":"","stick-header-meta":"default","header-above-stick-meta":"","header-main-stick-meta":"","header-below-stick-meta":"","astra-migrate-meta-layouts":"default","ast-page-background-enabled":"default","ast-page-background-meta":{"desktop":{"background-color":"","background-image":"","background-repeat":"repeat","background-position":"center center","background-size":"auto","background-attachment":"scroll","background-type":"","background-media":"","overlay-type":"","overlay-color":"","overlay-opacity":"","overlay-gradient":""},"tablet":{"background-color":"","background-image":"","background-repeat":"repeat","background-position":"center center","background-size":"auto","background-attachment":"scroll","background-type":"","background-media":"","overlay-type":"","overlay-color":"","overlay-opacity":"","overlay-gradient":""},"mobile":{"background-color":"","background-image":"","background-repeat":"repeat","background-position":"center center","background-size":"auto","background-attachment":"scroll","background-type":"","background-media":"","overlay-type":"","overlay-color":"","overlay-opacity":"","overlay-gradient":""}},"ast-content-background-meta":{"desktop":{"background-color":"var(--ast-global-color-5)","background-image":"","background-repeat":"repeat","background-position":"center center","background-size":"auto","background-attachment":"scroll","background-type":"","background-media":"","overlay-type":"","overlay-color":"","overlay-opacity":"","overlay-gradient":""},"tablet":{"background-color":"var(--ast-global-color-5)","background-image":"","background-repeat":"repeat","background-position":"center center","background-size":"auto","background-attachment":"scroll","background-type":"","background-media":"","overlay-type":"","overlay-color":"","overlay-opacity":"","overlay-gradient":""},"mobile":{"background-color":"var(--ast-global-color-5)","background-image":"","background-repeat":"repeat","background-position":"center center","background-size":"auto","background-attachment":"scroll","background-type":"","background-media":"","overlay-type":"","overlay-color":"","overlay-opacity":"","overlay-gradient":""}}},"product_brand":[],"product_cat":[2532,4584,2198,2533,1914],"product_tag":[],"class_list":{"0":"post-322046","1":"product","2":"type-product","3":"status-publish","4":"has-post-thumbnail","6":"product_cat-hardware-sv","7":"product_cat-hohm-tech-sv","8":"product_cat-laddare","9":"product_cat-shop-by-brand-sv","10":"product_cat-accessories-sv","11":"desktop-align-center","12":"tablet-align-center","13":"mobile-align-center","14":"ast-product-gallery-layout-horizontal-slider","15":"ast-product-gallery-with-no-image","16":"ast-product-tabs-layout-horizontal","18":"first","19":"instock","20":"sale","21":"taxable","22":"shipping-taxable","23":"purchasable","24":"product-type-simple"},"acf":[],"uagb_featured_image_src":{"full":["https:\/\/justvape.nu\/wp-content\/uploads\/2020\/08\/HOHM_SCHOOL-4-4A-BLD-USB-C-CHARGER_PA.jpg",800,800,false],"thumbnail":["https:\/\/justvape.nu\/wp-content\/uploads\/2020\/08\/HOHM_SCHOOL-4-4A-BLD-USB-C-CHARGER_PA-150x150.jpg",150,150,true],"medium":["https:\/\/justvape.nu\/wp-content\/uploads\/2020\/08\/HOHM_SCHOOL-4-4A-BLD-USB-C-CHARGER_PA-300x300.jpg",300,300,true],"medium_large":["https:\/\/justvape.nu\/wp-content\/uploads\/2020\/08\/HOHM_SCHOOL-4-4A-BLD-USB-C-CHARGER_PA-768x768.jpg",768,768,true],"large":["https:\/\/justvape.nu\/wp-content\/uploads\/2020\/08\/HOHM_SCHOOL-4-4A-BLD-USB-C-CHARGER_PA.jpg",800,800,false],"1536x1536":["https:\/\/justvape.nu\/wp-content\/uploads\/2020\/08\/HOHM_SCHOOL-4-4A-BLD-USB-C-CHARGER_PA.jpg",800,800,false],"2048x2048":["https:\/\/justvape.nu\/wp-content\/uploads\/2020\/08\/HOHM_SCHOOL-4-4A-BLD-USB-C-CHARGER_PA.jpg",800,800,false],"woocommerce_thumbnail":["https:\/\/justvape.nu\/wp-content\/uploads\/2020\/08\/HOHM_SCHOOL-4-4A-BLD-USB-C-CHARGER_PA-300x300.jpg",300,300,true],"woocommerce_single":["https:\/\/justvape.nu\/wp-content\/uploads\/2020\/08\/HOHM_SCHOOL-4-4A-BLD-USB-C-CHARGER_PA-600x600.jpg",600,600,true],"woocommerce_gallery_thumbnail":["https:\/\/justvape.nu\/wp-content\/uploads\/2020\/08\/HOHM_SCHOOL-4-4A-BLD-USB-C-CHARGER_PA-100x100.jpg",100,100,true],"dgwt-wcas-product-suggestion":["https:\/\/justvape.nu\/wp-content\/uploads\/2020\/08\/HOHM_SCHOOL-4-4A-BLD-USB-C-CHARGER_PA-64x64.jpg",64,64,true]},"uagb_author_info":{"display_name":"JustVape.nu","author_link":"https:\/\/justvape.nu\/sv\/author\/"},"uagb_comment_info":0,"uagb_excerpt":"HOHM TECH - SCHOOL BATTERY CHARGER 4 SLOTS","_links":{"self":[{"href":"https:\/\/justvape.nu\/sv\/wp-json\/wp\/v2\/product\/322046","targetHints":{"allow":["GET"]}}],"collection":[{"href":"https:\/\/justvape.nu\/sv\/wp-json\/wp\/v2\/product"}],"about":[{"href":"https:\/\/justvape.nu\/sv\/wp-json\/wp\/v2\/types\/product"}],"replies":[{"embeddable":true,"href":"https:\/\/justvape.nu\/sv\/wp-json\/wp\/v2\/comments?post=322046"}],"wp:featuredmedia":[{"embeddable":true,"href":"https:\/\/justvape.nu\/sv\/wp-json\/wp\/v2\/media\/300564"}],"wp:attachment":[{"href":"https:\/\/justvape.nu\/sv\/wp-json\/wp\/v2\/media?parent=322046"}],"wp:term":[{"taxonomy":"product_brand","embeddable":true,"href":"https:\/\/justvape.nu\/sv\/wp-json\/wp\/v2\/product_brand?post=322046"},{"taxonomy":"product_cat","embeddable":true,"href":"https:\/\/justvape.nu\/sv\/wp-json\/wp\/v2\/product_cat?post=322046"},{"taxonomy":"product_tag","embeddable":true,"href":"https:\/\/justvape.nu\/sv\/wp-json\/wp\/v2\/product_tag?post=322046"}],"curies":[{"name":"wp","href":"https:\/\/api.w.org\/{rel}","templated":true}]}}