{"id":322035,"date":"2020-08-27T12:22:56","date_gmt":"2020-08-27T10:22:56","guid":{"rendered":"https:\/\/www.justvape.nu\/produkt\/molicel-inr-20700a-20700-3000mah-35a-batteri\/"},"modified":"2024-04-09T15:47:13","modified_gmt":"2024-04-09T13:47:13","slug":"molicel-inr-20700a-20700-3000mah-35a-batteri","status":"publish","type":"product","link":"https:\/\/justvape.nu\/sv\/produkt\/molicel-inr-20700a-20700-3000mah-35a-batteri\/","title":{"rendered":"Molicel &#8211; INR-20700A 20700 3000mAh 35A Battery"},"content":{"rendered":"<div id=\"ProductDetail_ProductDetails_div\">\n<h2>Molicel &#8211; INR-20700A 20700 3000mAh 35A Battery<\/h2>\n<p>Den b\u00e4sta formfactor 20700-cellen som finns p\u00e5 marknaden hittills.<\/p>\n<h4>Specifikationer:<\/h4>\n<ul>\n<li>Modell: INR-20700A<\/li>\n<li>Storlek: 20700<\/li>\n<li>Stil: Flat Top<\/li>\n<li>Nominell kapacitet: 3000mAh<\/li>\n<li>Kontinuerligt urladdningsv\u00e4rde: 35A<\/li>\n<li>Nominell sp\u00e4nning: 3,6v<\/li>\n<li>Skyddad: Nej<\/li>\n<li>Laddningsbart: Ja<\/li>\n<li>Ungef\u00e4rliga m\u00e5tt: 20,50 mm x 70,00 mm<\/li>\n<li>Ungef\u00e4rlig vikt: 57,8 g<\/li>\n<\/ul>\n<div><\/div>\n<p><img loading=\"lazy\" decoding=\"async\" class=\"alignnone size-full wp-image-300202\" src=\"https:\/\/www.justvape.nu\/wp-content\/uploads\/2020\/08\/moli_20700a.jpg\" alt=\"\" width=\"1329\" height=\"821\" title=\"\" srcset=\"https:\/\/justvape.nu\/wp-content\/uploads\/2020\/08\/moli_20700a.jpg 1329w, https:\/\/justvape.nu\/wp-content\/uploads\/2020\/08\/moli_20700a-600x371.jpg 600w, https:\/\/justvape.nu\/wp-content\/uploads\/2020\/08\/moli_20700a-64x40.jpg 64w, https:\/\/justvape.nu\/wp-content\/uploads\/2020\/08\/moli_20700a-300x185.jpg 300w, https:\/\/justvape.nu\/wp-content\/uploads\/2020\/08\/moli_20700a-1024x633.jpg 1024w, https:\/\/justvape.nu\/wp-content\/uploads\/2020\/08\/moli_20700a-768x474.jpg 768w\" sizes=\"auto, (max-width: 1329px) 100vw, 1329px\" \/><\/p>\n<div>\n<p>Alla batterier inneh\u00e5ller en etikett som anger ungef\u00e4rlig sp\u00e4nning och kapacitet. Den h\u00e4r etiketten tas l\u00e4tt bort f\u00f6r att avsl\u00f6ja tillverkarens tryck. Etiketten \u00e4r ett krav fr\u00e5n den amerikanska regeringen (IATA) som reglerar frakt av litiumjonbatterier.<\/p>\n<\/div>\n<div><\/div>\n<h4>VARNING:<\/h4>\n<div>Anv\u00e4ndaren m\u00e5ste ha l\u00e4mplig f\u00f6rst\u00e5else f\u00f6r litiumjonbatterier innan k\u00f6p. Var f\u00f6rsiktig n\u00e4r du arbetar med och anv\u00e4nder litiumjonbatterier eftersom de \u00e4r mycket k\u00e4nsliga f\u00f6r laddningsegenskaper och kan explodera, brinna eller orsaka brand om de missbrukas eller hanteras felaktigt. Ladda alltid i eller p\u00e5 en brands\u00e4ker yta. L\u00e4mna aldrig batterierna laddade utan uppsikt. Detta batteri s\u00e4ljs f\u00f6r anv\u00e4ndning av systemintegrationer med korrekt skyddskrets eller batteripaket med ett batterihanteringssystem eller kretskort (kretskort \/ modul). K\u00f6paren \u00e4r ansvarig f\u00f6r skador eller skador orsakade av felaktig anv\u00e4ndning eller felaktig hantering av litiumjonbatterier och laddare. Ladda endast med en smart laddare avsedd f\u00f6r denna specifika typ av litiumjonbatteri.<\/div>\n<div><\/div>\n<ul>\n<li>Felaktig eller felaktig hantering av litiumjonbatterier kan utg\u00f6ra en ALLVARLIG RISK f\u00f6r personskador, skador p\u00e5 egendom eller d\u00f6dsfall<\/li>\n<li>BATTERIER KAN explodera, brinna eller orsaka en brand om det missbrukas eller misshandlas<\/li>\n<li>Anv\u00e4nd ENDAST med korrekt skyddskrets<\/li>\n<li>Anv\u00e4nd ENDAST inom tillverkarens specifikationer<\/li>\n<li>F\u00f6rvara INTE l\u00f6st i fickan, v\u00e4skan etc. &#8211; anv\u00e4nd alltid ett skyddsh\u00f6lje<\/li>\n<li>H\u00e5ll dig borta fr\u00e5n metallf\u00f6rem\u00e5l f\u00f6r att f\u00f6rhindra kortslutning<\/li>\n<li>Kortslut inte<\/li>\n<li>Anv\u00e4nd INTE om omslaget eller isolatorn \u00e4r skadad eller s\u00f6nderriven<\/li>\n<li>Anv\u00e4nd INTE om den \u00e4r skadad p\u00e5 n\u00e5got s\u00e4tt<\/li>\n<li>\u00d6VERLADA INTE eller \u00f6verladda INTE<\/li>\n<li>\u00c4ndra INTE, demontera, punktera, klipp, krossa eller f\u00f6rbr\u00e4nna<\/li>\n<li>Uts\u00e4tt INTE f\u00f6r v\u00e4tskor eller h\u00f6ga temperaturer<\/li>\n<li>L\u00d6D INTE<\/li>\n<li>Anv\u00e4ndaren m\u00e5ste vara f\u00f6rtrogen med hanteringen av litiumjonbatterier innan k\u00f6p<\/li>\n<li>Anv\u00e4ndningen av batterier \u00e4r P\u00c5 DIN EGEN RISK<\/li>\n<\/ul>\n<div><\/div>\n<div>Lokala best\u00e4mmelser och lagar som g\u00e4ller \u00e5tervinning och bortskaffande av litiumjonbatterier varierar, s\u00e5 kontakta din lokala jurisdiktion ang\u00e5ende l\u00e4mpligt bortskaffande. M\u00e5nga butiker erbjuder gratis \u00e5tervinning av uppladdningsbara batterier.<\/div>\n<div><\/div>\n<\/div>\n","protected":false},"excerpt":{"rendered":"<p>Molicel &#8211; INR-20700A 20700 3000mAh 35A Battery<\/p>\n","protected":false},"featured_media":300223,"comment_status":"open","ping_status":"closed","template":"","meta":{"_acf_changed":false,"_uag_custom_page_level_css":"","site-sidebar-layout":"default","site-content-layout":"default","ast-site-content-layout":"default","site-content-style":"default","site-sidebar-style":"default","ast-global-header-display":"","ast-banner-title-visibility":"","ast-main-header-display":"","ast-hfb-above-header-display":"","ast-hfb-below-header-display":"","ast-hfb-mobile-header-display":"","site-post-title":"","ast-breadcrumbs-content":"","ast-featured-img":"","footer-sml-layout":"","ast-disable-related-posts":"","theme-transparent-header-meta":"default","adv-header-id-meta":"","stick-header-meta":"default","header-above-stick-meta":"","header-main-stick-meta":"","header-below-stick-meta":"","astra-migrate-meta-layouts":"default","ast-page-background-enabled":"default","ast-page-background-meta":{"desktop":{"background-color":"","background-image":"","background-repeat":"repeat","background-position":"center center","background-size":"auto","background-attachment":"scroll","background-type":"","background-media":"","overlay-type":"","overlay-color":"","overlay-opacity":"","overlay-gradient":""},"tablet":{"background-color":"","background-image":"","background-repeat":"repeat","background-position":"center center","background-size":"auto","background-attachment":"scroll","background-type":"","background-media":"","overlay-type":"","overlay-color":"","overlay-opacity":"","overlay-gradient":""},"mobile":{"background-color":"","background-image":"","background-repeat":"repeat","background-position":"center center","background-size":"auto","background-attachment":"scroll","background-type":"","background-media":"","overlay-type":"","overlay-color":"","overlay-opacity":"","overlay-gradient":""}},"ast-content-background-meta":{"desktop":{"background-color":"var(--ast-global-color-5)","background-image":"","background-repeat":"repeat","background-position":"center center","background-size":"auto","background-attachment":"scroll","background-type":"","background-media":"","overlay-type":"","overlay-color":"","overlay-opacity":"","overlay-gradient":""},"tablet":{"background-color":"var(--ast-global-color-5)","background-image":"","background-repeat":"repeat","background-position":"center center","background-size":"auto","background-attachment":"scroll","background-type":"","background-media":"","overlay-type":"","overlay-color":"","overlay-opacity":"","overlay-gradient":""},"mobile":{"background-color":"var(--ast-global-color-5)","background-image":"","background-repeat":"repeat","background-position":"center center","background-size":"auto","background-attachment":"scroll","background-type":"","background-media":"","overlay-type":"","overlay-color":"","overlay-opacity":"","overlay-gradient":""}}},"product_brand":[],"product_cat":[2348,2178,1914],"product_tag":[],"class_list":{"0":"post-322035","1":"product","2":"type-product","3":"status-publish","4":"has-post-thumbnail","6":"product_cat-20700-sv","7":"product_cat-battericeller","8":"product_cat-accessories-sv","9":"product_shipping_class-batteries-sv","10":"desktop-align-center","11":"tablet-align-center","12":"mobile-align-center","13":"ast-product-gallery-layout-horizontal-slider","14":"ast-product-gallery-with-no-image","15":"ast-product-tabs-layout-horizontal","17":"first","18":"instock","19":"sale","20":"taxable","21":"shipping-taxable","22":"purchasable","23":"product-type-simple"},"acf":[],"uagb_featured_image_src":{"full":["https:\/\/justvape.nu\/wp-content\/uploads\/2020\/08\/OEM-INR20700A-2.jpg",1200,1200,false],"thumbnail":["https:\/\/justvape.nu\/wp-content\/uploads\/2020\/08\/OEM-INR20700A-2-150x150.jpg",150,150,true],"medium":["https:\/\/justvape.nu\/wp-content\/uploads\/2020\/08\/OEM-INR20700A-2-300x300.jpg",300,300,true],"medium_large":["https:\/\/justvape.nu\/wp-content\/uploads\/2020\/08\/OEM-INR20700A-2-768x768.jpg",768,768,true],"large":["https:\/\/justvape.nu\/wp-content\/uploads\/2020\/08\/OEM-INR20700A-2-1024x1024.jpg",1024,1024,true],"1536x1536":["https:\/\/justvape.nu\/wp-content\/uploads\/2020\/08\/OEM-INR20700A-2.jpg",1200,1200,false],"2048x2048":["https:\/\/justvape.nu\/wp-content\/uploads\/2020\/08\/OEM-INR20700A-2.jpg",1200,1200,false],"woocommerce_thumbnail":["https:\/\/justvape.nu\/wp-content\/uploads\/2020\/08\/OEM-INR20700A-2-300x300.jpg",300,300,true],"woocommerce_single":["https:\/\/justvape.nu\/wp-content\/uploads\/2020\/08\/OEM-INR20700A-2-600x600.jpg",600,600,true],"woocommerce_gallery_thumbnail":["https:\/\/justvape.nu\/wp-content\/uploads\/2020\/08\/OEM-INR20700A-2-100x100.jpg",100,100,true],"dgwt-wcas-product-suggestion":["https:\/\/justvape.nu\/wp-content\/uploads\/2020\/08\/OEM-INR20700A-2-64x64.jpg",64,64,true]},"uagb_author_info":{"display_name":"JustVape.nu","author_link":"https:\/\/justvape.nu\/sv\/author\/"},"uagb_comment_info":0,"uagb_excerpt":"Molicel - INR-20700A 20700 3000mAh 35A Battery","_links":{"self":[{"href":"https:\/\/justvape.nu\/sv\/wp-json\/wp\/v2\/product\/322035","targetHints":{"allow":["GET"]}}],"collection":[{"href":"https:\/\/justvape.nu\/sv\/wp-json\/wp\/v2\/product"}],"about":[{"href":"https:\/\/justvape.nu\/sv\/wp-json\/wp\/v2\/types\/product"}],"replies":[{"embeddable":true,"href":"https:\/\/justvape.nu\/sv\/wp-json\/wp\/v2\/comments?post=322035"}],"wp:featuredmedia":[{"embeddable":true,"href":"https:\/\/justvape.nu\/sv\/wp-json\/wp\/v2\/media\/300223"}],"wp:attachment":[{"href":"https:\/\/justvape.nu\/sv\/wp-json\/wp\/v2\/media?parent=322035"}],"wp:term":[{"taxonomy":"product_brand","embeddable":true,"href":"https:\/\/justvape.nu\/sv\/wp-json\/wp\/v2\/product_brand?post=322035"},{"taxonomy":"product_cat","embeddable":true,"href":"https:\/\/justvape.nu\/sv\/wp-json\/wp\/v2\/product_cat?post=322035"},{"taxonomy":"product_tag","embeddable":true,"href":"https:\/\/justvape.nu\/sv\/wp-json\/wp\/v2\/product_tag?post=322035"}],"curies":[{"name":"wp","href":"https:\/\/api.w.org\/{rel}","templated":true}]}}