{"id":321627,"date":"2021-01-14T12:29:17","date_gmt":"2021-01-14T11:29:17","guid":{"rendered":"https:\/\/www.justvape.nu\/produkt\/uwell-caliburn-g-bytepoder\/"},"modified":"2024-05-20T16:26:06","modified_gmt":"2024-05-20T14:26:06","slug":"uwell-caliburn-g-ersattning-skida","status":"publish","type":"product","link":"https:\/\/justvape.nu\/sv\/produkt\/uwell-caliburn-g-ersattning-skida\/","title":{"rendered":"UWELL &#8211; CALIBURN G BYTEPODER"},"content":{"rendered":"<h2>UWELL &#8211; CALIBURN G BYTEPODER<\/h2>\n<p>Uwell Caliburn G-ers\u00e4ttningskuddarna har endast utformats f\u00f6r anv\u00e4ndning med Uwell Caliburn G-podsats. Dessa kapslar har en 2 ml kapacitet f\u00f6r e-v\u00e4tska och anv\u00e4nder en l\u00f6stagbar spolmetod f\u00f6r ett milj\u00f6v\u00e4nligt och kostnadseffektivt tillv\u00e4gag\u00e5ngss\u00e4tt. En enkel toppfyllningsdesign m\u00f6jligg\u00f6r anv\u00e4ndarv\u00e4nlighet, medan anv\u00e4ndarna har valet att para ihop dessa skida med Caliburn G-spolarna (s\u00e4ljs separat) f\u00f6r att passa deras idealiska vaping-preferens.<\/p>\n<p><img loading=\"lazy\" decoding=\"async\" class=\"alignnone size-full wp-image-18993\" src=\"https:\/\/www.justvape.nu\/wp-content\/uploads\/2018\/05\/Specifications.png\" alt=\"\" width=\"950\" height=\"64\" title=\"\" srcset=\"https:\/\/justvape.nu\/wp-content\/uploads\/2018\/05\/Specifications.png 950w, https:\/\/justvape.nu\/wp-content\/uploads\/2018\/05\/Specifications-555x37.png 555w, https:\/\/justvape.nu\/wp-content\/uploads\/2018\/05\/Specifications-64x4.png 64w, https:\/\/justvape.nu\/wp-content\/uploads\/2018\/05\/Specifications-300x20.png 300w, https:\/\/justvape.nu\/wp-content\/uploads\/2018\/05\/Specifications-768x52.png 768w\" sizes=\"auto, (max-width: 950px) 100vw, 950px\" \/><\/p>\n<p><strong>Parametrar<\/strong><\/p>\n<ul>\n<li>2 ml kapacitet f\u00f6r e-v\u00e4tska<\/li>\n<li>Avtagbara spolar<\/li>\n<li>Top Fill Method<\/li>\n<li>Plug &amp; Play-spoldesign<\/li>\n<li>0,8 Ohm Mesh \/ 1,0 Ohm Coil kompatibel<\/li>\n<li>Passar h\u00f6ga PG E-v\u00e4tskor<\/li>\n<\/ul>\n<p><img loading=\"lazy\" decoding=\"async\" class=\"alignnone size-full wp-image-18994\" src=\"https:\/\/www.justvape.nu\/wp-content\/uploads\/2018\/05\/Features.png\" alt=\"\" width=\"950\" height=\"64\" title=\"\" srcset=\"https:\/\/justvape.nu\/wp-content\/uploads\/2018\/05\/Features.png 950w, https:\/\/justvape.nu\/wp-content\/uploads\/2018\/05\/Features-555x37.png 555w, https:\/\/justvape.nu\/wp-content\/uploads\/2018\/05\/Features-64x4.png 64w, https:\/\/justvape.nu\/wp-content\/uploads\/2018\/05\/Features-300x20.png 300w, https:\/\/justvape.nu\/wp-content\/uploads\/2018\/05\/Features-768x52.png 768w\" sizes=\"auto, (max-width: 950px) 100vw, 950px\" \/><\/p>\n<p>Dessa b\u00e5gar erbjuder en b\u00f6jd munstycksdesign och passar bekv\u00e4mt runt l\u00e4pparna f\u00f6r en ergonomisk anv\u00e4ndning. F\u00f6r att fylla p\u00e5, kopplar du bara ur silikonproppen p\u00e5 toppen av b\u00e4lgena och fyller med en e-v\u00e4tska efter eget val innan du s\u00e4krar tillbaka, vilket minskar risken f\u00f6r l\u00e4ckage i processen. Installera och ta bort spolar \u00e4r ocks\u00e5 enkelt med en plug and play-design. Kompatibel med Caliburn G-spolarna, som finns i en 0,8 Ohm mesh-spole eller som en 1,0 Ohm-standardspole, rekommenderar vi att du parar ihop dessa b\u00f6cker med PG-e-v\u00e4tskor p\u00e5 50% eller h\u00f6gre f\u00f6r optimala resultat.<\/p>\n<p><img loading=\"lazy\" decoding=\"async\" class=\"alignnone size-full wp-image-18999\" src=\"https:\/\/www.justvape.nu\/wp-content\/uploads\/2018\/04\/Packing-List.png\" alt=\"\" width=\"950\" height=\"64\" title=\"\" srcset=\"https:\/\/justvape.nu\/wp-content\/uploads\/2018\/04\/Packing-List.png 950w, https:\/\/justvape.nu\/wp-content\/uploads\/2018\/04\/Packing-List-555x37.png 555w, https:\/\/justvape.nu\/wp-content\/uploads\/2018\/04\/Packing-List-64x4.png 64w, https:\/\/justvape.nu\/wp-content\/uploads\/2018\/04\/Packing-List-300x20.png 300w, https:\/\/justvape.nu\/wp-content\/uploads\/2018\/04\/Packing-List-768x52.png 768w\" sizes=\"auto, (max-width: 950px) 100vw, 950px\" \/><\/p>\n<ul>\n<li>2 x Uwell Caliburn G 2 ml ers\u00e4ttningsdon<\/li>\n<\/ul>\n","protected":false},"excerpt":{"rendered":"<p>UWELL &#8211; CALIBURN G BYTEPODER<\/p>\n","protected":false},"featured_media":313793,"comment_status":"open","ping_status":"closed","template":"","meta":{"_acf_changed":false,"_uag_custom_page_level_css":"","site-sidebar-layout":"default","site-content-layout":"default","ast-site-content-layout":"default","site-content-style":"default","site-sidebar-style":"default","ast-global-header-display":"","ast-banner-title-visibility":"","ast-main-header-display":"","ast-hfb-above-header-display":"","ast-hfb-below-header-display":"","ast-hfb-mobile-header-display":"","site-post-title":"","ast-breadcrumbs-content":"","ast-featured-img":"","footer-sml-layout":"","ast-disable-related-posts":"","theme-transparent-header-meta":"default","adv-header-id-meta":"","stick-header-meta":"default","header-above-stick-meta":"","header-main-stick-meta":"","header-below-stick-meta":"","astra-migrate-meta-layouts":"default","ast-page-background-enabled":"default","ast-page-background-meta":{"desktop":{"background-color":"","background-image":"","background-repeat":"repeat","background-position":"center center","background-size":"auto","background-attachment":"scroll","background-type":"","background-media":"","overlay-type":"","overlay-color":"","overlay-opacity":"","overlay-gradient":""},"tablet":{"background-color":"","background-image":"","background-repeat":"repeat","background-position":"center center","background-size":"auto","background-attachment":"scroll","background-type":"","background-media":"","overlay-type":"","overlay-color":"","overlay-opacity":"","overlay-gradient":""},"mobile":{"background-color":"","background-image":"","background-repeat":"repeat","background-position":"center center","background-size":"auto","background-attachment":"scroll","background-type":"","background-media":"","overlay-type":"","overlay-color":"","overlay-opacity":"","overlay-gradient":""}},"ast-content-background-meta":{"desktop":{"background-color":"var(--ast-global-color-5)","background-image":"","background-repeat":"repeat","background-position":"center center","background-size":"auto","background-attachment":"scroll","background-type":"","background-media":"","overlay-type":"","overlay-color":"","overlay-opacity":"","overlay-gradient":""},"tablet":{"background-color":"var(--ast-global-color-5)","background-image":"","background-repeat":"repeat","background-position":"center center","background-size":"auto","background-attachment":"scroll","background-type":"","background-media":"","overlay-type":"","overlay-color":"","overlay-opacity":"","overlay-gradient":""},"mobile":{"background-color":"var(--ast-global-color-5)","background-image":"","background-repeat":"repeat","background-position":"center center","background-size":"auto","background-attachment":"scroll","background-type":"","background-media":"","overlay-type":"","overlay-color":"","overlay-opacity":"","overlay-gradient":""}}},"product_brand":[],"product_cat":[2532,2533,2064,1984],"product_tag":[],"class_list":{"0":"post-321627","1":"product","2":"type-product","3":"status-publish","4":"has-post-thumbnail","6":"product_cat-hardware-sv","7":"product_cat-shop-by-brand-sv","8":"product_cat-spolar-pods","9":"product_cat-tankar-spolar","10":"desktop-align-center","11":"tablet-align-center","12":"mobile-align-center","13":"ast-product-gallery-layout-horizontal-slider","14":"ast-product-gallery-with-no-image","15":"ast-product-tabs-layout-horizontal","17":"first","18":"instock","19":"sale","20":"taxable","21":"shipping-taxable","22":"purchasable","23":"product-type-simple"},"acf":[],"uagb_featured_image_src":{"full":["https:\/\/justvape.nu\/wp-content\/uploads\/2021\/01\/uwell-caliburn-g-replacement-pods-pack-of-2_justvape.jpg",800,800,false],"thumbnail":["https:\/\/justvape.nu\/wp-content\/uploads\/2021\/01\/uwell-caliburn-g-replacement-pods-pack-of-2_justvape-150x150.jpg",150,150,true],"medium":["https:\/\/justvape.nu\/wp-content\/uploads\/2021\/01\/uwell-caliburn-g-replacement-pods-pack-of-2_justvape-300x300.jpg",300,300,true],"medium_large":["https:\/\/justvape.nu\/wp-content\/uploads\/2021\/01\/uwell-caliburn-g-replacement-pods-pack-of-2_justvape-768x768.jpg",768,768,true],"large":["https:\/\/justvape.nu\/wp-content\/uploads\/2021\/01\/uwell-caliburn-g-replacement-pods-pack-of-2_justvape.jpg",800,800,false],"1536x1536":["https:\/\/justvape.nu\/wp-content\/uploads\/2021\/01\/uwell-caliburn-g-replacement-pods-pack-of-2_justvape.jpg",800,800,false],"2048x2048":["https:\/\/justvape.nu\/wp-content\/uploads\/2021\/01\/uwell-caliburn-g-replacement-pods-pack-of-2_justvape.jpg",800,800,false],"woocommerce_thumbnail":["https:\/\/justvape.nu\/wp-content\/uploads\/2021\/01\/uwell-caliburn-g-replacement-pods-pack-of-2_justvape-300x300.jpg",300,300,true],"woocommerce_single":["https:\/\/justvape.nu\/wp-content\/uploads\/2021\/01\/uwell-caliburn-g-replacement-pods-pack-of-2_justvape-600x600.jpg",600,600,true],"woocommerce_gallery_thumbnail":["https:\/\/justvape.nu\/wp-content\/uploads\/2021\/01\/uwell-caliburn-g-replacement-pods-pack-of-2_justvape-100x100.jpg",100,100,true],"dgwt-wcas-product-suggestion":["https:\/\/justvape.nu\/wp-content\/uploads\/2021\/01\/uwell-caliburn-g-replacement-pods-pack-of-2_justvape-64x64.jpg",64,64,true]},"uagb_author_info":{"display_name":"JustVape.nu","author_link":"https:\/\/justvape.nu\/sv\/author\/"},"uagb_comment_info":0,"uagb_excerpt":"UWELL - CALIBURN G BYTEPODER","_links":{"self":[{"href":"https:\/\/justvape.nu\/sv\/wp-json\/wp\/v2\/product\/321627","targetHints":{"allow":["GET"]}}],"collection":[{"href":"https:\/\/justvape.nu\/sv\/wp-json\/wp\/v2\/product"}],"about":[{"href":"https:\/\/justvape.nu\/sv\/wp-json\/wp\/v2\/types\/product"}],"replies":[{"embeddable":true,"href":"https:\/\/justvape.nu\/sv\/wp-json\/wp\/v2\/comments?post=321627"}],"wp:featuredmedia":[{"embeddable":true,"href":"https:\/\/justvape.nu\/sv\/wp-json\/wp\/v2\/media\/313793"}],"wp:attachment":[{"href":"https:\/\/justvape.nu\/sv\/wp-json\/wp\/v2\/media?parent=321627"}],"wp:term":[{"taxonomy":"product_brand","embeddable":true,"href":"https:\/\/justvape.nu\/sv\/wp-json\/wp\/v2\/product_brand?post=321627"},{"taxonomy":"product_cat","embeddable":true,"href":"https:\/\/justvape.nu\/sv\/wp-json\/wp\/v2\/product_cat?post=321627"},{"taxonomy":"product_tag","embeddable":true,"href":"https:\/\/justvape.nu\/sv\/wp-json\/wp\/v2\/product_tag?post=321627"}],"curies":[{"name":"wp","href":"https:\/\/api.w.org\/{rel}","templated":true}]}}