{"id":319071,"date":"2021-02-22T12:31:06","date_gmt":"2021-02-22T11:31:06","guid":{"rendered":"https:\/\/www.justvape.nu\/produkt\/aspire-guroo-tank-2ml\/"},"modified":"2024-04-09T15:49:22","modified_gmt":"2024-04-09T13:49:22","slug":"aspire-guroo-tank-2ml","status":"publish","type":"product","link":"https:\/\/justvape.nu\/sv\/produkt\/aspire-guroo-tank-2ml\/","title":{"rendered":"ASPIRE &#8211; GUROO TANK 2ML"},"content":{"rendered":"<h2>ASPIRE &#8211; GUROO TANK 2ML<\/h2>\n<p>Aspire Guroo vape-tanken har utformats f\u00f6r att st\u00f6dja under-ohm-vaping, som kan st\u00f6dja en h\u00f6g effekt, det skapar en stor volym \u00e5nga. Kan h\u00e5lla upp till 2 ml av din favorit e-v\u00e4tska, den har moderna till\u00e4gg som toppfyllning och justerbart luftfl\u00f6de. F\u00f6r att f\u00f6rb\u00e4ttra kompatibiliteten finns det tv\u00e5 typer av spole tillg\u00e4ngliga och en 510-anslutning vilket inneb\u00e4r att den kan anv\u00e4ndas med en rad vape-enheter.<\/p>\n<p>Den \u00f6versta p\u00e5fyllningsmekanismen p\u00e5 denna tank inneb\u00e4r att p\u00e5fyllning av en enkel uppgift och glidmekanismen avsl\u00f6jar en stor juice-port som passar de flesta e-flytande flasknibbar. Det justerbara luftfl\u00f6det ger dig full kontroll \u00f6ver \u00e5ngfl\u00f6det f\u00f6r en t\u00e4tare eller l\u00f6s andning. Dessa funktioner s\u00e4kerst\u00e4ller att vardagligt underh\u00e5ll och f\u00f6rsta inst\u00e4llning \u00e4r enkla, medan den kvalitetsbearbetning som finns p\u00e5 denna tank g\u00f6r demontering f\u00f6r reng\u00f6ring mycket smidig.<\/p>\n<p>Varje tank inneh\u00e5ller tv\u00e5 Aspire Guroo-spolar, som b\u00e5da har en &#8221;pop-up&#8221; -design, vilket inneb\u00e4r att de kan installeras utan att beh\u00f6va skruvas i en g\u00e4nga. Spolarna sj\u00e4lva har b\u00e5da en n\u00e4tbyggnad som v\u00e4rmer mer e-v\u00e4tska i en snabbare takt f\u00f6r att \u00f6ka \u00e5ng- och smakproduktionen. Dessa spolar \u00e4r konstruerade f\u00f6r DTL-vaping och finns i antingen 0,15 ohm eller 0,3 ohm, vi rekommenderar en e-v\u00e4tska som \u00e4r 70% VG eller h\u00f6gre f\u00f6r att st\u00f6dja dem.<\/p>\n<p>Guroo-tanken \u00e4r kapabel att paras ihop med majoriteten av vape-mods p\u00e5 grund av en 510-anslutning och \u00e4r en 2 ml sub-ohm-tank som ger kvalitetsprestanda f\u00f6r h\u00f6geffektiv vaping.<\/p>\n<p>F\u00f6r att fylla p\u00e5 Guroo-tanken, vrid det \u00f6vre lockets munstycke f\u00f6r att ta bort och fylla juiceporten med valfri e-v\u00e4tska innan du s\u00e4tter tillbaka den.<img loading=\"lazy\" decoding=\"async\" class=\"alignnone size-full wp-image-19187\" src=\"https:\/\/www.justvape.nu\/wp-content\/uploads\/2018\/05\/Color-Schemes.png\" alt=\"\" width=\"950\" height=\"64\" title=\"\" srcset=\"https:\/\/justvape.nu\/wp-content\/uploads\/2018\/05\/Color-Schemes.png 950w, https:\/\/justvape.nu\/wp-content\/uploads\/2018\/05\/Color-Schemes-555x37.png 555w, https:\/\/justvape.nu\/wp-content\/uploads\/2018\/05\/Color-Schemes-64x4.png 64w, https:\/\/justvape.nu\/wp-content\/uploads\/2018\/05\/Color-Schemes-300x20.png 300w, https:\/\/justvape.nu\/wp-content\/uploads\/2018\/05\/Color-Schemes-768x52.png 768w\" sizes=\"auto, (max-width: 950px) 100vw, 950px\" \/><\/p>\n<p><img loading=\"lazy\" decoding=\"async\" class=\"alignnone size-full wp-image-318302\" src=\"https:\/\/www.justvape.nu\/wp-content\/uploads\/2021\/02\/aspire-guroo-tank-color-justvape.jpg\" alt=\"\" width=\"950\" height=\"422\" title=\"\" srcset=\"https:\/\/justvape.nu\/wp-content\/uploads\/2021\/02\/aspire-guroo-tank-color-justvape.jpg 950w, https:\/\/justvape.nu\/wp-content\/uploads\/2021\/02\/aspire-guroo-tank-color-justvape-600x267.jpg 600w, https:\/\/justvape.nu\/wp-content\/uploads\/2021\/02\/aspire-guroo-tank-color-justvape-64x28.jpg 64w, https:\/\/justvape.nu\/wp-content\/uploads\/2021\/02\/aspire-guroo-tank-color-justvape-300x133.jpg 300w, https:\/\/justvape.nu\/wp-content\/uploads\/2021\/02\/aspire-guroo-tank-color-justvape-768x341.jpg 768w\" sizes=\"auto, (max-width: 950px) 100vw, 950px\" \/><\/p>\n<p><img loading=\"lazy\" decoding=\"async\" class=\"alignnone size-full wp-image-18994\" src=\"https:\/\/www.justvape.nu\/wp-content\/uploads\/2018\/05\/Features.png\" alt=\"\" width=\"950\" height=\"64\" title=\"\" srcset=\"https:\/\/justvape.nu\/wp-content\/uploads\/2018\/05\/Features.png 950w, https:\/\/justvape.nu\/wp-content\/uploads\/2018\/05\/Features-555x37.png 555w, https:\/\/justvape.nu\/wp-content\/uploads\/2018\/05\/Features-64x4.png 64w, https:\/\/justvape.nu\/wp-content\/uploads\/2018\/05\/Features-300x20.png 300w, https:\/\/justvape.nu\/wp-content\/uploads\/2018\/05\/Features-768x52.png 768w\" sizes=\"auto, (max-width: 950px) 100vw, 950px\" \/><\/p>\n<p>1. 810 utbytbar droppspets<br \/>\n2. Tankkapacitet p\u00e5 2 ml<br \/>\n3. Bekv\u00e4m toppfyllning<br \/>\n4. &#8221;pop-up&#8221; -byte<br \/>\n5. Nedre justerbart luftfl\u00f6de<br \/>\n6. Intensiv smak och t\u00e4t \u00e5nga<\/p>\n<h2><\/h2>\n<figure class=\"figure\"><img loading=\"lazy\" decoding=\"async\" class=\"alignnone size-full wp-image-318329\" src=\"https:\/\/www.justvape.nu\/wp-content\/uploads\/2021\/02\/aspire-guroo-vape-tank-components-justvape.jpg\" alt=\"\" width=\"900\" height=\"900\" title=\"\" srcset=\"https:\/\/justvape.nu\/wp-content\/uploads\/2021\/02\/aspire-guroo-vape-tank-components-justvape.jpg 900w, https:\/\/justvape.nu\/wp-content\/uploads\/2021\/02\/aspire-guroo-vape-tank-components-justvape-300x300.jpg 300w, https:\/\/justvape.nu\/wp-content\/uploads\/2021\/02\/aspire-guroo-vape-tank-components-justvape-100x100.jpg 100w, https:\/\/justvape.nu\/wp-content\/uploads\/2021\/02\/aspire-guroo-vape-tank-components-justvape-600x600.jpg 600w, https:\/\/justvape.nu\/wp-content\/uploads\/2021\/02\/aspire-guroo-vape-tank-components-justvape-64x64.jpg 64w, https:\/\/justvape.nu\/wp-content\/uploads\/2021\/02\/aspire-guroo-vape-tank-components-justvape-150x150.jpg 150w, https:\/\/justvape.nu\/wp-content\/uploads\/2021\/02\/aspire-guroo-vape-tank-components-justvape-768x768.jpg 768w\" sizes=\"auto, (max-width: 900px) 100vw, 900px\" \/><figcaption class=\"figure-caption text-center\"><\/figcaption><\/figure>\n<figure class=\"figure\"><img loading=\"lazy\" decoding=\"async\" class=\"alignnone size-full wp-image-318320\" src=\"https:\/\/www.justvape.nu\/wp-content\/uploads\/2021\/02\/aspire-guroo-vape-tank-refill-justvape.jpg\" alt=\"\" width=\"950\" height=\"505\" title=\"\" srcset=\"https:\/\/justvape.nu\/wp-content\/uploads\/2021\/02\/aspire-guroo-vape-tank-refill-justvape.jpg 950w, https:\/\/justvape.nu\/wp-content\/uploads\/2021\/02\/aspire-guroo-vape-tank-refill-justvape-600x319.jpg 600w, https:\/\/justvape.nu\/wp-content\/uploads\/2021\/02\/aspire-guroo-vape-tank-refill-justvape-64x34.jpg 64w, https:\/\/justvape.nu\/wp-content\/uploads\/2021\/02\/aspire-guroo-vape-tank-refill-justvape-300x159.jpg 300w, https:\/\/justvape.nu\/wp-content\/uploads\/2021\/02\/aspire-guroo-vape-tank-refill-justvape-768x408.jpg 768w\" sizes=\"auto, (max-width: 950px) 100vw, 950px\" \/><\/figure>\n<figure class=\"figure\"><img loading=\"lazy\" decoding=\"async\" class=\"alignnone size-full wp-image-318311\" src=\"https:\/\/www.justvape.nu\/wp-content\/uploads\/2021\/02\/aspire-guroo-vape-tank-airflow-justvape.jpg\" alt=\"\" width=\"950\" height=\"487\" title=\"\" srcset=\"https:\/\/justvape.nu\/wp-content\/uploads\/2021\/02\/aspire-guroo-vape-tank-airflow-justvape.jpg 950w, https:\/\/justvape.nu\/wp-content\/uploads\/2021\/02\/aspire-guroo-vape-tank-airflow-justvape-600x308.jpg 600w, https:\/\/justvape.nu\/wp-content\/uploads\/2021\/02\/aspire-guroo-vape-tank-airflow-justvape-64x33.jpg 64w, https:\/\/justvape.nu\/wp-content\/uploads\/2021\/02\/aspire-guroo-vape-tank-airflow-justvape-300x154.jpg 300w, https:\/\/justvape.nu\/wp-content\/uploads\/2021\/02\/aspire-guroo-vape-tank-airflow-justvape-768x394.jpg 768w\" sizes=\"auto, (max-width: 950px) 100vw, 950px\" \/><\/figure>\n<p><strong><img loading=\"lazy\" decoding=\"async\" class=\"alignnone size-full wp-image-18999\" src=\"https:\/\/www.justvape.nu\/wp-content\/uploads\/2018\/04\/Packing-List.png\" alt=\"\" width=\"950\" height=\"64\" title=\"\" srcset=\"https:\/\/justvape.nu\/wp-content\/uploads\/2018\/04\/Packing-List.png 950w, https:\/\/justvape.nu\/wp-content\/uploads\/2018\/04\/Packing-List-555x37.png 555w, https:\/\/justvape.nu\/wp-content\/uploads\/2018\/04\/Packing-List-64x4.png 64w, https:\/\/justvape.nu\/wp-content\/uploads\/2018\/04\/Packing-List-300x20.png 300w, https:\/\/justvape.nu\/wp-content\/uploads\/2018\/04\/Packing-List-768x52.png 768w\" sizes=\"auto, (max-width: 950px) 100vw, 950px\" \/><\/strong><\/p>\n<ul>\n<li>Aspire Guroo 2ml Vape Tank<\/li>\n<li>Guroo 0,15 Ohm Mesh Coil<\/li>\n<li>Guroo 0,3 Ohm Mesh Coil<\/li>\n<li>Anv\u00e4ndarmanual<\/li>\n<\/ul>\n","protected":false},"excerpt":{"rendered":"<p>ASPIRE &#8211; GUROO TANK 2ML<\/p>\n","protected":false},"featured_media":318346,"comment_status":"open","ping_status":"closed","template":"","meta":{"_acf_changed":false,"_uag_custom_page_level_css":"","site-sidebar-layout":"default","site-content-layout":"default","ast-site-content-layout":"default","site-content-style":"default","site-sidebar-style":"default","ast-global-header-display":"","ast-banner-title-visibility":"","ast-main-header-display":"","ast-hfb-above-header-display":"","ast-hfb-below-header-display":"","ast-hfb-mobile-header-display":"","site-post-title":"","ast-breadcrumbs-content":"","ast-featured-img":"","footer-sml-layout":"","ast-disable-related-posts":"","theme-transparent-header-meta":"default","adv-header-id-meta":"","stick-header-meta":"default","header-above-stick-meta":"","header-main-stick-meta":"","header-below-stick-meta":"","astra-migrate-meta-layouts":"default","ast-page-background-enabled":"default","ast-page-background-meta":{"desktop":{"background-color":"","background-image":"","background-repeat":"repeat","background-position":"center center","background-size":"auto","background-attachment":"scroll","background-type":"","background-media":"","overlay-type":"","overlay-color":"","overlay-opacity":"","overlay-gradient":""},"tablet":{"background-color":"","background-image":"","background-repeat":"repeat","background-position":"center center","background-size":"auto","background-attachment":"scroll","background-type":"","background-media":"","overlay-type":"","overlay-color":"","overlay-opacity":"","overlay-gradient":""},"mobile":{"background-color":"","background-image":"","background-repeat":"repeat","background-position":"center center","background-size":"auto","background-attachment":"scroll","background-type":"","background-media":"","overlay-type":"","overlay-color":"","overlay-opacity":"","overlay-gradient":""}},"ast-content-background-meta":{"desktop":{"background-color":"var(--ast-global-color-5)","background-image":"","background-repeat":"repeat","background-position":"center center","background-size":"auto","background-attachment":"scroll","background-type":"","background-media":"","overlay-type":"","overlay-color":"","overlay-opacity":"","overlay-gradient":""},"tablet":{"background-color":"var(--ast-global-color-5)","background-image":"","background-repeat":"repeat","background-position":"center center","background-size":"auto","background-attachment":"scroll","background-type":"","background-media":"","overlay-type":"","overlay-color":"","overlay-opacity":"","overlay-gradient":""},"mobile":{"background-color":"var(--ast-global-color-5)","background-image":"","background-repeat":"repeat","background-position":"center center","background-size":"auto","background-attachment":"scroll","background-type":"","background-media":"","overlay-type":"","overlay-color":"","overlay-opacity":"","overlay-gradient":""}}},"product_brand":[],"product_cat":[1974,2532,2533,3195,2044,1984],"product_tag":[],"class_list":{"0":"post-319071","1":"product","2":"type-product","3":"status-publish","4":"has-post-thumbnail","6":"product_cat-erbjudanden","7":"product_cat-hardware-sv","8":"product_cat-shop-by-brand-sv","9":"product_cat-strava","10":"product_cat-tankar","11":"product_cat-tankar-spolar","12":"desktop-align-center","13":"tablet-align-center","14":"mobile-align-center","15":"ast-product-gallery-layout-horizontal-slider","16":"ast-product-gallery-with-no-image","17":"ast-product-single-variable","18":"ast-product-tabs-layout-horizontal","20":"first","21":"instock","22":"sale","23":"taxable","24":"shipping-taxable","25":"purchasable","26":"product-type-variable"},"acf":[],"uagb_featured_image_src":{"full":["https:\/\/justvape.nu\/wp-content\/uploads\/2021\/02\/aspire-guroo-tank-justvape.jpg",800,800,false],"thumbnail":["https:\/\/justvape.nu\/wp-content\/uploads\/2021\/02\/aspire-guroo-tank-justvape-150x150.jpg",150,150,true],"medium":["https:\/\/justvape.nu\/wp-content\/uploads\/2021\/02\/aspire-guroo-tank-justvape-300x300.jpg",300,300,true],"medium_large":["https:\/\/justvape.nu\/wp-content\/uploads\/2021\/02\/aspire-guroo-tank-justvape-768x768.jpg",768,768,true],"large":["https:\/\/justvape.nu\/wp-content\/uploads\/2021\/02\/aspire-guroo-tank-justvape.jpg",800,800,false],"1536x1536":["https:\/\/justvape.nu\/wp-content\/uploads\/2021\/02\/aspire-guroo-tank-justvape.jpg",800,800,false],"2048x2048":["https:\/\/justvape.nu\/wp-content\/uploads\/2021\/02\/aspire-guroo-tank-justvape.jpg",800,800,false],"woocommerce_thumbnail":["https:\/\/justvape.nu\/wp-content\/uploads\/2021\/02\/aspire-guroo-tank-justvape-300x300.jpg",300,300,true],"woocommerce_single":["https:\/\/justvape.nu\/wp-content\/uploads\/2021\/02\/aspire-guroo-tank-justvape-600x600.jpg",600,600,true],"woocommerce_gallery_thumbnail":["https:\/\/justvape.nu\/wp-content\/uploads\/2021\/02\/aspire-guroo-tank-justvape-100x100.jpg",100,100,true],"dgwt-wcas-product-suggestion":["https:\/\/justvape.nu\/wp-content\/uploads\/2021\/02\/aspire-guroo-tank-justvape-64x64.jpg",64,64,true]},"uagb_author_info":{"display_name":"JustVape.nu","author_link":"https:\/\/justvape.nu\/sv\/author\/"},"uagb_comment_info":0,"uagb_excerpt":"ASPIRE - GUROO TANK 2ML","_links":{"self":[{"href":"https:\/\/justvape.nu\/sv\/wp-json\/wp\/v2\/product\/319071","targetHints":{"allow":["GET"]}}],"collection":[{"href":"https:\/\/justvape.nu\/sv\/wp-json\/wp\/v2\/product"}],"about":[{"href":"https:\/\/justvape.nu\/sv\/wp-json\/wp\/v2\/types\/product"}],"replies":[{"embeddable":true,"href":"https:\/\/justvape.nu\/sv\/wp-json\/wp\/v2\/comments?post=319071"}],"wp:featuredmedia":[{"embeddable":true,"href":"https:\/\/justvape.nu\/sv\/wp-json\/wp\/v2\/media\/318346"}],"wp:attachment":[{"href":"https:\/\/justvape.nu\/sv\/wp-json\/wp\/v2\/media?parent=319071"}],"wp:term":[{"taxonomy":"product_brand","embeddable":true,"href":"https:\/\/justvape.nu\/sv\/wp-json\/wp\/v2\/product_brand?post=319071"},{"taxonomy":"product_cat","embeddable":true,"href":"https:\/\/justvape.nu\/sv\/wp-json\/wp\/v2\/product_cat?post=319071"},{"taxonomy":"product_tag","embeddable":true,"href":"https:\/\/justvape.nu\/sv\/wp-json\/wp\/v2\/product_tag?post=319071"}],"curies":[{"name":"wp","href":"https:\/\/api.w.org\/{rel}","templated":true}]}}