{"id":318958,"date":"2021-02-15T22:28:55","date_gmt":"2021-02-15T21:28:55","guid":{"rendered":"https:\/\/www.justvape.nu\/produkt\/aspire-odan-evo-tank-2ml\/"},"modified":"2024-04-09T15:49:00","modified_gmt":"2024-04-09T13:49:00","slug":"aspire-odan-evo-2ml","status":"publish","type":"product","link":"https:\/\/justvape.nu\/sv\/produkt\/aspire-odan-evo-2ml\/","title":{"rendered":"Aspire &#8211; Odan Evo Tank 2ml"},"content":{"rendered":"<h2>Aspire &#8211; Odan Evo Tank 2ml<\/h2>\n<p>&nbsp;<\/p>\n<p>Aspire Odan EVO Tank \u00e4r en toppmodern sub-ohm-tank som \u00e4r kompatibel med alla mod. Tanken har en e-v\u00e4tskekapacitet p\u00e5 2 ml och har ett enkelt toppfyllningssystem f\u00f6r att g\u00f6ra p\u00e5fyllningsprocessen en bris. Med ett bottenjusterbart luftfl\u00f6de g\u00f6r Odan evo-tanken att du kan anpassa din vaping-upplevelse. Du kan v\u00e4lja mellan en stramare dragning eller en mer luftig dragning med en enkel vridning av en ring. Hur som helst kommer det att ge dig utm\u00e4rkt moln- och smakproduktion. Odan EVO-tanken \u00e4r kompatibel med Odan-spolar, som \u00e4r perfekta f\u00f6r sub-ohm-vaping.<\/p>\n<p><img loading=\"lazy\" decoding=\"async\" class=\"alignnone size-full wp-image-19187\" src=\"https:\/\/www.justvape.nu\/wp-content\/uploads\/2018\/05\/Color-Schemes.png\" alt=\"\" width=\"950\" height=\"64\" title=\"\" srcset=\"https:\/\/justvape.nu\/wp-content\/uploads\/2018\/05\/Color-Schemes.png 950w, https:\/\/justvape.nu\/wp-content\/uploads\/2018\/05\/Color-Schemes-555x37.png 555w, https:\/\/justvape.nu\/wp-content\/uploads\/2018\/05\/Color-Schemes-64x4.png 64w, https:\/\/justvape.nu\/wp-content\/uploads\/2018\/05\/Color-Schemes-300x20.png 300w, https:\/\/justvape.nu\/wp-content\/uploads\/2018\/05\/Color-Schemes-768x52.png 768w\" sizes=\"auto, (max-width: 950px) 100vw, 950px\" \/><\/p>\n<p><img loading=\"lazy\" decoding=\"async\" class=\"alignnone size-full wp-image-317642\" src=\"https:\/\/www.justvape.nu\/wp-content\/uploads\/2021\/02\/aspire-odan-evo-color-justvape.jpg\" alt=\"\" width=\"950\" height=\"392\" title=\"\" srcset=\"https:\/\/justvape.nu\/wp-content\/uploads\/2021\/02\/aspire-odan-evo-color-justvape.jpg 950w, https:\/\/justvape.nu\/wp-content\/uploads\/2021\/02\/aspire-odan-evo-color-justvape-600x248.jpg 600w, https:\/\/justvape.nu\/wp-content\/uploads\/2021\/02\/aspire-odan-evo-color-justvape-64x26.jpg 64w, https:\/\/justvape.nu\/wp-content\/uploads\/2021\/02\/aspire-odan-evo-color-justvape-300x124.jpg 300w, https:\/\/justvape.nu\/wp-content\/uploads\/2021\/02\/aspire-odan-evo-color-justvape-768x317.jpg 768w\" sizes=\"auto, (max-width: 950px) 100vw, 950px\" \/><\/p>\n<p><img loading=\"lazy\" decoding=\"async\" class=\"alignnone size-full wp-image-18994\" src=\"https:\/\/www.justvape.nu\/wp-content\/uploads\/2018\/05\/Features.png\" alt=\"\" width=\"950\" height=\"64\" title=\"\" srcset=\"https:\/\/justvape.nu\/wp-content\/uploads\/2018\/05\/Features.png 950w, https:\/\/justvape.nu\/wp-content\/uploads\/2018\/05\/Features-555x37.png 555w, https:\/\/justvape.nu\/wp-content\/uploads\/2018\/05\/Features-64x4.png 64w, https:\/\/justvape.nu\/wp-content\/uploads\/2018\/05\/Features-300x20.png 300w, https:\/\/justvape.nu\/wp-content\/uploads\/2018\/05\/Features-768x52.png 768w\" sizes=\"auto, (max-width: 950px) 100vw, 950px\" \/><\/p>\n<p><strong>Funktioner:<\/strong><br \/>\n26mm diameter<br \/>\n2 ml p\u00e5fyllningsbar tankkapacitet<br \/>\nPyrex glasf\u00f6rst\u00e4rkning<br \/>\nSuperior 304 rostfritt st\u00e5l konstruktion<br \/>\nToppfyllningssystem &#8211; kvartalsvarv<br \/>\nAspire ODAN Coil-serie<br \/>\n0,3 ohm Mesh-spolar<br \/>\n0,18 ohm Mesh-spolar<br \/>\nPress-Fit spolinstallation<br \/>\nDubbel slitsad luftfl\u00f6desreglering<br \/>\nG\u00e4ngad 510-anslutning<br \/>\nFinns i rostfritt st\u00e5l<\/p>\n<p><img loading=\"lazy\" decoding=\"async\" class=\"alignnone size-full wp-image-317651\" src=\"https:\/\/www.justvape.nu\/wp-content\/uploads\/2021\/02\/aspire-odan-evo-specification-justvape.png\" alt=\"\" width=\"950\" height=\"513\" title=\"\" srcset=\"https:\/\/justvape.nu\/wp-content\/uploads\/2021\/02\/aspire-odan-evo-specification-justvape.png 950w, https:\/\/justvape.nu\/wp-content\/uploads\/2021\/02\/aspire-odan-evo-specification-justvape-600x324.png 600w, https:\/\/justvape.nu\/wp-content\/uploads\/2021\/02\/aspire-odan-evo-specification-justvape-64x35.png 64w, https:\/\/justvape.nu\/wp-content\/uploads\/2021\/02\/aspire-odan-evo-specification-justvape-300x162.png 300w, https:\/\/justvape.nu\/wp-content\/uploads\/2021\/02\/aspire-odan-evo-specification-justvape-768x415.png 768w\" sizes=\"auto, (max-width: 950px) 100vw, 950px\" \/><\/p>\n<p><img loading=\"lazy\" decoding=\"async\" class=\"alignnone size-full wp-image-317660\" src=\"https:\/\/www.justvape.nu\/wp-content\/uploads\/2021\/02\/aspire-odan-evo-filling-justvape.jpg\" alt=\"\" width=\"950\" height=\"550\" title=\"\" srcset=\"https:\/\/justvape.nu\/wp-content\/uploads\/2021\/02\/aspire-odan-evo-filling-justvape.jpg 950w, https:\/\/justvape.nu\/wp-content\/uploads\/2021\/02\/aspire-odan-evo-filling-justvape-600x347.jpg 600w, https:\/\/justvape.nu\/wp-content\/uploads\/2021\/02\/aspire-odan-evo-filling-justvape-64x37.jpg 64w, https:\/\/justvape.nu\/wp-content\/uploads\/2021\/02\/aspire-odan-evo-filling-justvape-300x174.jpg 300w, https:\/\/justvape.nu\/wp-content\/uploads\/2021\/02\/aspire-odan-evo-filling-justvape-768x445.jpg 768w\" sizes=\"auto, (max-width: 950px) 100vw, 950px\" \/><\/p>\n<p><img loading=\"lazy\" decoding=\"async\" class=\"alignnone size-full wp-image-18999\" src=\"https:\/\/www.justvape.nu\/wp-content\/uploads\/2018\/04\/Packing-List.png\" alt=\"\" width=\"950\" height=\"64\" title=\"\" srcset=\"https:\/\/justvape.nu\/wp-content\/uploads\/2018\/04\/Packing-List.png 950w, https:\/\/justvape.nu\/wp-content\/uploads\/2018\/04\/Packing-List-555x37.png 555w, https:\/\/justvape.nu\/wp-content\/uploads\/2018\/04\/Packing-List-64x4.png 64w, https:\/\/justvape.nu\/wp-content\/uploads\/2018\/04\/Packing-List-300x20.png 300w, https:\/\/justvape.nu\/wp-content\/uploads\/2018\/04\/Packing-List-768x52.png 768w\" sizes=\"auto, (max-width: 950px) 100vw, 950px\" \/><\/p>\n<ul>\n<li>1 x Odan EVO-tank<\/li>\n<li>1 x Odan Mesh Coil 0.3 (f\u00f6rinstallerad)<\/li>\n<li>1 x Odan Mesh Coil 0,18\u03a9<\/li>\n<li>1 x anv\u00e4ndarhandbok<\/li>\n<li>1 x upps\u00e4ttning O-ringar<\/li>\n<\/ul>\n","protected":false},"excerpt":{"rendered":"<p>Aspire &#8211; Odan Evo Tank 2ml<\/p>\n","protected":false},"featured_media":317683,"comment_status":"open","ping_status":"closed","template":"","meta":{"_acf_changed":false,"_uag_custom_page_level_css":"","site-sidebar-layout":"default","site-content-layout":"default","ast-site-content-layout":"default","site-content-style":"default","site-sidebar-style":"default","ast-global-header-display":"","ast-banner-title-visibility":"","ast-main-header-display":"","ast-hfb-above-header-display":"","ast-hfb-below-header-display":"","ast-hfb-mobile-header-display":"","site-post-title":"","ast-breadcrumbs-content":"","ast-featured-img":"","footer-sml-layout":"","ast-disable-related-posts":"","theme-transparent-header-meta":"default","adv-header-id-meta":"","stick-header-meta":"default","header-above-stick-meta":"","header-main-stick-meta":"","header-below-stick-meta":"","astra-migrate-meta-layouts":"default","ast-page-background-enabled":"default","ast-page-background-meta":{"desktop":{"background-color":"","background-image":"","background-repeat":"repeat","background-position":"center center","background-size":"auto","background-attachment":"scroll","background-type":"","background-media":"","overlay-type":"","overlay-color":"","overlay-opacity":"","overlay-gradient":""},"tablet":{"background-color":"","background-image":"","background-repeat":"repeat","background-position":"center center","background-size":"auto","background-attachment":"scroll","background-type":"","background-media":"","overlay-type":"","overlay-color":"","overlay-opacity":"","overlay-gradient":""},"mobile":{"background-color":"","background-image":"","background-repeat":"repeat","background-position":"center center","background-size":"auto","background-attachment":"scroll","background-type":"","background-media":"","overlay-type":"","overlay-color":"","overlay-opacity":"","overlay-gradient":""}},"ast-content-background-meta":{"desktop":{"background-color":"var(--ast-global-color-5)","background-image":"","background-repeat":"repeat","background-position":"center center","background-size":"auto","background-attachment":"scroll","background-type":"","background-media":"","overlay-type":"","overlay-color":"","overlay-opacity":"","overlay-gradient":""},"tablet":{"background-color":"var(--ast-global-color-5)","background-image":"","background-repeat":"repeat","background-position":"center center","background-size":"auto","background-attachment":"scroll","background-type":"","background-media":"","overlay-type":"","overlay-color":"","overlay-opacity":"","overlay-gradient":""},"mobile":{"background-color":"var(--ast-global-color-5)","background-image":"","background-repeat":"repeat","background-position":"center center","background-size":"auto","background-attachment":"scroll","background-type":"","background-media":"","overlay-type":"","overlay-color":"","overlay-opacity":"","overlay-gradient":""}}},"product_brand":[],"product_cat":[1974,2532,2533,3195,2044,1984],"product_tag":[],"class_list":{"0":"post-318958","1":"product","2":"type-product","3":"status-publish","4":"has-post-thumbnail","6":"product_cat-erbjudanden","7":"product_cat-hardware-sv","8":"product_cat-shop-by-brand-sv","9":"product_cat-strava","10":"product_cat-tankar","11":"product_cat-tankar-spolar","12":"desktop-align-center","13":"tablet-align-center","14":"mobile-align-center","15":"ast-product-gallery-layout-horizontal-slider","16":"ast-product-gallery-with-no-image","17":"ast-product-single-variable","18":"ast-product-tabs-layout-horizontal","20":"first","21":"instock","22":"sale","23":"taxable","24":"shipping-taxable","25":"purchasable","26":"product-type-variable"},"acf":[],"uagb_featured_image_src":{"full":["https:\/\/justvape.nu\/wp-content\/uploads\/2021\/02\/OdenEvo5_justvape.jpg",800,800,false],"thumbnail":["https:\/\/justvape.nu\/wp-content\/uploads\/2021\/02\/OdenEvo5_justvape-150x150.jpg",150,150,true],"medium":["https:\/\/justvape.nu\/wp-content\/uploads\/2021\/02\/OdenEvo5_justvape-300x300.jpg",300,300,true],"medium_large":["https:\/\/justvape.nu\/wp-content\/uploads\/2021\/02\/OdenEvo5_justvape-768x768.jpg",768,768,true],"large":["https:\/\/justvape.nu\/wp-content\/uploads\/2021\/02\/OdenEvo5_justvape.jpg",800,800,false],"1536x1536":["https:\/\/justvape.nu\/wp-content\/uploads\/2021\/02\/OdenEvo5_justvape.jpg",800,800,false],"2048x2048":["https:\/\/justvape.nu\/wp-content\/uploads\/2021\/02\/OdenEvo5_justvape.jpg",800,800,false],"woocommerce_thumbnail":["https:\/\/justvape.nu\/wp-content\/uploads\/2021\/02\/OdenEvo5_justvape-300x300.jpg",300,300,true],"woocommerce_single":["https:\/\/justvape.nu\/wp-content\/uploads\/2021\/02\/OdenEvo5_justvape-600x600.jpg",600,600,true],"woocommerce_gallery_thumbnail":["https:\/\/justvape.nu\/wp-content\/uploads\/2021\/02\/OdenEvo5_justvape-100x100.jpg",100,100,true],"dgwt-wcas-product-suggestion":["https:\/\/justvape.nu\/wp-content\/uploads\/2021\/02\/OdenEvo5_justvape-64x64.jpg",64,64,true]},"uagb_author_info":{"display_name":"JustVape.nu","author_link":"https:\/\/justvape.nu\/sv\/author\/"},"uagb_comment_info":0,"uagb_excerpt":"Aspire - Odan Evo Tank 2ml","_links":{"self":[{"href":"https:\/\/justvape.nu\/sv\/wp-json\/wp\/v2\/product\/318958","targetHints":{"allow":["GET"]}}],"collection":[{"href":"https:\/\/justvape.nu\/sv\/wp-json\/wp\/v2\/product"}],"about":[{"href":"https:\/\/justvape.nu\/sv\/wp-json\/wp\/v2\/types\/product"}],"replies":[{"embeddable":true,"href":"https:\/\/justvape.nu\/sv\/wp-json\/wp\/v2\/comments?post=318958"}],"wp:featuredmedia":[{"embeddable":true,"href":"https:\/\/justvape.nu\/sv\/wp-json\/wp\/v2\/media\/317683"}],"wp:attachment":[{"href":"https:\/\/justvape.nu\/sv\/wp-json\/wp\/v2\/media?parent=318958"}],"wp:term":[{"taxonomy":"product_brand","embeddable":true,"href":"https:\/\/justvape.nu\/sv\/wp-json\/wp\/v2\/product_brand?post=318958"},{"taxonomy":"product_cat","embeddable":true,"href":"https:\/\/justvape.nu\/sv\/wp-json\/wp\/v2\/product_cat?post=318958"},{"taxonomy":"product_tag","embeddable":true,"href":"https:\/\/justvape.nu\/sv\/wp-json\/wp\/v2\/product_tag?post=318958"}],"curies":[{"name":"wp","href":"https:\/\/api.w.org\/{rel}","templated":true}]}}