{"id":414378,"date":"2021-12-14T10:55:38","date_gmt":"2021-12-14T09:55:38","guid":{"rendered":"https:\/\/justvape.nu\/?page_id=414378"},"modified":"2021-12-29T13:54:44","modified_gmt":"2021-12-29T12:54:44","slug":"fraktfragor","status":"publish","type":"page","link":"https:\/\/justvape.nu\/sv\/fraktfragor\/","title":{"rendered":"Vanliga fr\u00e5gor om frakt"},"content":{"rendered":"<p><strong>Du kan sp\u00e5ra din best\u00e4llning genom att klicka p\u00e5 det alternativ du v\u00e4ljer att skicka med, kopiera helt enkelt sp\u00e5rningskoden och klicka p\u00e5 det valda fraktalternativet.<\/strong><\/p>\n<p><a href=\"https:\/\/www.dhl.com\/en\/express\/tracking.html\" target=\"_blank\" rel=\"nofollow noopener\"><strong>DHL<\/strong><\/a><\/p>\n<p><a href=\"https:\/\/tracking.packeta.com\/en\/tracking\/search\" target=\"_blank\" rel=\"nofollow noopener\"><strong>Packeta<\/strong><\/a><\/p>\n<p><a href=\"https:\/\/www.asendia.com\/\" target=\"_blank\" rel=\"nofollow noopener\"><strong>Asendia<\/strong><\/a><\/p>\n<p><a href=\"https:\/\/postnl.post\/\" target=\"_blank\" rel=\"nofollow noopener\"><strong>POST NL<\/strong><\/a><\/p>\n<p><strong><a href=\"https:\/\/www.theupsstore.com\/tools\/track-a-package\" target=\"_blank\" rel=\"nofollow noopener\">POSTEN<\/a><\/strong><\/p>\n<p><strong><a href=\"https:\/\/www.sps-sro.sk\/en\/Welcome-to-the-SPS.html\" target=\"_blank\" rel=\"noopener\">SPS<\/a><\/strong><\/p>\n<p><strong>DHL<\/strong> : Om du har valt DHL \/ DHL Express kan du hantera din f\u00f6rs\u00e4ndelse med den officiella DHL \/ DHL Express-appen. D\u00e4r kan du \u00e4ndra leveransalternativet till n\u00e5gon av DHL:s m\u00e5nga servicest\u00e4llen om du inte \u00e4r hemma vid den givna tidpunkten DHL kommer och levererar paketet.<\/p>\n<p><strong>Asendia:<\/strong> Med Asendia kommer du inte att kunna sp\u00e5ra paketet de f\u00f6rsta 2-3 arbetsdagarna p\u00e5 grund av transport av paketet fr\u00e5n v\u00e5rt lager till Asendias sorteringsanl\u00e4ggning i Tyskland. N\u00e4r Asendia tar emot det kommer du att kunna se uppdateringar om paketet fr\u00e5n den punkten.<\/p>\n<p><strong>All Post:<\/strong> Med post kan du sp\u00e5ra ditt paket med Packeta tills ditt paket anl\u00e4nder till ditt land, sp\u00e5rningen som ger fr\u00e5n post fungerar inte innan det kommer till den valda posttj\u00e4nsten i ditt land. N\u00e4r du kommit till vald posttj\u00e4nst kan du sp\u00e5ra den via vald tj\u00e4nst. Observera att det \u00e4r normalt att paketet inte har n\u00e5gra uppdateringar fr\u00e5n Prags sorteringsanl\u00e4ggning f\u00f6rr\u00e4n paketet anl\u00e4nder till ditt land och det tar normalt cirka 2-3 arbetsdagar innan paketet som transporteras fr\u00e5n Prags postsorteringsanl\u00e4ggning anl\u00e4nder till ditt land.<\/p>\n","protected":false},"excerpt":{"rendered":"<p>Du kan sp\u00e5ra din best\u00e4llning genom att klicka p\u00e5 det alternativ du v\u00e4ljer att skicka med, kopiera helt enkelt sp\u00e5rningskoden och klicka p\u00e5 det valda fraktalternativet. DHL Packeta Asendia POST NL POSTEN SPS DHL : Om du har valt DHL \/ DHL Express kan du hantera din f\u00f6rs\u00e4ndelse med den officiella DHL \/ DHL Express-appen. [&hellip;]<\/p>\n","protected":false},"author":7016,"featured_media":0,"parent":0,"menu_order":0,"comment_status":"closed","ping_status":"closed","template":"","meta":{"_acf_changed":false,"_uag_custom_page_level_css":"","site-sidebar-layout":"default","site-content-layout":"default","ast-site-content-layout":"default","site-content-style":"default","site-sidebar-style":"default","ast-global-header-display":"","ast-banner-title-visibility":"","ast-main-header-display":"","ast-hfb-above-header-display":"","ast-hfb-below-header-display":"","ast-hfb-mobile-header-display":"","site-post-title":"","ast-breadcrumbs-content":"","ast-featured-img":"","footer-sml-layout":"","ast-disable-related-posts":"","theme-transparent-header-meta":"default","adv-header-id-meta":"","stick-header-meta":"default","header-above-stick-meta":"","header-main-stick-meta":"","header-below-stick-meta":"","astra-migrate-meta-layouts":"default","ast-page-background-enabled":"default","ast-page-background-meta":{"desktop":{"background-color":"","background-image":"","background-repeat":"repeat","background-position":"center center","background-size":"auto","background-attachment":"scroll","background-type":"","background-media":"","overlay-type":"","overlay-color":"","overlay-opacity":"","overlay-gradient":""},"tablet":{"background-color":"","background-image":"","background-repeat":"repeat","background-position":"center center","background-size":"auto","background-attachment":"scroll","background-type":"","background-media":"","overlay-type":"","overlay-color":"","overlay-opacity":"","overlay-gradient":""},"mobile":{"background-color":"","background-image":"","background-repeat":"repeat","background-position":"center center","background-size":"auto","background-attachment":"scroll","background-type":"","background-media":"","overlay-type":"","overlay-color":"","overlay-opacity":"","overlay-gradient":""}},"ast-content-background-meta":{"desktop":{"background-color":"var(--ast-global-color-5)","background-image":"","background-repeat":"repeat","background-position":"center center","background-size":"auto","background-attachment":"scroll","background-type":"","background-media":"","overlay-type":"","overlay-color":"","overlay-opacity":"","overlay-gradient":""},"tablet":{"background-color":"var(--ast-global-color-5)","background-image":"","background-repeat":"repeat","background-position":"center center","background-size":"auto","background-attachment":"scroll","background-type":"","background-media":"","overlay-type":"","overlay-color":"","overlay-opacity":"","overlay-gradient":""},"mobile":{"background-color":"var(--ast-global-color-5)","background-image":"","background-repeat":"repeat","background-position":"center center","background-size":"auto","background-attachment":"scroll","background-type":"","background-media":"","overlay-type":"","overlay-color":"","overlay-opacity":"","overlay-gradient":""}},"footnotes":""},"class_list":["post-414378","page","type-page","status-publish","hentry"],"acf":[],"uagb_featured_image_src":{"full":false,"thumbnail":false,"medium":false,"medium_large":false,"large":false,"1536x1536":false,"2048x2048":false,"woocommerce_thumbnail":false,"woocommerce_single":false,"woocommerce_gallery_thumbnail":false,"dgwt-wcas-product-suggestion":false},"uagb_author_info":{"display_name":"Fenilft","author_link":"https:\/\/justvape.nu\/sv\/author\/fenilft\/"},"uagb_comment_info":0,"uagb_excerpt":"Du kan sp\u00e5ra din best\u00e4llning genom att klicka p\u00e5 det alternativ du v\u00e4ljer att skicka med, kopiera helt enkelt sp\u00e5rningskoden och klicka p\u00e5 det valda fraktalternativet. DHL Packeta Asendia POST NL POSTEN SPS DHL : Om du har valt DHL \/ DHL Express kan du hantera din f\u00f6rs\u00e4ndelse med den officiella DHL \/ DHL Express-appen.&hellip;","_links":{"self":[{"href":"https:\/\/justvape.nu\/sv\/wp-json\/wp\/v2\/pages\/414378","targetHints":{"allow":["GET"]}}],"collection":[{"href":"https:\/\/justvape.nu\/sv\/wp-json\/wp\/v2\/pages"}],"about":[{"href":"https:\/\/justvape.nu\/sv\/wp-json\/wp\/v2\/types\/page"}],"author":[{"embeddable":true,"href":"https:\/\/justvape.nu\/sv\/wp-json\/wp\/v2\/users\/7016"}],"replies":[{"embeddable":true,"href":"https:\/\/justvape.nu\/sv\/wp-json\/wp\/v2\/comments?post=414378"}],"version-history":[{"count":0,"href":"https:\/\/justvape.nu\/sv\/wp-json\/wp\/v2\/pages\/414378\/revisions"}],"wp:attachment":[{"href":"https:\/\/justvape.nu\/sv\/wp-json\/wp\/v2\/media?parent=414378"}],"curies":[{"name":"wp","href":"https:\/\/api.w.org\/{rel}","templated":true}]}}