{"id":212069,"date":"2018-01-03T13:15:25","date_gmt":"2018-01-03T12:15:25","guid":{"rendered":"https:\/\/www.justvape.nu\/kurv\/"},"modified":"2021-11-08T13:37:46","modified_gmt":"2021-11-08T12:37:46","slug":"kurv","status":"publish","type":"page","link":"https:\/\/justvape.nu\/sv\/kurv\/","title":{"rendered":"Korg"},"content":{"rendered":"<p><strong>Din korg<\/strong><\/p>\n<p>H\u00e4r kan du se din best\u00e4llning och v\u00e4lja frakt innan du g\u00e5r till kassan.<\/p>\n<p><strong>EU:<\/strong><\/p>\n<div class=\"o9v6fnle cxmmr5t8 oygrvhab hcukyx3x c1et5uql ii04i59q\">\n<div dir=\"auto\"><strong>DHL EXPRESS<\/strong> : Levereras efter 1-2 dagar oavsett var inom EU (Om best\u00e4llningen g\u00f6rs f\u00f6re 12:00)! Detta fraktalternativ rekommenderas starkt och \u00e4r utan det b\u00e4sta fraktalternativet du kan f\u00e5 \u00f6ver hela v\u00e4rlden, ingen kan sl\u00e5 DHL Express-l\u00f6sningar i hastighet och kvalitet!<\/div>\n<\/div>\n<div class=\"o9v6fnle cxmmr5t8 oygrvhab hcukyx3x c1et5uql ii04i59q\">\n<div dir=\"auto\"><\/div>\n<div dir=\"auto\"><strong>POSTEN:<\/strong> 3-6 leveranstid beroende p\u00e5 var i EU. En solid l\u00f6sning f\u00f6r att f\u00e5 snabbare leveranstid \u00e4n post men ocks\u00e5 till h\u00f6gre kostnad.<\/div>\n<\/div>\n<div class=\"o9v6fnle cxmmr5t8 oygrvhab hcukyx3x c1et5uql ii04i59q\">\n<div dir=\"auto\"><\/div>\n<div dir=\"auto\"><strong>POSTA:<\/strong> Vanlig post till ett billigare pris men l\u00e4ngre leveranstid 2 &#8211; ?? dagar beroende p\u00e5 var i EU och epidemiska f\u00f6rh\u00e5llanden i mottagarlandet. Post \u00e4r h\u00e5rt drabbat av Covid-pandemin och extra leveranstid b\u00f6r ber\u00e4knas till detta och det \u00e4r d\u00e4rf\u00f6r vi inte kan ge n\u00e5gon exakt maximal m\u00e4ngd dagar det kan ta under den angivna tiden p\u00e5 grund av covid.<\/div>\n<div dir=\"auto\"><\/div>\n<\/div>\n<p><strong>OBS:<\/strong> Transportf\u00f6retag h\u00e4mtar inte paket p\u00e5 helgerna och helgdagar och artiklar som best\u00e4llts under denna period skickas den f\u00f6rsta veckodagen. Alla transportdagar ber\u00e4knas som arbetsdagar och inkluderar inte helgdagar och helgdagar.<\/p>\n\n","protected":false},"excerpt":{"rendered":"<p>Din korg H\u00e4r kan du se din best\u00e4llning och v\u00e4lja frakt innan du g\u00e5r till kassan. EU: DHL EXPRESS : Levereras efter 1-2 dagar oavsett var inom EU (Om best\u00e4llningen g\u00f6rs f\u00f6re 12:00)! Detta fraktalternativ rekommenderas starkt och \u00e4r utan det b\u00e4sta fraktalternativet du kan f\u00e5 \u00f6ver hela v\u00e4rlden, ingen kan sl\u00e5 DHL Express-l\u00f6sningar i [&hellip;]<\/p>\n","protected":false},"author":1,"featured_media":0,"parent":0,"menu_order":0,"comment_status":"closed","ping_status":"closed","template":"","meta":{"_acf_changed":false,"_uag_custom_page_level_css":"","site-sidebar-layout":"no-sidebar","site-content-layout":"default","ast-site-content-layout":"default","site-content-style":"default","site-sidebar-style":"default","ast-global-header-display":"","ast-banner-title-visibility":"","ast-main-header-display":"","ast-hfb-above-header-display":"","ast-hfb-below-header-display":"","ast-hfb-mobile-header-display":"","site-post-title":"","ast-breadcrumbs-content":"","ast-featured-img":"","footer-sml-layout":"","ast-disable-related-posts":"","theme-transparent-header-meta":"default","adv-header-id-meta":"","stick-header-meta":"default","header-above-stick-meta":"","header-main-stick-meta":"","header-below-stick-meta":"","astra-migrate-meta-layouts":"default","ast-page-background-enabled":"default","ast-page-background-meta":{"desktop":{"background-color":"","background-image":"","background-repeat":"repeat","background-position":"center center","background-size":"auto","background-attachment":"scroll","background-type":"","background-media":"","overlay-type":"","overlay-color":"","overlay-opacity":"","overlay-gradient":""},"tablet":{"background-color":"","background-image":"","background-repeat":"repeat","background-position":"center center","background-size":"auto","background-attachment":"scroll","background-type":"","background-media":"","overlay-type":"","overlay-color":"","overlay-opacity":"","overlay-gradient":""},"mobile":{"background-color":"","background-image":"","background-repeat":"repeat","background-position":"center center","background-size":"auto","background-attachment":"scroll","background-type":"","background-media":"","overlay-type":"","overlay-color":"","overlay-opacity":"","overlay-gradient":""}},"ast-content-background-meta":{"desktop":{"background-color":"var(--ast-global-color-5)","background-image":"","background-repeat":"repeat","background-position":"center center","background-size":"auto","background-attachment":"scroll","background-type":"","background-media":"","overlay-type":"","overlay-color":"","overlay-opacity":"","overlay-gradient":""},"tablet":{"background-color":"var(--ast-global-color-5)","background-image":"","background-repeat":"repeat","background-position":"center center","background-size":"auto","background-attachment":"scroll","background-type":"","background-media":"","overlay-type":"","overlay-color":"","overlay-opacity":"","overlay-gradient":""},"mobile":{"background-color":"var(--ast-global-color-5)","background-image":"","background-repeat":"repeat","background-position":"center center","background-size":"auto","background-attachment":"scroll","background-type":"","background-media":"","overlay-type":"","overlay-color":"","overlay-opacity":"","overlay-gradient":""}},"footnotes":""},"class_list":["post-212069","page","type-page","status-publish","hentry"],"acf":[],"uagb_featured_image_src":{"full":false,"thumbnail":false,"medium":false,"medium_large":false,"large":false,"1536x1536":false,"2048x2048":false,"woocommerce_thumbnail":false,"woocommerce_single":false,"woocommerce_gallery_thumbnail":false,"dgwt-wcas-product-suggestion":false},"uagb_author_info":{"display_name":"dsadmin","author_link":"https:\/\/justvape.nu\/sv\/author\/dsadmin\/"},"uagb_comment_info":0,"uagb_excerpt":"Din korg H\u00e4r kan du se din best\u00e4llning och v\u00e4lja frakt innan du g\u00e5r till kassan. EU: DHL EXPRESS : Levereras efter 1-2 dagar oavsett var inom EU (Om best\u00e4llningen g\u00f6rs f\u00f6re 12:00)! Detta fraktalternativ rekommenderas starkt och \u00e4r utan det b\u00e4sta fraktalternativet du kan f\u00e5 \u00f6ver hela v\u00e4rlden, ingen kan sl\u00e5 DHL Express-l\u00f6sningar i&hellip;","_links":{"self":[{"href":"https:\/\/justvape.nu\/sv\/wp-json\/wp\/v2\/pages\/212069","targetHints":{"allow":["GET"]}}],"collection":[{"href":"https:\/\/justvape.nu\/sv\/wp-json\/wp\/v2\/pages"}],"about":[{"href":"https:\/\/justvape.nu\/sv\/wp-json\/wp\/v2\/types\/page"}],"author":[{"embeddable":true,"href":"https:\/\/justvape.nu\/sv\/wp-json\/wp\/v2\/users\/1"}],"replies":[{"embeddable":true,"href":"https:\/\/justvape.nu\/sv\/wp-json\/wp\/v2\/comments?post=212069"}],"version-history":[{"count":0,"href":"https:\/\/justvape.nu\/sv\/wp-json\/wp\/v2\/pages\/212069\/revisions"}],"wp:attachment":[{"href":"https:\/\/justvape.nu\/sv\/wp-json\/wp\/v2\/media?parent=212069"}],"curies":[{"name":"wp","href":"https:\/\/api.w.org\/{rel}","templated":true}]}}