{"id":211994,"date":"2018-01-21T22:11:20","date_gmt":"2018-01-21T21:11:20","guid":{"rendered":"https:\/\/www.justvape.nu\/om-just-vape\/"},"modified":"2021-05-16T19:31:41","modified_gmt":"2021-05-16T17:31:41","slug":"om-just-vape","status":"publish","type":"page","link":"https:\/\/justvape.nu\/sv\/om-just-vape\/","title":{"rendered":"Om Just Vape"},"content":{"rendered":"<p>Just Vape har allt i e-cigaretter och e-v\u00e4tskor.<br \/>\nVi har ett av Europas st\u00f6rsta urval av e-v\u00e4tskor och h\u00e5rdvara fr\u00e5n hemlandet och utomlands.<\/p>\n<p>Vi lyssnar p\u00e5 v\u00e5ra kunder och d\u00e4rf\u00f6r kan man alltid \u00f6nska en produkt till butiken.<br \/>\nSpecialbest\u00e4llningar tas ocks\u00e5 emot om vi m\u00e5ste g\u00f6ra n\u00e5got mycket speciellt \u00e5t dig!<\/p>\n<p>Vi har alltid v\u00e5r senaste information om vad som r\u00f6r sig p\u00e5 marknaden och ser till att vi alltid har de senaste och b\u00e4sta produkterna hemifr\u00e5n och utomlands till v\u00e5ra kunder.<\/p>\n<p>Vi str\u00e4var efter att tillhandah\u00e5lla b\u00e4sta kundservice till v\u00e5ra kunder, utan dig skulle vi inte vara h\u00e4r!<\/p>\n<p>Justvape.nu s. ro<\/p>\n<p>Momsnummer: SK2121251869<\/p>\n<p>Gata: Star\u00e1 Vajnorsk\u00e1 3338\/17<\/p>\n<p>831 04<\/p>\n<p>Bratislava-Nov\u00e9 Mesto<\/p>\n<p>Slovakien<\/p>\n","protected":false},"excerpt":{"rendered":"<p>Just Vape har allt i e-cigaretter och e-v\u00e4tskor. Vi har ett av Europas st\u00f6rsta urval av e-v\u00e4tskor och h\u00e5rdvara fr\u00e5n hemlandet och utomlands. Vi lyssnar p\u00e5 v\u00e5ra kunder och d\u00e4rf\u00f6r kan man alltid \u00f6nska en produkt till butiken. Specialbest\u00e4llningar tas ocks\u00e5 emot om vi m\u00e5ste g\u00f6ra n\u00e5got mycket speciellt \u00e5t dig! Vi har alltid v\u00e5r [&hellip;]<\/p>\n","protected":false},"author":1,"featured_media":0,"parent":0,"menu_order":0,"comment_status":"closed","ping_status":"closed","template":"","meta":{"_acf_changed":false,"_uag_custom_page_level_css":"","site-sidebar-layout":"default","site-content-layout":"default","ast-site-content-layout":"default","site-content-style":"default","site-sidebar-style":"default","ast-global-header-display":"","ast-banner-title-visibility":"","ast-main-header-display":"","ast-hfb-above-header-display":"","ast-hfb-below-header-display":"","ast-hfb-mobile-header-display":"","site-post-title":"","ast-breadcrumbs-content":"","ast-featured-img":"","footer-sml-layout":"","ast-disable-related-posts":"","theme-transparent-header-meta":"default","adv-header-id-meta":"","stick-header-meta":"default","header-above-stick-meta":"","header-main-stick-meta":"","header-below-stick-meta":"","astra-migrate-meta-layouts":"default","ast-page-background-enabled":"default","ast-page-background-meta":{"desktop":{"background-color":"","background-image":"","background-repeat":"repeat","background-position":"center center","background-size":"auto","background-attachment":"scroll","background-type":"","background-media":"","overlay-type":"","overlay-color":"","overlay-opacity":"","overlay-gradient":""},"tablet":{"background-color":"","background-image":"","background-repeat":"repeat","background-position":"center center","background-size":"auto","background-attachment":"scroll","background-type":"","background-media":"","overlay-type":"","overlay-color":"","overlay-opacity":"","overlay-gradient":""},"mobile":{"background-color":"","background-image":"","background-repeat":"repeat","background-position":"center center","background-size":"auto","background-attachment":"scroll","background-type":"","background-media":"","overlay-type":"","overlay-color":"","overlay-opacity":"","overlay-gradient":""}},"ast-content-background-meta":{"desktop":{"background-color":"var(--ast-global-color-5)","background-image":"","background-repeat":"repeat","background-position":"center center","background-size":"auto","background-attachment":"scroll","background-type":"","background-media":"","overlay-type":"","overlay-color":"","overlay-opacity":"","overlay-gradient":""},"tablet":{"background-color":"var(--ast-global-color-5)","background-image":"","background-repeat":"repeat","background-position":"center center","background-size":"auto","background-attachment":"scroll","background-type":"","background-media":"","overlay-type":"","overlay-color":"","overlay-opacity":"","overlay-gradient":""},"mobile":{"background-color":"var(--ast-global-color-5)","background-image":"","background-repeat":"repeat","background-position":"center center","background-size":"auto","background-attachment":"scroll","background-type":"","background-media":"","overlay-type":"","overlay-color":"","overlay-opacity":"","overlay-gradient":""}},"footnotes":""},"class_list":["post-211994","page","type-page","status-publish","hentry"],"acf":[],"uagb_featured_image_src":{"full":false,"thumbnail":false,"medium":false,"medium_large":false,"large":false,"1536x1536":false,"2048x2048":false,"woocommerce_thumbnail":false,"woocommerce_single":false,"woocommerce_gallery_thumbnail":false,"dgwt-wcas-product-suggestion":false},"uagb_author_info":{"display_name":"dsadmin","author_link":"https:\/\/justvape.nu\/sv\/author\/dsadmin\/"},"uagb_comment_info":0,"uagb_excerpt":"Just Vape har allt i e-cigaretter och e-v\u00e4tskor. Vi har ett av Europas st\u00f6rsta urval av e-v\u00e4tskor och h\u00e5rdvara fr\u00e5n hemlandet och utomlands. Vi lyssnar p\u00e5 v\u00e5ra kunder och d\u00e4rf\u00f6r kan man alltid \u00f6nska en produkt till butiken. Specialbest\u00e4llningar tas ocks\u00e5 emot om vi m\u00e5ste g\u00f6ra n\u00e5got mycket speciellt \u00e5t dig! Vi har alltid v\u00e5r&hellip;","_links":{"self":[{"href":"https:\/\/justvape.nu\/sv\/wp-json\/wp\/v2\/pages\/211994","targetHints":{"allow":["GET"]}}],"collection":[{"href":"https:\/\/justvape.nu\/sv\/wp-json\/wp\/v2\/pages"}],"about":[{"href":"https:\/\/justvape.nu\/sv\/wp-json\/wp\/v2\/types\/page"}],"author":[{"embeddable":true,"href":"https:\/\/justvape.nu\/sv\/wp-json\/wp\/v2\/users\/1"}],"replies":[{"embeddable":true,"href":"https:\/\/justvape.nu\/sv\/wp-json\/wp\/v2\/comments?post=211994"}],"version-history":[{"count":0,"href":"https:\/\/justvape.nu\/sv\/wp-json\/wp\/v2\/pages\/211994\/revisions"}],"wp:attachment":[{"href":"https:\/\/justvape.nu\/sv\/wp-json\/wp\/v2\/media?parent=211994"}],"curies":[{"name":"wp","href":"https:\/\/api.w.org\/{rel}","templated":true}]}}