{"id":211979,"date":"2018-01-21T22:13:18","date_gmt":"2018-01-21T21:13:18","guid":{"rendered":"https:\/\/www.justvape.nu\/handelsbetingelser\/"},"modified":"2024-05-22T10:59:32","modified_gmt":"2024-05-22T08:59:32","slug":"handelsbetingelser","status":"publish","type":"page","link":"https:\/\/justvape.nu\/sv\/handelsbetingelser\/","title":{"rendered":"Villkor f\u00f6r verksamheten"},"content":{"rendered":"<p><strong>Allm\u00e4n information  <\/strong><\/p>\n<p>Justvape.nu<\/p>\n<p>e-post: <a href=\"mailto:contact@justvape.nu\">contact@justvape.nu<\/a><\/p>\n<p>Alla \u00e4r v\u00e4lkomna att handla justvape.nu, du m\u00e5ste dock vara minst 18 \u00e5r.<\/p>\n<p><strong>Betalning <\/strong><\/p>\n<p>Justvape.nu tar emot betalning med Dankort\/ VISA-Dankort, VISA, VISA Elektron, MasterCard, MobilePay Online och ApplePay.<\/p>\n<p>Inga avgifter tas ut f\u00f6r kreditkort.<\/p>\n<p>Beloppet kommer inte att dras fr\u00e5n ditt kortkonto f\u00f6rr\u00e4n varorna har skickats.<\/p>\n<p><strong>F\u00d6R COD &#8211; BETALNING VID LEVERANS &#8211; OM DEN INTE ACCEPTERAS OCH BETALAS VID LEVERANS TILL KUNDEN KOMMER EN ADMINISTRATIONSAVGIFT P\u00c5 25 EURO ATT FAKTURERAS KUNDEN! <\/strong><\/p>\n<p><strong>Frakt<\/strong><\/p>\n<p>Justvape.nu levererar alla arbetsdagar. Tullavgifter och f\u00f6rlorade varor p\u00e5 grund av beslagtagande av varor i tullen t\u00e4cks inte av JustVape. Frakttider och priser varierar fr\u00e5n land till land och beror p\u00e5 fraktbolaget, DHL Express, UPS EU, PostNord, Deutsche Post och DPD International.<\/p>\n<p>DHL Express \u00f6ver hela v\u00e4rlden: 1-2 arbetsdagar. Detta g\u00e4ller inte f\u00f6r avl\u00e4gsna platser, d\u00e4r transporten tar l\u00e4ngre tid.<br \/>\nUPS EU: 2-7 dagar.<br \/>\nPostNord: 2-14 dagar.<br \/>\nDPD International: 2-7 dagar.<\/p>\n<p><strong>R\u00e4ttigheter f\u00f6r avbokning  <\/strong><\/p>\n<p>Som konsument har du, n\u00e4r du k\u00f6per av oss, en 14-dagars \u00e5ngerperiod, d\u00e4r du har r\u00e4tt att h\u00e4va k\u00f6pet.<\/p>\n<p>Denna \u00e5ngerperiod g\u00e5r ut 14 dagar efter den dag d\u00e5 du fick dina varor. Om du har best\u00e4llt flera artiklar i samma ink\u00f6p, och de levereras separat, l\u00f6per perioden fr\u00e5n den dag du fick den sista artikeln.<\/p>\n<p>Om k\u00f6pet best\u00e5r av flera f\u00f6rs\u00e4ndelser eller delar f\u00f6rfaller r\u00e4tten att h\u00e4va 14 dagar efter den dag du f\u00e5r den sista s\u00e4ndningen eller den sista delen.<\/p>\n<p>Perioden inneb\u00e4r att du har 14 dagar p\u00e5 dig efter att du har f\u00e5tt varan p\u00e5 att meddela att du vill h\u00e4va k\u00f6pet. Du kan skicka ett <a href=\"mailto:contact@justvape.nu\">e-postmeddelande contact@justvape.nu<\/a> eller anv\u00e4nda dig av standardavbest\u00e4llningsblanketten, som du hittar i slutet av villkoren f\u00f6r verksamheten.<\/p>\n<p>Du kan inte \u00e5ngra k\u00f6pet genom att v\u00e4gra ta emot varorna om du inte samtidigt informerar oss.<\/p>\n<p>Best\u00e4llningar kan inte annulleras n\u00e4r de har k\u00f6pts av kunden, men best\u00e4llningen kan returneras om s\u00e5 beg\u00e4rs till oss via e-post.<\/p>\n<p><strong>Avbryta en del av k\u00f6pet  <\/strong><\/p>\n<p>Om du har k\u00f6pt mer \u00e4n en vara av oss, f\u00e5r du returnera en eller flera objekt, \u00e4ven om de k\u00f6ptes i en enda best\u00e4llning.<\/p>\n<p>Observera att fraktavgifterna inte \u00e5terbetalas om du avbest\u00e4ller en del av ditt k\u00f6p.<\/p>\n<p><strong>\u00c5ters\u00e4nda varorna  <\/strong><\/p>\n<p>N\u00e4r du har informerat oss om att du avbokar ditt k\u00f6p har du 14 dagar p\u00e5 dig att returnera varorna till oss.<\/p>\n<p>Du m\u00e5ste sj\u00e4lv betala f\u00f6r att returnera paketet, och du blir ansvarig om den skadas under transport.<\/p>\n<p><strong>Ingen r\u00e4tt till avbokning<\/strong><br \/>\nF\u00f6ljande avtal kan inte upph\u00e4vas:<\/p>\n<p>Leveranser av f\u00f6rseglade artiklar som av h\u00e4lsosk\u00e4l eller hygieniska sk\u00e4l inte \u00e4r l\u00e4mpliga att returneras, n\u00e4r f\u00f6rseglingen brutits efter leverans.<\/p>\n<p><strong>Artikelns tillst\u00e5nd n\u00e4r du returnerar den<\/strong><\/p>\n<p>Om v\u00e4rdet p\u00e5 artikeln minskas, och anledningen \u00e4r att du har anv\u00e4nt det p\u00e5 n\u00e5got s\u00e4tt ut\u00f6ver vad som var n\u00f6dv\u00e4ndigt f\u00f6r att kontrollera typ och egenskaper f\u00f6r artikeln och hur det fungerar, s\u00e5 kan endast en del av ink\u00f6pssumman \u00e5terbetalas till dig. Det belopp som kan \u00e5terbetalas beror p\u00e5 artikelns s\u00e4ljbara v\u00e4rde, och i vissa fall kan detta inneb\u00e4ra att endast fraktavgifterna kan \u00e5terbetalas.<\/p>\n<p>Vi rekommenderar att du returnerar artikeln i dess originalf\u00f6rpackning.<\/p>\n<p>Om originalf\u00f6rpackningen saknas kan det minska varans v\u00e4rde.<\/p>\n<p><strong>\u00c5terbetalning av ink\u00f6pssumman  <\/strong><\/p>\n<p>Om du avbest\u00e4ller ett k\u00f6p f\u00e5r du pengarna tillbaka. Om v\u00e4rdet p\u00e5 artikeln minskas, drar vi av det belopp du \u00e4r ansvarig f\u00f6r.<\/p>\n<p>Vi \u00e5terbetalar alla betalningar som erh\u00e5llits fr\u00e5n dig, inklusive leveranskostnader (vilket dock inte g\u00e4ller f\u00f6r extra leveranskostnader om du har valt en annan leveransform \u00e4n den billigaste standardformen f\u00f6r leverans som vi erbjuder), senast 14 dagar fr\u00e5n den dag d\u00e5 vi har f\u00e5tt din anm\u00e4lan om att du vill s\u00e4ga upp avtalet.<\/p>\n<p>Vi \u00e5terbetalar pengarna med samma betalningsmedel som du anv\u00e4nde vid k\u00f6pet om inte annat avtalats.<\/p>\n<p>Vi kan h\u00e5lla tillbaka betalningen tills vi har mottagit artikeln om du inte skickar dokumentationen att du har returnerat den.<\/p>\n<p><strong>R\u00e4tt att framf\u00f6ra klagom\u00e5l  <\/strong><\/p>\n<p>N\u00e4r du handlar med oss som konsument g\u00e4ller den europeiska lagen om f\u00f6rs\u00e4ljning av varor.<br \/>\nDet inneb\u00e4r att du har r\u00e4tt att klaga inom 24 m\u00e5nader. Kontakta oss g\u00e4rna innan du returnerar artikeln.<\/p>\n<p>Om ditt klagom\u00e5l \u00e4r motiverat inneb\u00e4r det att du antingen kan f\u00e5 varan reparerad eller utbytt, eller dina pengar \u00e5terbetalas, eller en s\u00e4nkning av priset, beroende p\u00e5 den specifika situationen.<\/p>\n<p>Du m\u00e5ste klaga inom en &#8221;rimlig tid&#8221; efter att du har uppt\u00e4ckt en defekt. Om du klagar inom tv\u00e5 m\u00e5nader efter att felet uppt\u00e4ckts kommer det alltid att betraktas som inom rimlig tid.<\/p>\n<p>Om klagom\u00e5let \u00e4r ber\u00e4ttigat kommer vi att \u00e5terbetala dina fraktkostnader (inom sk\u00e4l och max 12 euro). Artikeln m\u00e5ste alltid returneras i l\u00e4mplig f\u00f6rpackning. Kom ih\u00e5g ocks\u00e5 att f\u00e5 ett kvitto f\u00f6r avs\u00e4ndning, s\u00e5 att vi kan betala tillbaka dina fraktkostnader.<\/p>\n<p>Observera att livsl\u00e4ngden f\u00f6r elektroniska cigaretter och tillbeh\u00f6r kan ha en begr\u00e4nsad livsl\u00e4ngd, \u00e4ven vid normal anv\u00e4ndning, och att denna period kan f\u00f6rkortas genom tung eller felaktig anv\u00e4ndning. D\u00e4rf\u00f6r kommer det faktiska livet normalt vara mindre \u00e4n klagom\u00e5lsperioden.<\/p>\n<p>Mods med inbyggda celler och f\u00f6rlorade litiumceller har upp till 12 m\u00e5naders garanti.<\/p>\n<p>N\u00e4r du returnerar artikeln, bifoga en detaljerad beskrivning av problemet.<\/p>\n<p>&nbsp;<\/p>\n<p><strong>E-v\u00e4tska med nikotin eller utan nikotin, VG\/PG och arom<\/strong><\/p>\n<p>Nikotinprodukter, E-v\u00e4tskor, Aroma och VG\/PG kan inte returneras p\u00e5 grund av hygien och kvalitetskontroll av produkterna.<\/p>\n<p>&nbsp;<\/p>\n<p><strong>Policy f\u00f6r personuppgifter  <\/strong><\/p>\n<p>Vi beh\u00f6ver f\u00f6ljande information n\u00e4r du handlar med oss:<\/p>\n<p>Namn, adress, telefonnummer och e-postadress.<\/p>\n<p>&nbsp;<\/p>\n<p>Vi registrerar och vidarebefordrar de personuppgifter som \u00e4r n\u00f6dv\u00e4ndiga f\u00f6r att leverera varorna till dig.<\/p>\n<p>Personuppgifter registreras hos JustVapeS.R.O och sparas i fem \u00e5r, varefter detaljerna raderas.<\/p>\n<p>Dessutom samarbetar vi med en rad andra f\u00f6retag som lagrar och behandlar data. Dessa f\u00f6retag behandlar uppgifterna uteslutande f\u00f6r v\u00e5r r\u00e4kning, och f\u00e5r inte anv\u00e4nda dem f\u00f6r sina egna syften.<\/p>\n<p>Vi arbetar endast med personuppgiftsbitr\u00e4den i EU eller i l\u00e4nder d\u00e4r dina uppgifter kommer att ges tillr\u00e4ckligt skydd.<\/p>\n<p>Du har r\u00e4tt att f\u00e5 veta vilka detaljer om dig vi behandlar.<br \/>\nOm du anser att uppgifterna \u00e4r felaktiga har du r\u00e4tt att f\u00e5 dem korrigerade. I vissa situationer \u00e4r vi skyldiga att radera dina personuppgifter om du ber oss g\u00f6ra det. Dessa kan till exempel vara uppgifter som inte l\u00e4ngre \u00e4r n\u00f6dv\u00e4ndiga f\u00f6r det \u00e4ndam\u00e5l vi anv\u00e4nde dem f\u00f6r. Du kan ocks\u00e5 kontakta oss om du anser att dina personuppgifter behandlas p\u00e5 ett s\u00e4tt som \u00e4r mot lagen. Du kan ocks\u00e5 skriva till oss p\u00e5: <a href=\"mailto:contact@justvape.nu\">contact@justvape.nu<\/a><\/p>\n<p><strong>D\u00e4r du kan klaga  <\/strong><\/p>\n<p>Om du som konsument vill klaga p\u00e5 ditt k\u00f6p, kontakta oss via <a href=\"mailto:contact@justvape.nu\">contact@justvape.nu<\/a>. Om du inte lyckas hitta en l\u00f6sning kan du skicka ett klagom\u00e5l till centrumet f\u00f6r hantering av klagom\u00e5l p\u00e5:<\/p>\n<p>Du kan klaga till EU-kommissionens online-klagom\u00e5lsportal h\u00e4r &#8211;<a href=\"http:\/\/ec.europa.eu\/odr\" target=\"_blank\" rel=\"noopener\"> http:\/\/ec.europa.eu\/odr<\/a><\/p>\n<p><strong>Standardformul\u00e4r f\u00f6r avbokning<\/strong><\/p>\n<p>(Detta formul\u00e4r ska endast fyllas i och returneras n\u00e4r r\u00e4tten att avbryta ut\u00f6vas.)<\/p>\n<p>&nbsp;<\/p>\n<p>Att:<\/p>\n<p>JustVape.nu<\/p>\n<p><a href=\"mailto:contact@justvape.nu\">contact@justvape.nu<\/a><\/p>\n<p>&nbsp;<\/p>\n<p>Jag \u00f6nskar utnyttja r\u00e4tten att i ett k\u00f6peavtal h\u00e4va f\u00f6ljande varor\/tj\u00e4nster:<\/p>\n<p>__________________________________________________________________________________<\/p>\n<p>&nbsp;<\/p>\n<p>Best\u00e4llt, datum: _______<\/p>\n<p>&nbsp;<\/p>\n<p>Konsumentens namn: _______<\/p>\n<p>&nbsp;<\/p>\n<p>Konsumentens adress: _______<\/p>\n<p>&nbsp;<\/p>\n<p>Konsumentens underskrift: __________ Datum: ________________<\/p>\n<p><em>(endast om blankettens inneh\u00e5ll anges p\u00e5 papper)<\/em><\/p>\n<p>&nbsp;<\/p>\n<p>&nbsp;<\/p>\n<p>&nbsp;<\/p>\n<p>Aff\u00e4rsvillkoren uppdaterades senast 16.12.2020<\/p>\n","protected":false},"excerpt":{"rendered":"<p>Allm\u00e4n information Justvape.nu e-post: contact@justvape.nu Alla \u00e4r v\u00e4lkomna att handla justvape.nu, du m\u00e5ste dock vara minst 18 \u00e5r. Betalning Justvape.nu tar emot betalning med Dankort\/ VISA-Dankort, VISA, VISA Elektron, MasterCard, MobilePay Online och ApplePay. Inga avgifter tas ut f\u00f6r kreditkort. Beloppet kommer inte att dras fr\u00e5n ditt kortkonto f\u00f6rr\u00e4n varorna har skickats. F\u00d6R COD &#8211; [&hellip;]<\/p>\n","protected":false},"author":1,"featured_media":0,"parent":0,"menu_order":0,"comment_status":"closed","ping_status":"closed","template":"","meta":{"_acf_changed":false,"_uag_custom_page_level_css":"","site-sidebar-layout":"default","site-content-layout":"default","ast-site-content-layout":"default","site-content-style":"default","site-sidebar-style":"default","ast-global-header-display":"","ast-banner-title-visibility":"","ast-main-header-display":"","ast-hfb-above-header-display":"","ast-hfb-below-header-display":"","ast-hfb-mobile-header-display":"","site-post-title":"","ast-breadcrumbs-content":"","ast-featured-img":"","footer-sml-layout":"","ast-disable-related-posts":"","theme-transparent-header-meta":"default","adv-header-id-meta":"","stick-header-meta":"default","header-above-stick-meta":"","header-main-stick-meta":"","header-below-stick-meta":"","astra-migrate-meta-layouts":"default","ast-page-background-enabled":"default","ast-page-background-meta":{"desktop":{"background-color":"","background-image":"","background-repeat":"repeat","background-position":"center center","background-size":"auto","background-attachment":"scroll","background-type":"","background-media":"","overlay-type":"","overlay-color":"","overlay-opacity":"","overlay-gradient":""},"tablet":{"background-color":"","background-image":"","background-repeat":"repeat","background-position":"center center","background-size":"auto","background-attachment":"scroll","background-type":"","background-media":"","overlay-type":"","overlay-color":"","overlay-opacity":"","overlay-gradient":""},"mobile":{"background-color":"","background-image":"","background-repeat":"repeat","background-position":"center center","background-size":"auto","background-attachment":"scroll","background-type":"","background-media":"","overlay-type":"","overlay-color":"","overlay-opacity":"","overlay-gradient":""}},"ast-content-background-meta":{"desktop":{"background-color":"var(--ast-global-color-5)","background-image":"","background-repeat":"repeat","background-position":"center center","background-size":"auto","background-attachment":"scroll","background-type":"","background-media":"","overlay-type":"","overlay-color":"","overlay-opacity":"","overlay-gradient":""},"tablet":{"background-color":"var(--ast-global-color-5)","background-image":"","background-repeat":"repeat","background-position":"center center","background-size":"auto","background-attachment":"scroll","background-type":"","background-media":"","overlay-type":"","overlay-color":"","overlay-opacity":"","overlay-gradient":""},"mobile":{"background-color":"var(--ast-global-color-5)","background-image":"","background-repeat":"repeat","background-position":"center center","background-size":"auto","background-attachment":"scroll","background-type":"","background-media":"","overlay-type":"","overlay-color":"","overlay-opacity":"","overlay-gradient":""}},"footnotes":""},"class_list":["post-211979","page","type-page","status-publish","hentry"],"acf":[],"uagb_featured_image_src":{"full":false,"thumbnail":false,"medium":false,"medium_large":false,"large":false,"1536x1536":false,"2048x2048":false,"woocommerce_thumbnail":false,"woocommerce_single":false,"woocommerce_gallery_thumbnail":false,"dgwt-wcas-product-suggestion":false},"uagb_author_info":{"display_name":"dsadmin","author_link":"https:\/\/justvape.nu\/sv\/author\/dsadmin\/"},"uagb_comment_info":0,"uagb_excerpt":"Allm\u00e4n information Justvape.nu e-post: contact@justvape.nu Alla \u00e4r v\u00e4lkomna att handla justvape.nu, du m\u00e5ste dock vara minst 18 \u00e5r. Betalning Justvape.nu tar emot betalning med Dankort\/ VISA-Dankort, VISA, VISA Elektron, MasterCard, MobilePay Online och ApplePay. Inga avgifter tas ut f\u00f6r kreditkort. Beloppet kommer inte att dras fr\u00e5n ditt kortkonto f\u00f6rr\u00e4n varorna har skickats. F\u00d6R COD &#8211;&hellip;","_links":{"self":[{"href":"https:\/\/justvape.nu\/sv\/wp-json\/wp\/v2\/pages\/211979","targetHints":{"allow":["GET"]}}],"collection":[{"href":"https:\/\/justvape.nu\/sv\/wp-json\/wp\/v2\/pages"}],"about":[{"href":"https:\/\/justvape.nu\/sv\/wp-json\/wp\/v2\/types\/page"}],"author":[{"embeddable":true,"href":"https:\/\/justvape.nu\/sv\/wp-json\/wp\/v2\/users\/1"}],"replies":[{"embeddable":true,"href":"https:\/\/justvape.nu\/sv\/wp-json\/wp\/v2\/comments?post=211979"}],"version-history":[{"count":1,"href":"https:\/\/justvape.nu\/sv\/wp-json\/wp\/v2\/pages\/211979\/revisions"}],"predecessor-version":[{"id":693241,"href":"https:\/\/justvape.nu\/sv\/wp-json\/wp\/v2\/pages\/211979\/revisions\/693241"}],"wp:attachment":[{"href":"https:\/\/justvape.nu\/sv\/wp-json\/wp\/v2\/media?parent=211979"}],"curies":[{"name":"wp","href":"https:\/\/api.w.org\/{rel}","templated":true}]}}