{"id":211964,"date":"2018-01-21T22:13:30","date_gmt":"2018-01-21T21:13:30","guid":{"rendered":"https:\/\/www.justvape.nu\/privatlivspolitik\/"},"modified":"2023-07-02T00:12:29","modified_gmt":"2023-07-01T22:12:29","slug":"privatlivspolitik","status":"publish","type":"page","link":"https:\/\/justvape.nu\/sv\/privatlivspolitik\/","title":{"rendered":"Sekretesspolicy"},"content":{"rendered":"<h3>Sekretesspolicy<\/h3>\n<p>N\u00e4r du bes\u00f6ker v\u00e5r webbplats samlar vi in information om dig som anv\u00e4nds f\u00f6r att anpassa och f\u00f6rb\u00e4ttra v\u00e5rt inneh\u00e5ll och f\u00f6r att \u00f6ka v\u00e4rdet p\u00e5 de annonser som visas p\u00e5 sidan. Om du inte vill ha information samlad m\u00e5ste du radera dina cookies (se instruktioner) och avst\u00e5 fr\u00e5n vidare anv\u00e4ndning av webbplatsen. Nedan har vi utvecklat vilken information som samlas in, deras syfte och vilka tredje parter som har tillg\u00e5ng till den.<\/p>\n<p><strong>Cookies<\/strong><\/p>\n<p>Webbplatsen anv\u00e4nder &#8221;cookies&#8221;, som \u00e4r en textfil som lagras p\u00e5 din dator, mobil eller annan. p\u00e5 samma s\u00e4tt i syfte att k\u00e4nna igen den, komma ih\u00e5g inst\u00e4llningar, utf\u00f6ra statistik och rikta annonser.<\/p>\n<p>Cookies f\u00e5r inte inneh\u00e5lla skadlig kod som cookies. Virus.<\/p>\n<p>Det \u00e4r m\u00f6jligt att ta bort eller blockera cookies.<\/p>\n<p>Om du tar bort eller blockerar cookies kan annonser bli mindre relevanta f\u00f6r dig och visas oftare. Du kan ocks\u00e5 riskera att webbplatsen inte fungerar optimalt och att det finns inneh\u00e5ll som du inte kan komma \u00e5t.<\/p>\n<h3>Individuell information<\/h3>\n<h4>I allm\u00e4nhet<\/h4>\n<p>Personlig information \u00e4r n\u00e5gon form av information som kan tillskrivas dig i viss utstr\u00e4ckning. N\u00e4r du anv\u00e4nder v\u00e5r webbplats samlar vi in och behandlar ett antal s\u00e5dana uppgifter. Det h\u00e4nder till exempel. av alm. tillg\u00e5ng till inneh\u00e5ll, om du registrerar dig f\u00f6r v\u00e5rt nyhetsbrev, deltar i t\u00e4vlingar eller unders\u00f6kningar, registrerar dig som anv\u00e4ndare eller prenumerant, anv\u00e4nder andra tj\u00e4nster eller g\u00f6r ink\u00f6p via webbplatsen.<\/p>\n<p>Vi samlar vanligtvis in och behandlar f\u00f6ljande typer av information: Ett unikt ID och teknisk information om din dator, surfplatta eller mobiltelefon, ditt IP-nummer, geografiska plats och vilka sidor du klickar p\u00e5 (intressen). I den m\u00e5n du uttryckligen samtycker till detta och anger informationen sj\u00e4lv, kommer du ocks\u00e5 att behandlas: Namn, telefonnummer, e-post, adress och betalningsinformation. Detta associeras vanligtvis med att skapa eller k\u00f6pa inloggning.<\/p>\n<h4>S\u00e4kerhet<\/h4>\n<p>Vi har vidtagit tekniska och organisatoriska \u00e5tg\u00e4rder f\u00f6r att f\u00f6rhindra att din information oavsiktligt eller olagligt raderas, publiceras, f\u00f6rlorats, f\u00f6rs\u00e4mrats eller kommit till obeh\u00f6riga personers k\u00e4nnedom, missbrukas eller p\u00e5 annat s\u00e4tt behandlas i strid med lagen.<\/p>\n<h4>Syfte<\/h4>\n<p>Informationen anv\u00e4nds f\u00f6r att identifiera dig som anv\u00e4ndare och visa dig de annonser som mest sannolikt \u00e4r relevanta f\u00f6r dig, f\u00f6r att registrera dina ink\u00f6p och betalningar och f\u00f6r att tillhandah\u00e5lla de tj\u00e4nster du har beg\u00e4rt, till exempel f\u00f6r att skicka ett nyhetsbrev. Dessutom anv\u00e4nder vi informationen f\u00f6r att optimera v\u00e5ra tj\u00e4nster och inneh\u00e5ll.<\/p>\n<h4>Lagringsperiod<\/h4>\n<p>Informationen lagras under den period som lagen till\u00e5ter och vi tar bort den n\u00e4r den inte l\u00e4ngre beh\u00f6vs. Perioden beror p\u00e5 informationens art och bakgrunden till lagringen. D\u00e4rf\u00f6r \u00e4r det inte m\u00f6jligt att ange en allm\u00e4n tidsram f\u00f6r n\u00e4r information tas bort.<\/p>\n<h4>Utl\u00e4mnande av information<\/h4>\n<p>Data om din anv\u00e4ndning av webbplatsen, vilka annonser du f\u00e5r och, om s\u00e5 \u00e4r fallet, klick, geografisk plats, k\u00f6n och \u00e5lderssegment etc. l\u00e4mnas ut till tredje part i den utstr\u00e4ckning som denna information \u00e4r k\u00e4nd. Du kan se vilka tredje parter som finns i avsnittet &#8221;Cookies&#8221; ovan. Informationen anv\u00e4nds f\u00f6r att rikta reklam.<br \/>\nVi anv\u00e4nder ocks\u00e5 ett antal tredje parter f\u00f6r att lagra och bearbeta data. Dessa behandlar information enbart f\u00f6r v\u00e5r r\u00e4kning och f\u00e5r inte anv\u00e4nda den f\u00f6r dina egna syften.<br \/>\nUtl\u00e4mnande av personuppgifter som namn och e-post etc. kommer endast att ske om du samtycker till det. Vi anv\u00e4nder endast databehandlare i EU eller i l\u00e4nder som kan ge din information tillr\u00e4ckligt skydd.<\/p>\n<p><strong>Insikter och klagom\u00e5l<\/strong><br \/>\nDu har r\u00e4tt att f\u00e5 veta vilka personuppgifter vi behandlar om dig. Du kan ocks\u00e5 n\u00e4r som helst inv\u00e4nda mot anv\u00e4ndningen av information. Du kan ocks\u00e5 \u00e5terkalla ditt samtycke till att behandla information om dig. Om den information som behandlas om dig \u00e4r felaktig har du r\u00e4tt att f\u00e5 den korrigerad eller raderad. F\u00f6rfr\u00e5gningar kan g\u00f6ras till: contact@justvape.nu. Om du vill klaga p\u00e5 v\u00e5r behandling av dina personuppgifter har du ocks\u00e5 m\u00f6jlighet att kontakta Datainspektionen.<\/p>\n<h4>Publisher<\/h4>\n<p>Webbplatsen \u00e4gs och publiceras av:<\/p>\n<p>Justvape.nu<\/p>\n","protected":false},"excerpt":{"rendered":"<p>Sekretesspolicy N\u00e4r du bes\u00f6ker v\u00e5r webbplats samlar vi in information om dig som anv\u00e4nds f\u00f6r att anpassa och f\u00f6rb\u00e4ttra v\u00e5rt inneh\u00e5ll och f\u00f6r att \u00f6ka v\u00e4rdet p\u00e5 de annonser som visas p\u00e5 sidan. Om du inte vill ha information samlad m\u00e5ste du radera dina cookies (se instruktioner) och avst\u00e5 fr\u00e5n vidare anv\u00e4ndning av webbplatsen. Nedan [&hellip;]<\/p>\n","protected":false},"author":1,"featured_media":0,"parent":0,"menu_order":0,"comment_status":"closed","ping_status":"closed","template":"","meta":{"_acf_changed":false,"_uag_custom_page_level_css":"","site-sidebar-layout":"default","site-content-layout":"default","ast-site-content-layout":"default","site-content-style":"default","site-sidebar-style":"default","ast-global-header-display":"","ast-banner-title-visibility":"","ast-main-header-display":"","ast-hfb-above-header-display":"","ast-hfb-below-header-display":"","ast-hfb-mobile-header-display":"","site-post-title":"","ast-breadcrumbs-content":"","ast-featured-img":"","footer-sml-layout":"","ast-disable-related-posts":"","theme-transparent-header-meta":"default","adv-header-id-meta":"","stick-header-meta":"default","header-above-stick-meta":"","header-main-stick-meta":"","header-below-stick-meta":"","astra-migrate-meta-layouts":"default","ast-page-background-enabled":"default","ast-page-background-meta":{"desktop":{"background-color":"","background-image":"","background-repeat":"repeat","background-position":"center center","background-size":"auto","background-attachment":"scroll","background-type":"","background-media":"","overlay-type":"","overlay-color":"","overlay-opacity":"","overlay-gradient":""},"tablet":{"background-color":"","background-image":"","background-repeat":"repeat","background-position":"center center","background-size":"auto","background-attachment":"scroll","background-type":"","background-media":"","overlay-type":"","overlay-color":"","overlay-opacity":"","overlay-gradient":""},"mobile":{"background-color":"","background-image":"","background-repeat":"repeat","background-position":"center center","background-size":"auto","background-attachment":"scroll","background-type":"","background-media":"","overlay-type":"","overlay-color":"","overlay-opacity":"","overlay-gradient":""}},"ast-content-background-meta":{"desktop":{"background-color":"var(--ast-global-color-5)","background-image":"","background-repeat":"repeat","background-position":"center center","background-size":"auto","background-attachment":"scroll","background-type":"","background-media":"","overlay-type":"","overlay-color":"","overlay-opacity":"","overlay-gradient":""},"tablet":{"background-color":"var(--ast-global-color-5)","background-image":"","background-repeat":"repeat","background-position":"center center","background-size":"auto","background-attachment":"scroll","background-type":"","background-media":"","overlay-type":"","overlay-color":"","overlay-opacity":"","overlay-gradient":""},"mobile":{"background-color":"var(--ast-global-color-5)","background-image":"","background-repeat":"repeat","background-position":"center center","background-size":"auto","background-attachment":"scroll","background-type":"","background-media":"","overlay-type":"","overlay-color":"","overlay-opacity":"","overlay-gradient":""}},"footnotes":""},"class_list":["post-211964","page","type-page","status-publish","hentry"],"acf":[],"uagb_featured_image_src":{"full":false,"thumbnail":false,"medium":false,"medium_large":false,"large":false,"1536x1536":false,"2048x2048":false,"woocommerce_thumbnail":false,"woocommerce_single":false,"woocommerce_gallery_thumbnail":false,"dgwt-wcas-product-suggestion":false},"uagb_author_info":{"display_name":"dsadmin","author_link":"https:\/\/justvape.nu\/sv\/author\/dsadmin\/"},"uagb_comment_info":0,"uagb_excerpt":"Sekretesspolicy N\u00e4r du bes\u00f6ker v\u00e5r webbplats samlar vi in information om dig som anv\u00e4nds f\u00f6r att anpassa och f\u00f6rb\u00e4ttra v\u00e5rt inneh\u00e5ll och f\u00f6r att \u00f6ka v\u00e4rdet p\u00e5 de annonser som visas p\u00e5 sidan. Om du inte vill ha information samlad m\u00e5ste du radera dina cookies (se instruktioner) och avst\u00e5 fr\u00e5n vidare anv\u00e4ndning av webbplatsen. Nedan&hellip;","_links":{"self":[{"href":"https:\/\/justvape.nu\/sv\/wp-json\/wp\/v2\/pages\/211964","targetHints":{"allow":["GET"]}}],"collection":[{"href":"https:\/\/justvape.nu\/sv\/wp-json\/wp\/v2\/pages"}],"about":[{"href":"https:\/\/justvape.nu\/sv\/wp-json\/wp\/v2\/types\/page"}],"author":[{"embeddable":true,"href":"https:\/\/justvape.nu\/sv\/wp-json\/wp\/v2\/users\/1"}],"replies":[{"embeddable":true,"href":"https:\/\/justvape.nu\/sv\/wp-json\/wp\/v2\/comments?post=211964"}],"version-history":[{"count":0,"href":"https:\/\/justvape.nu\/sv\/wp-json\/wp\/v2\/pages\/211964\/revisions"}],"wp:attachment":[{"href":"https:\/\/justvape.nu\/sv\/wp-json\/wp\/v2\/media?parent=211964"}],"curies":[{"name":"wp","href":"https:\/\/api.w.org\/{rel}","templated":true}]}}