{"id":678354,"date":"2024-03-19T20:14:12","date_gmt":"2024-03-19T19:14:12","guid":{"rendered":"https:\/\/justvape.nu\/produkt\/vaporesso-xros-cube-kit\/"},"modified":"2024-03-19T20:14:12","modified_gmt":"2024-03-19T19:14:12","slug":"vaporesso-xros-cube-kit","status":"publish","type":"product","link":"https:\/\/justvape.nu\/it\/produkt\/vaporesso-xros-cube-kit\/","title":{"rendered":"VAPORESSO &#8211; XROS CUBE KIT"},"content":{"rendered":"<h2>VAPORESSO &#8211; XROS CUBE KIT<\/h2>\n<p>XROS Cube Kit \u00e8 un dispositivo MTL ultra-compatto a forma di cubo. \u00c8 alimentato da una batteria integrata da 900 mAh con ricarica di tipo C, per offrirvi un&#8217;esperienza di svapo pi\u00f9 lunga. Progettato con un effetto di illuminazione visibile a 360\u00b0, \u00e8 pi\u00f9 facile monitorare il livello della batteria. Adotta inoltre la tecnologia di riscaldamento Corex per garantire la precisione del gusto, il design del flusso d&#8217;aria regolabile per personalizzare il vaping e la tecnologia anti-perdita SSS per un uso chiaro. \u00c8 compatibile con la cartuccia Vaporesso XROS Pod 0.6\u03a9\/0.7\u03a9\/0.8\u03a9\/1.0\u03a9\/1.2\u03a9. Prendetelo e basta.<\/p>\n<p><a href=\"https:\/\/justvape.nu\/wp-content\/uploads\/2018\/05\/Color-Schemes.png\"><img loading=\"lazy\" decoding=\"async\" class=\"alignnone size-full wp-image-19187\" src=\"https:\/\/justvape.nu\/wp-content\/uploads\/2018\/05\/Color-Schemes.png\" alt=\"\" width=\"950\" height=\"64\" title=\"\" srcset=\"https:\/\/justvape.nu\/wp-content\/uploads\/2018\/05\/Color-Schemes.png 950w, https:\/\/justvape.nu\/wp-content\/uploads\/2018\/05\/Color-Schemes-555x37.png 555w, https:\/\/justvape.nu\/wp-content\/uploads\/2018\/05\/Color-Schemes-64x4.png 64w, https:\/\/justvape.nu\/wp-content\/uploads\/2018\/05\/Color-Schemes-300x20.png 300w, https:\/\/justvape.nu\/wp-content\/uploads\/2018\/05\/Color-Schemes-768x52.png 768w\" sizes=\"auto, (max-width: 950px) 100vw, 950px\" \/><\/a><\/p>\n<p class=\"description-img-center\"><a href=\"https:\/\/justvape.nu\/wp-content\/uploads\/2024\/03\/Vaporesso_XROS_Cube_Kit_Full_Color.jpg\"><img loading=\"lazy\" decoding=\"async\" class=\"alignnone size-full wp-image-678281\" src=\"https:\/\/justvape.nu\/wp-content\/uploads\/2024\/03\/Vaporesso_XROS_Cube_Kit_Full_Color.jpg\" alt=\"\" width=\"714\" height=\"646\" title=\"\" srcset=\"https:\/\/justvape.nu\/wp-content\/uploads\/2024\/03\/Vaporesso_XROS_Cube_Kit_Full_Color.jpg 714w, https:\/\/justvape.nu\/wp-content\/uploads\/2024\/03\/Vaporesso_XROS_Cube_Kit_Full_Color-600x543.jpg 600w, https:\/\/justvape.nu\/wp-content\/uploads\/2024\/03\/Vaporesso_XROS_Cube_Kit_Full_Color-64x58.jpg 64w, https:\/\/justvape.nu\/wp-content\/uploads\/2024\/03\/Vaporesso_XROS_Cube_Kit_Full_Color-300x271.jpg 300w\" sizes=\"auto, (max-width: 714px) 100vw, 714px\" \/><\/a><\/p>\n<div class=\"shop-features \">\n<h2 class=\"shop-features-title \"><a href=\"https:\/\/justvape.nu\/wp-content\/uploads\/2018\/05\/Specifications.png\"><img loading=\"lazy\" decoding=\"async\" class=\"alignnone size-full wp-image-18993\" src=\"https:\/\/justvape.nu\/wp-content\/uploads\/2018\/05\/Specifications.png\" alt=\"\" width=\"950\" height=\"64\" title=\"\" srcset=\"https:\/\/justvape.nu\/wp-content\/uploads\/2018\/05\/Specifications.png 950w, https:\/\/justvape.nu\/wp-content\/uploads\/2018\/05\/Specifications-555x37.png 555w, https:\/\/justvape.nu\/wp-content\/uploads\/2018\/05\/Specifications-64x4.png 64w, https:\/\/justvape.nu\/wp-content\/uploads\/2018\/05\/Specifications-300x20.png 300w, https:\/\/justvape.nu\/wp-content\/uploads\/2018\/05\/Specifications-768x52.png 768w\" sizes=\"auto, (max-width: 950px) 100vw, 950px\" \/><\/a><\/h2>\n<\/div>\n<table class=\"description-table\">\n<tbody>\n<tr>\n<td class=\"strong-title \">Marchio<\/td>\n<td class=\"inline\">Vaporesso<\/td>\n<\/tr>\n<tr>\n<td class=\"strong-title \">Nome del prodotto<\/td>\n<td class=\"inline\">Kit XROS Cube<\/td>\n<\/tr>\n<tr>\n<td class=\"strong-title \">Capacit\u00e0 della batteria<\/td>\n<td class=\"inline\">Batteria integrata da 900 mAh<\/td>\n<\/tr>\n<tr>\n<td class=\"strong-title \">Carica<\/td>\n<td class=\"inline\">Tipo-C 1A<\/td>\n<\/tr>\n<tr>\n<td class=\"strong-title \">Flusso d&#8217;aria<\/td>\n<td class=\"inline\">Flusso d&#8217;aria regolabile<\/td>\n<\/tr>\n<tr>\n<td class=\"strong-title \">Capacit\u00e0 della capsula<\/td>\n<td class=\"inline\">2ml<\/td>\n<\/tr>\n<tr>\n<td class=\"strong-title \">Resistenza<\/td>\n<td class=\"inline\">0,8\u03a9\/1,2\u03a9<\/td>\n<\/tr>\n<tr>\n<td class=\"strong-title \">In forma per<\/td>\n<td class=\"inline\">Vaporesso XROS Cartuccia Pod 0.6\u03a9\/0.7\u03a9\/0.8\u03a9\/1.0\u03a9\/1.2\u03a9<\/td>\n<\/tr>\n<tr>\n<td class=\"strong-title \">Dimensione del prodotto<\/td>\n<td class=\"inline\">27,8*24,9*72 mm<\/td>\n<\/tr>\n<tr>\n<td class=\"strong-title \">Colore<\/td>\n<td class=\"inline\">Nero, Blu Oceano, Grigio, Argento, Cyber Lime, Blu Bondi, Rosa Sakura, Verde Foresta<\/td>\n<\/tr>\n<\/tbody>\n<\/table>\n<div class=\"shop-features \">\n<h2 class=\"shop-features-title \"><a href=\"https:\/\/justvape.nu\/wp-content\/uploads\/2018\/05\/Features.png\"><img loading=\"lazy\" decoding=\"async\" class=\"alignnone size-full wp-image-248458\" src=\"https:\/\/justvape.nu\/wp-content\/uploads\/2018\/05\/Features.png\" alt=\"\" width=\"950\" height=\"64\" title=\"\" srcset=\"https:\/\/justvape.nu\/wp-content\/uploads\/2018\/05\/Features.png 950w, https:\/\/justvape.nu\/wp-content\/uploads\/2018\/05\/Features-600x40.png 600w, https:\/\/justvape.nu\/wp-content\/uploads\/2018\/05\/Features-64x4.png 64w, https:\/\/justvape.nu\/wp-content\/uploads\/2018\/05\/Features-300x20.png 300w, https:\/\/justvape.nu\/wp-content\/uploads\/2018\/05\/Features-768x52.png 768w\" sizes=\"auto, (max-width: 950px) 100vw, 950px\" \/><\/a><\/h2>\n<\/div>\n<ul>\n<li>1. Dispositivo MTL ultracompatto a forma di cubo<\/li>\n<li>2. Batteria incorporata da 900 mAh per un uso prolungato<\/li>\n<li>3. Illuminazione a cubo visibile a 360\u00b0 per monitorare lo stato della batteria<\/li>\n<li>4. Corex Heating Tech per una precisione di gusto costante<\/li>\n<li>5. Flusso d&#8217;aria regolabile per personalizzare il vaping<\/li>\n<li>6. Tecnologia anti-perdita SSS per un uso chiaro<\/li>\n<li>7. Adatto alla cartuccia XROS 0,6\u03a9\/0,7\u03a9\/0,8\u03a9\/1,0\u03a9\/1,2\u03a9<\/li>\n<\/ul>\n<div class=\"shop-features \">\n<h2 class=\"shop-features-title \"><a href=\"https:\/\/justvape.nu\/wp-content\/uploads\/2018\/05\/Packing-List.png\"><img loading=\"lazy\" decoding=\"async\" class=\"alignnone size-full wp-image-18995\" src=\"https:\/\/justvape.nu\/wp-content\/uploads\/2018\/05\/Packing-List.png\" alt=\"\" width=\"950\" height=\"64\" title=\"\" srcset=\"https:\/\/justvape.nu\/wp-content\/uploads\/2018\/05\/Packing-List.png 950w, https:\/\/justvape.nu\/wp-content\/uploads\/2018\/05\/Packing-List-555x37.png 555w, https:\/\/justvape.nu\/wp-content\/uploads\/2018\/05\/Packing-List-64x4.png 64w, https:\/\/justvape.nu\/wp-content\/uploads\/2018\/05\/Packing-List-300x20.png 300w, https:\/\/justvape.nu\/wp-content\/uploads\/2018\/05\/Packing-List-768x52.png 768w\" sizes=\"auto, (max-width: 950px) 100vw, 950px\" \/><\/a><\/h2>\n<\/div>\n<p>1* Batteria Vaporesso XROS Cube<br \/>\n1* Pod Vaporesso XROS Series 0.8\u03a9 Mesh (preinstallato)<br \/>\n1* Pod a rete Vaporesso XROS Series 1.2\u03a9 (in confezione)<br \/>\n1* Cavo di ricarica di tipo C<br \/>\n1* cordino<br \/>\n1* Manuale d&#8217;uso e scheda di garanzia<\/p>\n","protected":false},"excerpt":{"rendered":"<p>VAPORESSO &#8211; XROS CUBE KIT<\/p>\n","protected":false},"featured_media":678298,"comment_status":"open","ping_status":"closed","template":"","meta":{"_acf_changed":false,"_uag_custom_page_level_css":"","site-sidebar-layout":"default","site-content-layout":"","ast-site-content-layout":"default","site-content-style":"default","site-sidebar-style":"default","ast-global-header-display":"","ast-banner-title-visibility":"","ast-main-header-display":"","ast-hfb-above-header-display":"","ast-hfb-below-header-display":"","ast-hfb-mobile-header-display":"","site-post-title":"","ast-breadcrumbs-content":"","ast-featured-img":"","footer-sml-layout":"","ast-disable-related-posts":"","theme-transparent-header-meta":"default","adv-header-id-meta":"","stick-header-meta":"default","header-above-stick-meta":"","header-main-stick-meta":"","header-below-stick-meta":"","astra-migrate-meta-layouts":"default","ast-page-background-enabled":"default","ast-page-background-meta":{"desktop":{"background-color":"","background-image":"","background-repeat":"repeat","background-position":"center center","background-size":"auto","background-attachment":"scroll","background-type":"","background-media":"","overlay-type":"","overlay-color":"","overlay-opacity":"","overlay-gradient":""},"tablet":{"background-color":"","background-image":"","background-repeat":"repeat","background-position":"center center","background-size":"auto","background-attachment":"scroll","background-type":"","background-media":"","overlay-type":"","overlay-color":"","overlay-opacity":"","overlay-gradient":""},"mobile":{"background-color":"","background-image":"","background-repeat":"repeat","background-position":"center center","background-size":"auto","background-attachment":"scroll","background-type":"","background-media":"","overlay-type":"","overlay-color":"","overlay-opacity":"","overlay-gradient":""}},"ast-content-background-meta":{"desktop":{"background-color":"var(--ast-global-color-5)","background-image":"","background-repeat":"repeat","background-position":"center center","background-size":"auto","background-attachment":"scroll","background-type":"","background-media":"","overlay-type":"","overlay-color":"","overlay-opacity":"","overlay-gradient":""},"tablet":{"background-color":"var(--ast-global-color-5)","background-image":"","background-repeat":"repeat","background-position":"center center","background-size":"auto","background-attachment":"scroll","background-type":"","background-media":"","overlay-type":"","overlay-color":"","overlay-opacity":"","overlay-gradient":""},"mobile":{"background-color":"var(--ast-global-color-5)","background-image":"","background-repeat":"repeat","background-position":"center center","background-size":"auto","background-attachment":"scroll","background-type":"","background-media":"","overlay-type":"","overlay-color":"","overlay-opacity":"","overlay-gradient":""}}},"product_brand":[],"product_cat":[2517,2079,1878,2518,2069,4269],"product_tag":[],"class_list":{"0":"post-678354","1":"product","2":"type-product","3":"status-publish","4":"has-post-thumbnail","6":"product_cat-hardware-it","7":"product_cat-kit-per-principianti-e-pod","8":"product_cat-new-products-it","9":"product_cat-shop-by-brand-it","10":"product_cat-sigarette-elettroniche","11":"product_cat-vaporesso-it","12":"desktop-align-center","13":"tablet-align-center","14":"mobile-align-center","15":"ast-product-gallery-layout-horizontal-slider","16":"ast-product-single-variable","17":"ast-product-tabs-layout-horizontal","19":"first","20":"instock","21":"sale","22":"taxable","23":"shipping-taxable","24":"purchasable","25":"product-type-variable"},"acf":[],"uagb_featured_image_src":{"full":["https:\/\/justvape.nu\/wp-content\/uploads\/2024\/03\/O8JENcDw.jpeg",600,600,false],"thumbnail":["https:\/\/justvape.nu\/wp-content\/uploads\/2024\/03\/O8JENcDw-150x150.jpeg",150,150,true],"medium":["https:\/\/justvape.nu\/wp-content\/uploads\/2024\/03\/O8JENcDw-300x300.jpeg",300,300,true],"medium_large":["https:\/\/justvape.nu\/wp-content\/uploads\/2024\/03\/O8JENcDw.jpeg",600,600,false],"large":["https:\/\/justvape.nu\/wp-content\/uploads\/2024\/03\/O8JENcDw.jpeg",600,600,false],"1536x1536":["https:\/\/justvape.nu\/wp-content\/uploads\/2024\/03\/O8JENcDw.jpeg",600,600,false],"2048x2048":["https:\/\/justvape.nu\/wp-content\/uploads\/2024\/03\/O8JENcDw.jpeg",600,600,false],"woocommerce_thumbnail":["https:\/\/justvape.nu\/wp-content\/uploads\/2024\/03\/O8JENcDw-300x300.jpeg",300,300,true],"woocommerce_single":["https:\/\/justvape.nu\/wp-content\/uploads\/2024\/03\/O8JENcDw.jpeg",600,600,false],"woocommerce_gallery_thumbnail":["https:\/\/justvape.nu\/wp-content\/uploads\/2024\/03\/O8JENcDw-100x100.jpeg",100,100,true],"dgwt-wcas-product-suggestion":["https:\/\/justvape.nu\/wp-content\/uploads\/2024\/03\/O8JENcDw-64x64.jpeg",64,64,true]},"uagb_author_info":{"display_name":"Kenneth Merkur","author_link":"https:\/\/justvape.nu\/it\/author\/"},"uagb_comment_info":0,"uagb_excerpt":"VAPORESSO - XROS CUBE KIT","_links":{"self":[{"href":"https:\/\/justvape.nu\/it\/wp-json\/wp\/v2\/product\/678354","targetHints":{"allow":["GET"]}}],"collection":[{"href":"https:\/\/justvape.nu\/it\/wp-json\/wp\/v2\/product"}],"about":[{"href":"https:\/\/justvape.nu\/it\/wp-json\/wp\/v2\/types\/product"}],"replies":[{"embeddable":true,"href":"https:\/\/justvape.nu\/it\/wp-json\/wp\/v2\/comments?post=678354"}],"wp:featuredmedia":[{"embeddable":true,"href":"https:\/\/justvape.nu\/it\/wp-json\/wp\/v2\/media\/678298"}],"wp:attachment":[{"href":"https:\/\/justvape.nu\/it\/wp-json\/wp\/v2\/media?parent=678354"}],"wp:term":[{"taxonomy":"product_brand","embeddable":true,"href":"https:\/\/justvape.nu\/it\/wp-json\/wp\/v2\/product_brand?post=678354"},{"taxonomy":"product_cat","embeddable":true,"href":"https:\/\/justvape.nu\/it\/wp-json\/wp\/v2\/product_cat?post=678354"},{"taxonomy":"product_tag","embeddable":true,"href":"https:\/\/justvape.nu\/it\/wp-json\/wp\/v2\/product_tag?post=678354"}],"curies":[{"name":"wp","href":"https:\/\/api.w.org\/{rel}","templated":true}]}}