{"id":672033,"date":"2024-02-08T10:16:58","date_gmt":"2024-02-08T09:16:58","guid":{"rendered":"https:\/\/justvape.nu\/produkt\/uwell-crown-x-pod\/"},"modified":"2024-03-07T19:24:13","modified_gmt":"2024-03-07T18:24:13","slug":"uwell-crown-x-pod","status":"publish","type":"product","link":"https:\/\/justvape.nu\/it\/produkt\/uwell-crown-x-pod\/","title":{"rendered":"UWELL &#8211; CROWN X POD"},"content":{"rendered":"<h2>UWELL &#8211; CROWN X POD<\/h2>\n<p>Elevate la vostra esperienza di svapo con il kit Uwell Crown X Pod Vape, un dispositivo all&#8217;avanguardia progettato per i vapers che esigono qualit\u00e0, prestazioni e stile. Questo kit \u00e8 l&#8217;ultima novit\u00e0 della rinomata serie Crown, nota per l&#8217;eccezionale qualit\u00e0 costruttiva e le caratteristiche innovative.<\/p>\n<p>Il kit Uwell Crown X Pod Vape si distingue per il suo design elegante, che incarna raffinatezza e durata. Il dispositivo \u00e8 dotato di un display cristallino, che offre una facile navigazione attraverso la sua interfaccia intuitiva. Grazie alle impostazioni di wattaggio e flusso d&#8217;aria regolabili, la Crown X si rivolge sia ai vapers diretti che a quelli che utilizzano la bocca per respirare (MTL), offrendo un&#8217;esperienza di vaping versatile.<\/p>\n<p>La Crown X Pod \u00e8 dotata di un meccanismo di riempimento dall&#8217;alto, che rende le ricariche un gioco da ragazzi ed elimina il problema delle perdite. Il kit include due bobine, progettate per offrire un aroma ineguagliabile dal succo di svapo e un&#8217;eccellente produzione di vapore, assicurando che ogni boccata sia un&#8217;esperienza piacevole.<\/p>\n<p><a href=\"https:\/\/justvape.nu\/wp-content\/uploads\/2021\/06\/Specifications1.png\"><img loading=\"lazy\" decoding=\"async\" class=\"alignnone size-full wp-image-390997\" src=\"https:\/\/justvape.nu\/wp-content\/uploads\/2021\/06\/Specifications1.png\" alt=\"\" width=\"950\" height=\"64\" title=\"\" srcset=\"https:\/\/justvape.nu\/wp-content\/uploads\/2021\/06\/Specifications1.png 950w, https:\/\/justvape.nu\/wp-content\/uploads\/2021\/06\/Specifications1-600x40.png 600w, https:\/\/justvape.nu\/wp-content\/uploads\/2021\/06\/Specifications1-64x4.png 64w, https:\/\/justvape.nu\/wp-content\/uploads\/2021\/06\/Specifications1-300x20.png 300w, https:\/\/justvape.nu\/wp-content\/uploads\/2021\/06\/Specifications1-768x52.png 768w\" sizes=\"auto, (max-width: 950px) 100vw, 950px\" \/><\/a><\/p>\n<ul>\n<li><strong>Dimensioni:<\/strong> Design compatto ed ergonomico per un utilizzo confortevole.<\/li>\n<li><strong>Batteria:<\/strong> batteria integrata ad alta capacit\u00e0 da 1500 mAh per sessioni di svapo prolungate.<\/li>\n<li><strong>Capacit\u00e0 delle cialde:<\/strong> Generosa capacit\u00e0 delle cialde, che consente un minor numero di ricariche e una maggiore praticit\u00e0.<\/li>\n<li><strong>Compatibilit\u00e0 con le bobine:<\/strong> Utilizza le bobine Crown X proprietarie di Uwell, garantendo un sapore ricco e una produzione di vapore densa.<\/li>\n<li><strong>Gamma di wattaggio:<\/strong> Wattaggio regolabile per soddisfare le vostre preferenze di vaping.<\/li>\n<li><strong>Meccanismo di riempimento:<\/strong> Comodo sistema di riempimento dall&#8217;alto per una ricarica facile e senza problemi.<\/li>\n<li><strong>Flusso d&#8217;aria:<\/strong> Sistema di flusso d&#8217;aria regolabile per regolare con precisione la vostra esperienza di vaping.<\/li>\n<\/ul>\n<p><a href=\"https:\/\/justvape.nu\/wp-content\/uploads\/2018\/05\/Packing-List.png\"><img loading=\"lazy\" decoding=\"async\" class=\"alignnone size-full wp-image-248468\" src=\"https:\/\/justvape.nu\/wp-content\/uploads\/2018\/05\/Packing-List.png\" alt=\"\" width=\"950\" height=\"64\" title=\"\" srcset=\"https:\/\/justvape.nu\/wp-content\/uploads\/2018\/05\/Packing-List.png 950w, https:\/\/justvape.nu\/wp-content\/uploads\/2018\/05\/Packing-List-600x40.png 600w, https:\/\/justvape.nu\/wp-content\/uploads\/2018\/05\/Packing-List-64x4.png 64w, https:\/\/justvape.nu\/wp-content\/uploads\/2018\/05\/Packing-List-300x20.png 300w, https:\/\/justvape.nu\/wp-content\/uploads\/2018\/05\/Packing-List-768x52.png 768w\" sizes=\"auto, (max-width: 950px) 100vw, 950px\" \/><\/a><\/p>\n<ul>\n<li>Dispositivo Uwell Crown X<\/li>\n<li>Corona X Pod<\/li>\n<li>Bobina di ricambio Uwell Crown X da 0,6ohm a maglie strette<\/li>\n<li>Cavo di ricarica USB<\/li>\n<li>Manuale d&#8217;uso<\/li>\n<\/ul>\n","protected":false},"excerpt":{"rendered":"<p>UWELL &#8211; CROWN X POD<\/p>\n","protected":false},"featured_media":671774,"comment_status":"open","ping_status":"closed","template":"","meta":{"_acf_changed":false,"_uag_custom_page_level_css":"","site-sidebar-layout":"default","site-content-layout":"","ast-site-content-layout":"default","site-content-style":"default","site-sidebar-style":"default","ast-global-header-display":"","ast-banner-title-visibility":"","ast-main-header-display":"","ast-hfb-above-header-display":"","ast-hfb-below-header-display":"","ast-hfb-mobile-header-display":"","site-post-title":"","ast-breadcrumbs-content":"","ast-featured-img":"","footer-sml-layout":"","ast-disable-related-posts":"","theme-transparent-header-meta":"default","adv-header-id-meta":"","stick-header-meta":"default","header-above-stick-meta":"","header-main-stick-meta":"","header-below-stick-meta":"","astra-migrate-meta-layouts":"default","ast-page-background-enabled":"default","ast-page-background-meta":{"desktop":{"background-color":"","background-image":"","background-repeat":"repeat","background-position":"center center","background-size":"auto","background-attachment":"scroll","background-type":"","background-media":"","overlay-type":"","overlay-color":"","overlay-opacity":"","overlay-gradient":""},"tablet":{"background-color":"","background-image":"","background-repeat":"repeat","background-position":"center center","background-size":"auto","background-attachment":"scroll","background-type":"","background-media":"","overlay-type":"","overlay-color":"","overlay-opacity":"","overlay-gradient":""},"mobile":{"background-color":"","background-image":"","background-repeat":"repeat","background-position":"center center","background-size":"auto","background-attachment":"scroll","background-type":"","background-media":"","overlay-type":"","overlay-color":"","overlay-opacity":"","overlay-gradient":""}},"ast-content-background-meta":{"desktop":{"background-color":"var(--ast-global-color-5)","background-image":"","background-repeat":"repeat","background-position":"center center","background-size":"auto","background-attachment":"scroll","background-type":"","background-media":"","overlay-type":"","overlay-color":"","overlay-opacity":"","overlay-gradient":""},"tablet":{"background-color":"var(--ast-global-color-5)","background-image":"","background-repeat":"repeat","background-position":"center center","background-size":"auto","background-attachment":"scroll","background-type":"","background-media":"","overlay-type":"","overlay-color":"","overlay-opacity":"","overlay-gradient":""},"mobile":{"background-color":"var(--ast-global-color-5)","background-image":"","background-repeat":"repeat","background-position":"center center","background-size":"auto","background-attachment":"scroll","background-type":"","background-media":"","overlay-type":"","overlay-color":"","overlay-opacity":"","overlay-gradient":""}}},"product_brand":[],"product_cat":[2517,2079,1878,2518,2069,3429],"product_tag":[],"class_list":{"0":"post-672033","1":"product","2":"type-product","3":"status-publish","4":"has-post-thumbnail","6":"product_cat-hardware-it","7":"product_cat-kit-per-principianti-e-pod","8":"product_cat-new-products-it","9":"product_cat-shop-by-brand-it","10":"product_cat-sigarette-elettroniche","11":"product_cat-uwell-it","12":"desktop-align-center","13":"tablet-align-center","14":"mobile-align-center","15":"ast-product-gallery-layout-horizontal-slider","16":"ast-product-single-variable","17":"ast-product-tabs-layout-horizontal","19":"first","20":"instock","21":"sale","22":"taxable","23":"shipping-taxable","24":"purchasable","25":"product-type-variable"},"acf":[],"uagb_featured_image_src":{"full":["https:\/\/justvape.nu\/wp-content\/uploads\/2024\/02\/MCeENGh4.jpeg",600,600,false],"thumbnail":["https:\/\/justvape.nu\/wp-content\/uploads\/2024\/02\/MCeENGh4-150x150.jpeg",150,150,true],"medium":["https:\/\/justvape.nu\/wp-content\/uploads\/2024\/02\/MCeENGh4-300x300.jpeg",300,300,true],"medium_large":["https:\/\/justvape.nu\/wp-content\/uploads\/2024\/02\/MCeENGh4.jpeg",600,600,false],"large":["https:\/\/justvape.nu\/wp-content\/uploads\/2024\/02\/MCeENGh4.jpeg",600,600,false],"1536x1536":["https:\/\/justvape.nu\/wp-content\/uploads\/2024\/02\/MCeENGh4.jpeg",600,600,false],"2048x2048":["https:\/\/justvape.nu\/wp-content\/uploads\/2024\/02\/MCeENGh4.jpeg",600,600,false],"woocommerce_thumbnail":["https:\/\/justvape.nu\/wp-content\/uploads\/2024\/02\/MCeENGh4-300x300.jpeg",300,300,true],"woocommerce_single":["https:\/\/justvape.nu\/wp-content\/uploads\/2024\/02\/MCeENGh4.jpeg",600,600,false],"woocommerce_gallery_thumbnail":["https:\/\/justvape.nu\/wp-content\/uploads\/2024\/02\/MCeENGh4-100x100.jpeg",100,100,true],"dgwt-wcas-product-suggestion":["https:\/\/justvape.nu\/wp-content\/uploads\/2024\/02\/MCeENGh4-64x64.jpeg",64,64,true]},"uagb_author_info":{"display_name":"Kenneth Merkur","author_link":"https:\/\/justvape.nu\/it\/author\/"},"uagb_comment_info":0,"uagb_excerpt":"UWELL - CROWN X POD","_links":{"self":[{"href":"https:\/\/justvape.nu\/it\/wp-json\/wp\/v2\/product\/672033","targetHints":{"allow":["GET"]}}],"collection":[{"href":"https:\/\/justvape.nu\/it\/wp-json\/wp\/v2\/product"}],"about":[{"href":"https:\/\/justvape.nu\/it\/wp-json\/wp\/v2\/types\/product"}],"replies":[{"embeddable":true,"href":"https:\/\/justvape.nu\/it\/wp-json\/wp\/v2\/comments?post=672033"}],"wp:featuredmedia":[{"embeddable":true,"href":"https:\/\/justvape.nu\/it\/wp-json\/wp\/v2\/media\/671774"}],"wp:attachment":[{"href":"https:\/\/justvape.nu\/it\/wp-json\/wp\/v2\/media?parent=672033"}],"wp:term":[{"taxonomy":"product_brand","embeddable":true,"href":"https:\/\/justvape.nu\/it\/wp-json\/wp\/v2\/product_brand?post=672033"},{"taxonomy":"product_cat","embeddable":true,"href":"https:\/\/justvape.nu\/it\/wp-json\/wp\/v2\/product_cat?post=672033"},{"taxonomy":"product_tag","embeddable":true,"href":"https:\/\/justvape.nu\/it\/wp-json\/wp\/v2\/product_tag?post=672033"}],"curies":[{"name":"wp","href":"https:\/\/api.w.org\/{rel}","templated":true}]}}