{"id":655253,"date":"2023-11-30T21:11:46","date_gmt":"2023-11-30T20:11:46","guid":{"rendered":"https:\/\/justvape.nu\/produkt\/innokin-zenith-minimal-tank\/"},"modified":"2023-11-30T21:11:46","modified_gmt":"2023-11-30T20:11:46","slug":"innokin-zenith-minimal-tank","status":"publish","type":"product","link":"https:\/\/justvape.nu\/it\/produkt\/innokin-zenith-minimal-tank\/","title":{"rendered":"INNOKIN &#8211; ZENITH MINIMAL TANK"},"content":{"rendered":"<div class=\" product-block product-block--title product-block--first \">\n<h2 class=\"product-title\">INNOKIN &#8211; ZENITH MINIMAL TANK<\/h2>\n<\/div>\n<div class=\" product-block product-block--vendor \">Il serbatoio Innokin Zenith Minimal \u00e8 un comodo serbatoio con attacco 510 progettato per essere facile da usare ed \u00e8 specificamente compatibile con il kit Innokin EZ Tube Zenith Minimal. Questo serbatoio \u00e8 stato progettato per funzionare perfettamente con le bobine Innokin Z, soddisfacendo una vasta gamma di preferenze di vaping, compresi gli stili MTL (Mouth To Lung) e RDL (Restricted Direct To Lung). Grazie all&#8217;anello di regolazione del flusso d&#8217;aria, \u00e8 possibile personalizzare l&#8217;inalazione, ottenendo un&#8217;esperienza di svapo pi\u00f9 ariosa o ristretta. Il serbatoio vanta un design senza problemi, che facilita le ricariche grazie al design con riempimento dall&#8217;alto, mentre l&#8217;installazione push-fit assicura che la sostituzione della bobina sia un processo rapido e senza sforzo.<\/div>\n<div>\n<p><a href=\"https:\/\/justvape.nu\/wp-content\/uploads\/2018\/05\/Specifications.png\"><img loading=\"lazy\" decoding=\"async\" class=\"alignnone size-full wp-image-248448\" src=\"https:\/\/justvape.nu\/wp-content\/uploads\/2018\/05\/Specifications.png\" alt=\"\" width=\"950\" height=\"64\" title=\"\" srcset=\"https:\/\/justvape.nu\/wp-content\/uploads\/2018\/05\/Specifications.png 950w, https:\/\/justvape.nu\/wp-content\/uploads\/2018\/05\/Specifications-600x40.png 600w, https:\/\/justvape.nu\/wp-content\/uploads\/2018\/05\/Specifications-64x4.png 64w, https:\/\/justvape.nu\/wp-content\/uploads\/2018\/05\/Specifications-300x20.png 300w, https:\/\/justvape.nu\/wp-content\/uploads\/2018\/05\/Specifications-768x52.png 768w\" sizes=\"auto, (max-width: 950px) 100vw, 950px\" \/><\/a><\/p>\n<div class=\"collapsible-tab__text\">\n<p>1. La forma incontra la funzione.<br \/>\n2. Compatibile con tutte le bobine Z.<br \/>\n3. Il nuovo tappo superiore con chiusura a 1\/4 di giro consente ricariche rapide e sicure.<br \/>\n4. Modifiche alle bobine plug-pull.<br \/>\n5. Lo Zenith Minimal \u00e8 dotato di un controllo del flusso d&#8217;aria fluido e preciso.<br \/>\n6. Pulizia senza problemi.<\/p>\n<p><a href=\"https:\/\/justvape.nu\/wp-content\/uploads\/2018\/05\/Packing-List.png\"><img loading=\"lazy\" decoding=\"async\" class=\"alignnone size-full wp-image-18995\" src=\"https:\/\/justvape.nu\/wp-content\/uploads\/2018\/05\/Packing-List.png\" alt=\"\" width=\"950\" height=\"64\" title=\"\" srcset=\"https:\/\/justvape.nu\/wp-content\/uploads\/2018\/05\/Packing-List.png 950w, https:\/\/justvape.nu\/wp-content\/uploads\/2018\/05\/Packing-List-555x37.png 555w, https:\/\/justvape.nu\/wp-content\/uploads\/2018\/05\/Packing-List-64x4.png 64w, https:\/\/justvape.nu\/wp-content\/uploads\/2018\/05\/Packing-List-300x20.png 300w, https:\/\/justvape.nu\/wp-content\/uploads\/2018\/05\/Packing-List-768x52.png 768w\" sizes=\"auto, (max-width: 950px) 100vw, 950px\" \/><\/a><\/p>\n<p>1x Zenith Minimal 2ml TPD Tank (0.8\u03a9 MTL Z-Coil e MTL Yellow Drip Tip installati)<br \/>\n1x Bobina Z RDL di ricambio da 0,3\u03a9<br \/>\n1x Punta di gocciolamento nera MTL di ricambio<br \/>\n1x Punta di gocciolamento nera RDL di ricambio<br \/>\n1x O-Ring di ricambio<br \/>\n1x Guida rapida<\/p>\n<\/div>\n<\/div>\n","protected":false},"excerpt":{"rendered":"<p>INNOKIN &#8211; ZENITH MINIMAL TANK<\/p>\n","protected":false},"featured_media":655158,"comment_status":"open","ping_status":"closed","template":"","meta":{"_acf_changed":false,"_uag_custom_page_level_css":"","site-sidebar-layout":"default","site-content-layout":"","ast-site-content-layout":"default","site-content-style":"default","site-sidebar-style":"default","ast-global-header-display":"","ast-banner-title-visibility":"","ast-main-header-display":"","ast-hfb-above-header-display":"","ast-hfb-below-header-display":"","ast-hfb-mobile-header-display":"","site-post-title":"","ast-breadcrumbs-content":"","ast-featured-img":"","footer-sml-layout":"","ast-disable-related-posts":"","theme-transparent-header-meta":"default","adv-header-id-meta":"","stick-header-meta":"default","header-above-stick-meta":"","header-main-stick-meta":"","header-below-stick-meta":"","astra-migrate-meta-layouts":"default","ast-page-background-enabled":"default","ast-page-background-meta":{"desktop":{"background-color":"","background-image":"","background-repeat":"repeat","background-position":"center center","background-size":"auto","background-attachment":"scroll","background-type":"","background-media":"","overlay-type":"","overlay-color":"","overlay-opacity":"","overlay-gradient":""},"tablet":{"background-color":"","background-image":"","background-repeat":"repeat","background-position":"center center","background-size":"auto","background-attachment":"scroll","background-type":"","background-media":"","overlay-type":"","overlay-color":"","overlay-opacity":"","overlay-gradient":""},"mobile":{"background-color":"","background-image":"","background-repeat":"repeat","background-position":"center center","background-size":"auto","background-attachment":"scroll","background-type":"","background-media":"","overlay-type":"","overlay-color":"","overlay-opacity":"","overlay-gradient":""}},"ast-content-background-meta":{"desktop":{"background-color":"var(--ast-global-color-5)","background-image":"","background-repeat":"repeat","background-position":"center center","background-size":"auto","background-attachment":"scroll","background-type":"","background-media":"","overlay-type":"","overlay-color":"","overlay-opacity":"","overlay-gradient":""},"tablet":{"background-color":"var(--ast-global-color-5)","background-image":"","background-repeat":"repeat","background-position":"center center","background-size":"auto","background-attachment":"scroll","background-type":"","background-media":"","overlay-type":"","overlay-color":"","overlay-opacity":"","overlay-gradient":""},"mobile":{"background-color":"var(--ast-global-color-5)","background-image":"","background-repeat":"repeat","background-position":"center center","background-size":"auto","background-attachment":"scroll","background-type":"","background-media":"","overlay-type":"","overlay-color":"","overlay-opacity":"","overlay-gradient":""}}},"product_brand":[],"product_cat":[2039,2517,2539,1878,1979,2518],"product_tag":[],"class_list":{"0":"post-655253","1":"product","2":"type-product","3":"status-publish","4":"has-post-thumbnail","6":"product_cat-carri-armati","7":"product_cat-hardware-it","8":"product_cat-innokin-it","9":"product_cat-new-products-it","10":"product_cat-serbatoi-e-bobine","11":"product_cat-shop-by-brand-it","12":"desktop-align-center","13":"tablet-align-center","14":"mobile-align-center","15":"ast-product-gallery-layout-horizontal-slider","16":"ast-product-single-variable","17":"ast-product-tabs-layout-horizontal","19":"first","20":"instock","21":"sale","22":"taxable","23":"shipping-taxable","24":"purchasable","25":"product-type-variable"},"acf":[],"uagb_featured_image_src":{"full":["https:\/\/justvape.nu\/wp-content\/uploads\/2023\/11\/I2Uuo8p.jpeg",600,600,false],"thumbnail":["https:\/\/justvape.nu\/wp-content\/uploads\/2023\/11\/I2Uuo8p-150x150.jpeg",150,150,true],"medium":["https:\/\/justvape.nu\/wp-content\/uploads\/2023\/11\/I2Uuo8p-300x300.jpeg",300,300,true],"medium_large":["https:\/\/justvape.nu\/wp-content\/uploads\/2023\/11\/I2Uuo8p.jpeg",600,600,false],"large":["https:\/\/justvape.nu\/wp-content\/uploads\/2023\/11\/I2Uuo8p.jpeg",600,600,false],"1536x1536":["https:\/\/justvape.nu\/wp-content\/uploads\/2023\/11\/I2Uuo8p.jpeg",600,600,false],"2048x2048":["https:\/\/justvape.nu\/wp-content\/uploads\/2023\/11\/I2Uuo8p.jpeg",600,600,false],"woocommerce_thumbnail":["https:\/\/justvape.nu\/wp-content\/uploads\/2023\/11\/I2Uuo8p-300x300.jpeg",300,300,true],"woocommerce_single":["https:\/\/justvape.nu\/wp-content\/uploads\/2023\/11\/I2Uuo8p.jpeg",600,600,false],"woocommerce_gallery_thumbnail":["https:\/\/justvape.nu\/wp-content\/uploads\/2023\/11\/I2Uuo8p-100x100.jpeg",100,100,true],"dgwt-wcas-product-suggestion":["https:\/\/justvape.nu\/wp-content\/uploads\/2023\/11\/I2Uuo8p-64x64.jpeg",64,64,true]},"uagb_author_info":{"display_name":"Kenneth Merkur","author_link":"https:\/\/justvape.nu\/it\/author\/"},"uagb_comment_info":0,"uagb_excerpt":"INNOKIN - ZENITH MINIMAL TANK","_links":{"self":[{"href":"https:\/\/justvape.nu\/it\/wp-json\/wp\/v2\/product\/655253","targetHints":{"allow":["GET"]}}],"collection":[{"href":"https:\/\/justvape.nu\/it\/wp-json\/wp\/v2\/product"}],"about":[{"href":"https:\/\/justvape.nu\/it\/wp-json\/wp\/v2\/types\/product"}],"replies":[{"embeddable":true,"href":"https:\/\/justvape.nu\/it\/wp-json\/wp\/v2\/comments?post=655253"}],"wp:featuredmedia":[{"embeddable":true,"href":"https:\/\/justvape.nu\/it\/wp-json\/wp\/v2\/media\/655158"}],"wp:attachment":[{"href":"https:\/\/justvape.nu\/it\/wp-json\/wp\/v2\/media?parent=655253"}],"wp:term":[{"taxonomy":"product_brand","embeddable":true,"href":"https:\/\/justvape.nu\/it\/wp-json\/wp\/v2\/product_brand?post=655253"},{"taxonomy":"product_cat","embeddable":true,"href":"https:\/\/justvape.nu\/it\/wp-json\/wp\/v2\/product_cat?post=655253"},{"taxonomy":"product_tag","embeddable":true,"href":"https:\/\/justvape.nu\/it\/wp-json\/wp\/v2\/product_tag?post=655253"}],"curies":[{"name":"wp","href":"https:\/\/api.w.org\/{rel}","templated":true}]}}