{"id":653820,"date":"2023-11-23T17:54:23","date_gmt":"2023-11-23T16:54:23","guid":{"rendered":"https:\/\/justvape.nu\/?post_type=product&#038;p=653820"},"modified":"2025-12-31T13:40:50","modified_gmt":"2025-12-31T12:40:50","slug":"cthulhu-mod-520-tank-copy","status":"publish","type":"product","link":"https:\/\/justvape.nu\/it\/produkt\/cthulhu-mod-520-tank-copy\/","title":{"rendered":"CTHULHU MOD &#8211; 850 BORO RBA"},"content":{"rendered":"<h2>CTHULHU MOD &#8211; 850 BORO RBA<\/h2>\n<p>&nbsp;<\/p>\n<p>Il serbatoio 850 RBA Boro di Cthulhu Mods \u00e8 l&#8217;accessorio perfetto per ogni appassionato di vaping. Questo serbatoio \u00e8 compatibile con tutte le mod Billet Box e con la Cthulhu AIO Mod. Il suo design elegante e compatto \u00e8 ottimizzato per la costruzione di bobine singole fai-da-te, rendendo facile la costruzione di bobine e la personalizzazione dell&#8217;esperienza di svapo.<\/p>\n<p dir=\"ltr\">Il Boro 850 RBA di Cthulhu \u00e8 compatibile con tutti i formati Boro Box e Billet Box.<\/p>\n<p>Viene fornito con il famoso serbatoio Kraken Boro da 5 ml, che pu\u00f2 essere riempito tramite la linguetta di plastica sulla parte anteriore del serbatoio.<\/p>\n<p dir=\"ltr\">L&#8217;RBA Boro 850 \u00e8 composto da 3 parti. Una piastra di montaggio a bobina singola, una camera di atomizzazione e un camino. \u00c8 sufficiente incastrarli tra loro (come mostrato nella foto).<\/p>\n<p dir=\"ltr\">Il flusso d&#8217;aria pu\u00f2 naturalmente essere regolato utilizzando 4 perni d&#8217;aria (forniti nel kit), che devono essere avvitati alla piastra di montaggio (hardware non fornito).<\/p>\n<p><a href=\"https:\/\/justvape.nu\/wp-content\/uploads\/2018\/05\/Specifications.png\"><img loading=\"lazy\" decoding=\"async\" class=\"alignnone size-full wp-image-248449\" src=\"https:\/\/justvape.nu\/wp-content\/uploads\/2018\/05\/Specifications.png\" alt=\"\" width=\"950\" height=\"64\" title=\"\" srcset=\"https:\/\/justvape.nu\/wp-content\/uploads\/2018\/05\/Specifications.png 950w, https:\/\/justvape.nu\/wp-content\/uploads\/2018\/05\/Specifications-600x40.png 600w, https:\/\/justvape.nu\/wp-content\/uploads\/2018\/05\/Specifications-64x4.png 64w, https:\/\/justvape.nu\/wp-content\/uploads\/2018\/05\/Specifications-300x20.png 300w, https:\/\/justvape.nu\/wp-content\/uploads\/2018\/05\/Specifications-768x52.png 768w\" sizes=\"auto, (max-width: 950px) 100vw, 950px\" \/><\/a><\/p>\n<p>&nbsp;<\/p>\n<ul>\n<li>850 RBA progettati per il vero vaping RDL e DL<\/li>\n<li>Ha un camino a cupola pi\u00f9 piccolo per migliorare il sapore e il colpo in gola<\/li>\n<li>Dimensioni del perno del flusso d&#8217;aria: 1,5 mm, 2,0 mm, 2,6 mm, 3,2 mm, 3,8 mm<\/li>\n<li>Facilit\u00e0 di costruzione della bobina e di wicking<\/li>\n<li>Design a flusso d&#8217;aria silenzioso e regolare<\/li>\n<li>Filettatura 510 per un pi\u00f9 facile avvolgimento<\/li>\n<li>Viene fornito con il serbatoio Kraken (il serbatoio Kraken \u00e8 pienamente compatibile con gli altri ponti Boro)<\/li>\n<\/ul>\n<p><a style=\"font-size: 16px; background-color: #ffffff;\" href=\"https:\/\/justvape.nu\/wp-content\/uploads\/2018\/04\/Packing-List.png\"><br \/>\n<img loading=\"lazy\" decoding=\"async\" class=\"alignnone size-full wp-image-18999\" src=\"https:\/\/justvape.nu\/wp-content\/uploads\/2018\/04\/Packing-List.png\" alt=\"\" width=\"950\" height=\"64\" title=\"\" srcset=\"https:\/\/justvape.nu\/wp-content\/uploads\/2018\/04\/Packing-List.png 950w, https:\/\/justvape.nu\/wp-content\/uploads\/2018\/04\/Packing-List-555x37.png 555w, https:\/\/justvape.nu\/wp-content\/uploads\/2018\/04\/Packing-List-64x4.png 64w, https:\/\/justvape.nu\/wp-content\/uploads\/2018\/04\/Packing-List-300x20.png 300w, https:\/\/justvape.nu\/wp-content\/uploads\/2018\/04\/Packing-List-768x52.png 768w\" sizes=\"auto, (max-width: 950px) 100vw, 950px\" \/><\/a><\/p>\n<ul>\n<li>1 serbatoio kraken 850<\/li>\n<li>4 x perni per il flusso d&#8217;aria<\/li>\n<\/ul>\n","protected":false},"excerpt":{"rendered":"<p>CTHULHU MOD &#8211; 850 BORO RBA<\/p>\n","protected":false},"featured_media":653839,"comment_status":"open","ping_status":"closed","template":"","meta":{"_acf_changed":false,"_uag_custom_page_level_css":"","site-sidebar-layout":"default","site-content-layout":"","ast-site-content-layout":"default","site-content-style":"default","site-sidebar-style":"default","ast-global-header-display":"","ast-banner-title-visibility":"","ast-main-header-display":"","ast-hfb-above-header-display":"","ast-hfb-below-header-display":"","ast-hfb-mobile-header-display":"","site-post-title":"","ast-breadcrumbs-content":"","ast-featured-img":"","footer-sml-layout":"","ast-disable-related-posts":"","theme-transparent-header-meta":"default","adv-header-id-meta":"","stick-header-meta":"default","header-above-stick-meta":"","header-main-stick-meta":"","header-below-stick-meta":"","astra-migrate-meta-layouts":"default","ast-page-background-enabled":"default","ast-page-background-meta":{"desktop":{"background-color":"","background-image":"","background-repeat":"repeat","background-position":"center center","background-size":"auto","background-attachment":"scroll","background-type":"","background-media":"","overlay-type":"","overlay-color":"","overlay-opacity":"","overlay-gradient":""},"tablet":{"background-color":"","background-image":"","background-repeat":"repeat","background-position":"center center","background-size":"auto","background-attachment":"scroll","background-type":"","background-media":"","overlay-type":"","overlay-color":"","overlay-opacity":"","overlay-gradient":""},"mobile":{"background-color":"","background-image":"","background-repeat":"repeat","background-position":"center center","background-size":"auto","background-attachment":"scroll","background-type":"","background-media":"","overlay-type":"","overlay-color":"","overlay-opacity":"","overlay-gradient":""}},"ast-content-background-meta":{"desktop":{"background-color":"var(--ast-global-color-5)","background-image":"","background-repeat":"repeat","background-position":"center center","background-size":"auto","background-attachment":"scroll","background-type":"","background-media":"","overlay-type":"","overlay-color":"","overlay-opacity":"","overlay-gradient":""},"tablet":{"background-color":"var(--ast-global-color-5)","background-image":"","background-repeat":"repeat","background-position":"center center","background-size":"auto","background-attachment":"scroll","background-type":"","background-media":"","overlay-type":"","overlay-color":"","overlay-opacity":"","overlay-gradient":""},"mobile":{"background-color":"var(--ast-global-color-5)","background-image":"","background-repeat":"repeat","background-position":"center center","background-size":"auto","background-attachment":"scroll","background-type":"","background-media":"","overlay-type":"","overlay-color":"","overlay-opacity":"","overlay-gradient":""}}},"product_brand":[],"product_cat":[2039,6208,2517,1878,1979,2518],"product_tag":[],"class_list":{"0":"post-653820","1":"product","2":"type-product","3":"status-publish","4":"has-post-thumbnail","6":"product_cat-carri-armati","7":"product_cat-cthulhu-mod-it","8":"product_cat-hardware-it","9":"product_cat-new-products-it","10":"product_cat-serbatoi-e-bobine","11":"product_cat-shop-by-brand-it","12":"desktop-align-center","13":"tablet-align-center","14":"mobile-align-center","15":"ast-product-gallery-layout-horizontal-slider","16":"ast-product-gallery-with-no-image","17":"ast-product-tabs-layout-horizontal","19":"first","20":"instock","21":"sale","22":"taxable","23":"shipping-taxable","24":"purchasable","25":"product-type-simple"},"acf":[],"uagb_featured_image_src":{"full":["https:\/\/justvape.nu\/wp-content\/uploads\/2023\/11\/cthulhu-mods-850-boro-rba-35447255564443.webp",480,480,false],"thumbnail":["https:\/\/justvape.nu\/wp-content\/uploads\/2023\/11\/cthulhu-mods-850-boro-rba-35447255564443-150x150.webp",150,150,true],"medium":["https:\/\/justvape.nu\/wp-content\/uploads\/2023\/11\/cthulhu-mods-850-boro-rba-35447255564443-300x300.webp",300,300,true],"medium_large":["https:\/\/justvape.nu\/wp-content\/uploads\/2023\/11\/cthulhu-mods-850-boro-rba-35447255564443.webp",480,480,false],"large":["https:\/\/justvape.nu\/wp-content\/uploads\/2023\/11\/cthulhu-mods-850-boro-rba-35447255564443.webp",480,480,false],"1536x1536":["https:\/\/justvape.nu\/wp-content\/uploads\/2023\/11\/cthulhu-mods-850-boro-rba-35447255564443.webp",480,480,false],"2048x2048":["https:\/\/justvape.nu\/wp-content\/uploads\/2023\/11\/cthulhu-mods-850-boro-rba-35447255564443.webp",480,480,false],"woocommerce_thumbnail":["https:\/\/justvape.nu\/wp-content\/uploads\/2023\/11\/cthulhu-mods-850-boro-rba-35447255564443-300x300.webp",300,300,true],"woocommerce_single":["https:\/\/justvape.nu\/wp-content\/uploads\/2023\/11\/cthulhu-mods-850-boro-rba-35447255564443.webp",480,480,false],"woocommerce_gallery_thumbnail":["https:\/\/justvape.nu\/wp-content\/uploads\/2023\/11\/cthulhu-mods-850-boro-rba-35447255564443-100x100.webp",100,100,true],"dgwt-wcas-product-suggestion":["https:\/\/justvape.nu\/wp-content\/uploads\/2023\/11\/cthulhu-mods-850-boro-rba-35447255564443-64x64.webp",64,64,true]},"uagb_author_info":{"display_name":"JustVape.nu","author_link":"https:\/\/justvape.nu\/it\/author\/"},"uagb_comment_info":0,"uagb_excerpt":"CTHULHU MOD - 850 BORO RBA","_links":{"self":[{"href":"https:\/\/justvape.nu\/it\/wp-json\/wp\/v2\/product\/653820","targetHints":{"allow":["GET"]}}],"collection":[{"href":"https:\/\/justvape.nu\/it\/wp-json\/wp\/v2\/product"}],"about":[{"href":"https:\/\/justvape.nu\/it\/wp-json\/wp\/v2\/types\/product"}],"replies":[{"embeddable":true,"href":"https:\/\/justvape.nu\/it\/wp-json\/wp\/v2\/comments?post=653820"}],"wp:featuredmedia":[{"embeddable":true,"href":"https:\/\/justvape.nu\/it\/wp-json\/wp\/v2\/media\/653839"}],"wp:attachment":[{"href":"https:\/\/justvape.nu\/it\/wp-json\/wp\/v2\/media?parent=653820"}],"wp:term":[{"taxonomy":"product_brand","embeddable":true,"href":"https:\/\/justvape.nu\/it\/wp-json\/wp\/v2\/product_brand?post=653820"},{"taxonomy":"product_cat","embeddable":true,"href":"https:\/\/justvape.nu\/it\/wp-json\/wp\/v2\/product_cat?post=653820"},{"taxonomy":"product_tag","embeddable":true,"href":"https:\/\/justvape.nu\/it\/wp-json\/wp\/v2\/product_tag?post=653820"}],"curies":[{"name":"wp","href":"https:\/\/api.w.org\/{rel}","templated":true}]}}