{"id":650889,"date":"2023-11-12T17:03:13","date_gmt":"2023-11-12T16:03:13","guid":{"rendered":"https:\/\/justvape.nu\/produkt\/oxva-xlim-sq-pro-pod\/"},"modified":"2025-07-23T20:32:58","modified_gmt":"2025-07-23T18:32:58","slug":"oxva-xlim-sq-pro-pod","status":"publish","type":"product","link":"https:\/\/justvape.nu\/it\/produkt\/oxva-xlim-sq-pro-pod\/","title":{"rendered":"OXVA &#8211; XLIM SQ PRO POD"},"content":{"rendered":"<h2>OXVA &#8211; XLIM SQ PRO POD<\/h2>\n<p>Vi presentiamo la Oxva Xlim SQ Pro Pod Vape, un&#8217;iterazione avanzata della OXVA SQ con caratteristiche di qualit\u00e0 della vita migliorate. Questo elegante dispositivo \u00e8 dotato di una batteria da 1200 mAh, che assicura un&#8217;ampia durata di svapo, e la sua ricarica rapida da 2 AMP tramite USB-C permette di ricaricare rapidamente la batteria. Xlim SQ Pro offre un sapore e una produzione di vapore eccezionali grazie alle cialde OXVA Xlim V2 e alle cialde di ricambio Xlim Top fill.<\/p>\n<p>Godetevi un&#8217;esperienza di svapo personalizzabile grazie alla funzione di flusso d&#8217;aria regolabile. Dotato di un chipset intelligente, Xlim SQ Pro regola automaticamente la potenza in uscita in base alla capsula installata, ottimizzando le prestazioni. In alternativa, \u00e8 possibile fare clic sul pulsante tre volte e poi regolare toccando il pulsante. Questo aggiunge 1 watt per ogni clic e sar\u00e0 di tipo round robin. Il dispositivo ha una potenza massima di 30W.<\/p>\n<p>Rimanete informati con l&#8217;intelligente display da 0,96 pollici che mostra comodamente le informazioni vitali del vaping, come il conteggio dei puff, il wattaggio e il tempo di svapo. Provate l&#8217;epitome della convenienza e delle prestazioni con la Pod Vape Oxva Xlim SQ Pro. Premendo due volte il tasto fire \u00e8 possibile scegliere un tema e passare dalla modalit\u00e0 power alla modalit\u00e0 smart.<\/p>\n<p><a href=\"https:\/\/justvape.nu\/wp-content\/uploads\/2018\/05\/Color-Schemes.png\"><img loading=\"lazy\" decoding=\"async\" class=\"alignnone size-full wp-image-19187\" src=\"https:\/\/justvape.nu\/wp-content\/uploads\/2018\/05\/Color-Schemes.png\" alt=\"\" width=\"950\" height=\"64\" title=\"\" srcset=\"https:\/\/justvape.nu\/wp-content\/uploads\/2018\/05\/Color-Schemes.png 950w, https:\/\/justvape.nu\/wp-content\/uploads\/2018\/05\/Color-Schemes-555x37.png 555w, https:\/\/justvape.nu\/wp-content\/uploads\/2018\/05\/Color-Schemes-64x4.png 64w, https:\/\/justvape.nu\/wp-content\/uploads\/2018\/05\/Color-Schemes-300x20.png 300w, https:\/\/justvape.nu\/wp-content\/uploads\/2018\/05\/Color-Schemes-768x52.png 768w\" sizes=\"auto, (max-width: 950px) 100vw, 950px\" \/><\/a><\/p>\n<p class=\"description-img-center\"><a href=\"https:\/\/justvape.nu\/wp-content\/uploads\/2023\/11\/OXVA_Xlim_SQ_Pro_Kit_Colors.jpg\"><img loading=\"lazy\" decoding=\"async\" class=\"alignnone wp-image-650715\" src=\"https:\/\/justvape.nu\/wp-content\/uploads\/2023\/11\/OXVA_Xlim_SQ_Pro_Kit_Colors.jpg\" alt=\"\" width=\"937\" height=\"782\" title=\"\" srcset=\"https:\/\/justvape.nu\/wp-content\/uploads\/2023\/11\/OXVA_Xlim_SQ_Pro_Kit_Colors.jpg 800w, https:\/\/justvape.nu\/wp-content\/uploads\/2023\/11\/OXVA_Xlim_SQ_Pro_Kit_Colors-600x501.jpg 600w, https:\/\/justvape.nu\/wp-content\/uploads\/2023\/11\/OXVA_Xlim_SQ_Pro_Kit_Colors-64x53.jpg 64w, https:\/\/justvape.nu\/wp-content\/uploads\/2023\/11\/OXVA_Xlim_SQ_Pro_Kit_Colors-300x251.jpg 300w, https:\/\/justvape.nu\/wp-content\/uploads\/2023\/11\/OXVA_Xlim_SQ_Pro_Kit_Colors-768x641.jpg 768w\" sizes=\"auto, (max-width: 937px) 100vw, 937px\" \/><\/a><\/p>\n<div class=\"shop-features \">\n<h2 class=\"shop-features-title \"><a href=\"https:\/\/justvape.nu\/wp-content\/uploads\/2018\/05\/Specifications.png\"><img loading=\"lazy\" decoding=\"async\" class=\"alignnone size-full wp-image-18993\" src=\"https:\/\/justvape.nu\/wp-content\/uploads\/2018\/05\/Specifications.png\" alt=\"\" width=\"950\" height=\"64\" title=\"\" srcset=\"https:\/\/justvape.nu\/wp-content\/uploads\/2018\/05\/Specifications.png 950w, https:\/\/justvape.nu\/wp-content\/uploads\/2018\/05\/Specifications-555x37.png 555w, https:\/\/justvape.nu\/wp-content\/uploads\/2018\/05\/Specifications-64x4.png 64w, https:\/\/justvape.nu\/wp-content\/uploads\/2018\/05\/Specifications-300x20.png 300w, https:\/\/justvape.nu\/wp-content\/uploads\/2018\/05\/Specifications-768x52.png 768w\" sizes=\"auto, (max-width: 950px) 100vw, 950px\" \/><\/a><\/h2>\n<\/div>\n<table class=\"description-table\">\n<tbody>\n<tr>\n<td class=\"strong-title \">Marchio<\/td>\n<td class=\"inline\">OXVA<\/td>\n<\/tr>\n<tr>\n<td class=\"strong-title \">Nome del prodotto<\/td>\n<td class=\"inline\">Kit Xlim SQ Pro<\/td>\n<\/tr>\n<tr>\n<td class=\"strong-title \">Potenza d&#8217;uscita<\/td>\n<td class=\"inline\">5-30W<\/td>\n<\/tr>\n<tr>\n<td class=\"strong-title \">Capacit\u00e0 della cartuccia<\/td>\n<td class=\"inline\">2ml<\/td>\n<\/tr>\n<tr>\n<td class=\"strong-title \">Gamma di resistenza<\/td>\n<td class=\"inline\">0,33-3,0ohm<\/td>\n<\/tr>\n<tr>\n<td class=\"strong-title \">Cialde compatibili<\/td>\n<td class=\"inline\">Cartuccia di riempimento superiore XLIM (0,4\u03a9\/0,6\u03a9\/0,8\u03a9\/1,2\u03a9)<br \/>\nCartuccia XLIM V2 (0,6\u03a9\/0,8\u03a9\/1,2\u03a9)<br \/>\nCartuccia preriempita XLIM<\/td>\n<\/tr>\n<tr>\n<td class=\"strong-title \">Sistema di ricarica<\/td>\n<td class=\"inline\">Ricarica superiore<\/td>\n<\/tr>\n<tr>\n<td class=\"strong-title \">Controllo del flusso d&#8217;aria<\/td>\n<td class=\"inline\">Lato AFC<\/td>\n<\/tr>\n<tr>\n<td class=\"strong-title \">Schermo di visualizzazione<\/td>\n<td class=\"inline\">Schermo a colori TFT da 0,96 pollici<\/td>\n<\/tr>\n<tr>\n<td class=\"strong-title \">Batteria<\/td>\n<td class=\"inline\">1200mAh<\/td>\n<\/tr>\n<tr>\n<td class=\"strong-title \">Carica<\/td>\n<td class=\"inline\">5V\/2A, Tipo-C<\/td>\n<\/tr>\n<tr>\n<td class=\"strong-title \">Materiale<\/td>\n<td class=\"inline\">Lega di zinco+IML+PCTG<\/td>\n<\/tr>\n<tr>\n<td class=\"strong-title \">Dimensione<\/td>\n<td class=\"inline\">54,4*20,4*77,0 mm<\/td>\n<\/tr>\n<tr>\n<td class=\"strong-title \">Colore<\/td>\n<td class=\"inline\">Legno bronzo, Legno canna di fucile, Carbonio nero, Carbonio oro, Blu delicato, Bianco malva, Rosa pastello, Bianco primavera<\/td>\n<\/tr>\n<\/tbody>\n<\/table>\n<div class=\"shop-features \">\n<h2 class=\"shop-features-title \"><a href=\"https:\/\/justvape.nu\/wp-content\/uploads\/2018\/05\/Features.png\"><img loading=\"lazy\" decoding=\"async\" class=\"alignnone size-full wp-image-248458\" src=\"https:\/\/justvape.nu\/wp-content\/uploads\/2018\/05\/Features.png\" alt=\"\" width=\"950\" height=\"64\" title=\"\" srcset=\"https:\/\/justvape.nu\/wp-content\/uploads\/2018\/05\/Features.png 950w, https:\/\/justvape.nu\/wp-content\/uploads\/2018\/05\/Features-600x40.png 600w, https:\/\/justvape.nu\/wp-content\/uploads\/2018\/05\/Features-64x4.png 64w, https:\/\/justvape.nu\/wp-content\/uploads\/2018\/05\/Features-300x20.png 300w, https:\/\/justvape.nu\/wp-content\/uploads\/2018\/05\/Features-768x52.png 768w\" sizes=\"auto, (max-width: 950px) 100vw, 950px\" \/><\/a><\/h2>\n<\/div>\n<ul>\n<li style=\"list-style-type: none;\">\n<ul>\n<li>1. 30W di potenza massima in uscita<\/li>\n<li>2. Schermo a colori TFT da 0,96 pollici<\/li>\n<li>3. Temi dinamici opzionali<\/li>\n<li>4. Batteria integrata da 1200 mAh<\/li>\n<li>5. Compatibile con le cartucce della serie XLIM<\/li>\n<li>6. Altamente resistente alle perdite<\/li>\n<li>7. Modalit\u00e0 Smart &amp; Power<\/li>\n<\/ul>\n<\/li>\n<\/ul>\n<div class=\"img-show-more\">\n<div id=\"img_content_less\" class=\"img-content add-more\">\n<p class=\"description-img-center\"><a href=\"https:\/\/justvape.nu\/wp-content\/uploads\/2023\/11\/OXVA_Xlim_SQ_Pro_Kit_Battery_Capacity.jpg\"><img loading=\"lazy\" decoding=\"async\" class=\"alignnone size-full wp-image-650724\" src=\"https:\/\/justvape.nu\/wp-content\/uploads\/2023\/11\/OXVA_Xlim_SQ_Pro_Kit_Battery_Capacity.jpg\" alt=\"\" width=\"831\" height=\"487\" title=\"\" srcset=\"https:\/\/justvape.nu\/wp-content\/uploads\/2023\/11\/OXVA_Xlim_SQ_Pro_Kit_Battery_Capacity.jpg 831w, https:\/\/justvape.nu\/wp-content\/uploads\/2023\/11\/OXVA_Xlim_SQ_Pro_Kit_Battery_Capacity-600x352.jpg 600w, https:\/\/justvape.nu\/wp-content\/uploads\/2023\/11\/OXVA_Xlim_SQ_Pro_Kit_Battery_Capacity-64x38.jpg 64w, https:\/\/justvape.nu\/wp-content\/uploads\/2023\/11\/OXVA_Xlim_SQ_Pro_Kit_Battery_Capacity-300x176.jpg 300w, https:\/\/justvape.nu\/wp-content\/uploads\/2023\/11\/OXVA_Xlim_SQ_Pro_Kit_Battery_Capacity-768x450.jpg 768w\" sizes=\"auto, (max-width: 831px) 100vw, 831px\" \/><\/a> <a href=\"https:\/\/justvape.nu\/wp-content\/uploads\/2023\/11\/OXVA_Xlim_SQ_Pro_Kit_Features.jpg\"><img loading=\"lazy\" decoding=\"async\" class=\"alignnone size-full wp-image-650732\" src=\"https:\/\/justvape.nu\/wp-content\/uploads\/2023\/11\/OXVA_Xlim_SQ_Pro_Kit_Features.jpg\" alt=\"\" width=\"831\" height=\"390\" title=\"\" srcset=\"https:\/\/justvape.nu\/wp-content\/uploads\/2023\/11\/OXVA_Xlim_SQ_Pro_Kit_Features.jpg 831w, https:\/\/justvape.nu\/wp-content\/uploads\/2023\/11\/OXVA_Xlim_SQ_Pro_Kit_Features-600x282.jpg 600w, https:\/\/justvape.nu\/wp-content\/uploads\/2023\/11\/OXVA_Xlim_SQ_Pro_Kit_Features-64x30.jpg 64w, https:\/\/justvape.nu\/wp-content\/uploads\/2023\/11\/OXVA_Xlim_SQ_Pro_Kit_Features-300x141.jpg 300w, https:\/\/justvape.nu\/wp-content\/uploads\/2023\/11\/OXVA_Xlim_SQ_Pro_Kit_Features-768x360.jpg 768w\" sizes=\"auto, (max-width: 831px) 100vw, 831px\" \/><\/a> <a href=\"https:\/\/justvape.nu\/wp-content\/uploads\/2023\/11\/OXVA_Xlim_SQ_Pro_Kit_Main_Features.jpg\"><img loading=\"lazy\" decoding=\"async\" class=\"alignnone size-full wp-image-650740\" src=\"https:\/\/justvape.nu\/wp-content\/uploads\/2023\/11\/OXVA_Xlim_SQ_Pro_Kit_Main_Features.jpg\" alt=\"\" width=\"831\" height=\"439\" title=\"\" srcset=\"https:\/\/justvape.nu\/wp-content\/uploads\/2023\/11\/OXVA_Xlim_SQ_Pro_Kit_Main_Features.jpg 831w, https:\/\/justvape.nu\/wp-content\/uploads\/2023\/11\/OXVA_Xlim_SQ_Pro_Kit_Main_Features-600x317.jpg 600w, https:\/\/justvape.nu\/wp-content\/uploads\/2023\/11\/OXVA_Xlim_SQ_Pro_Kit_Main_Features-64x34.jpg 64w, https:\/\/justvape.nu\/wp-content\/uploads\/2023\/11\/OXVA_Xlim_SQ_Pro_Kit_Main_Features-300x158.jpg 300w, https:\/\/justvape.nu\/wp-content\/uploads\/2023\/11\/OXVA_Xlim_SQ_Pro_Kit_Main_Features-768x406.jpg 768w\" sizes=\"auto, (max-width: 831px) 100vw, 831px\" \/><\/a><\/p>\n<p class=\"description-img-center\"><a href=\"https:\/\/justvape.nu\/wp-content\/uploads\/2018\/05\/Packing-List.png\"><img loading=\"lazy\" decoding=\"async\" class=\"alignnone size-full wp-image-18995\" src=\"https:\/\/justvape.nu\/wp-content\/uploads\/2018\/05\/Packing-List.png\" alt=\"\" width=\"950\" height=\"64\" title=\"\" srcset=\"https:\/\/justvape.nu\/wp-content\/uploads\/2018\/05\/Packing-List.png 950w, https:\/\/justvape.nu\/wp-content\/uploads\/2018\/05\/Packing-List-555x37.png 555w, https:\/\/justvape.nu\/wp-content\/uploads\/2018\/05\/Packing-List-64x4.png 64w, https:\/\/justvape.nu\/wp-content\/uploads\/2018\/05\/Packing-List-300x20.png 300w, https:\/\/justvape.nu\/wp-content\/uploads\/2018\/05\/Packing-List-768x52.png 768w\" sizes=\"auto, (max-width: 950px) 100vw, 950px\" \/><\/a><\/p>\n<\/div>\n<\/div>\n<p>1* Dispositivo Xlim SQ Pro<br \/>\n1* Cartuccia a riempimento superiore da 0,6ohm (preinstallata)<br \/>\n1* Cartuccia a riempimento superiore 0,8ohm<br \/>\n1* Cavo di tipo C<br \/>\n1* cordino<br \/>\n1 * Manuale dell&#8217;utente<\/p>\n<p class=\"description-img-center \"><a href=\"https:\/\/justvape.nu\/wp-content\/uploads\/2023\/11\/OXVA_Xlim_SQ_Pro_Kit_Package_List.jpg\"><img loading=\"lazy\" decoding=\"async\" class=\"alignnone size-full wp-image-650748\" src=\"https:\/\/justvape.nu\/wp-content\/uploads\/2023\/11\/OXVA_Xlim_SQ_Pro_Kit_Package_List.jpg\" alt=\"\" width=\"831\" height=\"340\" title=\"\" srcset=\"https:\/\/justvape.nu\/wp-content\/uploads\/2023\/11\/OXVA_Xlim_SQ_Pro_Kit_Package_List.jpg 831w, https:\/\/justvape.nu\/wp-content\/uploads\/2023\/11\/OXVA_Xlim_SQ_Pro_Kit_Package_List-600x245.jpg 600w, https:\/\/justvape.nu\/wp-content\/uploads\/2023\/11\/OXVA_Xlim_SQ_Pro_Kit_Package_List-64x26.jpg 64w, https:\/\/justvape.nu\/wp-content\/uploads\/2023\/11\/OXVA_Xlim_SQ_Pro_Kit_Package_List-300x123.jpg 300w, https:\/\/justvape.nu\/wp-content\/uploads\/2023\/11\/OXVA_Xlim_SQ_Pro_Kit_Package_List-768x314.jpg 768w\" sizes=\"auto, (max-width: 831px) 100vw, 831px\" \/><\/a><\/p>\n","protected":false},"excerpt":{"rendered":"<p>OXVA &#8211; XLIM SQ PRO POD<\/p>\n","protected":false},"featured_media":650770,"comment_status":"open","ping_status":"closed","template":"","meta":{"_acf_changed":false,"_uag_custom_page_level_css":"","site-sidebar-layout":"default","site-content-layout":"","ast-site-content-layout":"default","site-content-style":"default","site-sidebar-style":"default","ast-global-header-display":"","ast-banner-title-visibility":"","ast-main-header-display":"","ast-hfb-above-header-display":"","ast-hfb-below-header-display":"","ast-hfb-mobile-header-display":"","site-post-title":"","ast-breadcrumbs-content":"","ast-featured-img":"","footer-sml-layout":"","ast-disable-related-posts":"","theme-transparent-header-meta":"default","adv-header-id-meta":"","stick-header-meta":"default","header-above-stick-meta":"","header-main-stick-meta":"","header-below-stick-meta":"","astra-migrate-meta-layouts":"default","ast-page-background-enabled":"default","ast-page-background-meta":{"desktop":{"background-color":"","background-image":"","background-repeat":"repeat","background-position":"center center","background-size":"auto","background-attachment":"scroll","background-type":"","background-media":"","overlay-type":"","overlay-color":"","overlay-opacity":"","overlay-gradient":""},"tablet":{"background-color":"","background-image":"","background-repeat":"repeat","background-position":"center center","background-size":"auto","background-attachment":"scroll","background-type":"","background-media":"","overlay-type":"","overlay-color":"","overlay-opacity":"","overlay-gradient":""},"mobile":{"background-color":"","background-image":"","background-repeat":"repeat","background-position":"center center","background-size":"auto","background-attachment":"scroll","background-type":"","background-media":"","overlay-type":"","overlay-color":"","overlay-opacity":"","overlay-gradient":""}},"ast-content-background-meta":{"desktop":{"background-color":"var(--ast-global-color-5)","background-image":"","background-repeat":"repeat","background-position":"center center","background-size":"auto","background-attachment":"scroll","background-type":"","background-media":"","overlay-type":"","overlay-color":"","overlay-opacity":"","overlay-gradient":""},"tablet":{"background-color":"var(--ast-global-color-5)","background-image":"","background-repeat":"repeat","background-position":"center center","background-size":"auto","background-attachment":"scroll","background-type":"","background-media":"","overlay-type":"","overlay-color":"","overlay-opacity":"","overlay-gradient":""},"mobile":{"background-color":"var(--ast-global-color-5)","background-image":"","background-repeat":"repeat","background-position":"center center","background-size":"auto","background-attachment":"scroll","background-type":"","background-media":"","overlay-type":"","overlay-color":"","overlay-opacity":"","overlay-gradient":""}}},"product_brand":[],"product_cat":[2517,2079,1878,6192,2518,2069],"product_tag":[],"class_list":{"0":"post-650889","1":"product","2":"type-product","3":"status-publish","4":"has-post-thumbnail","6":"product_cat-hardware-it","7":"product_cat-kit-per-principianti-e-pod","8":"product_cat-new-products-it","9":"product_cat-oxva-it","10":"product_cat-shop-by-brand-it","11":"product_cat-sigarette-elettroniche","12":"desktop-align-center","13":"tablet-align-center","14":"mobile-align-center","15":"ast-product-gallery-layout-horizontal-slider","16":"ast-product-single-variable","17":"ast-product-tabs-layout-horizontal","19":"first","20":"instock","21":"sale","22":"taxable","23":"shipping-taxable","24":"purchasable","25":"product-type-variable"},"acf":[],"uagb_featured_image_src":{"full":["https:\/\/justvape.nu\/wp-content\/uploads\/2023\/11\/iUbGrQJu.jpeg",600,600,false],"thumbnail":["https:\/\/justvape.nu\/wp-content\/uploads\/2023\/11\/iUbGrQJu-150x150.jpeg",150,150,true],"medium":["https:\/\/justvape.nu\/wp-content\/uploads\/2023\/11\/iUbGrQJu-300x300.jpeg",300,300,true],"medium_large":["https:\/\/justvape.nu\/wp-content\/uploads\/2023\/11\/iUbGrQJu.jpeg",600,600,false],"large":["https:\/\/justvape.nu\/wp-content\/uploads\/2023\/11\/iUbGrQJu.jpeg",600,600,false],"1536x1536":["https:\/\/justvape.nu\/wp-content\/uploads\/2023\/11\/iUbGrQJu.jpeg",600,600,false],"2048x2048":["https:\/\/justvape.nu\/wp-content\/uploads\/2023\/11\/iUbGrQJu.jpeg",600,600,false],"woocommerce_thumbnail":["https:\/\/justvape.nu\/wp-content\/uploads\/2023\/11\/iUbGrQJu-300x300.jpeg",300,300,true],"woocommerce_single":["https:\/\/justvape.nu\/wp-content\/uploads\/2023\/11\/iUbGrQJu.jpeg",600,600,false],"woocommerce_gallery_thumbnail":["https:\/\/justvape.nu\/wp-content\/uploads\/2023\/11\/iUbGrQJu-100x100.jpeg",100,100,true],"dgwt-wcas-product-suggestion":["https:\/\/justvape.nu\/wp-content\/uploads\/2023\/11\/iUbGrQJu-64x64.jpeg",64,64,true]},"uagb_author_info":{"display_name":"Kenneth Merkur","author_link":"https:\/\/justvape.nu\/it\/author\/"},"uagb_comment_info":0,"uagb_excerpt":"OXVA - XLIM SQ PRO POD","_links":{"self":[{"href":"https:\/\/justvape.nu\/it\/wp-json\/wp\/v2\/product\/650889","targetHints":{"allow":["GET"]}}],"collection":[{"href":"https:\/\/justvape.nu\/it\/wp-json\/wp\/v2\/product"}],"about":[{"href":"https:\/\/justvape.nu\/it\/wp-json\/wp\/v2\/types\/product"}],"replies":[{"embeddable":true,"href":"https:\/\/justvape.nu\/it\/wp-json\/wp\/v2\/comments?post=650889"}],"wp:featuredmedia":[{"embeddable":true,"href":"https:\/\/justvape.nu\/it\/wp-json\/wp\/v2\/media\/650770"}],"wp:attachment":[{"href":"https:\/\/justvape.nu\/it\/wp-json\/wp\/v2\/media?parent=650889"}],"wp:term":[{"taxonomy":"product_brand","embeddable":true,"href":"https:\/\/justvape.nu\/it\/wp-json\/wp\/v2\/product_brand?post=650889"},{"taxonomy":"product_cat","embeddable":true,"href":"https:\/\/justvape.nu\/it\/wp-json\/wp\/v2\/product_cat?post=650889"},{"taxonomy":"product_tag","embeddable":true,"href":"https:\/\/justvape.nu\/it\/wp-json\/wp\/v2\/product_tag?post=650889"}],"curies":[{"name":"wp","href":"https:\/\/api.w.org\/{rel}","templated":true}]}}