{"id":647014,"date":"2023-10-28T13:50:25","date_gmt":"2023-10-28T11:50:25","guid":{"rendered":"https:\/\/justvape.nu\/produkt\/joyetech-ego-aio-2-sp-kit\/"},"modified":"2026-01-23T07:06:49","modified_gmt":"2026-01-23T06:06:49","slug":"joyetech-ego-aio-2-kit","status":"publish","type":"product","link":"https:\/\/justvape.nu\/it\/produkt\/joyetech-ego-aio-2-kit\/","title":{"rendered":"JOYETECH &#8211; EGO AIO 2 SP KIT"},"content":{"rendered":"<h2>JOYETECH &#8211; EGO AIO 2 SP KIT<\/h2>\n<p>Il kit eGO AIO 2 \u00e8 la continuazione della serie eGo AIO ed \u00e8 dotato di una nuovissima e innovativa bobina a rete BFC e di una ricarica USB-C migliorata. La bobina BFC \u00e8 dotata di ingressi di alimentazione laterali e inferiori, che assicurano un ingresso regolare e forniscono un&#8217;esperienza di svapo costante e di lunga durata. Inoltre, il design dell&#8217;ingresso del flusso d&#8217;aria dall&#8217;alto della batteria BFC aiuta a prevenire i problemi di perdita dovuti alle fessure del serbatoio. Il kit Joyetech eGO AIO 2 \u00e8 compatibile con tutte le bobine Joyetech della serie BF e la nuova bobina BFC \u00e8 compatibile anche con la vecchia batteria della serie eGo. eGO AIO 2 \u00e8 progettato con una batteria integrata da 1700 mAh, un serbatoio TPD da 2 ml con blocco per bambini. \u00c8 possibile regolare il flusso d&#8217;aria con la funzione di regolazione del flusso d&#8217;aria superiore.<\/p>\n<p><a href=\"https:\/\/justvape.nu\/wp-content\/uploads\/2018\/05\/Color-Schemes.png\"><img loading=\"lazy\" decoding=\"async\" class=\"alignnone size-full wp-image-19187\" src=\"https:\/\/justvape.nu\/wp-content\/uploads\/2018\/05\/Color-Schemes.png\" alt=\"\" width=\"950\" height=\"64\" title=\"\" srcset=\"https:\/\/justvape.nu\/wp-content\/uploads\/2018\/05\/Color-Schemes.png 950w, https:\/\/justvape.nu\/wp-content\/uploads\/2018\/05\/Color-Schemes-555x37.png 555w, https:\/\/justvape.nu\/wp-content\/uploads\/2018\/05\/Color-Schemes-64x4.png 64w, https:\/\/justvape.nu\/wp-content\/uploads\/2018\/05\/Color-Schemes-300x20.png 300w, https:\/\/justvape.nu\/wp-content\/uploads\/2018\/05\/Color-Schemes-768x52.png 768w\" sizes=\"auto, (max-width: 950px) 100vw, 950px\" \/><\/a><\/p>\n<p><a href=\"https:\/\/justvape.nu\/wp-content\/uploads\/2023\/10\/Joyetech_eGO_AIO_2_Kit_Colors.jpg\"><img loading=\"lazy\" decoding=\"async\" class=\"alignnone wp-image-646186\" src=\"https:\/\/justvape.nu\/wp-content\/uploads\/2023\/10\/Joyetech_eGO_AIO_2_Kit_Colors.jpg\" alt=\"\" width=\"829\" height=\"677\" title=\"\" srcset=\"https:\/\/justvape.nu\/wp-content\/uploads\/2023\/10\/Joyetech_eGO_AIO_2_Kit_Colors.jpg 700w, https:\/\/justvape.nu\/wp-content\/uploads\/2023\/10\/Joyetech_eGO_AIO_2_Kit_Colors-600x489.jpg 600w, https:\/\/justvape.nu\/wp-content\/uploads\/2023\/10\/Joyetech_eGO_AIO_2_Kit_Colors-64x52.jpg 64w, https:\/\/justvape.nu\/wp-content\/uploads\/2023\/10\/Joyetech_eGO_AIO_2_Kit_Colors-300x245.jpg 300w\" sizes=\"auto, (max-width: 829px) 100vw, 829px\" \/><\/a><\/p>\n<div class=\"shop-features \">\n<h2 class=\"shop-features-title \"><a href=\"https:\/\/justvape.nu\/wp-content\/uploads\/2018\/05\/Specifications.png\"><img loading=\"lazy\" decoding=\"async\" class=\"alignnone size-full wp-image-18993\" src=\"https:\/\/justvape.nu\/wp-content\/uploads\/2018\/05\/Specifications.png\" alt=\"\" width=\"950\" height=\"64\" title=\"\" srcset=\"https:\/\/justvape.nu\/wp-content\/uploads\/2018\/05\/Specifications.png 950w, https:\/\/justvape.nu\/wp-content\/uploads\/2018\/05\/Specifications-555x37.png 555w, https:\/\/justvape.nu\/wp-content\/uploads\/2018\/05\/Specifications-64x4.png 64w, https:\/\/justvape.nu\/wp-content\/uploads\/2018\/05\/Specifications-300x20.png 300w, https:\/\/justvape.nu\/wp-content\/uploads\/2018\/05\/Specifications-768x52.png 768w\" sizes=\"auto, (max-width: 950px) 100vw, 950px\" \/><\/a><\/h2>\n<\/div>\n<table class=\"description-table\">\n<tbody>\n<tr>\n<td class=\"strong-title \">Marchio<\/td>\n<td class=\"inline\">Joyetech<\/td>\n<\/tr>\n<tr>\n<td class=\"strong-title \">Nome del prodotto<\/td>\n<td class=\"inline\">Kit eGO AIO 2<\/td>\n<\/tr>\n<tr>\n<td class=\"strong-title \">Dimensione<\/td>\n<td class=\"inline\">\u03a619*123mm<\/td>\n<\/tr>\n<tr>\n<td class=\"strong-title \">Capacit\u00e0 della batteria<\/td>\n<td class=\"inline\">1700mAh<\/td>\n<\/tr>\n<tr>\n<td class=\"strong-title \">Capacit\u00e0 della capsula<\/td>\n<td class=\"inline\">2ml<\/td>\n<\/tr>\n<tr>\n<td class=\"strong-title \">Potenza di uscita<\/td>\n<td class=\"inline\">20W max<\/td>\n<\/tr>\n<tr>\n<td class=\"strong-title \">Corrente di carica<\/td>\n<td class=\"inline\">5V\/1A (USB-C)<\/td>\n<\/tr>\n<tr>\n<td class=\"strong-title \">Resistenza<\/td>\n<td class=\"inline\">0,8ohm<\/td>\n<\/tr>\n<tr>\n<td class=\"strong-title \">Modalit\u00e0 di alimentazione<\/td>\n<td class=\"inline\">Uscita a tensione costante<\/td>\n<\/tr>\n<tr>\n<td class=\"strong-title \">Colore<\/td>\n<td class=\"inline\">Argento lucido, Nero misterioso, Blu ricco, Oro rosa<\/td>\n<\/tr>\n<\/tbody>\n<\/table>\n<div class=\"shop-features \">\n<h2 class=\"shop-features-title \"><a href=\"https:\/\/justvape.nu\/wp-content\/uploads\/2018\/05\/Features.png\"><img loading=\"lazy\" decoding=\"async\" class=\"alignnone size-full wp-image-248459\" src=\"https:\/\/justvape.nu\/wp-content\/uploads\/2018\/05\/Features.png\" alt=\"\" width=\"950\" height=\"64\" title=\"\" srcset=\"https:\/\/justvape.nu\/wp-content\/uploads\/2018\/05\/Features.png 950w, https:\/\/justvape.nu\/wp-content\/uploads\/2018\/05\/Features-600x40.png 600w, https:\/\/justvape.nu\/wp-content\/uploads\/2018\/05\/Features-64x4.png 64w, https:\/\/justvape.nu\/wp-content\/uploads\/2018\/05\/Features-300x20.png 300w, https:\/\/justvape.nu\/wp-content\/uploads\/2018\/05\/Features-768x52.png 768w\" sizes=\"auto, (max-width: 950px) 100vw, 950px\" \/><\/a><\/h2>\n<\/div>\n<ul>\n<li style=\"list-style-type: none;\">\n<ul>\n<li>1. Nuova bobina innovativa con maglia BFC<\/li>\n<li>2. Ricarica USB-C migliorata<\/li>\n<li>3. Batteria da 1700 mAh<\/li>\n<li>4. Tecnologia di riscaldamento innovativa<\/li>\n<li>5. Design a prova di perdite del flusso d&#8217;aria superiore<\/li>\n<li>6. Prestazioni di lunga durata<\/li>\n<li>7. Compatibile con tutte le bobine della serie BF<\/li>\n<li>8. Indicatore LED a sette colori<\/li>\n<li>9. Ricarica facile e comoda<\/li>\n<li>10. Serbatoio da 2 ml con blocco per bambini<\/li>\n<li>11. Regolazione del flusso d&#8217;aria superiore<\/li>\n<\/ul>\n<\/li>\n<\/ul>\n<div class=\"img-show-more\">\n<div id=\"img_content_less\" class=\"img-content add-more\">\n<p class=\"description-img-center\"><a href=\"https:\/\/justvape.nu\/wp-content\/uploads\/2023\/10\/Joyetech_eGO_AIO_2_Kit_Specifications.jpg\"><img loading=\"lazy\" decoding=\"async\" class=\"alignnone size-full wp-image-646194\" src=\"https:\/\/justvape.nu\/wp-content\/uploads\/2023\/10\/Joyetech_eGO_AIO_2_Kit_Specifications.jpg\" alt=\"\" width=\"831\" height=\"383\" title=\"\" srcset=\"https:\/\/justvape.nu\/wp-content\/uploads\/2023\/10\/Joyetech_eGO_AIO_2_Kit_Specifications.jpg 831w, https:\/\/justvape.nu\/wp-content\/uploads\/2023\/10\/Joyetech_eGO_AIO_2_Kit_Specifications-600x277.jpg 600w, https:\/\/justvape.nu\/wp-content\/uploads\/2023\/10\/Joyetech_eGO_AIO_2_Kit_Specifications-64x29.jpg 64w, https:\/\/justvape.nu\/wp-content\/uploads\/2023\/10\/Joyetech_eGO_AIO_2_Kit_Specifications-300x138.jpg 300w, https:\/\/justvape.nu\/wp-content\/uploads\/2023\/10\/Joyetech_eGO_AIO_2_Kit_Specifications-768x354.jpg 768w\" sizes=\"auto, (max-width: 831px) 100vw, 831px\" \/><\/a> <a href=\"https:\/\/justvape.nu\/wp-content\/uploads\/2023\/10\/Joyetech_eGO_AIO_2_Kit_Battery_Capacity.jpg\"><img loading=\"lazy\" decoding=\"async\" class=\"alignnone size-full wp-image-646202\" src=\"https:\/\/justvape.nu\/wp-content\/uploads\/2023\/10\/Joyetech_eGO_AIO_2_Kit_Battery_Capacity.jpg\" alt=\"\" width=\"831\" height=\"297\" title=\"\" srcset=\"https:\/\/justvape.nu\/wp-content\/uploads\/2023\/10\/Joyetech_eGO_AIO_2_Kit_Battery_Capacity.jpg 831w, https:\/\/justvape.nu\/wp-content\/uploads\/2023\/10\/Joyetech_eGO_AIO_2_Kit_Battery_Capacity-600x214.jpg 600w, https:\/\/justvape.nu\/wp-content\/uploads\/2023\/10\/Joyetech_eGO_AIO_2_Kit_Battery_Capacity-64x23.jpg 64w, https:\/\/justvape.nu\/wp-content\/uploads\/2023\/10\/Joyetech_eGO_AIO_2_Kit_Battery_Capacity-300x107.jpg 300w, https:\/\/justvape.nu\/wp-content\/uploads\/2023\/10\/Joyetech_eGO_AIO_2_Kit_Battery_Capacity-768x274.jpg 768w\" sizes=\"auto, (max-width: 831px) 100vw, 831px\" \/><\/a> <a href=\"https:\/\/justvape.nu\/wp-content\/uploads\/2023\/10\/Joyetech_eGO_AIO_2_Kit_Coil_Compatible.jpg\"><img loading=\"lazy\" decoding=\"async\" class=\"alignnone size-full wp-image-646210\" src=\"https:\/\/justvape.nu\/wp-content\/uploads\/2023\/10\/Joyetech_eGO_AIO_2_Kit_Coil_Compatible.jpg\" alt=\"\" width=\"831\" height=\"353\" title=\"\" srcset=\"https:\/\/justvape.nu\/wp-content\/uploads\/2023\/10\/Joyetech_eGO_AIO_2_Kit_Coil_Compatible.jpg 831w, https:\/\/justvape.nu\/wp-content\/uploads\/2023\/10\/Joyetech_eGO_AIO_2_Kit_Coil_Compatible-600x255.jpg 600w, https:\/\/justvape.nu\/wp-content\/uploads\/2023\/10\/Joyetech_eGO_AIO_2_Kit_Coil_Compatible-64x27.jpg 64w, https:\/\/justvape.nu\/wp-content\/uploads\/2023\/10\/Joyetech_eGO_AIO_2_Kit_Coil_Compatible-300x127.jpg 300w, https:\/\/justvape.nu\/wp-content\/uploads\/2023\/10\/Joyetech_eGO_AIO_2_Kit_Coil_Compatible-768x326.jpg 768w\" sizes=\"auto, (max-width: 831px) 100vw, 831px\" \/><\/a><\/p>\n<\/div>\n<p><a href=\"https:\/\/justvape.nu\/wp-content\/uploads\/2018\/05\/Packing-List.png\"><img loading=\"lazy\" decoding=\"async\" class=\"alignnone size-full wp-image-18995\" src=\"https:\/\/justvape.nu\/wp-content\/uploads\/2018\/05\/Packing-List.png\" alt=\"\" width=\"950\" height=\"64\" title=\"\" srcset=\"https:\/\/justvape.nu\/wp-content\/uploads\/2018\/05\/Packing-List.png 950w, https:\/\/justvape.nu\/wp-content\/uploads\/2018\/05\/Packing-List-555x37.png 555w, https:\/\/justvape.nu\/wp-content\/uploads\/2018\/05\/Packing-List-64x4.png 64w, https:\/\/justvape.nu\/wp-content\/uploads\/2018\/05\/Packing-List-300x20.png 300w, https:\/\/justvape.nu\/wp-content\/uploads\/2018\/05\/Packing-List-768x52.png 768w\" sizes=\"auto, (max-width: 950px) 100vw, 950px\" \/><\/a><\/p>\n<\/div>\n<p>1* Batteria eGo AIO 2<br \/>\n2* Bobina BFC 0,8ohm<br \/>\n1* Cavo USB-C<br \/>\n1 * Manuale dell&#8217;utente<br \/>\n1* Scheda di garanzia<\/p>\n","protected":false},"excerpt":{"rendered":"<p>JOYETECH &#8211; EGO AIO 2 SP KIT<\/p>\n","protected":false},"featured_media":646228,"comment_status":"open","ping_status":"closed","template":"","meta":{"_acf_changed":false,"_uag_custom_page_level_css":"","site-sidebar-layout":"default","site-content-layout":"","ast-site-content-layout":"default","site-content-style":"default","site-sidebar-style":"default","ast-global-header-display":"","ast-banner-title-visibility":"","ast-main-header-display":"","ast-hfb-above-header-display":"","ast-hfb-below-header-display":"","ast-hfb-mobile-header-display":"","site-post-title":"","ast-breadcrumbs-content":"","ast-featured-img":"","footer-sml-layout":"","ast-disable-related-posts":"","theme-transparent-header-meta":"default","adv-header-id-meta":"","stick-header-meta":"default","header-above-stick-meta":"","header-main-stick-meta":"","header-below-stick-meta":"","astra-migrate-meta-layouts":"default","ast-page-background-enabled":"default","ast-page-background-meta":{"desktop":{"background-color":"","background-image":"","background-repeat":"repeat","background-position":"center center","background-size":"auto","background-attachment":"scroll","background-type":"","background-media":"","overlay-type":"","overlay-color":"","overlay-opacity":"","overlay-gradient":""},"tablet":{"background-color":"","background-image":"","background-repeat":"repeat","background-position":"center center","background-size":"auto","background-attachment":"scroll","background-type":"","background-media":"","overlay-type":"","overlay-color":"","overlay-opacity":"","overlay-gradient":""},"mobile":{"background-color":"","background-image":"","background-repeat":"repeat","background-position":"center center","background-size":"auto","background-attachment":"scroll","background-type":"","background-media":"","overlay-type":"","overlay-color":"","overlay-opacity":"","overlay-gradient":""}},"ast-content-background-meta":{"desktop":{"background-color":"var(--ast-global-color-5)","background-image":"","background-repeat":"repeat","background-position":"center center","background-size":"auto","background-attachment":"scroll","background-type":"","background-media":"","overlay-type":"","overlay-color":"","overlay-opacity":"","overlay-gradient":""},"tablet":{"background-color":"var(--ast-global-color-5)","background-image":"","background-repeat":"repeat","background-position":"center center","background-size":"auto","background-attachment":"scroll","background-type":"","background-media":"","overlay-type":"","overlay-color":"","overlay-opacity":"","overlay-gradient":""},"mobile":{"background-color":"var(--ast-global-color-5)","background-image":"","background-repeat":"repeat","background-position":"center center","background-size":"auto","background-attachment":"scroll","background-type":"","background-media":"","overlay-type":"","overlay-color":"","overlay-opacity":"","overlay-gradient":""}}},"product_brand":[],"product_cat":[2517,3280,2079,2518,2069],"product_tag":[],"class_list":{"0":"post-647014","1":"product","2":"type-product","3":"status-publish","4":"has-post-thumbnail","6":"product_cat-hardware-it","7":"product_cat-joyetech-it-2","8":"product_cat-kit-per-principianti-e-pod","9":"product_cat-shop-by-brand-it","10":"product_cat-sigarette-elettroniche","11":"desktop-align-center","12":"tablet-align-center","13":"mobile-align-center","14":"ast-product-gallery-layout-horizontal-slider","15":"ast-product-gallery-with-no-image","16":"ast-product-single-variable","17":"ast-product-tabs-layout-horizontal","19":"first","20":"instock","21":"sale","22":"taxable","23":"shipping-taxable","24":"purchasable","25":"product-type-variable"},"acf":[],"uagb_featured_image_src":{"full":["https:\/\/justvape.nu\/wp-content\/uploads\/2023\/10\/joyetech-ego-aio-2-kit-2ml-600x600-1.jpg",600,600,false],"thumbnail":["https:\/\/justvape.nu\/wp-content\/uploads\/2023\/10\/joyetech-ego-aio-2-kit-2ml-600x600-1-150x150.jpg",150,150,true],"medium":["https:\/\/justvape.nu\/wp-content\/uploads\/2023\/10\/joyetech-ego-aio-2-kit-2ml-600x600-1-300x300.jpg",300,300,true],"medium_large":["https:\/\/justvape.nu\/wp-content\/uploads\/2023\/10\/joyetech-ego-aio-2-kit-2ml-600x600-1.jpg",600,600,false],"large":["https:\/\/justvape.nu\/wp-content\/uploads\/2023\/10\/joyetech-ego-aio-2-kit-2ml-600x600-1.jpg",600,600,false],"1536x1536":["https:\/\/justvape.nu\/wp-content\/uploads\/2023\/10\/joyetech-ego-aio-2-kit-2ml-600x600-1.jpg",600,600,false],"2048x2048":["https:\/\/justvape.nu\/wp-content\/uploads\/2023\/10\/joyetech-ego-aio-2-kit-2ml-600x600-1.jpg",600,600,false],"woocommerce_thumbnail":["https:\/\/justvape.nu\/wp-content\/uploads\/2023\/10\/joyetech-ego-aio-2-kit-2ml-600x600-1-300x300.jpg",300,300,true],"woocommerce_single":["https:\/\/justvape.nu\/wp-content\/uploads\/2023\/10\/joyetech-ego-aio-2-kit-2ml-600x600-1.jpg",600,600,false],"woocommerce_gallery_thumbnail":["https:\/\/justvape.nu\/wp-content\/uploads\/2023\/10\/joyetech-ego-aio-2-kit-2ml-600x600-1-100x100.jpg",100,100,true],"dgwt-wcas-product-suggestion":["https:\/\/justvape.nu\/wp-content\/uploads\/2023\/10\/joyetech-ego-aio-2-kit-2ml-600x600-1-64x64.jpg",64,64,true]},"uagb_author_info":{"display_name":"Kenneth Merkur","author_link":"https:\/\/justvape.nu\/it\/author\/"},"uagb_comment_info":0,"uagb_excerpt":"JOYETECH - EGO AIO 2 SP KIT","_links":{"self":[{"href":"https:\/\/justvape.nu\/it\/wp-json\/wp\/v2\/product\/647014","targetHints":{"allow":["GET"]}}],"collection":[{"href":"https:\/\/justvape.nu\/it\/wp-json\/wp\/v2\/product"}],"about":[{"href":"https:\/\/justvape.nu\/it\/wp-json\/wp\/v2\/types\/product"}],"replies":[{"embeddable":true,"href":"https:\/\/justvape.nu\/it\/wp-json\/wp\/v2\/comments?post=647014"}],"wp:featuredmedia":[{"embeddable":true,"href":"https:\/\/justvape.nu\/it\/wp-json\/wp\/v2\/media\/646228"}],"wp:attachment":[{"href":"https:\/\/justvape.nu\/it\/wp-json\/wp\/v2\/media?parent=647014"}],"wp:term":[{"taxonomy":"product_brand","embeddable":true,"href":"https:\/\/justvape.nu\/it\/wp-json\/wp\/v2\/product_brand?post=647014"},{"taxonomy":"product_cat","embeddable":true,"href":"https:\/\/justvape.nu\/it\/wp-json\/wp\/v2\/product_cat?post=647014"},{"taxonomy":"product_tag","embeddable":true,"href":"https:\/\/justvape.nu\/it\/wp-json\/wp\/v2\/product_tag?post=647014"}],"curies":[{"name":"wp","href":"https:\/\/api.w.org\/{rel}","templated":true}]}}