{"id":646799,"date":"2023-10-28T11:51:19","date_gmt":"2023-10-28T09:51:19","guid":{"rendered":"https:\/\/justvape.nu\/produkt\/vaporesso-armour-s-mod\/"},"modified":"2023-10-28T11:51:19","modified_gmt":"2023-10-28T09:51:19","slug":"vaporesso-armour-s-mod","status":"publish","type":"product","link":"https:\/\/justvape.nu\/it\/produkt\/vaporesso-armour-s-mod\/","title":{"rendered":"VAPORESSO &#8211; ARMOUR S MOD"},"content":{"rendered":"<h2>VAPORESSO &#8211; ARMOUR S MOD<\/h2>\n<p>&nbsp;<\/p>\n<p>Armour S Mod supporta una singola batteria 18650 o 21700 e ha una potenza compresa tra 5 e 100W. Realizzato interamente in materiale TPU, \u00e8 di grande durata. Alimentato dal chip AXON, offre una gamma completa di modalit\u00e0 per un&#8217;esperienza di vaping davvero professionale, come le modalit\u00e0 PULSE, ECO e TC-TI. Un pulsante uni \u00e8 progettato per condividere sia la funzione di accensione che quella di blocco, per liberare e proteggere l&#8217;energia in modo intelligente. Inoltre, Vaporesso Armour S Mod \u00e8 stata progettata con un innovativo meccanismo di sportello della batteria, che pu\u00f2 essere sbloccato con grande semplicit\u00e0 e stabilit\u00e0.<\/p>\n<p><a href=\"https:\/\/justvape.nu\/wp-content\/uploads\/2018\/05\/Color-Schemes.png\"><img loading=\"lazy\" decoding=\"async\" class=\"alignnone size-full wp-image-249099\" src=\"https:\/\/justvape.nu\/wp-content\/uploads\/2018\/05\/Color-Schemes.png\" alt=\"\" width=\"950\" height=\"64\" title=\"\" srcset=\"https:\/\/justvape.nu\/wp-content\/uploads\/2018\/05\/Color-Schemes.png 950w, https:\/\/justvape.nu\/wp-content\/uploads\/2018\/05\/Color-Schemes-600x40.png 600w, https:\/\/justvape.nu\/wp-content\/uploads\/2018\/05\/Color-Schemes-64x4.png 64w, https:\/\/justvape.nu\/wp-content\/uploads\/2018\/05\/Color-Schemes-300x20.png 300w, https:\/\/justvape.nu\/wp-content\/uploads\/2018\/05\/Color-Schemes-768x52.png 768w\" sizes=\"auto, (max-width: 950px) 100vw, 950px\" \/><\/a><\/p>\n<p class=\"description-img-center\"><a href=\"https:\/\/justvape.nu\/wp-content\/uploads\/2023\/10\/hggh.jpg\"><img loading=\"lazy\" decoding=\"async\" class=\"alignnone wp-image-645965\" src=\"https:\/\/justvape.nu\/wp-content\/uploads\/2023\/10\/hggh.jpg\" alt=\"\" width=\"939\" height=\"399\" title=\"\" srcset=\"https:\/\/justvape.nu\/wp-content\/uploads\/2023\/10\/hggh.jpg 800w, https:\/\/justvape.nu\/wp-content\/uploads\/2023\/10\/hggh-600x255.jpg 600w, https:\/\/justvape.nu\/wp-content\/uploads\/2023\/10\/hggh-64x27.jpg 64w, https:\/\/justvape.nu\/wp-content\/uploads\/2023\/10\/hggh-300x128.jpg 300w, https:\/\/justvape.nu\/wp-content\/uploads\/2023\/10\/hggh-768x326.jpg 768w\" sizes=\"auto, (max-width: 939px) 100vw, 939px\" \/><\/a><\/p>\n<div class=\"shop-features \">\n<h2 class=\"shop-features-title \"><a href=\"https:\/\/justvape.nu\/wp-content\/uploads\/2018\/05\/Specifications.png\"><img loading=\"lazy\" decoding=\"async\" class=\"alignnone size-full wp-image-248449\" src=\"https:\/\/justvape.nu\/wp-content\/uploads\/2018\/05\/Specifications.png\" alt=\"\" width=\"950\" height=\"64\" title=\"\" srcset=\"https:\/\/justvape.nu\/wp-content\/uploads\/2018\/05\/Specifications.png 950w, https:\/\/justvape.nu\/wp-content\/uploads\/2018\/05\/Specifications-600x40.png 600w, https:\/\/justvape.nu\/wp-content\/uploads\/2018\/05\/Specifications-64x4.png 64w, https:\/\/justvape.nu\/wp-content\/uploads\/2018\/05\/Specifications-300x20.png 300w, https:\/\/justvape.nu\/wp-content\/uploads\/2018\/05\/Specifications-768x52.png 768w\" sizes=\"auto, (max-width: 950px) 100vw, 950px\" \/><\/a><\/h2>\n<\/div>\n<table class=\"description-table\">\n<tbody>\n<tr>\n<td class=\"strong-title \">Marchio<\/td>\n<td class=\"inline\">Vaporesso<\/td>\n<\/tr>\n<tr>\n<td class=\"strong-title \">Nome del prodotto<\/td>\n<td class=\"inline\">Armatura S Mod<\/td>\n<\/tr>\n<tr>\n<td class=\"strong-title \">Dimensioni<\/td>\n<td class=\"inline\">95*41,9*36 mm<\/td>\n<\/tr>\n<tr>\n<td class=\"strong-title \">Tipo di batteria<\/td>\n<td class=\"inline\">Singola batteria 21700 o 18650 (non inclusa)<\/td>\n<\/tr>\n<tr>\n<td class=\"strong-title \">Potenza d&#8217;uscita<\/td>\n<td class=\"inline\">5-100W<\/td>\n<\/tr>\n<tr>\n<td class=\"strong-title \">Corrente di carica<\/td>\n<td class=\"inline\">DC 5V\/2A, Tipo-C<\/td>\n<\/tr>\n<tr>\n<td class=\"strong-title \">Visualizza<\/td>\n<td class=\"inline\">Schermo TFT da 0,96 pollici<\/td>\n<\/tr>\n<tr>\n<td class=\"strong-title \">Compatibile con<\/td>\n<td class=\"inline\">Kit Vaporesso Armour S, Vaporesso iTank 2<\/td>\n<\/tr>\n<tr>\n<td class=\"strong-title \">Colore<\/td>\n<td class=\"inline\">Nero, verde, argento, giallo, arancione<\/td>\n<\/tr>\n<\/tbody>\n<\/table>\n<div class=\"shop-features \">\n<h2 class=\"shop-features-title \"><a href=\"https:\/\/justvape.nu\/wp-content\/uploads\/2018\/05\/Features.png\"><img loading=\"lazy\" decoding=\"async\" class=\"alignnone size-full wp-image-18994\" src=\"https:\/\/justvape.nu\/wp-content\/uploads\/2018\/05\/Features.png\" alt=\"\" width=\"950\" height=\"64\" title=\"\" srcset=\"https:\/\/justvape.nu\/wp-content\/uploads\/2018\/05\/Features.png 950w, https:\/\/justvape.nu\/wp-content\/uploads\/2018\/05\/Features-555x37.png 555w, https:\/\/justvape.nu\/wp-content\/uploads\/2018\/05\/Features-64x4.png 64w, https:\/\/justvape.nu\/wp-content\/uploads\/2018\/05\/Features-300x20.png 300w, https:\/\/justvape.nu\/wp-content\/uploads\/2018\/05\/Features-768x52.png 768w\" sizes=\"auto, (max-width: 950px) 100vw, 950px\" \/><\/a><\/h2>\n<\/div>\n<ul>\n<li style=\"list-style-type: none;\">\n<ul>\n<li>1. Uni-lock, per proteggere l&#8217;alimentazione<\/li>\n<li>2. Il chip AXON offre una gamma completa di modalit\u00e0<\/li>\n<li>3. Supporta batterie 18650\/21700<\/li>\n<li>4. Realizzato interamente in materiale TPU<\/li>\n<\/ul>\n<\/li>\n<\/ul>\n<p><a href=\"https:\/\/justvape.nu\/wp-content\/uploads\/2023\/10\/Vaporesso_Armour_S_Kit_Modes.jpg\"><img loading=\"lazy\" decoding=\"async\" class=\"alignnone size-full wp-image-645973\" src=\"https:\/\/justvape.nu\/wp-content\/uploads\/2023\/10\/Vaporesso_Armour_S_Kit_Modes.jpg\" alt=\"\" width=\"831\" height=\"479\" title=\"\" srcset=\"https:\/\/justvape.nu\/wp-content\/uploads\/2023\/10\/Vaporesso_Armour_S_Kit_Modes.jpg 831w, https:\/\/justvape.nu\/wp-content\/uploads\/2023\/10\/Vaporesso_Armour_S_Kit_Modes-600x346.jpg 600w, https:\/\/justvape.nu\/wp-content\/uploads\/2023\/10\/Vaporesso_Armour_S_Kit_Modes-64x37.jpg 64w, https:\/\/justvape.nu\/wp-content\/uploads\/2023\/10\/Vaporesso_Armour_S_Kit_Modes-300x173.jpg 300w, https:\/\/justvape.nu\/wp-content\/uploads\/2023\/10\/Vaporesso_Armour_S_Kit_Modes-768x443.jpg 768w\" sizes=\"auto, (max-width: 831px) 100vw, 831px\" \/><\/a> <a href=\"https:\/\/justvape.nu\/wp-content\/uploads\/2023\/10\/Vaporesso_Armour_S_Kit_One_Key_Unlock.jpg\"><img loading=\"lazy\" decoding=\"async\" class=\"alignnone size-full wp-image-645981\" src=\"https:\/\/justvape.nu\/wp-content\/uploads\/2023\/10\/Vaporesso_Armour_S_Kit_One_Key_Unlock.jpg\" alt=\"\" width=\"831\" height=\"465\" title=\"\" srcset=\"https:\/\/justvape.nu\/wp-content\/uploads\/2023\/10\/Vaporesso_Armour_S_Kit_One_Key_Unlock.jpg 831w, https:\/\/justvape.nu\/wp-content\/uploads\/2023\/10\/Vaporesso_Armour_S_Kit_One_Key_Unlock-600x336.jpg 600w, https:\/\/justvape.nu\/wp-content\/uploads\/2023\/10\/Vaporesso_Armour_S_Kit_One_Key_Unlock-64x36.jpg 64w, https:\/\/justvape.nu\/wp-content\/uploads\/2023\/10\/Vaporesso_Armour_S_Kit_One_Key_Unlock-300x168.jpg 300w, https:\/\/justvape.nu\/wp-content\/uploads\/2023\/10\/Vaporesso_Armour_S_Kit_One_Key_Unlock-768x430.jpg 768w\" sizes=\"auto, (max-width: 831px) 100vw, 831px\" \/><\/a><\/p>\n<div class=\"img-show-more\">\n<div id=\"img_content_less\" class=\"img-content add-more\">\n<p class=\"description-img-center\"><a href=\"https:\/\/justvape.nu\/wp-content\/uploads\/2018\/04\/Packing-List.png\"><img loading=\"lazy\" decoding=\"async\" class=\"alignnone size-full wp-image-18999\" src=\"https:\/\/justvape.nu\/wp-content\/uploads\/2018\/04\/Packing-List.png\" alt=\"\" width=\"950\" height=\"64\" title=\"\" srcset=\"https:\/\/justvape.nu\/wp-content\/uploads\/2018\/04\/Packing-List.png 950w, https:\/\/justvape.nu\/wp-content\/uploads\/2018\/04\/Packing-List-555x37.png 555w, https:\/\/justvape.nu\/wp-content\/uploads\/2018\/04\/Packing-List-64x4.png 64w, https:\/\/justvape.nu\/wp-content\/uploads\/2018\/04\/Packing-List-300x20.png 300w, https:\/\/justvape.nu\/wp-content\/uploads\/2018\/04\/Packing-List-768x52.png 768w\" sizes=\"auto, (max-width: 950px) 100vw, 950px\" \/><\/a><\/p>\n<\/div>\n<\/div>\n<p>1* Vaporesso Armour S Mod<br \/>\n1* manicotto 18650 (all&#8217;interno della mod)<br \/>\n1* Cavo di tipo C<br \/>\n1* Manuale d&#8217;uso e scheda di garanzia<br \/>\n1* Manuale di sicurezza<br \/>\n1* Scheda promemoria<\/p>\n","protected":false},"excerpt":{"rendered":"<p>VAPORESSO &#8211; ARMOUR S MOD<\/p>\n","protected":false},"featured_media":645681,"comment_status":"open","ping_status":"closed","template":"","meta":{"_acf_changed":false,"_uag_custom_page_level_css":"","site-sidebar-layout":"default","site-content-layout":"","ast-site-content-layout":"default","site-content-style":"default","site-sidebar-style":"default","ast-global-header-display":"","ast-banner-title-visibility":"","ast-main-header-display":"","ast-hfb-above-header-display":"","ast-hfb-below-header-display":"","ast-hfb-mobile-header-display":"","site-post-title":"","ast-breadcrumbs-content":"","ast-featured-img":"","footer-sml-layout":"","ast-disable-related-posts":"","theme-transparent-header-meta":"default","adv-header-id-meta":"","stick-header-meta":"default","header-above-stick-meta":"","header-main-stick-meta":"","header-below-stick-meta":"","astra-migrate-meta-layouts":"default","ast-page-background-enabled":"default","ast-page-background-meta":{"desktop":{"background-color":"","background-image":"","background-repeat":"repeat","background-position":"center center","background-size":"auto","background-attachment":"scroll","background-type":"","background-media":"","overlay-type":"","overlay-color":"","overlay-opacity":"","overlay-gradient":""},"tablet":{"background-color":"","background-image":"","background-repeat":"repeat","background-position":"center center","background-size":"auto","background-attachment":"scroll","background-type":"","background-media":"","overlay-type":"","overlay-color":"","overlay-opacity":"","overlay-gradient":""},"mobile":{"background-color":"","background-image":"","background-repeat":"repeat","background-position":"center center","background-size":"auto","background-attachment":"scroll","background-type":"","background-media":"","overlay-type":"","overlay-color":"","overlay-opacity":"","overlay-gradient":""}},"ast-content-background-meta":{"desktop":{"background-color":"var(--ast-global-color-5)","background-image":"","background-repeat":"repeat","background-position":"center center","background-size":"auto","background-attachment":"scroll","background-type":"","background-media":"","overlay-type":"","overlay-color":"","overlay-opacity":"","overlay-gradient":""},"tablet":{"background-color":"var(--ast-global-color-5)","background-image":"","background-repeat":"repeat","background-position":"center center","background-size":"auto","background-attachment":"scroll","background-type":"","background-media":"","overlay-type":"","overlay-color":"","overlay-opacity":"","overlay-gradient":""},"mobile":{"background-color":"var(--ast-global-color-5)","background-image":"","background-repeat":"repeat","background-position":"center center","background-size":"auto","background-attachment":"scroll","background-type":"","background-media":"","overlay-type":"","overlay-color":"","overlay-opacity":"","overlay-gradient":""}}},"product_brand":[],"product_cat":[2517,2121,2518,2069,4269],"product_tag":[],"class_list":{"0":"post-646799","1":"product","2":"type-product","3":"status-publish","4":"has-post-thumbnail","6":"product_cat-hardware-it","7":"product_cat-mods-it","8":"product_cat-shop-by-brand-it","9":"product_cat-sigarette-elettroniche","10":"product_cat-vaporesso-it","11":"desktop-align-center","12":"tablet-align-center","13":"mobile-align-center","14":"ast-product-gallery-layout-horizontal-slider","15":"ast-product-single-variable","16":"ast-product-tabs-layout-horizontal","18":"first","19":"instock","20":"sale","21":"taxable","22":"shipping-taxable","23":"purchasable","24":"product-type-variable"},"acf":[],"uagb_featured_image_src":{"full":["https:\/\/justvape.nu\/wp-content\/uploads\/2023\/10\/7fIKxOZ8.jpeg",600,600,false],"thumbnail":["https:\/\/justvape.nu\/wp-content\/uploads\/2023\/10\/7fIKxOZ8-150x150.jpeg",150,150,true],"medium":["https:\/\/justvape.nu\/wp-content\/uploads\/2023\/10\/7fIKxOZ8-300x300.jpeg",300,300,true],"medium_large":["https:\/\/justvape.nu\/wp-content\/uploads\/2023\/10\/7fIKxOZ8.jpeg",600,600,false],"large":["https:\/\/justvape.nu\/wp-content\/uploads\/2023\/10\/7fIKxOZ8.jpeg",600,600,false],"1536x1536":["https:\/\/justvape.nu\/wp-content\/uploads\/2023\/10\/7fIKxOZ8.jpeg",600,600,false],"2048x2048":["https:\/\/justvape.nu\/wp-content\/uploads\/2023\/10\/7fIKxOZ8.jpeg",600,600,false],"woocommerce_thumbnail":["https:\/\/justvape.nu\/wp-content\/uploads\/2023\/10\/7fIKxOZ8-300x300.jpeg",300,300,true],"woocommerce_single":["https:\/\/justvape.nu\/wp-content\/uploads\/2023\/10\/7fIKxOZ8.jpeg",600,600,false],"woocommerce_gallery_thumbnail":["https:\/\/justvape.nu\/wp-content\/uploads\/2023\/10\/7fIKxOZ8-100x100.jpeg",100,100,true],"dgwt-wcas-product-suggestion":["https:\/\/justvape.nu\/wp-content\/uploads\/2023\/10\/7fIKxOZ8-64x64.jpeg",64,64,true]},"uagb_author_info":{"display_name":"Kenneth Merkur","author_link":"https:\/\/justvape.nu\/it\/author\/"},"uagb_comment_info":0,"uagb_excerpt":"VAPORESSO - ARMOUR S MOD","_links":{"self":[{"href":"https:\/\/justvape.nu\/it\/wp-json\/wp\/v2\/product\/646799","targetHints":{"allow":["GET"]}}],"collection":[{"href":"https:\/\/justvape.nu\/it\/wp-json\/wp\/v2\/product"}],"about":[{"href":"https:\/\/justvape.nu\/it\/wp-json\/wp\/v2\/types\/product"}],"replies":[{"embeddable":true,"href":"https:\/\/justvape.nu\/it\/wp-json\/wp\/v2\/comments?post=646799"}],"wp:featuredmedia":[{"embeddable":true,"href":"https:\/\/justvape.nu\/it\/wp-json\/wp\/v2\/media\/645681"}],"wp:attachment":[{"href":"https:\/\/justvape.nu\/it\/wp-json\/wp\/v2\/media?parent=646799"}],"wp:term":[{"taxonomy":"product_brand","embeddable":true,"href":"https:\/\/justvape.nu\/it\/wp-json\/wp\/v2\/product_brand?post=646799"},{"taxonomy":"product_cat","embeddable":true,"href":"https:\/\/justvape.nu\/it\/wp-json\/wp\/v2\/product_cat?post=646799"},{"taxonomy":"product_tag","embeddable":true,"href":"https:\/\/justvape.nu\/it\/wp-json\/wp\/v2\/product_tag?post=646799"}],"curies":[{"name":"wp","href":"https:\/\/api.w.org\/{rel}","templated":true}]}}