{"id":646737,"date":"2023-10-28T11:41:39","date_gmt":"2023-10-28T09:41:39","guid":{"rendered":"https:\/\/justvape.nu\/produkt\/lost-vape-ursa-nano-2-pod-kit\/"},"modified":"2023-10-28T11:41:39","modified_gmt":"2023-10-28T09:41:39","slug":"lost-vape-ursa-nano-2-pod-kit","status":"publish","type":"product","link":"https:\/\/justvape.nu\/it\/produkt\/lost-vape-ursa-nano-2-pod-kit\/","title":{"rendered":"LOST VAPE &#8211; URSA NANO 2 POD KIT"},"content":{"rendered":"<h2>LOST VAPE &#8211; URSA NANO 2 POD KIT<\/h2>\n<p><span style=\"font-size: 16px;\">Presentazione dell&#8217;Ursa Nano 2<\/span><span style=\"font-size: 16px;\"> <\/span><span style=\"font-size: 16px;\">Kit Pod<\/span><span style=\"font-size: 16px;\">  di Lost Vape &#8211; un dispositivo di vaping elegante e raffinato che offre un&#8217;esperienza eccezionale. L&#8217;Ursa Nano 2 \u00e8 un kit di cialde semplice ed elegante che utilizza le cialde Ursa Nano con una capacit\u00e0 di 2 ml, che lo rendono perfetto per gli e-liquid a base di sali di nicotina. \u00c8 dotato di un sistema di attivazione dell&#8217;inalazione, il che significa che \u00e8 sufficiente estrarre per iniziare a svapare. Questo, insieme al suo design compatto e leggero, lo rende facile da portare in giro tutto il giorno.<\/span><\/p>\n<div class=\"collapsible-tab__text\">\n<p>La batteria integrata da 900 mAh garantisce sessioni di svapo di lunga durata e pu\u00f2 essere ricaricata rapidamente grazie alla ricarica USB Type-C da 1Amp. Con una potenza massima di 22 watt, potrete godervi un tiro soddisfacente preservando i sapori dei vostri e-liquid. La funzione di flusso d&#8217;aria regolabile consente di controllare la restrizione dell&#8217;inalazione, offrendo un&#8217;esperienza di vaping personalizzata. L&#8217;Ursa Nano 2 include anche la retroilluminazione a LED, che aggiunge effetti visivi sorprendenti ai disegni gi\u00e0 audaci del corpo del dispositivo.<\/p>\n<p>Il kit Ursa Nano 2 Pod di Lost Vape \u00e8 un dispositivo per il vaping compatto e potente. Utilizza le cialde Ursa Nano con una capacit\u00e0 di 2 ml per gli e-liquid al sale di nicotina. Con l&#8217;attivazione dell&#8217;inalazione e un design leggero, \u00e8 perfetta per il vaping in movimento. La batteria integrata da 900 mAh pu\u00f2 essere ricaricata rapidamente tramite USB Type-C. Con una potenza massima di 22 watt, flusso d&#8217;aria regolabile e retroilluminazione a LED, questo kit pod combina stile e funzionalit\u00e0 per un&#8217;esperienza di vaping eccezionale.<\/p>\n<p><a href=\"https:\/\/justvape.nu\/wp-content\/uploads\/2018\/05\/Color-Schemes.png\"><img loading=\"lazy\" decoding=\"async\" class=\"alignnone size-full wp-image-19187\" src=\"https:\/\/justvape.nu\/wp-content\/uploads\/2018\/05\/Color-Schemes.png\" alt=\"\" width=\"950\" height=\"64\" title=\"\" srcset=\"https:\/\/justvape.nu\/wp-content\/uploads\/2018\/05\/Color-Schemes.png 950w, https:\/\/justvape.nu\/wp-content\/uploads\/2018\/05\/Color-Schemes-555x37.png 555w, https:\/\/justvape.nu\/wp-content\/uploads\/2018\/05\/Color-Schemes-64x4.png 64w, https:\/\/justvape.nu\/wp-content\/uploads\/2018\/05\/Color-Schemes-300x20.png 300w, https:\/\/justvape.nu\/wp-content\/uploads\/2018\/05\/Color-Schemes-768x52.png 768w\" sizes=\"auto, (max-width: 950px) 100vw, 950px\" \/><\/a><\/p>\n<p class=\"description-img-center\"><a href=\"https:\/\/justvape.nu\/wp-content\/uploads\/2023\/10\/Lost_Vape_Ursa_Nano_2_Kit_Colors.jpg\"><img loading=\"lazy\" decoding=\"async\" class=\"alignnone wp-image-646022\" src=\"https:\/\/justvape.nu\/wp-content\/uploads\/2023\/10\/Lost_Vape_Ursa_Nano_2_Kit_Colors.jpg\" alt=\"\" width=\"937\" height=\"830\" title=\"\" srcset=\"https:\/\/justvape.nu\/wp-content\/uploads\/2023\/10\/Lost_Vape_Ursa_Nano_2_Kit_Colors.jpg 700w, https:\/\/justvape.nu\/wp-content\/uploads\/2023\/10\/Lost_Vape_Ursa_Nano_2_Kit_Colors-600x531.jpg 600w, https:\/\/justvape.nu\/wp-content\/uploads\/2023\/10\/Lost_Vape_Ursa_Nano_2_Kit_Colors-64x57.jpg 64w, https:\/\/justvape.nu\/wp-content\/uploads\/2023\/10\/Lost_Vape_Ursa_Nano_2_Kit_Colors-300x266.jpg 300w\" sizes=\"auto, (max-width: 937px) 100vw, 937px\" \/><\/a><\/p>\n<div class=\"shop-features \">\n<h2 class=\"shop-features-title \"><a href=\"https:\/\/justvape.nu\/wp-content\/uploads\/2018\/05\/Specifications.png\"><img loading=\"lazy\" decoding=\"async\" class=\"alignnone size-full wp-image-248449\" src=\"https:\/\/justvape.nu\/wp-content\/uploads\/2018\/05\/Specifications.png\" alt=\"\" width=\"950\" height=\"64\" title=\"\" srcset=\"https:\/\/justvape.nu\/wp-content\/uploads\/2018\/05\/Specifications.png 950w, https:\/\/justvape.nu\/wp-content\/uploads\/2018\/05\/Specifications-600x40.png 600w, https:\/\/justvape.nu\/wp-content\/uploads\/2018\/05\/Specifications-64x4.png 64w, https:\/\/justvape.nu\/wp-content\/uploads\/2018\/05\/Specifications-300x20.png 300w, https:\/\/justvape.nu\/wp-content\/uploads\/2018\/05\/Specifications-768x52.png 768w\" sizes=\"auto, (max-width: 950px) 100vw, 950px\" \/><\/a><\/h2>\n<\/div>\n<table class=\"description-table\">\n<tbody>\n<tr>\n<td class=\"strong-title \">Marchio<\/td>\n<td class=\"inline\">Lost Vape<\/td>\n<\/tr>\n<tr>\n<td class=\"strong-title \">Nome del prodotto<\/td>\n<td class=\"inline\">Kit Ursa Nano 2<\/td>\n<\/tr>\n<tr>\n<td class=\"strong-title \">Dimensione<\/td>\n<td class=\"inline\">83,7*25,5*16,05 mm<\/td>\n<\/tr>\n<tr>\n<td class=\"strong-title \">Dimensione della confezione<\/td>\n<td class=\"inline\">56*42*128mm (1pc)<\/td>\n<\/tr>\n<tr>\n<td class=\"strong-title \"><\/td>\n<td class=\"inline\"><\/td>\n<\/tr>\n<tr>\n<td class=\"strong-title \">Capacit\u00e0 della capsula<\/td>\n<td class=\"inline\">2ml TPD<\/td>\n<\/tr>\n<tr>\n<td class=\"strong-title \">Capacit\u00e0 della batteria<\/td>\n<td class=\"inline\">900mAh integrato<\/td>\n<\/tr>\n<tr>\n<td class=\"strong-title \">Tensione della batteria<\/td>\n<td class=\"inline\">3.0V-4.2V<\/td>\n<\/tr>\n<tr>\n<td class=\"strong-title \">Gamma di potenza<\/td>\n<td class=\"inline\">9W-22W<\/td>\n<\/tr>\n<tr>\n<td class=\"strong-title \">Tensione di carica<\/td>\n<td class=\"inline\">5V\/1A<\/td>\n<\/tr>\n<tr>\n<td class=\"strong-title \">Cavo di tipo C<\/td>\n<td class=\"inline\">Supporto caricatore 5V\/1,5A<\/td>\n<\/tr>\n<tr>\n<td class=\"strong-title \">Materiale del corpo<\/td>\n<td class=\"inline\">Lega di zinco + plastica<\/td>\n<\/tr>\n<tr>\n<td class=\"strong-title \">Colore<\/td>\n<td class=\"inline\">Spazio Dinamico, Spazio Transfo, Spazio Motore, Spazio Astro, Spazio Glaciale, Anima Cromatica, Anima Reale, Sopravvissuto Rosa, Anima Selvaggia, Anima Vendetta<\/td>\n<\/tr>\n<\/tbody>\n<\/table>\n<div class=\"shop-features \">\n<h2 class=\"shop-features-title \"><a href=\"https:\/\/justvape.nu\/wp-content\/uploads\/2018\/05\/Features.png\"><img loading=\"lazy\" decoding=\"async\" class=\"alignnone size-full wp-image-248458\" src=\"https:\/\/justvape.nu\/wp-content\/uploads\/2018\/05\/Features.png\" alt=\"\" width=\"950\" height=\"64\" title=\"\" srcset=\"https:\/\/justvape.nu\/wp-content\/uploads\/2018\/05\/Features.png 950w, https:\/\/justvape.nu\/wp-content\/uploads\/2018\/05\/Features-600x40.png 600w, https:\/\/justvape.nu\/wp-content\/uploads\/2018\/05\/Features-64x4.png 64w, https:\/\/justvape.nu\/wp-content\/uploads\/2018\/05\/Features-300x20.png 300w, https:\/\/justvape.nu\/wp-content\/uploads\/2018\/05\/Features-768x52.png 768w\" sizes=\"auto, (max-width: 950px) 100vw, 950px\" \/><\/a><\/h2>\n<\/div>\n<ul>\n<li style=\"list-style-type: none;\">\n<ul>\n<li>1. Attivazione del sorteggio automatico<\/li>\n<li>2. Rilevamento intelligente della capsula<\/li>\n<li>3. Controllo fluido del flusso d&#8217;aria<\/li>\n<li>4. 900mAh vaping di lunga durata<\/li>\n<li>5. Indicazione di carica, cordino gratuito<\/li>\n<li>6. Chip Quest 2.0 all&#8217;avanguardia<\/li>\n<li>7. Potenza di uscita massima di 22 W<\/li>\n<li>8. Compatibile con la cartuccia Ursa<\/li>\n<li>9. Pannello dinamico retroilluminato<\/li>\n<li>10. L&#8217;impugnatura Bio-fit offre un comfort eccezionale<\/li>\n<li>11. Riempimento laterale, design a prova di perdite<\/li>\n<li>12. Caratteristiche di sicurezza: Protezione da cortocircuito\/batteria scarica\/sovratemperatura<\/li>\n<\/ul>\n<\/li>\n<\/ul>\n<div class=\"img-show-more\">\n<div id=\"img_content_less\" class=\"img-content add-more\">\n<p class=\"description-img-center\"><a href=\"https:\/\/justvape.nu\/wp-content\/uploads\/2023\/10\/Lost_Vape_Ursa_Nano_2_Kit_Banner.jpg\"><img loading=\"lazy\" decoding=\"async\" class=\"alignnone size-full wp-image-646032\" src=\"https:\/\/justvape.nu\/wp-content\/uploads\/2023\/10\/Lost_Vape_Ursa_Nano_2_Kit_Banner.jpg\" alt=\"\" width=\"831\" height=\"416\" title=\"\" srcset=\"https:\/\/justvape.nu\/wp-content\/uploads\/2023\/10\/Lost_Vape_Ursa_Nano_2_Kit_Banner.jpg 831w, https:\/\/justvape.nu\/wp-content\/uploads\/2023\/10\/Lost_Vape_Ursa_Nano_2_Kit_Banner-600x300.jpg 600w, https:\/\/justvape.nu\/wp-content\/uploads\/2023\/10\/Lost_Vape_Ursa_Nano_2_Kit_Banner-64x32.jpg 64w, https:\/\/justvape.nu\/wp-content\/uploads\/2023\/10\/Lost_Vape_Ursa_Nano_2_Kit_Banner-300x150.jpg 300w, https:\/\/justvape.nu\/wp-content\/uploads\/2023\/10\/Lost_Vape_Ursa_Nano_2_Kit_Banner-768x384.jpg 768w\" sizes=\"auto, (max-width: 831px) 100vw, 831px\" \/><\/a> <a href=\"https:\/\/justvape.nu\/wp-content\/uploads\/2023\/10\/Lost_Vape_Ursa_Nano_2_Kit_Leakproof_Design.jpg\"><img loading=\"lazy\" decoding=\"async\" class=\"alignnone size-full wp-image-646040\" src=\"https:\/\/justvape.nu\/wp-content\/uploads\/2023\/10\/Lost_Vape_Ursa_Nano_2_Kit_Leakproof_Design.jpg\" alt=\"\" width=\"831\" height=\"449\" title=\"\" srcset=\"https:\/\/justvape.nu\/wp-content\/uploads\/2023\/10\/Lost_Vape_Ursa_Nano_2_Kit_Leakproof_Design.jpg 831w, https:\/\/justvape.nu\/wp-content\/uploads\/2023\/10\/Lost_Vape_Ursa_Nano_2_Kit_Leakproof_Design-600x324.jpg 600w, https:\/\/justvape.nu\/wp-content\/uploads\/2023\/10\/Lost_Vape_Ursa_Nano_2_Kit_Leakproof_Design-64x35.jpg 64w, https:\/\/justvape.nu\/wp-content\/uploads\/2023\/10\/Lost_Vape_Ursa_Nano_2_Kit_Leakproof_Design-300x162.jpg 300w, https:\/\/justvape.nu\/wp-content\/uploads\/2023\/10\/Lost_Vape_Ursa_Nano_2_Kit_Leakproof_Design-768x415.jpg 768w\" sizes=\"auto, (max-width: 831px) 100vw, 831px\" \/><\/a> <a href=\"https:\/\/justvape.nu\/wp-content\/uploads\/2023\/10\/Lost_Vape_Ursa_Nano_2_Kit_Main_Features.jpg\"><img loading=\"lazy\" decoding=\"async\" class=\"alignnone size-full wp-image-646048\" src=\"https:\/\/justvape.nu\/wp-content\/uploads\/2023\/10\/Lost_Vape_Ursa_Nano_2_Kit_Main_Features.jpg\" alt=\"\" width=\"831\" height=\"414\" title=\"\" srcset=\"https:\/\/justvape.nu\/wp-content\/uploads\/2023\/10\/Lost_Vape_Ursa_Nano_2_Kit_Main_Features.jpg 831w, https:\/\/justvape.nu\/wp-content\/uploads\/2023\/10\/Lost_Vape_Ursa_Nano_2_Kit_Main_Features-600x299.jpg 600w, https:\/\/justvape.nu\/wp-content\/uploads\/2023\/10\/Lost_Vape_Ursa_Nano_2_Kit_Main_Features-64x32.jpg 64w, https:\/\/justvape.nu\/wp-content\/uploads\/2023\/10\/Lost_Vape_Ursa_Nano_2_Kit_Main_Features-300x149.jpg 300w, https:\/\/justvape.nu\/wp-content\/uploads\/2023\/10\/Lost_Vape_Ursa_Nano_2_Kit_Main_Features-768x383.jpg 768w\" sizes=\"auto, (max-width: 831px) 100vw, 831px\" \/><\/a><\/p>\n<\/div>\n<p><a href=\"https:\/\/justvape.nu\/wp-content\/uploads\/2018\/05\/Packing-List.png\"><img loading=\"lazy\" decoding=\"async\" class=\"alignnone size-full wp-image-18995\" src=\"https:\/\/justvape.nu\/wp-content\/uploads\/2018\/05\/Packing-List.png\" alt=\"\" width=\"950\" height=\"64\" title=\"\" srcset=\"https:\/\/justvape.nu\/wp-content\/uploads\/2018\/05\/Packing-List.png 950w, https:\/\/justvape.nu\/wp-content\/uploads\/2018\/05\/Packing-List-555x37.png 555w, https:\/\/justvape.nu\/wp-content\/uploads\/2018\/05\/Packing-List-64x4.png 64w, https:\/\/justvape.nu\/wp-content\/uploads\/2018\/05\/Packing-List-300x20.png 300w, https:\/\/justvape.nu\/wp-content\/uploads\/2018\/05\/Packing-List-768x52.png 768w\" sizes=\"auto, (max-width: 950px) 100vw, 950px\" \/><\/a><\/p>\n<\/div>\n<p>1* Dispositivo Ursa Nano 2<br \/>\n1* Cartuccia Ursa da 0,6ohm (2ml)<br \/>\n1* Cartuccia Ursa da 0,8ohm (2ml)<br \/>\n1* Cavo di tipo C<br \/>\n1* Scheda di garanzia<br \/>\n1* cordino<br \/>\n1* Manuale<br \/>\n1* O-Ring<\/p>\n<\/div>\n","protected":false},"excerpt":{"rendered":"<p>LOST VAPE &#8211; URSA NANO 2 POD KIT<\/p>\n","protected":false},"featured_media":645574,"comment_status":"open","ping_status":"closed","template":"","meta":{"_acf_changed":false,"_uag_custom_page_level_css":"","site-sidebar-layout":"default","site-content-layout":"","ast-site-content-layout":"default","site-content-style":"default","site-sidebar-style":"default","ast-global-header-display":"","ast-banner-title-visibility":"","ast-main-header-display":"","ast-hfb-above-header-display":"","ast-hfb-below-header-display":"","ast-hfb-mobile-header-display":"","site-post-title":"","ast-breadcrumbs-content":"","ast-featured-img":"","footer-sml-layout":"","ast-disable-related-posts":"","theme-transparent-header-meta":"default","adv-header-id-meta":"","stick-header-meta":"default","header-above-stick-meta":"","header-main-stick-meta":"","header-below-stick-meta":"","astra-migrate-meta-layouts":"default","ast-page-background-enabled":"default","ast-page-background-meta":{"desktop":{"background-color":"","background-image":"","background-repeat":"repeat","background-position":"center center","background-size":"auto","background-attachment":"scroll","background-type":"","background-media":"","overlay-type":"","overlay-color":"","overlay-opacity":"","overlay-gradient":""},"tablet":{"background-color":"","background-image":"","background-repeat":"repeat","background-position":"center center","background-size":"auto","background-attachment":"scroll","background-type":"","background-media":"","overlay-type":"","overlay-color":"","overlay-opacity":"","overlay-gradient":""},"mobile":{"background-color":"","background-image":"","background-repeat":"repeat","background-position":"center center","background-size":"auto","background-attachment":"scroll","background-type":"","background-media":"","overlay-type":"","overlay-color":"","overlay-opacity":"","overlay-gradient":""}},"ast-content-background-meta":{"desktop":{"background-color":"var(--ast-global-color-5)","background-image":"","background-repeat":"repeat","background-position":"center center","background-size":"auto","background-attachment":"scroll","background-type":"","background-media":"","overlay-type":"","overlay-color":"","overlay-opacity":"","overlay-gradient":""},"tablet":{"background-color":"var(--ast-global-color-5)","background-image":"","background-repeat":"repeat","background-position":"center center","background-size":"auto","background-attachment":"scroll","background-type":"","background-media":"","overlay-type":"","overlay-color":"","overlay-opacity":"","overlay-gradient":""},"mobile":{"background-color":"var(--ast-global-color-5)","background-image":"","background-repeat":"repeat","background-position":"center center","background-size":"auto","background-attachment":"scroll","background-type":"","background-media":"","overlay-type":"","overlay-color":"","overlay-opacity":"","overlay-gradient":""}}},"product_brand":[],"product_cat":[2517,2079,4810,2518,2069],"product_tag":[],"class_list":{"0":"post-646737","1":"product","2":"type-product","3":"status-publish","4":"has-post-thumbnail","6":"product_cat-hardware-it","7":"product_cat-kit-per-principianti-e-pod","8":"product_cat-lost-vape-it","9":"product_cat-shop-by-brand-it","10":"product_cat-sigarette-elettroniche","11":"desktop-align-center","12":"tablet-align-center","13":"mobile-align-center","14":"ast-product-gallery-layout-horizontal-slider","15":"ast-product-single-variable","16":"ast-product-tabs-layout-horizontal","18":"first","19":"instock","20":"sale","21":"taxable","22":"shipping-taxable","23":"purchasable","24":"product-type-variable"},"acf":[],"uagb_featured_image_src":{"full":["https:\/\/justvape.nu\/wp-content\/uploads\/2023\/10\/fO93Px3r.jpeg",600,600,false],"thumbnail":["https:\/\/justvape.nu\/wp-content\/uploads\/2023\/10\/fO93Px3r-150x150.jpeg",150,150,true],"medium":["https:\/\/justvape.nu\/wp-content\/uploads\/2023\/10\/fO93Px3r-300x300.jpeg",300,300,true],"medium_large":["https:\/\/justvape.nu\/wp-content\/uploads\/2023\/10\/fO93Px3r.jpeg",600,600,false],"large":["https:\/\/justvape.nu\/wp-content\/uploads\/2023\/10\/fO93Px3r.jpeg",600,600,false],"1536x1536":["https:\/\/justvape.nu\/wp-content\/uploads\/2023\/10\/fO93Px3r.jpeg",600,600,false],"2048x2048":["https:\/\/justvape.nu\/wp-content\/uploads\/2023\/10\/fO93Px3r.jpeg",600,600,false],"woocommerce_thumbnail":["https:\/\/justvape.nu\/wp-content\/uploads\/2023\/10\/fO93Px3r-300x300.jpeg",300,300,true],"woocommerce_single":["https:\/\/justvape.nu\/wp-content\/uploads\/2023\/10\/fO93Px3r.jpeg",600,600,false],"woocommerce_gallery_thumbnail":["https:\/\/justvape.nu\/wp-content\/uploads\/2023\/10\/fO93Px3r-100x100.jpeg",100,100,true],"dgwt-wcas-product-suggestion":["https:\/\/justvape.nu\/wp-content\/uploads\/2023\/10\/fO93Px3r-64x64.jpeg",64,64,true]},"uagb_author_info":{"display_name":"Kenneth Merkur","author_link":"https:\/\/justvape.nu\/it\/author\/"},"uagb_comment_info":0,"uagb_excerpt":"LOST VAPE - URSA NANO 2 POD KIT","_links":{"self":[{"href":"https:\/\/justvape.nu\/it\/wp-json\/wp\/v2\/product\/646737","targetHints":{"allow":["GET"]}}],"collection":[{"href":"https:\/\/justvape.nu\/it\/wp-json\/wp\/v2\/product"}],"about":[{"href":"https:\/\/justvape.nu\/it\/wp-json\/wp\/v2\/types\/product"}],"replies":[{"embeddable":true,"href":"https:\/\/justvape.nu\/it\/wp-json\/wp\/v2\/comments?post=646737"}],"wp:featuredmedia":[{"embeddable":true,"href":"https:\/\/justvape.nu\/it\/wp-json\/wp\/v2\/media\/645574"}],"wp:attachment":[{"href":"https:\/\/justvape.nu\/it\/wp-json\/wp\/v2\/media?parent=646737"}],"wp:term":[{"taxonomy":"product_brand","embeddable":true,"href":"https:\/\/justvape.nu\/it\/wp-json\/wp\/v2\/product_brand?post=646737"},{"taxonomy":"product_cat","embeddable":true,"href":"https:\/\/justvape.nu\/it\/wp-json\/wp\/v2\/product_cat?post=646737"},{"taxonomy":"product_tag","embeddable":true,"href":"https:\/\/justvape.nu\/it\/wp-json\/wp\/v2\/product_tag?post=646737"}],"curies":[{"name":"wp","href":"https:\/\/api.w.org\/{rel}","templated":true}]}}