{"id":634762,"date":"2023-08-22T10:25:58","date_gmt":"2023-08-22T08:25:58","guid":{"rendered":"https:\/\/justvape.nu\/produkt\/voopoo-pnp-2-pod-cartridge-2pcs\/"},"modified":"2023-08-22T10:25:58","modified_gmt":"2023-08-22T08:25:58","slug":"voopoo-pnp-2-pod-cartridge-2pcs","status":"publish","type":"product","link":"https:\/\/justvape.nu\/it\/produkt\/voopoo-pnp-2-pod-cartridge-2pcs\/","title":{"rendered":"VOOPOO &#8211; PNP 2 POD CARTRIDGE 2PCS"},"content":{"rendered":"<h2>VOOPOO &#8211; PNP 2 POD CARTRIDGE 2PCS<\/h2>\n<div class=\"description\">\n<p>Voopoo PnP 2 \u00e8 realizzato in PCTG e si adatta sia ai kit Drag H80 che Drag E60. La cartuccia \u00e8 dotata di una capacit\u00e0 di 4,5 ML di e-liquid con un sistema di riempimento dall&#8217;alto pulito e comodo, che presenta anche la regolazione dell&#8217;aria rotante sulla capsula, in modo da poter godere del flusso d&#8217;aria ideale e di nuvole eccellenti. Compatibile con tutte le bobine PNP per offrire maggiori possibilit\u00e0 di scelta. Ogni confezione contiene 2 cialde.<\/p>\n<p>Capacit\u00e0: 4,5ML<\/p>\n<p>Materiali PCTG<br \/>\nDimensioni 37,84*24,38 mm<br \/>\nE-liquido consigliato \u226410 mg\/mL<\/p>\n<\/div>\n<div id=\"shopify-product-reviews\" data-id=\"6815587663974\">Quantit\u00e0: 2 pezzi \/ pacco<\/div>\n","protected":false},"excerpt":{"rendered":"<p>VOOPOO &#8211; PNP 2 POD CARTRIDGE 2PCS<\/p>\n","protected":false},"featured_media":634639,"comment_status":"open","ping_status":"closed","template":"","meta":{"_acf_changed":false,"_uag_custom_page_level_css":"","site-sidebar-layout":"default","site-content-layout":"","ast-site-content-layout":"default","site-content-style":"default","site-sidebar-style":"default","ast-global-header-display":"","ast-banner-title-visibility":"","ast-main-header-display":"","ast-hfb-above-header-display":"","ast-hfb-below-header-display":"","ast-hfb-mobile-header-display":"","site-post-title":"","ast-breadcrumbs-content":"","ast-featured-img":"","footer-sml-layout":"","ast-disable-related-posts":"","theme-transparent-header-meta":"default","adv-header-id-meta":"","stick-header-meta":"default","header-above-stick-meta":"","header-main-stick-meta":"","header-below-stick-meta":"","astra-migrate-meta-layouts":"default","ast-page-background-enabled":"default","ast-page-background-meta":{"desktop":{"background-color":"","background-image":"","background-repeat":"repeat","background-position":"center center","background-size":"auto","background-attachment":"scroll","background-type":"","background-media":"","overlay-type":"","overlay-color":"","overlay-opacity":"","overlay-gradient":""},"tablet":{"background-color":"","background-image":"","background-repeat":"repeat","background-position":"center center","background-size":"auto","background-attachment":"scroll","background-type":"","background-media":"","overlay-type":"","overlay-color":"","overlay-opacity":"","overlay-gradient":""},"mobile":{"background-color":"","background-image":"","background-repeat":"repeat","background-position":"center center","background-size":"auto","background-attachment":"scroll","background-type":"","background-media":"","overlay-type":"","overlay-color":"","overlay-opacity":"","overlay-gradient":""}},"ast-content-background-meta":{"desktop":{"background-color":"var(--ast-global-color-5)","background-image":"","background-repeat":"repeat","background-position":"center center","background-size":"auto","background-attachment":"scroll","background-type":"","background-media":"","overlay-type":"","overlay-color":"","overlay-opacity":"","overlay-gradient":""},"tablet":{"background-color":"var(--ast-global-color-5)","background-image":"","background-repeat":"repeat","background-position":"center center","background-size":"auto","background-attachment":"scroll","background-type":"","background-media":"","overlay-type":"","overlay-color":"","overlay-opacity":"","overlay-gradient":""},"mobile":{"background-color":"var(--ast-global-color-5)","background-image":"","background-repeat":"repeat","background-position":"center center","background-size":"auto","background-attachment":"scroll","background-type":"","background-media":"","overlay-type":"","overlay-color":"","overlay-opacity":"","overlay-gradient":""}}},"product_brand":[],"product_cat":[2059,1979],"product_tag":[],"class_list":{"0":"post-634762","1":"product","2":"type-product","3":"status-publish","4":"has-post-thumbnail","6":"product_cat-bobine-pods","7":"product_cat-serbatoi-e-bobine","8":"desktop-align-center","9":"tablet-align-center","10":"mobile-align-center","11":"ast-product-gallery-layout-horizontal-slider","12":"ast-product-gallery-with-no-image","13":"ast-product-tabs-layout-horizontal","15":"first","16":"instock","17":"sale","18":"taxable","19":"shipping-taxable","20":"purchasable","21":"product-type-simple"},"acf":[],"uagb_featured_image_src":{"full":["https:\/\/justvape.nu\/wp-content\/uploads\/2023\/08\/Voopoo-PNP-Pod-2.jpg",600,635,false],"thumbnail":["https:\/\/justvape.nu\/wp-content\/uploads\/2023\/08\/Voopoo-PNP-Pod-2-150x150.jpg",150,150,true],"medium":["https:\/\/justvape.nu\/wp-content\/uploads\/2023\/08\/Voopoo-PNP-Pod-2-283x300.jpg",283,300,true],"medium_large":["https:\/\/justvape.nu\/wp-content\/uploads\/2023\/08\/Voopoo-PNP-Pod-2.jpg",600,635,false],"large":["https:\/\/justvape.nu\/wp-content\/uploads\/2023\/08\/Voopoo-PNP-Pod-2.jpg",600,635,false],"1536x1536":["https:\/\/justvape.nu\/wp-content\/uploads\/2023\/08\/Voopoo-PNP-Pod-2.jpg",600,635,false],"2048x2048":["https:\/\/justvape.nu\/wp-content\/uploads\/2023\/08\/Voopoo-PNP-Pod-2.jpg",600,635,false],"woocommerce_thumbnail":["https:\/\/justvape.nu\/wp-content\/uploads\/2023\/08\/Voopoo-PNP-Pod-2-300x300.jpg",300,300,true],"woocommerce_single":["https:\/\/justvape.nu\/wp-content\/uploads\/2023\/08\/Voopoo-PNP-Pod-2.jpg",600,635,false],"woocommerce_gallery_thumbnail":["https:\/\/justvape.nu\/wp-content\/uploads\/2023\/08\/Voopoo-PNP-Pod-2-100x100.jpg",100,100,true],"dgwt-wcas-product-suggestion":["https:\/\/justvape.nu\/wp-content\/uploads\/2023\/08\/Voopoo-PNP-Pod-2-64x68.jpg",64,68,true]},"uagb_author_info":{"display_name":"Kenneth Merkur","author_link":"https:\/\/justvape.nu\/it\/author\/"},"uagb_comment_info":0,"uagb_excerpt":"VOOPOO - PNP 2 POD CARTRIDGE 2PCS","_links":{"self":[{"href":"https:\/\/justvape.nu\/it\/wp-json\/wp\/v2\/product\/634762","targetHints":{"allow":["GET"]}}],"collection":[{"href":"https:\/\/justvape.nu\/it\/wp-json\/wp\/v2\/product"}],"about":[{"href":"https:\/\/justvape.nu\/it\/wp-json\/wp\/v2\/types\/product"}],"replies":[{"embeddable":true,"href":"https:\/\/justvape.nu\/it\/wp-json\/wp\/v2\/comments?post=634762"}],"wp:featuredmedia":[{"embeddable":true,"href":"https:\/\/justvape.nu\/it\/wp-json\/wp\/v2\/media\/634639"}],"wp:attachment":[{"href":"https:\/\/justvape.nu\/it\/wp-json\/wp\/v2\/media?parent=634762"}],"wp:term":[{"taxonomy":"product_brand","embeddable":true,"href":"https:\/\/justvape.nu\/it\/wp-json\/wp\/v2\/product_brand?post=634762"},{"taxonomy":"product_cat","embeddable":true,"href":"https:\/\/justvape.nu\/it\/wp-json\/wp\/v2\/product_cat?post=634762"},{"taxonomy":"product_tag","embeddable":true,"href":"https:\/\/justvape.nu\/it\/wp-json\/wp\/v2\/product_tag?post=634762"}],"curies":[{"name":"wp","href":"https:\/\/api.w.org\/{rel}","templated":true}]}}