{"id":624493,"date":"2023-06-30T13:04:45","date_gmt":"2023-06-30T11:04:45","guid":{"rendered":"https:\/\/justvape.nu\/produkt\/smok-mag-solo-mod\/"},"modified":"2025-03-15T13:04:03","modified_gmt":"2025-03-15T12:04:03","slug":"smok-mag-solo-mod","status":"publish","type":"product","link":"https:\/\/justvape.nu\/it\/produkt\/smok-mag-solo-mod\/","title":{"rendered":"SMOK &#8211; MAG SOLO MOD"},"content":{"rendered":"<h2>SMOK &#8211; MAG SOLO MOD<\/h2>\n<p>La mod Smok Mag Solo \u00e8 la scelta ideale per i vapers alla ricerca di un dispositivo potente. \u00c8 alimentata da una batteria 18650 o 21700 a scelta (venduta separatamente) e pu\u00f2 erogare fino a 100W, pi\u00f9 che sufficienti per la maggior parte dei serbatoi da svapo. \u00c8 possibile trovare questa mod anche come parte del kit di svapo Mag Solo, dove viene fornita con il serbatoio sub ohm Smok T-Air.<\/p>\n<p><a href=\"https:\/\/justvape.nu\/wp-content\/uploads\/2018\/05\/Color-Schemes.png\"><img loading=\"lazy\" decoding=\"async\" class=\"alignnone size-full wp-image-19187\" src=\"https:\/\/justvape.nu\/wp-content\/uploads\/2018\/05\/Color-Schemes.png\" alt=\"\" width=\"950\" height=\"64\" title=\"\" srcset=\"https:\/\/justvape.nu\/wp-content\/uploads\/2018\/05\/Color-Schemes.png 950w, https:\/\/justvape.nu\/wp-content\/uploads\/2018\/05\/Color-Schemes-555x37.png 555w, https:\/\/justvape.nu\/wp-content\/uploads\/2018\/05\/Color-Schemes-64x4.png 64w, https:\/\/justvape.nu\/wp-content\/uploads\/2018\/05\/Color-Schemes-300x20.png 300w, https:\/\/justvape.nu\/wp-content\/uploads\/2018\/05\/Color-Schemes-768x52.png 768w\" sizes=\"auto, (max-width: 950px) 100vw, 950px\" \/><\/a><\/p>\n<p class=\"description-img-center\"><a href=\"https:\/\/justvape.nu\/wp-content\/uploads\/2023\/06\/SMOK_Mag_Solo_Mod_Full_Color_New.jpg\"><img loading=\"lazy\" decoding=\"async\" class=\"alignnone wp-image-604516\" src=\"https:\/\/justvape.nu\/wp-content\/uploads\/2023\/06\/SMOK_Mag_Solo_Mod_Full_Color_New.jpg\" alt=\"\" width=\"939\" height=\"939\" title=\"\" srcset=\"https:\/\/justvape.nu\/wp-content\/uploads\/2023\/06\/SMOK_Mag_Solo_Mod_Full_Color_New.jpg 800w, https:\/\/justvape.nu\/wp-content\/uploads\/2023\/06\/SMOK_Mag_Solo_Mod_Full_Color_New-300x300.jpg 300w, https:\/\/justvape.nu\/wp-content\/uploads\/2023\/06\/SMOK_Mag_Solo_Mod_Full_Color_New-100x100.jpg 100w, https:\/\/justvape.nu\/wp-content\/uploads\/2023\/06\/SMOK_Mag_Solo_Mod_Full_Color_New-600x600.jpg 600w, https:\/\/justvape.nu\/wp-content\/uploads\/2023\/06\/SMOK_Mag_Solo_Mod_Full_Color_New-64x64.jpg 64w, https:\/\/justvape.nu\/wp-content\/uploads\/2023\/06\/SMOK_Mag_Solo_Mod_Full_Color_New-150x150.jpg 150w, https:\/\/justvape.nu\/wp-content\/uploads\/2023\/06\/SMOK_Mag_Solo_Mod_Full_Color_New-768x768.jpg 768w\" sizes=\"auto, (max-width: 939px) 100vw, 939px\" \/><\/a><\/p>\n<div class=\"shop-features \">\n<h2 class=\"shop-features-title \"><a href=\"https:\/\/justvape.nu\/wp-content\/uploads\/2018\/05\/Specifications.png\"><img loading=\"lazy\" decoding=\"async\" class=\"alignnone size-full wp-image-18993\" src=\"https:\/\/justvape.nu\/wp-content\/uploads\/2018\/05\/Specifications.png\" alt=\"\" width=\"950\" height=\"64\" title=\"\" srcset=\"https:\/\/justvape.nu\/wp-content\/uploads\/2018\/05\/Specifications.png 950w, https:\/\/justvape.nu\/wp-content\/uploads\/2018\/05\/Specifications-555x37.png 555w, https:\/\/justvape.nu\/wp-content\/uploads\/2018\/05\/Specifications-64x4.png 64w, https:\/\/justvape.nu\/wp-content\/uploads\/2018\/05\/Specifications-300x20.png 300w, https:\/\/justvape.nu\/wp-content\/uploads\/2018\/05\/Specifications-768x52.png 768w\" sizes=\"auto, (max-width: 950px) 100vw, 950px\" \/><\/a><\/h2>\n<\/div>\n<table class=\"description-table\">\n<tbody>\n<tr>\n<td class=\"strong-title \">Marchio<\/td>\n<td class=\"inline\">Smok<\/td>\n<\/tr>\n<tr>\n<td class=\"strong-title \">Nome del prodotto<\/td>\n<td class=\"inline\">Mag Solo Mod<\/td>\n<\/tr>\n<tr>\n<td class=\"strong-title \">Potenza di uscita<\/td>\n<td class=\"inline\">5W-100W<\/td>\n<\/tr>\n<tr>\n<td class=\"strong-title \">Corrente di standby<\/td>\n<td class=\"inline\">&lt;  120uA<\/td>\n<\/tr>\n<tr>\n<td class=\"strong-title \">Tensione d&#8217;ingresso<\/td>\n<td class=\"inline\">3.3V-4.2V<\/td>\n<\/tr>\n<tr>\n<td class=\"strong-title \">Tensione di uscita<\/td>\n<td class=\"inline\">1,0V-6,5V<\/td>\n<\/tr>\n<tr>\n<td class=\"strong-title \">Gamma di resistenza<\/td>\n<td class=\"inline\">0,10\u03a9-2,5\u03a9<\/td>\n<\/tr>\n<tr>\n<td class=\"strong-title \">Tipo di carica<\/td>\n<td class=\"inline\">Ricarica veloce Type-C<\/td>\n<\/tr>\n<tr>\n<td class=\"strong-title \">Tensione di carica<\/td>\n<td class=\"inline\">5V\u00b10,2V<\/td>\n<\/tr>\n<tr>\n<td class=\"strong-title \">Corrente di carica<\/td>\n<td class=\"inline\">1,5A (max)<\/td>\n<\/tr>\n<tr>\n<td class=\"strong-title \">Schermo di visualizzazione<\/td>\n<td class=\"inline\">Display TFT da 0,96 pollici<\/td>\n<\/tr>\n<tr>\n<td class=\"strong-title \">In forma per<\/td>\n<td class=\"inline\">SMOK T-Air Subtank<\/td>\n<\/tr>\n<tr>\n<td class=\"strong-title \">Dimensione del prodotto<\/td>\n<td class=\"inline\">95,2*43,6*32,2 mm<\/td>\n<\/tr>\n<tr>\n<td class=\"strong-title \">Dimensione dell&#8217;imballaggio<\/td>\n<td class=\"inline\">135*90*59 mm<\/td>\n<\/tr>\n<tr>\n<td class=\"strong-title \"><\/td>\n<td class=\"inline\"><\/td>\n<\/tr>\n<tr>\n<td class=\"strong-title \">Colore<\/td>\n<td class=\"inline\">Bianco blu, nero rosso, pelle di giunzione in fibra di carbonio, pelle di giunzione grigia, bianco opaco, blu haze, viola haze, nano cromo, ciano, nero canna di fucile, canna di fucile, verde pallido, rosa oro, blu verde, rosa viola, prisma arcobaleno, nero opaco<\/td>\n<\/tr>\n<\/tbody>\n<\/table>\n<div class=\"shop-features \">\n<h2 class=\"shop-features-title \"><a href=\"https:\/\/justvape.nu\/wp-content\/uploads\/2018\/05\/Features.png\"><img loading=\"lazy\" decoding=\"async\" class=\"alignnone size-full wp-image-248458\" src=\"https:\/\/justvape.nu\/wp-content\/uploads\/2018\/05\/Features.png\" alt=\"\" width=\"950\" height=\"64\" title=\"\" srcset=\"https:\/\/justvape.nu\/wp-content\/uploads\/2018\/05\/Features.png 950w, https:\/\/justvape.nu\/wp-content\/uploads\/2018\/05\/Features-600x40.png 600w, https:\/\/justvape.nu\/wp-content\/uploads\/2018\/05\/Features-64x4.png 64w, https:\/\/justvape.nu\/wp-content\/uploads\/2018\/05\/Features-300x20.png 300w, https:\/\/justvape.nu\/wp-content\/uploads\/2018\/05\/Features-768x52.png 768w\" sizes=\"auto, (max-width: 950px) 100vw, 950px\" \/><\/a><\/h2>\n<\/div>\n<ul>\n<li>1. Supporta batterie 21700\/18650 con 100W max.<\/li>\n<li>2. Schermo TFT da 0,96&#8221; per visualizzare i dati del vaping.<\/li>\n<li>3. Sistema di attivazione a pulsante per un utilizzo semplice<\/li>\n<li>4. Adotta la filettatura di connessione 510<\/li>\n<li>5. Adatto per SMOK T-Air Subtank Atomizzatore 5ml<\/li>\n<\/ul>\n<div class=\"shop-features \">\n<h2 class=\"shop-features-title \"><a href=\"https:\/\/justvape.nu\/wp-content\/uploads\/2018\/05\/Packing-List.png\"><img loading=\"lazy\" decoding=\"async\" class=\"alignnone size-full wp-image-18995\" src=\"https:\/\/justvape.nu\/wp-content\/uploads\/2018\/05\/Packing-List.png\" alt=\"\" width=\"950\" height=\"64\" title=\"\" srcset=\"https:\/\/justvape.nu\/wp-content\/uploads\/2018\/05\/Packing-List.png 950w, https:\/\/justvape.nu\/wp-content\/uploads\/2018\/05\/Packing-List-555x37.png 555w, https:\/\/justvape.nu\/wp-content\/uploads\/2018\/05\/Packing-List-64x4.png 64w, https:\/\/justvape.nu\/wp-content\/uploads\/2018\/05\/Packing-List-300x20.png 300w, https:\/\/justvape.nu\/wp-content\/uploads\/2018\/05\/Packing-List-768x52.png 768w\" sizes=\"auto, (max-width: 950px) 100vw, 950px\" \/><\/a><\/h2>\n<\/div>\n<p>1* SMOK Mag Solo Mod<\/p>\n<div class=\"shop-features \">\n<h2 class=\"shop-features-title \"><\/h2>\n<\/div>\n","protected":false},"excerpt":{"rendered":"<p>SMOK &#8211; MAG SOLO MOD<\/p>\n","protected":false},"featured_media":604551,"comment_status":"open","ping_status":"closed","template":"","meta":{"_acf_changed":false,"_uag_custom_page_level_css":"","site-sidebar-layout":"default","site-content-layout":"default","ast-site-content-layout":"default","site-content-style":"default","site-sidebar-style":"default","ast-global-header-display":"","ast-banner-title-visibility":"","ast-main-header-display":"","ast-hfb-above-header-display":"","ast-hfb-below-header-display":"","ast-hfb-mobile-header-display":"","site-post-title":"","ast-breadcrumbs-content":"","ast-featured-img":"","footer-sml-layout":"","ast-disable-related-posts":"","theme-transparent-header-meta":"default","adv-header-id-meta":"","stick-header-meta":"default","header-above-stick-meta":"","header-main-stick-meta":"","header-below-stick-meta":"","astra-migrate-meta-layouts":"default","ast-page-background-enabled":"default","ast-page-background-meta":{"desktop":{"background-color":"","background-image":"","background-repeat":"repeat","background-position":"center center","background-size":"auto","background-attachment":"scroll","background-type":"","background-media":"","overlay-type":"","overlay-color":"","overlay-opacity":"","overlay-gradient":""},"tablet":{"background-color":"","background-image":"","background-repeat":"repeat","background-position":"center center","background-size":"auto","background-attachment":"scroll","background-type":"","background-media":"","overlay-type":"","overlay-color":"","overlay-opacity":"","overlay-gradient":""},"mobile":{"background-color":"","background-image":"","background-repeat":"repeat","background-position":"center center","background-size":"auto","background-attachment":"scroll","background-type":"","background-media":"","overlay-type":"","overlay-color":"","overlay-opacity":"","overlay-gradient":""}},"ast-content-background-meta":{"desktop":{"background-color":"var(--ast-global-color-5)","background-image":"","background-repeat":"repeat","background-position":"center center","background-size":"auto","background-attachment":"scroll","background-type":"","background-media":"","overlay-type":"","overlay-color":"","overlay-opacity":"","overlay-gradient":""},"tablet":{"background-color":"var(--ast-global-color-5)","background-image":"","background-repeat":"repeat","background-position":"center center","background-size":"auto","background-attachment":"scroll","background-type":"","background-media":"","overlay-type":"","overlay-color":"","overlay-opacity":"","overlay-gradient":""},"mobile":{"background-color":"var(--ast-global-color-5)","background-image":"","background-repeat":"repeat","background-position":"center center","background-size":"auto","background-attachment":"scroll","background-type":"","background-media":"","overlay-type":"","overlay-color":"","overlay-opacity":"","overlay-gradient":""}}},"product_brand":[],"product_cat":[2517,2121,2069,3375],"product_tag":[],"class_list":{"0":"post-624493","1":"product","2":"type-product","3":"status-publish","4":"has-post-thumbnail","6":"product_cat-hardware-it","7":"product_cat-mods-it","8":"product_cat-sigarette-elettroniche","9":"product_cat-smok-it","10":"desktop-align-center","11":"tablet-align-center","12":"mobile-align-center","13":"ast-product-gallery-layout-horizontal-slider","14":"ast-product-gallery-with-no-image","15":"ast-product-single-variable","16":"ast-product-tabs-layout-horizontal","18":"first","19":"instock","20":"sale","21":"taxable","22":"shipping-taxable","23":"purchasable","24":"product-type-variable"},"acf":[],"uagb_featured_image_src":{"full":["https:\/\/justvape.nu\/wp-content\/uploads\/2023\/06\/mag_solo_mod_-_main.png",700,700,false],"thumbnail":["https:\/\/justvape.nu\/wp-content\/uploads\/2023\/06\/mag_solo_mod_-_main-150x150.png",150,150,true],"medium":["https:\/\/justvape.nu\/wp-content\/uploads\/2023\/06\/mag_solo_mod_-_main-300x300.png",300,300,true],"medium_large":["https:\/\/justvape.nu\/wp-content\/uploads\/2023\/06\/mag_solo_mod_-_main.png",700,700,false],"large":["https:\/\/justvape.nu\/wp-content\/uploads\/2023\/06\/mag_solo_mod_-_main.png",700,700,false],"1536x1536":["https:\/\/justvape.nu\/wp-content\/uploads\/2023\/06\/mag_solo_mod_-_main.png",700,700,false],"2048x2048":["https:\/\/justvape.nu\/wp-content\/uploads\/2023\/06\/mag_solo_mod_-_main.png",700,700,false],"woocommerce_thumbnail":["https:\/\/justvape.nu\/wp-content\/uploads\/2023\/06\/mag_solo_mod_-_main-300x300.png",300,300,true],"woocommerce_single":["https:\/\/justvape.nu\/wp-content\/uploads\/2023\/06\/mag_solo_mod_-_main-600x600.png",600,600,true],"woocommerce_gallery_thumbnail":["https:\/\/justvape.nu\/wp-content\/uploads\/2023\/06\/mag_solo_mod_-_main-100x100.png",100,100,true],"dgwt-wcas-product-suggestion":["https:\/\/justvape.nu\/wp-content\/uploads\/2023\/06\/mag_solo_mod_-_main-64x64.png",64,64,true]},"uagb_author_info":{"display_name":"Kenneth Merkur","author_link":"https:\/\/justvape.nu\/it\/author\/"},"uagb_comment_info":0,"uagb_excerpt":"SMOK - MAG SOLO MOD","_links":{"self":[{"href":"https:\/\/justvape.nu\/it\/wp-json\/wp\/v2\/product\/624493","targetHints":{"allow":["GET"]}}],"collection":[{"href":"https:\/\/justvape.nu\/it\/wp-json\/wp\/v2\/product"}],"about":[{"href":"https:\/\/justvape.nu\/it\/wp-json\/wp\/v2\/types\/product"}],"replies":[{"embeddable":true,"href":"https:\/\/justvape.nu\/it\/wp-json\/wp\/v2\/comments?post=624493"}],"wp:featuredmedia":[{"embeddable":true,"href":"https:\/\/justvape.nu\/it\/wp-json\/wp\/v2\/media\/604551"}],"wp:attachment":[{"href":"https:\/\/justvape.nu\/it\/wp-json\/wp\/v2\/media?parent=624493"}],"wp:term":[{"taxonomy":"product_brand","embeddable":true,"href":"https:\/\/justvape.nu\/it\/wp-json\/wp\/v2\/product_brand?post=624493"},{"taxonomy":"product_cat","embeddable":true,"href":"https:\/\/justvape.nu\/it\/wp-json\/wp\/v2\/product_cat?post=624493"},{"taxonomy":"product_tag","embeddable":true,"href":"https:\/\/justvape.nu\/it\/wp-json\/wp\/v2\/product_tag?post=624493"}],"curies":[{"name":"wp","href":"https:\/\/api.w.org\/{rel}","templated":true}]}}