{"id":588727,"date":"2023-05-03T12:48:09","date_gmt":"2023-05-03T10:48:09","guid":{"rendered":"https:\/\/justvape.nu\/produkt\/voopoo-argus-g-kit\/"},"modified":"2024-04-09T13:00:58","modified_gmt":"2024-04-09T11:00:58","slug":"voopoo-argus-g-kit","status":"publish","type":"product","link":"https:\/\/justvape.nu\/it\/produkt\/voopoo-argus-g-kit\/","title":{"rendered":"VOOPOO &#8211; ARGUS G KIT"},"content":{"rendered":"<h2>VOOPOO &#8211; ARGUS G KIT<\/h2>\n<p>VOOPOO Argus G Pod System, dotato di batteria da 1000mAh, compatibilit\u00e0 con Argus Pod e interruttore del flusso d&#8217;aria per il vaping MTL o RDL. Costruita in resistente lega di zinco, la Argus G adotta un design a penna, perfetto per la portabilit\u00e0 dei vaper pi\u00f9 impegnati. Compatibile con le cartucce Argus POD, VOOPOO Argus G pu\u00f2 utilizzare una cartuccia pod da 0,7ohm o 1,2ohm per offrire un sapore e un vapore eccezionali quando viene utilizzata insieme all&#8217;interruttore di controllo del flusso d&#8217;aria. Inoltre, l&#8217;Argus G ha un wattaggio regolabile e funziona con uno schermo che fornisce importanti informazioni sul vaping, navigabili con il singolo pulsante di accensione.<\/p>\n<p><a href=\"https:\/\/justvape.nu\/wp-content\/uploads\/2018\/05\/Color-Schemes.png\"><img loading=\"lazy\" decoding=\"async\" class=\"alignnone size-full wp-image-19187\" src=\"https:\/\/justvape.nu\/wp-content\/uploads\/2018\/05\/Color-Schemes.png\" alt=\"\" width=\"950\" height=\"64\" title=\"\" srcset=\"https:\/\/justvape.nu\/wp-content\/uploads\/2018\/05\/Color-Schemes.png 950w, https:\/\/justvape.nu\/wp-content\/uploads\/2018\/05\/Color-Schemes-555x37.png 555w, https:\/\/justvape.nu\/wp-content\/uploads\/2018\/05\/Color-Schemes-64x4.png 64w, https:\/\/justvape.nu\/wp-content\/uploads\/2018\/05\/Color-Schemes-300x20.png 300w, https:\/\/justvape.nu\/wp-content\/uploads\/2018\/05\/Color-Schemes-768x52.png 768w\" sizes=\"auto, (max-width: 950px) 100vw, 950px\" \/><\/a><\/p>\n<p class=\"description-img-center\"><a href=\"https:\/\/justvape.nu\/wp-content\/uploads\/2023\/05\/VOOPOO_Argus_G_Pod_Kit_Colors.jpg\"><img loading=\"lazy\" decoding=\"async\" class=\"alignnone wp-image-588408\" src=\"https:\/\/justvape.nu\/wp-content\/uploads\/2023\/05\/VOOPOO_Argus_G_Pod_Kit_Colors.jpg\" alt=\"\" width=\"940\" height=\"424\" title=\"\" srcset=\"https:\/\/justvape.nu\/wp-content\/uploads\/2023\/05\/VOOPOO_Argus_G_Pod_Kit_Colors.jpg 831w, https:\/\/justvape.nu\/wp-content\/uploads\/2023\/05\/VOOPOO_Argus_G_Pod_Kit_Colors-600x271.jpg 600w, https:\/\/justvape.nu\/wp-content\/uploads\/2023\/05\/VOOPOO_Argus_G_Pod_Kit_Colors-64x29.jpg 64w, https:\/\/justvape.nu\/wp-content\/uploads\/2023\/05\/VOOPOO_Argus_G_Pod_Kit_Colors-300x135.jpg 300w, https:\/\/justvape.nu\/wp-content\/uploads\/2023\/05\/VOOPOO_Argus_G_Pod_Kit_Colors-768x347.jpg 768w\" sizes=\"auto, (max-width: 940px) 100vw, 940px\" \/><\/a><\/p>\n<div class=\"shop-features \">\n<h2 class=\"shop-features-title \"><a href=\"https:\/\/justvape.nu\/wp-content\/uploads\/2018\/05\/Specifications.png\"><img loading=\"lazy\" decoding=\"async\" class=\"alignnone size-full wp-image-248449\" src=\"https:\/\/justvape.nu\/wp-content\/uploads\/2018\/05\/Specifications.png\" alt=\"\" width=\"950\" height=\"64\" title=\"\" srcset=\"https:\/\/justvape.nu\/wp-content\/uploads\/2018\/05\/Specifications.png 950w, https:\/\/justvape.nu\/wp-content\/uploads\/2018\/05\/Specifications-600x40.png 600w, https:\/\/justvape.nu\/wp-content\/uploads\/2018\/05\/Specifications-64x4.png 64w, https:\/\/justvape.nu\/wp-content\/uploads\/2018\/05\/Specifications-300x20.png 300w, https:\/\/justvape.nu\/wp-content\/uploads\/2018\/05\/Specifications-768x52.png 768w\" sizes=\"auto, (max-width: 950px) 100vw, 950px\" \/><\/a><\/h2>\n<\/div>\n<table class=\"description-table\">\n<tbody>\n<tr>\n<td class=\"strong-title \">Marchio<\/td>\n<td class=\"inline\">VOOPOO<\/td>\n<\/tr>\n<tr>\n<td class=\"strong-title \">Nome del prodotto<\/td>\n<td class=\"inline\">Kit Argus G<\/td>\n<\/tr>\n<tr>\n<td class=\"strong-title \">Gamma di potenza<\/td>\n<td class=\"inline\">5-25W<\/td>\n<\/tr>\n<tr>\n<td class=\"strong-title \">Batteria<\/td>\n<td class=\"inline\">Batteria integrata da 1000 mAh<\/td>\n<\/tr>\n<tr>\n<td class=\"strong-title \">Tensione d&#8217;ingresso<\/td>\n<td class=\"inline\">3.2V-4.2V<\/td>\n<\/tr>\n<tr>\n<td class=\"strong-title \">Tensione di carica<\/td>\n<td class=\"inline\">5V\/1A<\/td>\n<\/tr>\n<tr>\n<td class=\"strong-title \">Gamma di resistenza<\/td>\n<td class=\"inline\">0,5-3,0ohm<\/td>\n<\/tr>\n<tr>\n<td class=\"strong-title \">Capacit\u00e0<\/td>\n<td class=\"inline\">2ml<\/td>\n<\/tr>\n<tr>\n<td class=\"strong-title \">Valore di resistenza<\/td>\n<td class=\"inline\">0,7ohm\/1,2ohm<\/td>\n<\/tr>\n<tr>\n<td class=\"strong-title \">Tipo di riempimento<\/td>\n<td class=\"inline\">Riempimento laterale<\/td>\n<\/tr>\n<tr>\n<td class=\"strong-title \">Compatibile con<\/td>\n<td class=\"inline\">Cartuccia Pod Argus 0,7\u03a9\/1,2\u03a9,<\/td>\n<\/tr>\n<tr>\n<td class=\"strong-title \">Colore<\/td>\n<td class=\"inline\">Oro Sand Drift, Rosa Glow, Blu Satinato, Grigio Spazio, Verde Corsa, Blu Aurora, Nero Lucido<\/td>\n<\/tr>\n<tr>\n<td class=\"strong-title \">Dimensione del prodotto<\/td>\n<td class=\"inline\">110,9*25,7*13,5 mm<\/td>\n<\/tr>\n<tr>\n<td class=\"strong-title \">Dimensione dell&#8217;imballaggio<\/td>\n<td class=\"inline\">58*37*127 mm<\/td>\n<\/tr>\n<tr>\n<td class=\"strong-title \"><\/td>\n<td class=\"inline\"><\/td>\n<\/tr>\n<\/tbody>\n<\/table>\n<div class=\"shop-features \">\n<h2 class=\"shop-features-title \"><a href=\"https:\/\/justvape.nu\/wp-content\/uploads\/2018\/05\/Features.png\"><img loading=\"lazy\" decoding=\"async\" class=\"alignnone size-full wp-image-18994\" src=\"https:\/\/justvape.nu\/wp-content\/uploads\/2018\/05\/Features.png\" alt=\"\" width=\"950\" height=\"64\" title=\"\" srcset=\"https:\/\/justvape.nu\/wp-content\/uploads\/2018\/05\/Features.png 950w, https:\/\/justvape.nu\/wp-content\/uploads\/2018\/05\/Features-555x37.png 555w, https:\/\/justvape.nu\/wp-content\/uploads\/2018\/05\/Features-64x4.png 64w, https:\/\/justvape.nu\/wp-content\/uploads\/2018\/05\/Features-300x20.png 300w, https:\/\/justvape.nu\/wp-content\/uploads\/2018\/05\/Features-768x52.png 768w\" sizes=\"auto, (max-width: 950px) 100vw, 950px\" \/><\/a><\/h2>\n<\/div>\n<ul>\n<li style=\"list-style-type: none;\">\n<ul>\n<li>1. Batteria incorporata da 1000mAh con 25W max<\/li>\n<li>2. Supporta la ricarica di Tipo-C 5V\/1A<\/li>\n<li>3. Schermo OLED aggiornato per visualizzare i dati del vaping<\/li>\n<li>4. Pulsante multifunzione per un facile utilizzo<\/li>\n<li>5. Accensione a pulsante ed estrazione automatica<\/li>\n<li>6. Design unico delle vie aeree del corpo<\/li>\n<li>7. Prese d&#8217;aria a 4 fori per un gusto omogeneo<\/li>\n<li>8. Struttura a 4 fori a prova di perdite per bloccare il concentrato<\/li>\n<li>9. Adatto alla cartuccia Pod Argus (0,7\u03a9\/1,2\u03a9)<\/li>\n<li>10. Adatto alla cartuccia vuota Argus\/alla bobinaITO<\/li>\n<li>11. Flusso d&#8217;aria e potenza regolabile<\/li>\n<li>12. Capacit\u00e0 di 2 ml, facile riempimento laterale<\/li>\n<li>13. Protezione di sicurezza: 5s Overtime\/Short-circuit\/Overcharge\/Low Battery\/Output Over-current\/Over Temperature Protection (protezione da sovracorrente e temperatura).<\/li>\n<\/ul>\n<\/li>\n<\/ul>\n<div class=\"img-show-more\">\n<div id=\"img_content_less\" class=\"img-content add-more\">\n<p class=\"description-img-center\"><a href=\"https:\/\/justvape.nu\/wp-content\/uploads\/2023\/05\/VOOPOO_Argus_G_Kit.jpg\"><img loading=\"lazy\" decoding=\"async\" class=\"alignnone size-full wp-image-588416\" src=\"https:\/\/justvape.nu\/wp-content\/uploads\/2023\/05\/VOOPOO_Argus_G_Kit.jpg\" alt=\"\" width=\"831\" height=\"487\" title=\"\" srcset=\"https:\/\/justvape.nu\/wp-content\/uploads\/2023\/05\/VOOPOO_Argus_G_Kit.jpg 831w, https:\/\/justvape.nu\/wp-content\/uploads\/2023\/05\/VOOPOO_Argus_G_Kit-600x352.jpg 600w, https:\/\/justvape.nu\/wp-content\/uploads\/2023\/05\/VOOPOO_Argus_G_Kit-64x38.jpg 64w, https:\/\/justvape.nu\/wp-content\/uploads\/2023\/05\/VOOPOO_Argus_G_Kit-300x176.jpg 300w, https:\/\/justvape.nu\/wp-content\/uploads\/2023\/05\/VOOPOO_Argus_G_Kit-768x450.jpg 768w\" sizes=\"auto, (max-width: 831px) 100vw, 831px\" \/><\/a><\/p>\n<\/div>\n<\/div>\n<div class=\"shop-features \">\n<h2 class=\"shop-features-title \"><a href=\"https:\/\/justvape.nu\/wp-content\/uploads\/2018\/04\/Packing-List.png\"><img loading=\"lazy\" decoding=\"async\" class=\"alignnone size-full wp-image-18999\" src=\"https:\/\/justvape.nu\/wp-content\/uploads\/2018\/04\/Packing-List.png\" alt=\"\" width=\"950\" height=\"64\" title=\"\" srcset=\"https:\/\/justvape.nu\/wp-content\/uploads\/2018\/04\/Packing-List.png 950w, https:\/\/justvape.nu\/wp-content\/uploads\/2018\/04\/Packing-List-555x37.png 555w, https:\/\/justvape.nu\/wp-content\/uploads\/2018\/04\/Packing-List-64x4.png 64w, https:\/\/justvape.nu\/wp-content\/uploads\/2018\/04\/Packing-List-300x20.png 300w, https:\/\/justvape.nu\/wp-content\/uploads\/2018\/04\/Packing-List-768x52.png 768w\" sizes=\"auto, (max-width: 950px) 100vw, 950px\" \/><\/a><\/h2>\n<\/div>\n<p>1* Dispositivo Argus G<br \/>\n1* Cartuccia Pod Argus 0,7ohm<br \/>\n1* Cartuccia Pod Argus 1.2ohm<br \/>\n1* Scheda piattaforma Argus Pod<br \/>\n1* Cavo di tipo C<br \/>\n1 * Manuale dell&#8217;utente<br \/>\n1* cordino<\/p>\n<p class=\"description-img-center \"><a href=\"https:\/\/justvape.nu\/wp-content\/uploads\/2023\/05\/VOOPOO_Argus_G_Kit_Package.jpg\"><img loading=\"lazy\" decoding=\"async\" class=\"alignnone size-full wp-image-588424\" src=\"https:\/\/justvape.nu\/wp-content\/uploads\/2023\/05\/VOOPOO_Argus_G_Kit_Package.jpg\" alt=\"\" width=\"831\" height=\"369\" title=\"\" srcset=\"https:\/\/justvape.nu\/wp-content\/uploads\/2023\/05\/VOOPOO_Argus_G_Kit_Package.jpg 831w, https:\/\/justvape.nu\/wp-content\/uploads\/2023\/05\/VOOPOO_Argus_G_Kit_Package-600x266.jpg 600w, https:\/\/justvape.nu\/wp-content\/uploads\/2023\/05\/VOOPOO_Argus_G_Kit_Package-64x28.jpg 64w, https:\/\/justvape.nu\/wp-content\/uploads\/2023\/05\/VOOPOO_Argus_G_Kit_Package-300x133.jpg 300w, https:\/\/justvape.nu\/wp-content\/uploads\/2023\/05\/VOOPOO_Argus_G_Kit_Package-768x341.jpg 768w\" sizes=\"auto, (max-width: 831px) 100vw, 831px\" \/><\/a><\/p>\n","protected":false},"excerpt":{"rendered":"<p>VOOPOO &#8211; ARGUS G KIT<\/p>\n","protected":false},"featured_media":588508,"comment_status":"open","ping_status":"closed","template":"","meta":{"_acf_changed":false,"_uag_custom_page_level_css":"","site-sidebar-layout":"default","site-content-layout":"default","ast-site-content-layout":"default","site-content-style":"default","site-sidebar-style":"default","ast-global-header-display":"","ast-banner-title-visibility":"","ast-main-header-display":"","ast-hfb-above-header-display":"","ast-hfb-below-header-display":"","ast-hfb-mobile-header-display":"","site-post-title":"","ast-breadcrumbs-content":"","ast-featured-img":"","footer-sml-layout":"","ast-disable-related-posts":"","theme-transparent-header-meta":"default","adv-header-id-meta":"","stick-header-meta":"default","header-above-stick-meta":"","header-main-stick-meta":"","header-below-stick-meta":"","astra-migrate-meta-layouts":"default","ast-page-background-enabled":"default","ast-page-background-meta":{"desktop":{"background-color":"","background-image":"","background-repeat":"repeat","background-position":"center center","background-size":"auto","background-attachment":"scroll","background-type":"","background-media":"","overlay-type":"","overlay-color":"","overlay-opacity":"","overlay-gradient":""},"tablet":{"background-color":"","background-image":"","background-repeat":"repeat","background-position":"center center","background-size":"auto","background-attachment":"scroll","background-type":"","background-media":"","overlay-type":"","overlay-color":"","overlay-opacity":"","overlay-gradient":""},"mobile":{"background-color":"","background-image":"","background-repeat":"repeat","background-position":"center center","background-size":"auto","background-attachment":"scroll","background-type":"","background-media":"","overlay-type":"","overlay-color":"","overlay-opacity":"","overlay-gradient":""}},"ast-content-background-meta":{"desktop":{"background-color":"var(--ast-global-color-5)","background-image":"","background-repeat":"repeat","background-position":"center center","background-size":"auto","background-attachment":"scroll","background-type":"","background-media":"","overlay-type":"","overlay-color":"","overlay-opacity":"","overlay-gradient":""},"tablet":{"background-color":"var(--ast-global-color-5)","background-image":"","background-repeat":"repeat","background-position":"center center","background-size":"auto","background-attachment":"scroll","background-type":"","background-media":"","overlay-type":"","overlay-color":"","overlay-opacity":"","overlay-gradient":""},"mobile":{"background-color":"var(--ast-global-color-5)","background-image":"","background-repeat":"repeat","background-position":"center center","background-size":"auto","background-attachment":"scroll","background-type":"","background-media":"","overlay-type":"","overlay-color":"","overlay-opacity":"","overlay-gradient":""}}},"product_brand":[],"product_cat":[2517,2079,2518,2069,2519],"product_tag":[],"class_list":{"0":"post-588727","1":"product","2":"type-product","3":"status-publish","4":"has-post-thumbnail","6":"product_cat-hardware-it","7":"product_cat-kit-per-principianti-e-pod","8":"product_cat-shop-by-brand-it","9":"product_cat-sigarette-elettroniche","10":"product_cat-voopoo-it","11":"desktop-align-center","12":"tablet-align-center","13":"mobile-align-center","14":"ast-product-gallery-layout-horizontal-slider","15":"ast-product-single-variable","16":"ast-product-tabs-layout-horizontal","18":"first","19":"instock","20":"sale","21":"taxable","22":"shipping-taxable","23":"purchasable","24":"product-type-variable"},"acf":[],"uagb_featured_image_src":{"full":["https:\/\/justvape.nu\/wp-content\/uploads\/2023\/05\/zj27P7Ow.jpeg",600,600,false],"thumbnail":["https:\/\/justvape.nu\/wp-content\/uploads\/2023\/05\/zj27P7Ow-150x150.jpeg",150,150,true],"medium":["https:\/\/justvape.nu\/wp-content\/uploads\/2023\/05\/zj27P7Ow-300x300.jpeg",300,300,true],"medium_large":["https:\/\/justvape.nu\/wp-content\/uploads\/2023\/05\/zj27P7Ow.jpeg",600,600,false],"large":["https:\/\/justvape.nu\/wp-content\/uploads\/2023\/05\/zj27P7Ow.jpeg",600,600,false],"1536x1536":["https:\/\/justvape.nu\/wp-content\/uploads\/2023\/05\/zj27P7Ow.jpeg",600,600,false],"2048x2048":["https:\/\/justvape.nu\/wp-content\/uploads\/2023\/05\/zj27P7Ow.jpeg",600,600,false],"woocommerce_thumbnail":["https:\/\/justvape.nu\/wp-content\/uploads\/2023\/05\/zj27P7Ow-300x300.jpeg",300,300,true],"woocommerce_single":["https:\/\/justvape.nu\/wp-content\/uploads\/2023\/05\/zj27P7Ow.jpeg",600,600,false],"woocommerce_gallery_thumbnail":["https:\/\/justvape.nu\/wp-content\/uploads\/2023\/05\/zj27P7Ow-100x100.jpeg",100,100,true],"dgwt-wcas-product-suggestion":["https:\/\/justvape.nu\/wp-content\/uploads\/2023\/05\/zj27P7Ow-64x64.jpeg",64,64,true]},"uagb_author_info":{"display_name":"Kenneth Merkur","author_link":"https:\/\/justvape.nu\/it\/author\/"},"uagb_comment_info":0,"uagb_excerpt":"VOOPOO - ARGUS G KIT","_links":{"self":[{"href":"https:\/\/justvape.nu\/it\/wp-json\/wp\/v2\/product\/588727","targetHints":{"allow":["GET"]}}],"collection":[{"href":"https:\/\/justvape.nu\/it\/wp-json\/wp\/v2\/product"}],"about":[{"href":"https:\/\/justvape.nu\/it\/wp-json\/wp\/v2\/types\/product"}],"replies":[{"embeddable":true,"href":"https:\/\/justvape.nu\/it\/wp-json\/wp\/v2\/comments?post=588727"}],"wp:featuredmedia":[{"embeddable":true,"href":"https:\/\/justvape.nu\/it\/wp-json\/wp\/v2\/media\/588508"}],"wp:attachment":[{"href":"https:\/\/justvape.nu\/it\/wp-json\/wp\/v2\/media?parent=588727"}],"wp:term":[{"taxonomy":"product_brand","embeddable":true,"href":"https:\/\/justvape.nu\/it\/wp-json\/wp\/v2\/product_brand?post=588727"},{"taxonomy":"product_cat","embeddable":true,"href":"https:\/\/justvape.nu\/it\/wp-json\/wp\/v2\/product_cat?post=588727"},{"taxonomy":"product_tag","embeddable":true,"href":"https:\/\/justvape.nu\/it\/wp-json\/wp\/v2\/product_tag?post=588727"}],"curies":[{"name":"wp","href":"https:\/\/api.w.org\/{rel}","templated":true}]}}