{"id":586116,"date":"2023-04-24T20:15:19","date_gmt":"2023-04-24T18:15:19","guid":{"rendered":"https:\/\/justvape.nu\/produkt\/uwell-caliburn-ironfist-l-pod-kit\/"},"modified":"2023-04-24T20:15:19","modified_gmt":"2023-04-24T18:15:19","slug":"uwell-caliburn-ironfist-l-pod-system","status":"publish","type":"product","link":"https:\/\/justvape.nu\/it\/produkt\/uwell-caliburn-ironfist-l-pod-system\/","title":{"rendered":"UWELL &#8211; CALIBURN &amp; IRONFIST L POD KIT"},"content":{"rendered":"<h2>UWELL &#8211; CALIBURN &amp; IRONFIST L POD KIT<\/h2>\n<p>&nbsp;<\/p>\n<p>Il kit Uwell Caliburn &amp; Iron Fist L \u00e8 un dispositivo compatto in stile scatola di fiammiferi. Facile da usare, crea una piccola quantit\u00e0 di vapore che pu\u00f2 essere inalata da un MTL (Mouth To Lung). Grazie alla batteria integrata da 690 mAh, \u00e8 possibile svapare pi\u00f9 a lungo tra una ricarica e l&#8217;altra e il kit raggiunge rapidamente la carica completa, grazie alla ricarica rapida USB-C. \u00c8 un&#8217;ottima scelta sia per i nuovi vapers che per quelli pi\u00f9 esperti: ogni kit include una pod Caliburn &amp; Ironfist L ricaricabile e due bobine per aiutarvi a iniziare.<\/p>\n<p>Poich\u00e9 questo kit \u00e8 attivato dall&#8217;inalazione, non ci sono menu da navigare e non si deve nemmeno perdere troppo tempo a cliccare sui pulsanti. Per iniziare a svapare \u00e8 sufficiente premere cinque volte il pulsante di accensione per accendere il dispositivo, e basta un soffio sul bocchino perch\u00e9 inizi a produrre vapore. Progettato per offrire una sensazione di svapo pi\u00f9 simile a quella di una sigaretta, questo kit crea una discreta quantit\u00e0 di vapore per un&#8217;inalazione MTL. Inoltre, offre una serie di funzioni di sicurezza, come le protezioni contro i cortocircuiti, la bassa tensione, gli straordinari e altro ancora.<\/p>\n<p>La cialda ricaricabile Caliburn &amp; Ironfist L ha una capacit\u00e0 di 2 ml di e-liquid e il suo design a riempimento laterale rende il rabbocco pi\u00f9 facile che mai. Le bobine a rete integrate riscaldano l&#8217;e-liquid a un ritmo pi\u00f9 rapido per un sapore migliore. Non dovrete nemmeno preoccuparvi di cambiare le bobine in modo disordinato, perch\u00e9 potrete semplicemente sostituire l&#8217;intera capsula. Per ottenere la stessa resistenza di una delle bobine incluse, si consiglia di abbinarle a e-liquid al 50% di VG o a opzioni PG superiori per ottenere i migliori risultati.<\/p>\n<p><a href=\"https:\/\/justvape.nu\/wp-content\/uploads\/2018\/05\/Color-Schemes.png\"><img loading=\"lazy\" decoding=\"async\" class=\"alignnone size-full wp-image-19187\" src=\"https:\/\/justvape.nu\/wp-content\/uploads\/2018\/05\/Color-Schemes.png\" alt=\"\" width=\"950\" height=\"64\" title=\"\" srcset=\"https:\/\/justvape.nu\/wp-content\/uploads\/2018\/05\/Color-Schemes.png 950w, https:\/\/justvape.nu\/wp-content\/uploads\/2018\/05\/Color-Schemes-555x37.png 555w, https:\/\/justvape.nu\/wp-content\/uploads\/2018\/05\/Color-Schemes-64x4.png 64w, https:\/\/justvape.nu\/wp-content\/uploads\/2018\/05\/Color-Schemes-300x20.png 300w, https:\/\/justvape.nu\/wp-content\/uploads\/2018\/05\/Color-Schemes-768x52.png 768w\" sizes=\"auto, (max-width: 950px) 100vw, 950px\" \/><\/a><\/p>\n<p class=\"description-img-center\"><a href=\"https:\/\/justvape.nu\/wp-content\/uploads\/2023\/04\/Uwell_Caliburn_Ironfist_L_Kit_Colors.jpg\"><img loading=\"lazy\" decoding=\"async\" class=\"alignnone wp-image-586007\" src=\"https:\/\/justvape.nu\/wp-content\/uploads\/2023\/04\/Uwell_Caliburn_Ironfist_L_Kit_Colors.jpg\" alt=\"\" width=\"937\" height=\"417\" title=\"\" srcset=\"https:\/\/justvape.nu\/wp-content\/uploads\/2023\/04\/Uwell_Caliburn_Ironfist_L_Kit_Colors.jpg 800w, https:\/\/justvape.nu\/wp-content\/uploads\/2023\/04\/Uwell_Caliburn_Ironfist_L_Kit_Colors-600x267.jpg 600w, https:\/\/justvape.nu\/wp-content\/uploads\/2023\/04\/Uwell_Caliburn_Ironfist_L_Kit_Colors-64x28.jpg 64w, https:\/\/justvape.nu\/wp-content\/uploads\/2023\/04\/Uwell_Caliburn_Ironfist_L_Kit_Colors-300x134.jpg 300w, https:\/\/justvape.nu\/wp-content\/uploads\/2023\/04\/Uwell_Caliburn_Ironfist_L_Kit_Colors-768x342.jpg 768w\" sizes=\"auto, (max-width: 937px) 100vw, 937px\" \/><\/a><\/p>\n<div class=\"shop-features \">\n<h2 class=\"shop-features-title \"><a href=\"https:\/\/justvape.nu\/wp-content\/uploads\/2018\/05\/Specifications.png\"><img loading=\"lazy\" decoding=\"async\" class=\"alignnone size-full wp-image-18993\" src=\"https:\/\/justvape.nu\/wp-content\/uploads\/2018\/05\/Specifications.png\" alt=\"\" width=\"950\" height=\"64\" title=\"\" srcset=\"https:\/\/justvape.nu\/wp-content\/uploads\/2018\/05\/Specifications.png 950w, https:\/\/justvape.nu\/wp-content\/uploads\/2018\/05\/Specifications-555x37.png 555w, https:\/\/justvape.nu\/wp-content\/uploads\/2018\/05\/Specifications-64x4.png 64w, https:\/\/justvape.nu\/wp-content\/uploads\/2018\/05\/Specifications-300x20.png 300w, https:\/\/justvape.nu\/wp-content\/uploads\/2018\/05\/Specifications-768x52.png 768w\" sizes=\"auto, (max-width: 950px) 100vw, 950px\" \/><\/a><\/h2>\n<\/div>\n<table class=\"description-table\">\n<tbody>\n<tr>\n<td class=\"strong-title \">Marchio<\/td>\n<td class=\"inline\">Uwell<\/td>\n<\/tr>\n<tr>\n<td class=\"strong-title \">Nome del prodotto<\/td>\n<td class=\"inline\">Kit Pod Caliburn e Ironfist L<\/td>\n<\/tr>\n<tr>\n<td class=\"strong-title \">Materiale<\/td>\n<td class=\"inline\">PCTG, PC, lega di zinco<\/td>\n<\/tr>\n<tr>\n<td class=\"strong-title \">Dimensioni<\/td>\n<td class=\"inline\">46,5*17,6*69,75 mm<\/td>\n<\/tr>\n<tr>\n<td class=\"strong-title \">Capacit\u00e0 dell&#8217;E-liquido<\/td>\n<td class=\"inline\">2ml<\/td>\n<\/tr>\n<tr>\n<td class=\"strong-title \">Potenza d&#8217;uscita<\/td>\n<td class=\"inline\">Massimo 16W<\/td>\n<\/tr>\n<tr>\n<td class=\"strong-title \">Capacit\u00e0 della batteria<\/td>\n<td class=\"inline\">690 mAh<\/td>\n<\/tr>\n<tr>\n<td class=\"strong-title \">Specifiche della bobina<\/td>\n<td class=\"inline\">FeCrAI UN2 Meshed-H 0,8ohm Caliburn G Coil<br \/>\nFeCrAI UN2 Meshed-H 1,2ohm Caliburn G2 Coil<br \/>\nFeCrAI 1.0ohm Caliburn G Coil (venduto separatamente)<\/td>\n<\/tr>\n<tr>\n<td class=\"strong-title \">Carica<\/td>\n<td class=\"inline\">Ricarica rapida 2A, Tipo-C<\/td>\n<\/tr>\n<tr>\n<td class=\"strong-title \">Colore<\/td>\n<td class=\"inline\">Argento metallizzato, nero opaco, rosso corallo<\/td>\n<\/tr>\n<\/tbody>\n<\/table>\n<div class=\"shop-features \">\n<h2 class=\"shop-features-title \"><a href=\"https:\/\/justvape.nu\/wp-content\/uploads\/2018\/05\/Features.png\"><img loading=\"lazy\" decoding=\"async\" class=\"alignnone size-full wp-image-18994\" src=\"https:\/\/justvape.nu\/wp-content\/uploads\/2018\/05\/Features.png\" alt=\"\" width=\"950\" height=\"64\" title=\"\" srcset=\"https:\/\/justvape.nu\/wp-content\/uploads\/2018\/05\/Features.png 950w, https:\/\/justvape.nu\/wp-content\/uploads\/2018\/05\/Features-555x37.png 555w, https:\/\/justvape.nu\/wp-content\/uploads\/2018\/05\/Features-64x4.png 64w, https:\/\/justvape.nu\/wp-content\/uploads\/2018\/05\/Features-300x20.png 300w, https:\/\/justvape.nu\/wp-content\/uploads\/2018\/05\/Features-768x52.png 768w\" sizes=\"auto, (max-width: 950px) 100vw, 950px\" \/><\/a><\/h2>\n<\/div>\n<ul>\n<li style=\"list-style-type: none;\">\n<ul>\n<li>1. Design compatto e modificato del side-by-side<\/li>\n<li>2. Potenza e flusso d&#8217;aria regolabili<\/li>\n<li>3. Ricarica rapida da 2A, facile prelievo automatico<\/li>\n<li>4. Indicatore LED interattivo<\/li>\n<li>5. Tecnologia di regolazione del sapore Pro-FOCS<\/li>\n<li>6. Luce laterale illuminante e decorativa<\/li>\n<li>7. Combinazione di qualit\u00e0 premium e look futuristico<\/li>\n<li>8. Cialda ricaricabile da 2 ml<\/li>\n<li>9. Meccanismo di sicurezza incorporato<\/li>\n<\/ul>\n<\/li>\n<\/ul>\n<div class=\"img-show-more\">\n<div id=\"img_content_less\" class=\"img-content add-more\">\n<p class=\"description-img-center\"><a href=\"https:\/\/justvape.nu\/wp-content\/uploads\/2023\/04\/Uwell_Caliburn_Ironfist_L_Kit_Coil_Options.jpg\"><img loading=\"lazy\" decoding=\"async\" class=\"alignnone size-full wp-image-586016\" src=\"https:\/\/justvape.nu\/wp-content\/uploads\/2023\/04\/Uwell_Caliburn_Ironfist_L_Kit_Coil_Options.jpg\" alt=\"\" width=\"831\" height=\"448\" title=\"\" srcset=\"https:\/\/justvape.nu\/wp-content\/uploads\/2023\/04\/Uwell_Caliburn_Ironfist_L_Kit_Coil_Options.jpg 831w, https:\/\/justvape.nu\/wp-content\/uploads\/2023\/04\/Uwell_Caliburn_Ironfist_L_Kit_Coil_Options-600x323.jpg 600w, https:\/\/justvape.nu\/wp-content\/uploads\/2023\/04\/Uwell_Caliburn_Ironfist_L_Kit_Coil_Options-64x35.jpg 64w, https:\/\/justvape.nu\/wp-content\/uploads\/2023\/04\/Uwell_Caliburn_Ironfist_L_Kit_Coil_Options-300x162.jpg 300w, https:\/\/justvape.nu\/wp-content\/uploads\/2023\/04\/Uwell_Caliburn_Ironfist_L_Kit_Coil_Options-768x414.jpg 768w\" sizes=\"auto, (max-width: 831px) 100vw, 831px\" \/><\/a> <a href=\"https:\/\/justvape.nu\/wp-content\/uploads\/2023\/04\/Uwell_Caliburn_Ironfist_L_Kit_Airflow_Adjustment.jpg\"><img loading=\"lazy\" decoding=\"async\" class=\"alignnone size-full wp-image-586024\" src=\"https:\/\/justvape.nu\/wp-content\/uploads\/2023\/04\/Uwell_Caliburn_Ironfist_L_Kit_Airflow_Adjustment.jpg\" alt=\"\" width=\"831\" height=\"523\" title=\"\" srcset=\"https:\/\/justvape.nu\/wp-content\/uploads\/2023\/04\/Uwell_Caliburn_Ironfist_L_Kit_Airflow_Adjustment.jpg 831w, https:\/\/justvape.nu\/wp-content\/uploads\/2023\/04\/Uwell_Caliburn_Ironfist_L_Kit_Airflow_Adjustment-600x378.jpg 600w, https:\/\/justvape.nu\/wp-content\/uploads\/2023\/04\/Uwell_Caliburn_Ironfist_L_Kit_Airflow_Adjustment-64x40.jpg 64w, https:\/\/justvape.nu\/wp-content\/uploads\/2023\/04\/Uwell_Caliburn_Ironfist_L_Kit_Airflow_Adjustment-300x189.jpg 300w, https:\/\/justvape.nu\/wp-content\/uploads\/2023\/04\/Uwell_Caliburn_Ironfist_L_Kit_Airflow_Adjustment-768x483.jpg 768w\" sizes=\"auto, (max-width: 831px) 100vw, 831px\" \/><\/a> <a href=\"https:\/\/justvape.nu\/wp-content\/uploads\/2023\/04\/Uwell_Caliburn_Ironfist_L_Kit_Adjustable_Power.jpg\"><img loading=\"lazy\" decoding=\"async\" class=\"alignnone size-full wp-image-586032\" src=\"https:\/\/justvape.nu\/wp-content\/uploads\/2023\/04\/Uwell_Caliburn_Ironfist_L_Kit_Adjustable_Power.jpg\" alt=\"\" width=\"831\" height=\"462\" title=\"\" srcset=\"https:\/\/justvape.nu\/wp-content\/uploads\/2023\/04\/Uwell_Caliburn_Ironfist_L_Kit_Adjustable_Power.jpg 831w, https:\/\/justvape.nu\/wp-content\/uploads\/2023\/04\/Uwell_Caliburn_Ironfist_L_Kit_Adjustable_Power-600x334.jpg 600w, https:\/\/justvape.nu\/wp-content\/uploads\/2023\/04\/Uwell_Caliburn_Ironfist_L_Kit_Adjustable_Power-64x36.jpg 64w, https:\/\/justvape.nu\/wp-content\/uploads\/2023\/04\/Uwell_Caliburn_Ironfist_L_Kit_Adjustable_Power-300x167.jpg 300w, https:\/\/justvape.nu\/wp-content\/uploads\/2023\/04\/Uwell_Caliburn_Ironfist_L_Kit_Adjustable_Power-768x427.jpg 768w\" sizes=\"auto, (max-width: 831px) 100vw, 831px\" \/><\/a><\/p>\n<\/div>\n<\/div>\n<div class=\"shop-features \">\n<h2 class=\"shop-features-title \"><a href=\"https:\/\/justvape.nu\/wp-content\/uploads\/2018\/04\/Packing-List.png\"><img loading=\"lazy\" decoding=\"async\" class=\"alignnone size-full wp-image-18999\" src=\"https:\/\/justvape.nu\/wp-content\/uploads\/2018\/04\/Packing-List.png\" alt=\"\" width=\"950\" height=\"64\" title=\"\" srcset=\"https:\/\/justvape.nu\/wp-content\/uploads\/2018\/04\/Packing-List.png 950w, https:\/\/justvape.nu\/wp-content\/uploads\/2018\/04\/Packing-List-555x37.png 555w, https:\/\/justvape.nu\/wp-content\/uploads\/2018\/04\/Packing-List-64x4.png 64w, https:\/\/justvape.nu\/wp-content\/uploads\/2018\/04\/Packing-List-300x20.png 300w, https:\/\/justvape.nu\/wp-content\/uploads\/2018\/04\/Packing-List-768x52.png 768w\" sizes=\"auto, (max-width: 950px) 100vw, 950px\" \/><\/a><\/h2>\n<\/div>\n<p>1* Dispositivo Caliburn e Ironfist L<br \/>\n1* Cartuccia vuota Caliburn &amp; Ironfist L<br \/>\n1* UN2 Meshed-H 0.8ohm Caliburn G Coil (preinstallato)<br \/>\n1* UN2 Meshed-H 1.2ohm Caliburn G2 Coil (ricambio)<br \/>\n1 * Manuale dell&#8217;utente<br \/>\n1* Cavo di ricarica di tipo C<\/p>\n<p class=\"description-img-center \"><a href=\"https:\/\/justvape.nu\/wp-content\/uploads\/2023\/04\/Uwell_Caliburn_Ironfist_L_Kit_Packing_List.jpg\"><img loading=\"lazy\" decoding=\"async\" class=\"alignnone size-full wp-image-586040\" src=\"https:\/\/justvape.nu\/wp-content\/uploads\/2023\/04\/Uwell_Caliburn_Ironfist_L_Kit_Packing_List.jpg\" alt=\"\" width=\"831\" height=\"369\" title=\"\" srcset=\"https:\/\/justvape.nu\/wp-content\/uploads\/2023\/04\/Uwell_Caliburn_Ironfist_L_Kit_Packing_List.jpg 831w, https:\/\/justvape.nu\/wp-content\/uploads\/2023\/04\/Uwell_Caliburn_Ironfist_L_Kit_Packing_List-600x266.jpg 600w, https:\/\/justvape.nu\/wp-content\/uploads\/2023\/04\/Uwell_Caliburn_Ironfist_L_Kit_Packing_List-64x28.jpg 64w, https:\/\/justvape.nu\/wp-content\/uploads\/2023\/04\/Uwell_Caliburn_Ironfist_L_Kit_Packing_List-300x133.jpg 300w, https:\/\/justvape.nu\/wp-content\/uploads\/2023\/04\/Uwell_Caliburn_Ironfist_L_Kit_Packing_List-768x341.jpg 768w\" sizes=\"auto, (max-width: 831px) 100vw, 831px\" \/><\/a><\/p>\n","protected":false},"excerpt":{"rendered":"<p>UWELL &#8211; CALIBURN &amp; IRONFIST L POD KIT<\/p>\n","protected":false},"featured_media":586063,"comment_status":"open","ping_status":"closed","template":"","meta":{"_acf_changed":false,"_uag_custom_page_level_css":"","site-sidebar-layout":"default","site-content-layout":"default","ast-site-content-layout":"default","site-content-style":"default","site-sidebar-style":"default","ast-global-header-display":"","ast-banner-title-visibility":"","ast-main-header-display":"","ast-hfb-above-header-display":"","ast-hfb-below-header-display":"","ast-hfb-mobile-header-display":"","site-post-title":"","ast-breadcrumbs-content":"","ast-featured-img":"","footer-sml-layout":"","ast-disable-related-posts":"","theme-transparent-header-meta":"default","adv-header-id-meta":"","stick-header-meta":"default","header-above-stick-meta":"","header-main-stick-meta":"","header-below-stick-meta":"","astra-migrate-meta-layouts":"default","ast-page-background-enabled":"default","ast-page-background-meta":{"desktop":{"background-color":"","background-image":"","background-repeat":"repeat","background-position":"center center","background-size":"auto","background-attachment":"scroll","background-type":"","background-media":"","overlay-type":"","overlay-color":"","overlay-opacity":"","overlay-gradient":""},"tablet":{"background-color":"","background-image":"","background-repeat":"repeat","background-position":"center center","background-size":"auto","background-attachment":"scroll","background-type":"","background-media":"","overlay-type":"","overlay-color":"","overlay-opacity":"","overlay-gradient":""},"mobile":{"background-color":"","background-image":"","background-repeat":"repeat","background-position":"center center","background-size":"auto","background-attachment":"scroll","background-type":"","background-media":"","overlay-type":"","overlay-color":"","overlay-opacity":"","overlay-gradient":""}},"ast-content-background-meta":{"desktop":{"background-color":"var(--ast-global-color-5)","background-image":"","background-repeat":"repeat","background-position":"center center","background-size":"auto","background-attachment":"scroll","background-type":"","background-media":"","overlay-type":"","overlay-color":"","overlay-opacity":"","overlay-gradient":""},"tablet":{"background-color":"var(--ast-global-color-5)","background-image":"","background-repeat":"repeat","background-position":"center center","background-size":"auto","background-attachment":"scroll","background-type":"","background-media":"","overlay-type":"","overlay-color":"","overlay-opacity":"","overlay-gradient":""},"mobile":{"background-color":"var(--ast-global-color-5)","background-image":"","background-repeat":"repeat","background-position":"center center","background-size":"auto","background-attachment":"scroll","background-type":"","background-media":"","overlay-type":"","overlay-color":"","overlay-opacity":"","overlay-gradient":""}}},"product_brand":[],"product_cat":[2517,2079,2518,2069,3429],"product_tag":[],"class_list":{"0":"post-586116","1":"product","2":"type-product","3":"status-publish","4":"has-post-thumbnail","6":"product_cat-hardware-it","7":"product_cat-kit-per-principianti-e-pod","8":"product_cat-shop-by-brand-it","9":"product_cat-sigarette-elettroniche","10":"product_cat-uwell-it","11":"desktop-align-center","12":"tablet-align-center","13":"mobile-align-center","14":"ast-product-gallery-layout-horizontal-slider","15":"ast-product-single-variable","16":"ast-product-tabs-layout-horizontal","18":"first","19":"instock","20":"sale","21":"taxable","22":"shipping-taxable","23":"purchasable","24":"product-type-variable"},"acf":[],"uagb_featured_image_src":{"full":["https:\/\/justvape.nu\/wp-content\/uploads\/2023\/04\/n7NriETk.jpeg",600,600,false],"thumbnail":["https:\/\/justvape.nu\/wp-content\/uploads\/2023\/04\/n7NriETk-150x150.jpeg",150,150,true],"medium":["https:\/\/justvape.nu\/wp-content\/uploads\/2023\/04\/n7NriETk-300x300.jpeg",300,300,true],"medium_large":["https:\/\/justvape.nu\/wp-content\/uploads\/2023\/04\/n7NriETk.jpeg",600,600,false],"large":["https:\/\/justvape.nu\/wp-content\/uploads\/2023\/04\/n7NriETk.jpeg",600,600,false],"1536x1536":["https:\/\/justvape.nu\/wp-content\/uploads\/2023\/04\/n7NriETk.jpeg",600,600,false],"2048x2048":["https:\/\/justvape.nu\/wp-content\/uploads\/2023\/04\/n7NriETk.jpeg",600,600,false],"woocommerce_thumbnail":["https:\/\/justvape.nu\/wp-content\/uploads\/2023\/04\/n7NriETk-300x300.jpeg",300,300,true],"woocommerce_single":["https:\/\/justvape.nu\/wp-content\/uploads\/2023\/04\/n7NriETk.jpeg",600,600,false],"woocommerce_gallery_thumbnail":["https:\/\/justvape.nu\/wp-content\/uploads\/2023\/04\/n7NriETk-100x100.jpeg",100,100,true],"dgwt-wcas-product-suggestion":["https:\/\/justvape.nu\/wp-content\/uploads\/2023\/04\/n7NriETk-64x64.jpeg",64,64,true]},"uagb_author_info":{"display_name":"Kenneth Merkur","author_link":"https:\/\/justvape.nu\/it\/author\/"},"uagb_comment_info":0,"uagb_excerpt":"UWELL - CALIBURN &amp; IRONFIST L POD KIT","_links":{"self":[{"href":"https:\/\/justvape.nu\/it\/wp-json\/wp\/v2\/product\/586116","targetHints":{"allow":["GET"]}}],"collection":[{"href":"https:\/\/justvape.nu\/it\/wp-json\/wp\/v2\/product"}],"about":[{"href":"https:\/\/justvape.nu\/it\/wp-json\/wp\/v2\/types\/product"}],"replies":[{"embeddable":true,"href":"https:\/\/justvape.nu\/it\/wp-json\/wp\/v2\/comments?post=586116"}],"wp:featuredmedia":[{"embeddable":true,"href":"https:\/\/justvape.nu\/it\/wp-json\/wp\/v2\/media\/586063"}],"wp:attachment":[{"href":"https:\/\/justvape.nu\/it\/wp-json\/wp\/v2\/media?parent=586116"}],"wp:term":[{"taxonomy":"product_brand","embeddable":true,"href":"https:\/\/justvape.nu\/it\/wp-json\/wp\/v2\/product_brand?post=586116"},{"taxonomy":"product_cat","embeddable":true,"href":"https:\/\/justvape.nu\/it\/wp-json\/wp\/v2\/product_cat?post=586116"},{"taxonomy":"product_tag","embeddable":true,"href":"https:\/\/justvape.nu\/it\/wp-json\/wp\/v2\/product_tag?post=586116"}],"curies":[{"name":"wp","href":"https:\/\/api.w.org\/{rel}","templated":true}]}}