{"id":584385,"date":"2023-04-15T21:56:14","date_gmt":"2023-04-15T19:56:14","guid":{"rendered":"https:\/\/justvape.nu\/produkt\/oxva-xlim-pro-pod-kit\/"},"modified":"2024-04-09T13:00:50","modified_gmt":"2024-04-09T11:00:50","slug":"oxva-xlim-pro-pod-kit","status":"publish","type":"product","link":"https:\/\/justvape.nu\/it\/produkt\/oxva-xlim-pro-pod-kit\/","title":{"rendered":"OXVA &#8211; XLIM PRO POD KIT"},"content":{"rendered":"<h2>OXVA &#8211; XLIM PRO POD KIT<\/h2>\n<div class=\"description\">\n<p>Il kit pod Xlim Pro di OXVA \u00e8 il seguito del popolarissimo Xlim v2. Questo kit pod compatto ed elegante \u00e8 il compagno perfetto per i vapers che amano viaggiare con stile. Con l&#8217;affidabilit\u00e0 delle cialde Oxva Xlim v2 e delle nuove cialde Xlim v2 a riempimento dall&#8217;alto, insieme a una batteria integrata da 1000mah, potrete godervi il vostro succo di sale nic preferito o una base libera 50\/50 senza interruzioni. Il controllo del flusso d&#8217;aria e la potenza di 30 W consentono ai vapers di regolare l&#8217;estrazione e di godersi un tiro dopo l&#8217;altro senza interruzioni e con il massimo dell&#8217;aroma.<\/p>\n<p>Il kit pod Oxva Xlim Pro ha una potenza compresa tra 5 e 30 watt ed \u00e8 dotato di una batteria integrata da 1000 mAh. \u00c8 dotato di una porta di ricarica USB C e pu\u00f2 essere caricato a 2Amp, il che significa tempi di inattivit\u00e0 molto ridotti. La cialda Xlim top fill inclusa ha lo scopo di evitare perdite di liquido e il kit \u00e8 compatibile con le cialde Xlim V2 standard. \u00c8 inoltre dotato di attivazione dell&#8217;inalazione e di attivazione del pulsante per un&#8217;esperienza semplice. Lo schermo trasparente mostra la potenza selezionata e la luce RGB aggiunge stile.<\/p>\n<p>Compatibile con le cialde Xlim V2 e con la nuova versione top-fill di queste cialde, Xlim pro offre una svapata saporita e ben arrotondata che \u00e8 diventata la preferita dai vapers di tutto il mondo. Disponibili in versione da 0,6ohm, 0,8ohm e 1,2ohm, le cialde Xlim offrono prestazioni di altissimo livello. Con un peso di soli 66 grammi, questa leggera pod vape offre tutto ci\u00f2 che serve per tenere a bada la voglia di sigaretta e mira a regalare la pi\u00f9 soddisfacente svapata da bocca a polmone.<\/p>\n<p><a href=\"https:\/\/justvape.nu\/wp-content\/uploads\/2018\/05\/Color-Schemes.png\"><img loading=\"lazy\" decoding=\"async\" class=\"alignnone size-full wp-image-19187\" src=\"https:\/\/justvape.nu\/wp-content\/uploads\/2018\/05\/Color-Schemes.png\" alt=\"\" width=\"950\" height=\"64\" title=\"\" srcset=\"https:\/\/justvape.nu\/wp-content\/uploads\/2018\/05\/Color-Schemes.png 950w, https:\/\/justvape.nu\/wp-content\/uploads\/2018\/05\/Color-Schemes-555x37.png 555w, https:\/\/justvape.nu\/wp-content\/uploads\/2018\/05\/Color-Schemes-64x4.png 64w, https:\/\/justvape.nu\/wp-content\/uploads\/2018\/05\/Color-Schemes-300x20.png 300w, https:\/\/justvape.nu\/wp-content\/uploads\/2018\/05\/Color-Schemes-768x52.png 768w\" sizes=\"auto, (max-width: 950px) 100vw, 950px\" \/><\/a><\/p>\n<\/div>\n<div data-id=\"6858063380582\">\n<p class=\"description-img-center\"><a href=\"https:\/\/justvape.nu\/wp-content\/uploads\/2023\/04\/OXVA_Xlim_Pro_Kit_Colors.jpg\"><img loading=\"lazy\" decoding=\"async\" class=\"alignnone wp-image-584066\" src=\"https:\/\/justvape.nu\/wp-content\/uploads\/2023\/04\/OXVA_Xlim_Pro_Kit_Colors.jpg\" alt=\"\" width=\"937\" height=\"473\" title=\"\" srcset=\"https:\/\/justvape.nu\/wp-content\/uploads\/2023\/04\/OXVA_Xlim_Pro_Kit_Colors.jpg 800w, https:\/\/justvape.nu\/wp-content\/uploads\/2023\/04\/OXVA_Xlim_Pro_Kit_Colors-600x303.jpg 600w, https:\/\/justvape.nu\/wp-content\/uploads\/2023\/04\/OXVA_Xlim_Pro_Kit_Colors-64x32.jpg 64w, https:\/\/justvape.nu\/wp-content\/uploads\/2023\/04\/OXVA_Xlim_Pro_Kit_Colors-300x152.jpg 300w, https:\/\/justvape.nu\/wp-content\/uploads\/2023\/04\/OXVA_Xlim_Pro_Kit_Colors-768x388.jpg 768w\" sizes=\"auto, (max-width: 937px) 100vw, 937px\" \/><\/a><\/p>\n<div class=\"shop-features \">\n<h2 class=\"shop-features-title \"><a href=\"https:\/\/justvape.nu\/wp-content\/uploads\/2018\/05\/Specifications.png\"><img loading=\"lazy\" decoding=\"async\" class=\"alignnone size-full wp-image-248449\" src=\"https:\/\/justvape.nu\/wp-content\/uploads\/2018\/05\/Specifications.png\" alt=\"\" width=\"950\" height=\"64\" title=\"\" srcset=\"https:\/\/justvape.nu\/wp-content\/uploads\/2018\/05\/Specifications.png 950w, https:\/\/justvape.nu\/wp-content\/uploads\/2018\/05\/Specifications-600x40.png 600w, https:\/\/justvape.nu\/wp-content\/uploads\/2018\/05\/Specifications-64x4.png 64w, https:\/\/justvape.nu\/wp-content\/uploads\/2018\/05\/Specifications-300x20.png 300w, https:\/\/justvape.nu\/wp-content\/uploads\/2018\/05\/Specifications-768x52.png 768w\" sizes=\"auto, (max-width: 950px) 100vw, 950px\" \/><\/a><\/h2>\n<\/div>\n<table class=\"description-table\">\n<tbody>\n<tr>\n<td class=\"strong-title \">Marchio<\/td>\n<td class=\"inline\">OXVA<\/td>\n<\/tr>\n<tr>\n<td class=\"strong-title \">Nome del prodotto<\/td>\n<td class=\"inline\">Kit Xlim Pro<\/td>\n<\/tr>\n<tr>\n<td class=\"strong-title \">Potenza d&#8217;uscita<\/td>\n<td class=\"inline\">5-30W<\/td>\n<\/tr>\n<tr>\n<td class=\"strong-title \">Capacit\u00e0 della cartuccia<\/td>\n<td class=\"inline\">2ml<\/td>\n<\/tr>\n<tr>\n<td class=\"strong-title \">Gamma di resistenza<\/td>\n<td class=\"inline\">0,33-3,0ohm<\/td>\n<\/tr>\n<tr>\n<td class=\"strong-title \">Cartuccia di riempimento superiore<\/td>\n<td class=\"inline\">0,6ohm\/0,8ohm\/1,2ohm<\/td>\n<\/tr>\n<tr>\n<td class=\"strong-title \">Ricarica<\/td>\n<td class=\"inline\">Ricarica superiore<\/td>\n<\/tr>\n<tr>\n<td class=\"strong-title \">Controllo del flusso d&#8217;aria<\/td>\n<td class=\"inline\">Lato AFC<\/td>\n<\/tr>\n<tr>\n<td class=\"strong-title \">Capacit\u00e0 della batteria<\/td>\n<td class=\"inline\">1000mAh<\/td>\n<\/tr>\n<tr>\n<td class=\"strong-title \">Carica<\/td>\n<td class=\"inline\">5V\/2A, Tipo-C<\/td>\n<\/tr>\n<tr>\n<td class=\"strong-title \">Materiale<\/td>\n<td class=\"inline\">Lega di zinco + IML + PCTG<\/td>\n<\/tr>\n<tr>\n<td class=\"strong-title \">Dimensione<\/td>\n<td class=\"inline\">111,0*25,0*14,3 mm<\/td>\n<\/tr>\n<tr>\n<td class=\"strong-title \">Colore<\/td>\n<td class=\"inline\">Nero carbone, Oro nero, Blu glamour, Ciano glamour, Grigio glamour, Verde glamour, Rosa glamour, Rosso glamour.<\/td>\n<\/tr>\n<\/tbody>\n<\/table>\n<div class=\"shop-features \">\n<h2 class=\"shop-features-title \"><a href=\"https:\/\/justvape.nu\/wp-content\/uploads\/2018\/05\/Features.png\"><img loading=\"lazy\" decoding=\"async\" class=\"alignnone size-full wp-image-18994\" src=\"https:\/\/justvape.nu\/wp-content\/uploads\/2018\/05\/Features.png\" alt=\"\" width=\"950\" height=\"64\" title=\"\" srcset=\"https:\/\/justvape.nu\/wp-content\/uploads\/2018\/05\/Features.png 950w, https:\/\/justvape.nu\/wp-content\/uploads\/2018\/05\/Features-555x37.png 555w, https:\/\/justvape.nu\/wp-content\/uploads\/2018\/05\/Features-64x4.png 64w, https:\/\/justvape.nu\/wp-content\/uploads\/2018\/05\/Features-300x20.png 300w, https:\/\/justvape.nu\/wp-content\/uploads\/2018\/05\/Features-768x52.png 768w\" sizes=\"auto, (max-width: 950px) 100vw, 950px\" \/><\/a><\/h2>\n<\/div>\n<ul>\n<li style=\"list-style-type: none;\">\n<ul>\n<li>1. Luce RGB scintillante<\/li>\n<li>2. Cartuccia di riempimento superiore anti-perdita<\/li>\n<li>3. Design ergonomico AFC<\/li>\n<li>4. Disegno automatico e attivazione dei pulsanti<\/li>\n<li>5. 30W di potenza di uscita massima<\/li>\n<li>6. Batteria pi\u00f9 grande da 1000 mAh<\/li>\n<li>7. Altamente resistente alle perdite<\/li>\n<li>8. Ricarica rapida di tipo C<\/li>\n<li>9. Compatibile con le nuove cartucce top-fill (Xlim V3) e Xlim V2<\/li>\n<\/ul>\n<\/li>\n<\/ul>\n<div class=\"img-show-more\">\n<div id=\"img_content_less\" class=\"img-content add-more\">\n<p class=\"description-img-center\"><a href=\"https:\/\/justvape.nu\/wp-content\/uploads\/2023\/04\/OXVA_Xlim_Pro_Kit_30W_Wattage.jpg\"><img loading=\"lazy\" decoding=\"async\" class=\"alignnone size-full wp-image-584074\" src=\"https:\/\/justvape.nu\/wp-content\/uploads\/2023\/04\/OXVA_Xlim_Pro_Kit_30W_Wattage.jpg\" alt=\"\" width=\"831\" height=\"568\" title=\"\" srcset=\"https:\/\/justvape.nu\/wp-content\/uploads\/2023\/04\/OXVA_Xlim_Pro_Kit_30W_Wattage.jpg 831w, https:\/\/justvape.nu\/wp-content\/uploads\/2023\/04\/OXVA_Xlim_Pro_Kit_30W_Wattage-600x410.jpg 600w, https:\/\/justvape.nu\/wp-content\/uploads\/2023\/04\/OXVA_Xlim_Pro_Kit_30W_Wattage-64x44.jpg 64w, https:\/\/justvape.nu\/wp-content\/uploads\/2023\/04\/OXVA_Xlim_Pro_Kit_30W_Wattage-300x205.jpg 300w, https:\/\/justvape.nu\/wp-content\/uploads\/2023\/04\/OXVA_Xlim_Pro_Kit_30W_Wattage-768x525.jpg 768w\" sizes=\"auto, (max-width: 831px) 100vw, 831px\" \/><\/a> <a href=\"https:\/\/justvape.nu\/wp-content\/uploads\/2023\/04\/OXVA_Xlim_Pro_Kit_Battery_Capacity.jpg\"><img loading=\"lazy\" decoding=\"async\" class=\"alignnone size-full wp-image-584082\" src=\"https:\/\/justvape.nu\/wp-content\/uploads\/2023\/04\/OXVA_Xlim_Pro_Kit_Battery_Capacity.jpg\" alt=\"\" width=\"831\" height=\"438\" title=\"\" srcset=\"https:\/\/justvape.nu\/wp-content\/uploads\/2023\/04\/OXVA_Xlim_Pro_Kit_Battery_Capacity.jpg 831w, https:\/\/justvape.nu\/wp-content\/uploads\/2023\/04\/OXVA_Xlim_Pro_Kit_Battery_Capacity-600x316.jpg 600w, https:\/\/justvape.nu\/wp-content\/uploads\/2023\/04\/OXVA_Xlim_Pro_Kit_Battery_Capacity-64x34.jpg 64w, https:\/\/justvape.nu\/wp-content\/uploads\/2023\/04\/OXVA_Xlim_Pro_Kit_Battery_Capacity-300x158.jpg 300w, https:\/\/justvape.nu\/wp-content\/uploads\/2023\/04\/OXVA_Xlim_Pro_Kit_Battery_Capacity-768x405.jpg 768w\" sizes=\"auto, (max-width: 831px) 100vw, 831px\" \/><\/a> <a href=\"https:\/\/justvape.nu\/wp-content\/uploads\/2023\/04\/OXVA_Xlim_Pro_Kit_Coil_Resistance.jpg\"><img loading=\"lazy\" decoding=\"async\" class=\"alignnone size-full wp-image-584090\" src=\"https:\/\/justvape.nu\/wp-content\/uploads\/2023\/04\/OXVA_Xlim_Pro_Kit_Coil_Resistance.jpg\" alt=\"\" width=\"831\" height=\"277\" title=\"\" srcset=\"https:\/\/justvape.nu\/wp-content\/uploads\/2023\/04\/OXVA_Xlim_Pro_Kit_Coil_Resistance.jpg 831w, https:\/\/justvape.nu\/wp-content\/uploads\/2023\/04\/OXVA_Xlim_Pro_Kit_Coil_Resistance-600x200.jpg 600w, https:\/\/justvape.nu\/wp-content\/uploads\/2023\/04\/OXVA_Xlim_Pro_Kit_Coil_Resistance-64x21.jpg 64w, https:\/\/justvape.nu\/wp-content\/uploads\/2023\/04\/OXVA_Xlim_Pro_Kit_Coil_Resistance-300x100.jpg 300w, https:\/\/justvape.nu\/wp-content\/uploads\/2023\/04\/OXVA_Xlim_Pro_Kit_Coil_Resistance-768x256.jpg 768w\" sizes=\"auto, (max-width: 831px) 100vw, 831px\" \/><\/a><\/p>\n<\/div>\n<\/div>\n<div class=\"shop-features \">\n<h2 class=\"shop-features-title \"><a href=\"https:\/\/justvape.nu\/wp-content\/uploads\/2018\/04\/Packing-List.png\"><img loading=\"lazy\" decoding=\"async\" class=\"alignnone size-full wp-image-18999\" src=\"https:\/\/justvape.nu\/wp-content\/uploads\/2018\/04\/Packing-List.png\" alt=\"\" width=\"950\" height=\"64\" title=\"\" srcset=\"https:\/\/justvape.nu\/wp-content\/uploads\/2018\/04\/Packing-List.png 950w, https:\/\/justvape.nu\/wp-content\/uploads\/2018\/04\/Packing-List-555x37.png 555w, https:\/\/justvape.nu\/wp-content\/uploads\/2018\/04\/Packing-List-64x4.png 64w, https:\/\/justvape.nu\/wp-content\/uploads\/2018\/04\/Packing-List-300x20.png 300w, https:\/\/justvape.nu\/wp-content\/uploads\/2018\/04\/Packing-List-768x52.png 768w\" sizes=\"auto, (max-width: 950px) 100vw, 950px\" \/><\/a><\/h2>\n<\/div>\n<p>1* Dispositivo Xlim Pro<br \/>\n1* Cartuccia Top Fill (Xlim V3) 0.6ohm (preinstallata)<br \/>\n1* Cartuccia a riempimento superiore (Xlim V3) 0,8ohm<br \/>\n1* Cavo di tipo C<br \/>\n1* cordino<br \/>\n1 * Manuale dell&#8217;utente<\/p>\n<p class=\"description-img-center \"><a href=\"https:\/\/justvape.nu\/wp-content\/uploads\/2023\/04\/OXVA_Xlim_Pro_Kit_Packing_List.jpg\"><img loading=\"lazy\" decoding=\"async\" class=\"alignnone size-full wp-image-584098\" src=\"https:\/\/justvape.nu\/wp-content\/uploads\/2023\/04\/OXVA_Xlim_Pro_Kit_Packing_List.jpg\" alt=\"\" width=\"831\" height=\"413\" title=\"\" srcset=\"https:\/\/justvape.nu\/wp-content\/uploads\/2023\/04\/OXVA_Xlim_Pro_Kit_Packing_List.jpg 831w, https:\/\/justvape.nu\/wp-content\/uploads\/2023\/04\/OXVA_Xlim_Pro_Kit_Packing_List-600x298.jpg 600w, https:\/\/justvape.nu\/wp-content\/uploads\/2023\/04\/OXVA_Xlim_Pro_Kit_Packing_List-64x32.jpg 64w, https:\/\/justvape.nu\/wp-content\/uploads\/2023\/04\/OXVA_Xlim_Pro_Kit_Packing_List-300x149.jpg 300w, https:\/\/justvape.nu\/wp-content\/uploads\/2023\/04\/OXVA_Xlim_Pro_Kit_Packing_List-768x382.jpg 768w\" sizes=\"auto, (max-width: 831px) 100vw, 831px\" \/><\/a><\/p>\n<\/div>\n","protected":false},"excerpt":{"rendered":"<p>OXVA &#8211; XLIM PRO POD KIT<\/p>\n","protected":false},"featured_media":584172,"comment_status":"open","ping_status":"closed","template":"","meta":{"_acf_changed":false,"_uag_custom_page_level_css":"","site-sidebar-layout":"default","site-content-layout":"default","ast-site-content-layout":"default","site-content-style":"default","site-sidebar-style":"default","ast-global-header-display":"","ast-banner-title-visibility":"","ast-main-header-display":"","ast-hfb-above-header-display":"","ast-hfb-below-header-display":"","ast-hfb-mobile-header-display":"","site-post-title":"","ast-breadcrumbs-content":"","ast-featured-img":"","footer-sml-layout":"","ast-disable-related-posts":"","theme-transparent-header-meta":"default","adv-header-id-meta":"","stick-header-meta":"default","header-above-stick-meta":"","header-main-stick-meta":"","header-below-stick-meta":"","astra-migrate-meta-layouts":"default","ast-page-background-enabled":"default","ast-page-background-meta":{"desktop":{"background-color":"","background-image":"","background-repeat":"repeat","background-position":"center center","background-size":"auto","background-attachment":"scroll","background-type":"","background-media":"","overlay-type":"","overlay-color":"","overlay-opacity":"","overlay-gradient":""},"tablet":{"background-color":"","background-image":"","background-repeat":"repeat","background-position":"center center","background-size":"auto","background-attachment":"scroll","background-type":"","background-media":"","overlay-type":"","overlay-color":"","overlay-opacity":"","overlay-gradient":""},"mobile":{"background-color":"","background-image":"","background-repeat":"repeat","background-position":"center center","background-size":"auto","background-attachment":"scroll","background-type":"","background-media":"","overlay-type":"","overlay-color":"","overlay-opacity":"","overlay-gradient":""}},"ast-content-background-meta":{"desktop":{"background-color":"var(--ast-global-color-5)","background-image":"","background-repeat":"repeat","background-position":"center center","background-size":"auto","background-attachment":"scroll","background-type":"","background-media":"","overlay-type":"","overlay-color":"","overlay-opacity":"","overlay-gradient":""},"tablet":{"background-color":"var(--ast-global-color-5)","background-image":"","background-repeat":"repeat","background-position":"center center","background-size":"auto","background-attachment":"scroll","background-type":"","background-media":"","overlay-type":"","overlay-color":"","overlay-opacity":"","overlay-gradient":""},"mobile":{"background-color":"var(--ast-global-color-5)","background-image":"","background-repeat":"repeat","background-position":"center center","background-size":"auto","background-attachment":"scroll","background-type":"","background-media":"","overlay-type":"","overlay-color":"","overlay-opacity":"","overlay-gradient":""}}},"product_brand":[],"product_cat":[2517,2079,6192,2518,2069],"product_tag":[],"class_list":{"0":"post-584385","1":"product","2":"type-product","3":"status-publish","4":"has-post-thumbnail","6":"product_cat-hardware-it","7":"product_cat-kit-per-principianti-e-pod","8":"product_cat-oxva-it","9":"product_cat-shop-by-brand-it","10":"product_cat-sigarette-elettroniche","11":"desktop-align-center","12":"tablet-align-center","13":"mobile-align-center","14":"ast-product-gallery-layout-horizontal-slider","15":"ast-product-gallery-with-no-image","16":"ast-product-single-variable","17":"ast-product-tabs-layout-horizontal","19":"first","20":"instock","21":"sale","22":"taxable","23":"shipping-taxable","24":"purchasable","25":"product-type-variable"},"acf":[],"uagb_featured_image_src":{"full":["https:\/\/justvape.nu\/wp-content\/uploads\/2023\/04\/oxva-xlim-pro-pod-1.jpg",800,800,false],"thumbnail":["https:\/\/justvape.nu\/wp-content\/uploads\/2023\/04\/oxva-xlim-pro-pod-1-150x150.jpg",150,150,true],"medium":["https:\/\/justvape.nu\/wp-content\/uploads\/2023\/04\/oxva-xlim-pro-pod-1-300x300.jpg",300,300,true],"medium_large":["https:\/\/justvape.nu\/wp-content\/uploads\/2023\/04\/oxva-xlim-pro-pod-1-768x768.jpg",768,768,true],"large":["https:\/\/justvape.nu\/wp-content\/uploads\/2023\/04\/oxva-xlim-pro-pod-1.jpg",800,800,false],"1536x1536":["https:\/\/justvape.nu\/wp-content\/uploads\/2023\/04\/oxva-xlim-pro-pod-1.jpg",800,800,false],"2048x2048":["https:\/\/justvape.nu\/wp-content\/uploads\/2023\/04\/oxva-xlim-pro-pod-1.jpg",800,800,false],"woocommerce_thumbnail":["https:\/\/justvape.nu\/wp-content\/uploads\/2023\/04\/oxva-xlim-pro-pod-1-300x300.jpg",300,300,true],"woocommerce_single":["https:\/\/justvape.nu\/wp-content\/uploads\/2023\/04\/oxva-xlim-pro-pod-1-600x600.jpg",600,600,true],"woocommerce_gallery_thumbnail":["https:\/\/justvape.nu\/wp-content\/uploads\/2023\/04\/oxva-xlim-pro-pod-1-100x100.jpg",100,100,true],"dgwt-wcas-product-suggestion":["https:\/\/justvape.nu\/wp-content\/uploads\/2023\/04\/oxva-xlim-pro-pod-1-64x64.jpg",64,64,true]},"uagb_author_info":{"display_name":"Kenneth Merkur","author_link":"https:\/\/justvape.nu\/it\/author\/"},"uagb_comment_info":0,"uagb_excerpt":"OXVA - XLIM PRO POD KIT","_links":{"self":[{"href":"https:\/\/justvape.nu\/it\/wp-json\/wp\/v2\/product\/584385","targetHints":{"allow":["GET"]}}],"collection":[{"href":"https:\/\/justvape.nu\/it\/wp-json\/wp\/v2\/product"}],"about":[{"href":"https:\/\/justvape.nu\/it\/wp-json\/wp\/v2\/types\/product"}],"replies":[{"embeddable":true,"href":"https:\/\/justvape.nu\/it\/wp-json\/wp\/v2\/comments?post=584385"}],"wp:featuredmedia":[{"embeddable":true,"href":"https:\/\/justvape.nu\/it\/wp-json\/wp\/v2\/media\/584172"}],"wp:attachment":[{"href":"https:\/\/justvape.nu\/it\/wp-json\/wp\/v2\/media?parent=584385"}],"wp:term":[{"taxonomy":"product_brand","embeddable":true,"href":"https:\/\/justvape.nu\/it\/wp-json\/wp\/v2\/product_brand?post=584385"},{"taxonomy":"product_cat","embeddable":true,"href":"https:\/\/justvape.nu\/it\/wp-json\/wp\/v2\/product_cat?post=584385"},{"taxonomy":"product_tag","embeddable":true,"href":"https:\/\/justvape.nu\/it\/wp-json\/wp\/v2\/product_tag?post=584385"}],"curies":[{"name":"wp","href":"https:\/\/api.w.org\/{rel}","templated":true}]}}