{"id":584230,"date":"2023-04-15T15:28:31","date_gmt":"2023-04-15T13:28:31","guid":{"rendered":"https:\/\/justvape.nu\/produkt\/voopoo-argus-xt-kit\/"},"modified":"2026-01-20T11:21:18","modified_gmt":"2026-01-20T10:21:18","slug":"voopoo-argus-xt-kit","status":"publish","type":"product","link":"https:\/\/justvape.nu\/it\/produkt\/voopoo-argus-xt-kit\/","title":{"rendered":"VOOPOO &#8211; ARGUS XT KIT"},"content":{"rendered":"<h2>VOOPOO &#8211; ARGUS XT KIT<\/h2>\n<p>Il kit da svapo VooPoo Argus XT \u00e8 un&#8217;opzione elegante che \u00e8 stata costruita per resistere all&#8217;usura della vita quotidiana. Con una batteria 18650 o 21700 (venduta separatamente), questo kit offre un&#8217;uscita da 5 a 100 W, bilanciando la durata della batteria e la potenza. \u00c8 ideale per chi cerca una svapata resistente quando \u00e8 in viaggio. Il kit Argus XT ha un grado di protezione IP68, ovvero \u00e8 resistente all&#8217;acqua, alla polvere e agli urti. L&#8217;Argus MT viene fornito con due bobine VooPoo TPP, che creano una svapata DTL (Direct To Lung).<\/p>\n<p>L&#8217;interfaccia semplice di questo kit lo rende facile da usare, il che significa che \u00e8 semplice selezionare la modalit\u00e0 pi\u00f9 adatta al proprio stile di svapo. Se volete iniziare a svapare il pi\u00f9 rapidamente possibile, utilizzate la modalit\u00e0 Smart e il wattaggio verr\u00e0 selezionato automaticamente per la bobina scelta. Se si desidera avere un maggiore controllo del vaping, \u00e8 possibile passare dalla modalit\u00e0 di controllo del wattaggio variabile a quella della temperatura. La Argus XT dispone anche di una pratica modalit\u00e0 Boost che aumenta significativamente la quantit\u00e0 di vapore prodotto per una svapata pi\u00f9 potente.<\/p>\n<p>Ogni kit include il serbatoio VooPoo MAAT che contiene fino a 2 ml di e-liquid e pu\u00f2 essere facilmente ricaricato grazie al tappo a vite. Questo serbatoio riduce anche il ritorno di saliva e l&#8217;accumulo di e-liquid grazie al design del flusso d&#8217;aria a forma di vulcano. Nella confezione troverete una bobina di ricambio TPP da 0,2 Ohm e una da 0,15 Ohm. Entrambe sono dotate di una struttura a rete che garantisce una migliore produzione di vapore e di sapore, perch\u00e9 riscaldano pi\u00f9 e-liquid a una velocit\u00e0 maggiore. Si consiglia di abbinare queste bobine con liquidi al 70% VG e altri liquidi VG pi\u00f9 elevati.<\/p>\n<p><a href=\"https:\/\/justvape.nu\/wp-content\/uploads\/2018\/05\/Color-Schemes.png\"><img loading=\"lazy\" decoding=\"async\" class=\"alignnone size-full wp-image-19187\" src=\"https:\/\/justvape.nu\/wp-content\/uploads\/2018\/05\/Color-Schemes.png\" alt=\"\" width=\"950\" height=\"64\" title=\"\" srcset=\"https:\/\/justvape.nu\/wp-content\/uploads\/2018\/05\/Color-Schemes.png 950w, https:\/\/justvape.nu\/wp-content\/uploads\/2018\/05\/Color-Schemes-555x37.png 555w, https:\/\/justvape.nu\/wp-content\/uploads\/2018\/05\/Color-Schemes-64x4.png 64w, https:\/\/justvape.nu\/wp-content\/uploads\/2018\/05\/Color-Schemes-300x20.png 300w, https:\/\/justvape.nu\/wp-content\/uploads\/2018\/05\/Color-Schemes-768x52.png 768w\" sizes=\"auto, (max-width: 950px) 100vw, 950px\" \/><\/a><\/p>\n<p class=\"description-img-center\"><a href=\"https:\/\/justvape.nu\/wp-content\/uploads\/2023\/04\/VOOPOO_Argus_XT_Kit_with_UFORCE_L_Tank_Full_Color.jpg\"><img loading=\"lazy\" decoding=\"async\" class=\"alignnone wp-image-583766\" src=\"https:\/\/justvape.nu\/wp-content\/uploads\/2023\/04\/VOOPOO_Argus_XT_Kit_with_UFORCE_L_Tank_Full_Color.jpg\" alt=\"\" width=\"932\" height=\"282\" title=\"\" srcset=\"https:\/\/justvape.nu\/wp-content\/uploads\/2023\/04\/VOOPOO_Argus_XT_Kit_with_UFORCE_L_Tank_Full_Color.jpg 800w, https:\/\/justvape.nu\/wp-content\/uploads\/2023\/04\/VOOPOO_Argus_XT_Kit_with_UFORCE_L_Tank_Full_Color-600x182.jpg 600w, https:\/\/justvape.nu\/wp-content\/uploads\/2023\/04\/VOOPOO_Argus_XT_Kit_with_UFORCE_L_Tank_Full_Color-64x19.jpg 64w, https:\/\/justvape.nu\/wp-content\/uploads\/2023\/04\/VOOPOO_Argus_XT_Kit_with_UFORCE_L_Tank_Full_Color-300x91.jpg 300w, https:\/\/justvape.nu\/wp-content\/uploads\/2023\/04\/VOOPOO_Argus_XT_Kit_with_UFORCE_L_Tank_Full_Color-768x232.jpg 768w\" sizes=\"auto, (max-width: 932px) 100vw, 932px\" \/><\/a><\/p>\n<div class=\"shop-features \">\n<h2 class=\"shop-features-title \"><a href=\"https:\/\/justvape.nu\/wp-content\/uploads\/2018\/05\/Specifications.png\"><img loading=\"lazy\" decoding=\"async\" class=\"alignnone size-full wp-image-18993\" src=\"https:\/\/justvape.nu\/wp-content\/uploads\/2018\/05\/Specifications.png\" alt=\"\" width=\"950\" height=\"64\" title=\"\" srcset=\"https:\/\/justvape.nu\/wp-content\/uploads\/2018\/05\/Specifications.png 950w, https:\/\/justvape.nu\/wp-content\/uploads\/2018\/05\/Specifications-555x37.png 555w, https:\/\/justvape.nu\/wp-content\/uploads\/2018\/05\/Specifications-64x4.png 64w, https:\/\/justvape.nu\/wp-content\/uploads\/2018\/05\/Specifications-300x20.png 300w, https:\/\/justvape.nu\/wp-content\/uploads\/2018\/05\/Specifications-768x52.png 768w\" sizes=\"auto, (max-width: 950px) 100vw, 950px\" \/><\/a><\/h2>\n<\/div>\n<table class=\"description-table\">\n<tbody>\n<tr>\n<td class=\"strong-title \">Marchio<\/td>\n<td class=\"inline\">VOOPOO<\/td>\n<\/tr>\n<tr>\n<td class=\"strong-title \">Nome del prodotto<\/td>\n<td class=\"inline\">Argus XT Kit with VooPoo MAAT Tank<\/td>\n<\/tr>\n<tr>\n<td class=\"strong-title \">Tipo di batteria<\/td>\n<td class=\"inline\">Singola batteria esterna 18650\/21700 (non inclusa)<\/td>\n<\/tr>\n<tr>\n<td class=\"strong-title \">Potenza d&#8217;uscita<\/td>\n<td class=\"inline\">5-100W<\/td>\n<\/tr>\n<tr>\n<td class=\"strong-title \">Tensione di uscita<\/td>\n<td class=\"inline\">0-8.5V<\/td>\n<\/tr>\n<tr>\n<td class=\"strong-title \">Gamma di resistenza<\/td>\n<td class=\"inline\">0.05-3.0\u03a9<\/td>\n<\/tr>\n<tr>\n<td class=\"strong-title \">Tensione di carica<\/td>\n<td class=\"inline\">Tipo-C 5V\/3A<\/td>\n<\/tr>\n<tr>\n<td class=\"strong-title \">Capacit\u00e0<\/td>\n<td class=\"inline\">2ml<\/td>\n<\/tr>\n<tr>\n<td class=\"strong-title \">Riempimento<\/td>\n<td class=\"inline\">Riempimento superiore<\/td>\n<\/tr>\n<tr>\n<td class=\"strong-title \">Flusso d&#8217;aria<\/td>\n<td class=\"inline\">Flusso d&#8217;aria superiore regolabile<\/td>\n<\/tr>\n<tr>\n<td class=\"strong-title \">Bobine standard<\/td>\n<td class=\"inline\">TPP<\/td>\n<\/tr>\n<tr>\n<td class=\"strong-title \">Bobina compatibile<\/td>\n<td class=\"inline\">TPP Coils<\/td>\n<\/tr>\n<tr>\n<td class=\"strong-title \">Dimensioni della scatola<\/td>\n<td class=\"inline\">151*95*43 mm<\/td>\n<\/tr>\n<tr>\n<td class=\"strong-title \"><\/td>\n<td class=\"inline\"><\/td>\n<\/tr>\n<tr>\n<td class=\"strong-title \">Colore<\/td>\n<td class=\"inline\">Grigio argento, grafite, fibra di carbonio, verde lime, blu scuro<\/td>\n<\/tr>\n<\/tbody>\n<\/table>\n<div class=\"shop-features \">\n<h2 class=\"shop-features-title \"><a href=\"https:\/\/justvape.nu\/wp-content\/uploads\/2018\/05\/Features.png\"><img loading=\"lazy\" decoding=\"async\" class=\"alignnone size-full wp-image-248459\" src=\"https:\/\/justvape.nu\/wp-content\/uploads\/2018\/05\/Features.png\" alt=\"\" width=\"950\" height=\"64\" title=\"\" srcset=\"https:\/\/justvape.nu\/wp-content\/uploads\/2018\/05\/Features.png 950w, https:\/\/justvape.nu\/wp-content\/uploads\/2018\/05\/Features-600x40.png 600w, https:\/\/justvape.nu\/wp-content\/uploads\/2018\/05\/Features-64x4.png 64w, https:\/\/justvape.nu\/wp-content\/uploads\/2018\/05\/Features-300x20.png 300w, https:\/\/justvape.nu\/wp-content\/uploads\/2018\/05\/Features-768x52.png 768w\" sizes=\"auto, (max-width: 950px) 100vw, 950px\" \/><\/a><\/h2>\n<\/div>\n<ul>\n<li style=\"list-style-type: none;\">\n<ul>\n<li>1. Aspetto senza fori e materiale misto pelle-metallo<\/li>\n<li>2. Progettato con anelli di cordino, comodo da trasportare.<\/li>\n<li>3. Turbo mod per un&#8217;esperienza di vapore estremamente potenziata<\/li>\n<li>4. Singola batteria esterna 18650\/21700 con ricarica Type-C<\/li>\n<li>5. Chip GENE TT 2.0 con modalit\u00e0 Smart, RBA, Turbo e TC<\/li>\n<li>6. Funzione tri-proof con grado di protezione IP68, durevole nell&#8217;uso.<\/li>\n<li>7. Blocco QS umanizzato per evitare accensioni o commutazioni accidentali<\/li>\n<li>8. Sette protezioni di sicurezza per garantire un utilizzo sicuro<\/li>\n<li>9. Tripli ingressi d&#8217;aria per bilanciare il flusso d&#8217;aria e il sapore.<\/li>\n<li>10. Condotto d&#8217;aria dall&#8217;alto verso il basso per isolare la condensa e prevenire le perdite.<\/li>\n<li>11. Regolazione del flusso d&#8217;aria a 360\u00b0 per personalizzare il vostro aroma preferito<\/li>\n<li>12. Innovativa base 510 con design a dissipatore di calore<\/li>\n<li>13. Capacit\u00e0 di 2 ml, facile riempimento dall&#8217;alto<\/li>\n<li>14. Adotta la tecnologia PnP dual in one<\/li>\n<li>15. Compatibile con tutte le bobine PnP<\/li>\n<\/ul>\n<\/li>\n<\/ul>\n<div class=\"img-show-more\">\n<div id=\"img_content_less\" class=\"img-content add-more\">\n<p class=\"description-img-center\"><a href=\"https:\/\/justvape.nu\/wp-content\/uploads\/2023\/04\/VOOPOO_Argus_XT_Mod_Kit_Features.jpg\"><img loading=\"lazy\" decoding=\"async\" class=\"alignnone wp-image-583775\" src=\"https:\/\/justvape.nu\/wp-content\/uploads\/2023\/04\/VOOPOO_Argus_XT_Mod_Kit_Features.jpg\" alt=\"\" width=\"830\" height=\"990\" title=\"\" srcset=\"https:\/\/justvape.nu\/wp-content\/uploads\/2023\/04\/VOOPOO_Argus_XT_Mod_Kit_Features.jpg 718w, https:\/\/justvape.nu\/wp-content\/uploads\/2023\/04\/VOOPOO_Argus_XT_Mod_Kit_Features-600x715.jpg 600w, https:\/\/justvape.nu\/wp-content\/uploads\/2023\/04\/VOOPOO_Argus_XT_Mod_Kit_Features-64x76.jpg 64w, https:\/\/justvape.nu\/wp-content\/uploads\/2023\/04\/VOOPOO_Argus_XT_Mod_Kit_Features-252x300.jpg 252w\" sizes=\"auto, (max-width: 830px) 100vw, 830px\" \/><\/a> <a href=\"https:\/\/justvape.nu\/wp-content\/uploads\/2023\/04\/VOOPOO_Argus_XT_Mod_Kit_100W.jpg\"><img loading=\"lazy\" decoding=\"async\" class=\"alignnone size-full wp-image-583783\" src=\"https:\/\/justvape.nu\/wp-content\/uploads\/2023\/04\/VOOPOO_Argus_XT_Mod_Kit_100W.jpg\" alt=\"\" width=\"831\" height=\"403\" title=\"\" srcset=\"https:\/\/justvape.nu\/wp-content\/uploads\/2023\/04\/VOOPOO_Argus_XT_Mod_Kit_100W.jpg 831w, https:\/\/justvape.nu\/wp-content\/uploads\/2023\/04\/VOOPOO_Argus_XT_Mod_Kit_100W-600x291.jpg 600w, https:\/\/justvape.nu\/wp-content\/uploads\/2023\/04\/VOOPOO_Argus_XT_Mod_Kit_100W-64x31.jpg 64w, https:\/\/justvape.nu\/wp-content\/uploads\/2023\/04\/VOOPOO_Argus_XT_Mod_Kit_100W-300x145.jpg 300w, https:\/\/justvape.nu\/wp-content\/uploads\/2023\/04\/VOOPOO_Argus_XT_Mod_Kit_100W-768x372.jpg 768w\" sizes=\"auto, (max-width: 831px) 100vw, 831px\" \/><\/a> <a href=\"https:\/\/justvape.nu\/wp-content\/uploads\/2023\/04\/VOOPOO_Argus_XT_Mod_Kit_18650_and_21700.jpg\"><img loading=\"lazy\" decoding=\"async\" class=\"alignnone size-full wp-image-583791\" src=\"https:\/\/justvape.nu\/wp-content\/uploads\/2023\/04\/VOOPOO_Argus_XT_Mod_Kit_18650_and_21700.jpg\" alt=\"\" width=\"831\" height=\"518\" title=\"\" srcset=\"https:\/\/justvape.nu\/wp-content\/uploads\/2023\/04\/VOOPOO_Argus_XT_Mod_Kit_18650_and_21700.jpg 831w, https:\/\/justvape.nu\/wp-content\/uploads\/2023\/04\/VOOPOO_Argus_XT_Mod_Kit_18650_and_21700-600x374.jpg 600w, https:\/\/justvape.nu\/wp-content\/uploads\/2023\/04\/VOOPOO_Argus_XT_Mod_Kit_18650_and_21700-64x40.jpg 64w, https:\/\/justvape.nu\/wp-content\/uploads\/2023\/04\/VOOPOO_Argus_XT_Mod_Kit_18650_and_21700-300x187.jpg 300w, https:\/\/justvape.nu\/wp-content\/uploads\/2023\/04\/VOOPOO_Argus_XT_Mod_Kit_18650_and_21700-768x479.jpg 768w\" sizes=\"auto, (max-width: 831px) 100vw, 831px\" \/><\/a><\/p>\n<p class=\"description-img-center\">\n<\/div>\n<\/div>\n<div class=\"shop-features \">\n<h2 class=\"shop-features-title \"><a href=\"https:\/\/justvape.nu\/wp-content\/uploads\/2018\/04\/Packing-List.png\"><img loading=\"lazy\" decoding=\"async\" class=\"alignnone size-full wp-image-18999\" src=\"https:\/\/justvape.nu\/wp-content\/uploads\/2018\/04\/Packing-List.png\" alt=\"\" width=\"950\" height=\"64\" title=\"\" srcset=\"https:\/\/justvape.nu\/wp-content\/uploads\/2018\/04\/Packing-List.png 950w, https:\/\/justvape.nu\/wp-content\/uploads\/2018\/04\/Packing-List-555x37.png 555w, https:\/\/justvape.nu\/wp-content\/uploads\/2018\/04\/Packing-List-64x4.png 64w, https:\/\/justvape.nu\/wp-content\/uploads\/2018\/04\/Packing-List-300x20.png 300w, https:\/\/justvape.nu\/wp-content\/uploads\/2018\/04\/Packing-List-768x52.png 768w\" sizes=\"auto, (max-width: 950px) 100vw, 950px\" \/><\/a><\/h2>\n<\/div>\n<p>1* Dispositivo VOOPOO Argus XT<br \/>\n1* VooPoo MAAT Tank<br \/>\n1* TPP-DM1 0.15\u03a9 Coil<br \/>\n1* Bobina TPP-DM2 0.2\u03a9<br \/>\n1* Confezione in gomma siliconica<br \/>\n1* Adattatore batteria 18650<br \/>\n1* Cavo di tipo C<br \/>\n1* Utente Utente<\/p>\n","protected":false},"excerpt":{"rendered":"<p>VOOPOO &#8211; ARGUS XT KIT<\/p>\n","protected":false},"featured_media":583809,"comment_status":"open","ping_status":"closed","template":"","meta":{"_acf_changed":false,"_uag_custom_page_level_css":"","site-sidebar-layout":"default","site-content-layout":"default","ast-site-content-layout":"default","site-content-style":"default","site-sidebar-style":"default","ast-global-header-display":"","ast-banner-title-visibility":"","ast-main-header-display":"","ast-hfb-above-header-display":"","ast-hfb-below-header-display":"","ast-hfb-mobile-header-display":"","site-post-title":"","ast-breadcrumbs-content":"","ast-featured-img":"","footer-sml-layout":"","ast-disable-related-posts":"","theme-transparent-header-meta":"default","adv-header-id-meta":"","stick-header-meta":"default","header-above-stick-meta":"","header-main-stick-meta":"","header-below-stick-meta":"","astra-migrate-meta-layouts":"default","ast-page-background-enabled":"default","ast-page-background-meta":{"desktop":{"background-color":"","background-image":"","background-repeat":"repeat","background-position":"center center","background-size":"auto","background-attachment":"scroll","background-type":"","background-media":"","overlay-type":"","overlay-color":"","overlay-opacity":"","overlay-gradient":""},"tablet":{"background-color":"","background-image":"","background-repeat":"repeat","background-position":"center center","background-size":"auto","background-attachment":"scroll","background-type":"","background-media":"","overlay-type":"","overlay-color":"","overlay-opacity":"","overlay-gradient":""},"mobile":{"background-color":"","background-image":"","background-repeat":"repeat","background-position":"center center","background-size":"auto","background-attachment":"scroll","background-type":"","background-media":"","overlay-type":"","overlay-color":"","overlay-opacity":"","overlay-gradient":""}},"ast-content-background-meta":{"desktop":{"background-color":"var(--ast-global-color-5)","background-image":"","background-repeat":"repeat","background-position":"center center","background-size":"auto","background-attachment":"scroll","background-type":"","background-media":"","overlay-type":"","overlay-color":"","overlay-opacity":"","overlay-gradient":""},"tablet":{"background-color":"var(--ast-global-color-5)","background-image":"","background-repeat":"repeat","background-position":"center center","background-size":"auto","background-attachment":"scroll","background-type":"","background-media":"","overlay-type":"","overlay-color":"","overlay-opacity":"","overlay-gradient":""},"mobile":{"background-color":"var(--ast-global-color-5)","background-image":"","background-repeat":"repeat","background-position":"center center","background-size":"auto","background-attachment":"scroll","background-type":"","background-media":"","overlay-type":"","overlay-color":"","overlay-opacity":"","overlay-gradient":""}}},"product_brand":[],"product_cat":[2517,2142,2518,2069,2519],"product_tag":[],"class_list":{"0":"post-584230","1":"product","2":"type-product","3":"status-publish","4":"has-post-thumbnail","6":"product_cat-hardware-it","7":"product_cat-kit-sub-ohm","8":"product_cat-shop-by-brand-it","9":"product_cat-sigarette-elettroniche","10":"product_cat-voopoo-it","11":"desktop-align-center","12":"tablet-align-center","13":"mobile-align-center","14":"ast-product-gallery-layout-horizontal-slider","15":"ast-product-single-variable","16":"ast-product-tabs-layout-horizontal","18":"first","19":"instock","20":"sale","21":"taxable","22":"shipping-taxable","23":"purchasable","24":"product-type-variable"},"acf":[],"uagb_featured_image_src":{"full":["https:\/\/justvape.nu\/wp-content\/uploads\/2023\/04\/3cEBXSJ4.jpeg",600,600,false],"thumbnail":["https:\/\/justvape.nu\/wp-content\/uploads\/2023\/04\/3cEBXSJ4-150x150.jpeg",150,150,true],"medium":["https:\/\/justvape.nu\/wp-content\/uploads\/2023\/04\/3cEBXSJ4-300x300.jpeg",300,300,true],"medium_large":["https:\/\/justvape.nu\/wp-content\/uploads\/2023\/04\/3cEBXSJ4.jpeg",600,600,false],"large":["https:\/\/justvape.nu\/wp-content\/uploads\/2023\/04\/3cEBXSJ4.jpeg",600,600,false],"1536x1536":["https:\/\/justvape.nu\/wp-content\/uploads\/2023\/04\/3cEBXSJ4.jpeg",600,600,false],"2048x2048":["https:\/\/justvape.nu\/wp-content\/uploads\/2023\/04\/3cEBXSJ4.jpeg",600,600,false],"woocommerce_thumbnail":["https:\/\/justvape.nu\/wp-content\/uploads\/2023\/04\/3cEBXSJ4-300x300.jpeg",300,300,true],"woocommerce_single":["https:\/\/justvape.nu\/wp-content\/uploads\/2023\/04\/3cEBXSJ4.jpeg",600,600,false],"woocommerce_gallery_thumbnail":["https:\/\/justvape.nu\/wp-content\/uploads\/2023\/04\/3cEBXSJ4-100x100.jpeg",100,100,true],"dgwt-wcas-product-suggestion":["https:\/\/justvape.nu\/wp-content\/uploads\/2023\/04\/3cEBXSJ4-64x64.jpeg",64,64,true]},"uagb_author_info":{"display_name":"Kenneth Merkur","author_link":"https:\/\/justvape.nu\/it\/author\/"},"uagb_comment_info":0,"uagb_excerpt":"VOOPOO - ARGUS XT KIT","_links":{"self":[{"href":"https:\/\/justvape.nu\/it\/wp-json\/wp\/v2\/product\/584230","targetHints":{"allow":["GET"]}}],"collection":[{"href":"https:\/\/justvape.nu\/it\/wp-json\/wp\/v2\/product"}],"about":[{"href":"https:\/\/justvape.nu\/it\/wp-json\/wp\/v2\/types\/product"}],"replies":[{"embeddable":true,"href":"https:\/\/justvape.nu\/it\/wp-json\/wp\/v2\/comments?post=584230"}],"wp:featuredmedia":[{"embeddable":true,"href":"https:\/\/justvape.nu\/it\/wp-json\/wp\/v2\/media\/583809"}],"wp:attachment":[{"href":"https:\/\/justvape.nu\/it\/wp-json\/wp\/v2\/media?parent=584230"}],"wp:term":[{"taxonomy":"product_brand","embeddable":true,"href":"https:\/\/justvape.nu\/it\/wp-json\/wp\/v2\/product_brand?post=584230"},{"taxonomy":"product_cat","embeddable":true,"href":"https:\/\/justvape.nu\/it\/wp-json\/wp\/v2\/product_cat?post=584230"},{"taxonomy":"product_tag","embeddable":true,"href":"https:\/\/justvape.nu\/it\/wp-json\/wp\/v2\/product_tag?post=584230"}],"curies":[{"name":"wp","href":"https:\/\/api.w.org\/{rel}","templated":true}]}}