{"id":582049,"date":"2023-04-05T22:06:02","date_gmt":"2023-04-05T20:06:02","guid":{"rendered":"https:\/\/justvape.nu\/produkt\/smok-solus-g-box-kit\/"},"modified":"2023-04-05T22:06:02","modified_gmt":"2023-04-05T20:06:02","slug":"smok-solus-g-box-kit","status":"publish","type":"product","link":"https:\/\/justvape.nu\/it\/produkt\/smok-solus-g-box-kit\/","title":{"rendered":"SMOK &#8211; SOLUS G-BOX KIT"},"content":{"rendered":"<h2>SMOK &#8211; SOLUS G-BOX KIT<\/h2>\n<p>Il kit di svapo a cialde Smok Solus G Box \u00e8 ideale per chi si avvicina per la prima volta al mondo del fumo e per i vapers pi\u00f9 esperti. Il kit \u00e8 dotato di una batteria da 700 mAh che eroga una potenza massima di 18W. Questo kit include una capsula con una bobina a rete incorporata progettata per consentire una svapata MTL (Mouth To Lung). Inoltre, \u00e8 presente un cavo USB-C a ricarica rapida e un pratico attacco per il cordino per svapare in movimento.<\/p>\n<p>Questo kit da svapo \u00e8 dotato di attivazione per inalazione, quindi \u00e8 sufficiente soffiare sul bocchino per svapare. Inoltre, non ci sono pulsanti o schermi su questo kit, il che significa che non ci sono menu complicati da navigare o impostazioni da modificare: basta collegare la capsula e il kit \u00e8 pronto all&#8217;uso. La capsula inclusa in questo kit \u00e8 stata progettata per una svapata che assomiglia molto a una sigaretta e crea una piccola quantit\u00e0 di vapore.<\/p>\n<p>La Solus G Box viene fornita con una capsula Smok Solus 2, dotata di una bobina a rete incorporata, che si riscalda pi\u00f9 rapidamente, migliorando la produzione di aromi. Questo dispositivo \u00e8 anche compatibile con le cialde sostitutive Smok Solus. Entrambi i tipi di cialde hanno un tappo di gomma sul lato che pu\u00f2 essere rimosso per rivelare una porta per l&#8217;e-liquid per una facile ricarica. Si consiglia di abbinare questo kit a e-liquid con una concentrazione di PG 50\/50 o elevata.<\/p>\n<p><a href=\"https:\/\/justvape.nu\/wp-content\/uploads\/2018\/05\/Color-Schemes.png\"><img loading=\"lazy\" decoding=\"async\" class=\"alignnone size-full wp-image-19187\" src=\"https:\/\/justvape.nu\/wp-content\/uploads\/2018\/05\/Color-Schemes.png\" alt=\"\" width=\"950\" height=\"64\" title=\"\" srcset=\"https:\/\/justvape.nu\/wp-content\/uploads\/2018\/05\/Color-Schemes.png 950w, https:\/\/justvape.nu\/wp-content\/uploads\/2018\/05\/Color-Schemes-555x37.png 555w, https:\/\/justvape.nu\/wp-content\/uploads\/2018\/05\/Color-Schemes-64x4.png 64w, https:\/\/justvape.nu\/wp-content\/uploads\/2018\/05\/Color-Schemes-300x20.png 300w, https:\/\/justvape.nu\/wp-content\/uploads\/2018\/05\/Color-Schemes-768x52.png 768w\" sizes=\"auto, (max-width: 950px) 100vw, 950px\" \/><\/a><\/p>\n<p><a href=\"https:\/\/justvape.nu\/wp-content\/uploads\/2023\/04\/solus_g_box_kit_colourways.png\"><img loading=\"lazy\" decoding=\"async\" class=\"alignnone wp-image-581809\" src=\"https:\/\/justvape.nu\/wp-content\/uploads\/2023\/04\/solus_g_box_kit_colourways.png\" alt=\"\" width=\"801\" height=\"434\" title=\"\" srcset=\"https:\/\/justvape.nu\/wp-content\/uploads\/2023\/04\/solus_g_box_kit_colourways.png 685w, https:\/\/justvape.nu\/wp-content\/uploads\/2023\/04\/solus_g_box_kit_colourways-600x325.png 600w, https:\/\/justvape.nu\/wp-content\/uploads\/2023\/04\/solus_g_box_kit_colourways-64x35.png 64w, https:\/\/justvape.nu\/wp-content\/uploads\/2023\/04\/solus_g_box_kit_colourways-300x162.png 300w\" sizes=\"auto, (max-width: 801px) 100vw, 801px\" \/><\/a><\/p>\n<p><a href=\"https:\/\/justvape.nu\/wp-content\/uploads\/2018\/05\/Features.png\"><img loading=\"lazy\" decoding=\"async\" class=\"alignnone size-full wp-image-248459\" src=\"https:\/\/justvape.nu\/wp-content\/uploads\/2018\/05\/Features.png\" alt=\"\" width=\"950\" height=\"64\" title=\"\" srcset=\"https:\/\/justvape.nu\/wp-content\/uploads\/2018\/05\/Features.png 950w, https:\/\/justvape.nu\/wp-content\/uploads\/2018\/05\/Features-600x40.png 600w, https:\/\/justvape.nu\/wp-content\/uploads\/2018\/05\/Features-64x4.png 64w, https:\/\/justvape.nu\/wp-content\/uploads\/2018\/05\/Features-300x20.png 300w, https:\/\/justvape.nu\/wp-content\/uploads\/2018\/05\/Features-768x52.png 768w\" sizes=\"auto, (max-width: 950px) 100vw, 950px\" \/><\/a><\/p>\n<ul>\n<li>Kit Pod MTL<\/li>\n<li>per principianti<\/li>\n<li>Cialde ricaricabili da 2 ml<\/li>\n<li>Inspirare attivato<\/li>\n<li>Batteria integrata da 700 mAh<\/li>\n<li>Struttura compatta<\/li>\n<\/ul>\n<p><a href=\"https:\/\/justvape.nu\/wp-content\/uploads\/2023\/04\/SOLUS-G-BOX-1.jpg\"><img loading=\"lazy\" decoding=\"async\" class=\"alignnone wp-image-581817\" src=\"https:\/\/justvape.nu\/wp-content\/uploads\/2023\/04\/SOLUS-G-BOX-1.jpg\" alt=\"\" width=\"802\" height=\"450\" title=\"\" srcset=\"https:\/\/justvape.nu\/wp-content\/uploads\/2023\/04\/SOLUS-G-BOX-1.jpg 1200w, https:\/\/justvape.nu\/wp-content\/uploads\/2023\/04\/SOLUS-G-BOX-1-600x337.jpg 600w, https:\/\/justvape.nu\/wp-content\/uploads\/2023\/04\/SOLUS-G-BOX-1-64x36.jpg 64w, https:\/\/justvape.nu\/wp-content\/uploads\/2023\/04\/SOLUS-G-BOX-1-300x168.jpg 300w, https:\/\/justvape.nu\/wp-content\/uploads\/2023\/04\/SOLUS-G-BOX-1-1024x574.jpg 1024w, https:\/\/justvape.nu\/wp-content\/uploads\/2023\/04\/SOLUS-G-BOX-1-768x431.jpg 768w\" sizes=\"auto, (max-width: 802px) 100vw, 802px\" \/><\/a><\/p>\n<p><a href=\"https:\/\/justvape.nu\/wp-content\/uploads\/2018\/05\/Packing-List.png\"><img loading=\"lazy\" decoding=\"async\" class=\"alignnone size-full wp-image-248468\" src=\"https:\/\/justvape.nu\/wp-content\/uploads\/2018\/05\/Packing-List.png\" alt=\"\" width=\"950\" height=\"64\" title=\"\" srcset=\"https:\/\/justvape.nu\/wp-content\/uploads\/2018\/05\/Packing-List.png 950w, https:\/\/justvape.nu\/wp-content\/uploads\/2018\/05\/Packing-List-600x40.png 600w, https:\/\/justvape.nu\/wp-content\/uploads\/2018\/05\/Packing-List-64x4.png 64w, https:\/\/justvape.nu\/wp-content\/uploads\/2018\/05\/Packing-List-300x20.png 300w, https:\/\/justvape.nu\/wp-content\/uploads\/2018\/05\/Packing-List-768x52.png 768w\" sizes=\"auto, (max-width: 950px) 100vw, 950px\" \/><\/a><\/p>\n<ul>\n<li>Smok Solus G Box Dispositivo di Vape<\/li>\n<li>0,9 Ohm Smok Solus 2 Pod<\/li>\n<li>Cavo di ricarica USB-C<\/li>\n<li>Cordino<\/li>\n<li>Manuale d&#8217;uso<\/li>\n<\/ul>\n","protected":false},"excerpt":{"rendered":"<p>SMOK &#8211; SOLUS G-BOX KIT<\/p>\n","protected":false},"featured_media":581837,"comment_status":"open","ping_status":"closed","template":"","meta":{"_acf_changed":false,"_uag_custom_page_level_css":"","site-sidebar-layout":"default","site-content-layout":"default","ast-site-content-layout":"default","site-content-style":"default","site-sidebar-style":"default","ast-global-header-display":"","ast-banner-title-visibility":"","ast-main-header-display":"","ast-hfb-above-header-display":"","ast-hfb-below-header-display":"","ast-hfb-mobile-header-display":"","site-post-title":"","ast-breadcrumbs-content":"","ast-featured-img":"","footer-sml-layout":"","ast-disable-related-posts":"","theme-transparent-header-meta":"default","adv-header-id-meta":"","stick-header-meta":"default","header-above-stick-meta":"","header-main-stick-meta":"","header-below-stick-meta":"","astra-migrate-meta-layouts":"default","ast-page-background-enabled":"default","ast-page-background-meta":{"desktop":{"background-color":"","background-image":"","background-repeat":"repeat","background-position":"center center","background-size":"auto","background-attachment":"scroll","background-type":"","background-media":"","overlay-type":"","overlay-color":"","overlay-opacity":"","overlay-gradient":""},"tablet":{"background-color":"","background-image":"","background-repeat":"repeat","background-position":"center center","background-size":"auto","background-attachment":"scroll","background-type":"","background-media":"","overlay-type":"","overlay-color":"","overlay-opacity":"","overlay-gradient":""},"mobile":{"background-color":"","background-image":"","background-repeat":"repeat","background-position":"center center","background-size":"auto","background-attachment":"scroll","background-type":"","background-media":"","overlay-type":"","overlay-color":"","overlay-opacity":"","overlay-gradient":""}},"ast-content-background-meta":{"desktop":{"background-color":"var(--ast-global-color-5)","background-image":"","background-repeat":"repeat","background-position":"center center","background-size":"auto","background-attachment":"scroll","background-type":"","background-media":"","overlay-type":"","overlay-color":"","overlay-opacity":"","overlay-gradient":""},"tablet":{"background-color":"var(--ast-global-color-5)","background-image":"","background-repeat":"repeat","background-position":"center center","background-size":"auto","background-attachment":"scroll","background-type":"","background-media":"","overlay-type":"","overlay-color":"","overlay-opacity":"","overlay-gradient":""},"mobile":{"background-color":"var(--ast-global-color-5)","background-image":"","background-repeat":"repeat","background-position":"center center","background-size":"auto","background-attachment":"scroll","background-type":"","background-media":"","overlay-type":"","overlay-color":"","overlay-opacity":"","overlay-gradient":""}}},"product_brand":[],"product_cat":[2517,2079,2518,2069,3375],"product_tag":[],"class_list":{"0":"post-582049","1":"product","2":"type-product","3":"status-publish","4":"has-post-thumbnail","6":"product_cat-hardware-it","7":"product_cat-kit-per-principianti-e-pod","8":"product_cat-shop-by-brand-it","9":"product_cat-sigarette-elettroniche","10":"product_cat-smok-it","11":"desktop-align-center","12":"tablet-align-center","13":"mobile-align-center","14":"ast-product-gallery-layout-horizontal-slider","15":"ast-product-single-variable","16":"ast-product-tabs-layout-horizontal","18":"first","19":"instock","20":"sale","21":"taxable","22":"shipping-taxable","23":"purchasable","24":"product-type-variable"},"acf":[],"uagb_featured_image_src":{"full":["https:\/\/justvape.nu\/wp-content\/uploads\/2023\/04\/Mv-GYcwI.jpeg",600,600,false],"thumbnail":["https:\/\/justvape.nu\/wp-content\/uploads\/2023\/04\/Mv-GYcwI-150x150.jpeg",150,150,true],"medium":["https:\/\/justvape.nu\/wp-content\/uploads\/2023\/04\/Mv-GYcwI-300x300.jpeg",300,300,true],"medium_large":["https:\/\/justvape.nu\/wp-content\/uploads\/2023\/04\/Mv-GYcwI.jpeg",600,600,false],"large":["https:\/\/justvape.nu\/wp-content\/uploads\/2023\/04\/Mv-GYcwI.jpeg",600,600,false],"1536x1536":["https:\/\/justvape.nu\/wp-content\/uploads\/2023\/04\/Mv-GYcwI.jpeg",600,600,false],"2048x2048":["https:\/\/justvape.nu\/wp-content\/uploads\/2023\/04\/Mv-GYcwI.jpeg",600,600,false],"woocommerce_thumbnail":["https:\/\/justvape.nu\/wp-content\/uploads\/2023\/04\/Mv-GYcwI-300x300.jpeg",300,300,true],"woocommerce_single":["https:\/\/justvape.nu\/wp-content\/uploads\/2023\/04\/Mv-GYcwI.jpeg",600,600,false],"woocommerce_gallery_thumbnail":["https:\/\/justvape.nu\/wp-content\/uploads\/2023\/04\/Mv-GYcwI-100x100.jpeg",100,100,true],"dgwt-wcas-product-suggestion":["https:\/\/justvape.nu\/wp-content\/uploads\/2023\/04\/Mv-GYcwI-64x64.jpeg",64,64,true]},"uagb_author_info":{"display_name":"Kenneth Merkur","author_link":"https:\/\/justvape.nu\/it\/author\/"},"uagb_comment_info":0,"uagb_excerpt":"SMOK - SOLUS G-BOX KIT","_links":{"self":[{"href":"https:\/\/justvape.nu\/it\/wp-json\/wp\/v2\/product\/582049","targetHints":{"allow":["GET"]}}],"collection":[{"href":"https:\/\/justvape.nu\/it\/wp-json\/wp\/v2\/product"}],"about":[{"href":"https:\/\/justvape.nu\/it\/wp-json\/wp\/v2\/types\/product"}],"replies":[{"embeddable":true,"href":"https:\/\/justvape.nu\/it\/wp-json\/wp\/v2\/comments?post=582049"}],"wp:featuredmedia":[{"embeddable":true,"href":"https:\/\/justvape.nu\/it\/wp-json\/wp\/v2\/media\/581837"}],"wp:attachment":[{"href":"https:\/\/justvape.nu\/it\/wp-json\/wp\/v2\/media?parent=582049"}],"wp:term":[{"taxonomy":"product_brand","embeddable":true,"href":"https:\/\/justvape.nu\/it\/wp-json\/wp\/v2\/product_brand?post=582049"},{"taxonomy":"product_cat","embeddable":true,"href":"https:\/\/justvape.nu\/it\/wp-json\/wp\/v2\/product_cat?post=582049"},{"taxonomy":"product_tag","embeddable":true,"href":"https:\/\/justvape.nu\/it\/wp-json\/wp\/v2\/product_tag?post=582049"}],"curies":[{"name":"wp","href":"https:\/\/api.w.org\/{rel}","templated":true}]}}