{"id":577321,"date":"2023-03-22T10:19:57","date_gmt":"2023-03-22T09:19:57","guid":{"rendered":"https:\/\/justvape.nu\/produkt\/lost-vape-ursa-baby-pro-pod-kit\/"},"modified":"2023-03-22T11:31:21","modified_gmt":"2023-03-22T10:31:21","slug":"lost-vape-ursa-baby-pro-pod-kit","status":"publish","type":"product","link":"https:\/\/justvape.nu\/it\/produkt\/lost-vape-ursa-baby-pro-pod-kit\/","title":{"rendered":"LOST VAPE &#8211; URSA BABY PRO POD KIT"},"content":{"rendered":"<h2>LOST VAPE &#8211; URSA BABY PRO POD KIT<\/h2>\n<p>Il kit di Lost Vape Ursa Baby Pro \u00e8 un dispositivo compatto e conveniente, perfetto per i vapers che cercano un dispositivo facile da portare in giro. Dispone di una batteria integrata con una capacit\u00e0 di 900 mAh, che garantisce lunghe sessioni di svapo. La potenza massima \u00e8 di 25W, ideale per lo svapo MTL (Mouth To Lung) o RDTL (Restricted Direct To Lung).<\/p>\n<p>Nella confezione sono incluse due pod, una pod Ursa da 0,6ohm e una pod vuota che pu\u00f2 essere utilizzata con le UB Mini Coils. Viene inoltre fornita con una bobina UB Mini S1. Con il pulsante sopra il display, \u00e8 possibile aumentare il wattaggio per ottenere nuvole pi\u00f9 grandi o abbassarlo per una minore produzione di vapore.<\/p>\n<p>Il rifornimento del kit Ursa Baby Pro \u00e8 facile grazie alla capsula Ursa Nano a riempimento laterale. \u00c8 sufficiente rimuovere il tappo in silicone per scoprire la porta di riempimento e rabboccare con l&#8217;e-liquid scelto. Per ottenere i migliori risultati, suggeriamo di utilizzare un e-liquid con una concentrazione 50\/50 o alta di PG per ottenere il massimo dal vostro kit. Inoltre, \u00e8 possibile impostare l&#8217;inalazione in modo che risulti pi\u00f9 stretta o pi\u00f9 morbida grazie alla funzione di flusso d&#8217;aria regolabile. Questa funzione consente di personalizzare l&#8217;esperienza di svapo a proprio piacimento, sia che si preferisca un&#8217;estrazione pi\u00f9 stretta o pi\u00f9 lenta. Nel complesso, il kit di Lost Vape Ursa Baby Pro \u00e8 un&#8217;ottima scelta per i vapers che cercano un dispositivo compatto, conveniente e personalizzabile.<\/p>\n<p><a href=\"https:\/\/justvape.nu\/wp-content\/uploads\/2018\/05\/Color-Schemes.png\"><img loading=\"lazy\" decoding=\"async\" class=\"alignnone size-full wp-image-19187\" src=\"https:\/\/justvape.nu\/wp-content\/uploads\/2018\/05\/Color-Schemes.png\" alt=\"\" width=\"950\" height=\"64\" title=\"\" srcset=\"https:\/\/justvape.nu\/wp-content\/uploads\/2018\/05\/Color-Schemes.png 950w, https:\/\/justvape.nu\/wp-content\/uploads\/2018\/05\/Color-Schemes-555x37.png 555w, https:\/\/justvape.nu\/wp-content\/uploads\/2018\/05\/Color-Schemes-64x4.png 64w, https:\/\/justvape.nu\/wp-content\/uploads\/2018\/05\/Color-Schemes-300x20.png 300w, https:\/\/justvape.nu\/wp-content\/uploads\/2018\/05\/Color-Schemes-768x52.png 768w\" sizes=\"auto, (max-width: 950px) 100vw, 950px\" \/><\/a><\/p>\n<p class=\"description-img-center\"><a href=\"https:\/\/justvape.nu\/wp-content\/uploads\/2023\/03\/Lost_Vape_Ursa_Baby_Pro_Kit_Colors.jpg\"><img loading=\"lazy\" decoding=\"async\" class=\"alignnone wp-image-577105\" src=\"https:\/\/justvape.nu\/wp-content\/uploads\/2023\/03\/Lost_Vape_Ursa_Baby_Pro_Kit_Colors.jpg\" alt=\"\" width=\"929\" height=\"611\" title=\"\" srcset=\"https:\/\/justvape.nu\/wp-content\/uploads\/2023\/03\/Lost_Vape_Ursa_Baby_Pro_Kit_Colors.jpg 800w, https:\/\/justvape.nu\/wp-content\/uploads\/2023\/03\/Lost_Vape_Ursa_Baby_Pro_Kit_Colors-600x395.jpg 600w, https:\/\/justvape.nu\/wp-content\/uploads\/2023\/03\/Lost_Vape_Ursa_Baby_Pro_Kit_Colors-64x42.jpg 64w, https:\/\/justvape.nu\/wp-content\/uploads\/2023\/03\/Lost_Vape_Ursa_Baby_Pro_Kit_Colors-300x197.jpg 300w, https:\/\/justvape.nu\/wp-content\/uploads\/2023\/03\/Lost_Vape_Ursa_Baby_Pro_Kit_Colors-768x505.jpg 768w\" sizes=\"auto, (max-width: 929px) 100vw, 929px\" \/><\/a><\/p>\n<div class=\"shop-features \">\n<h2 class=\"shop-features-title \"><a href=\"https:\/\/justvape.nu\/wp-content\/uploads\/2018\/05\/Specifications.png\"><img loading=\"lazy\" decoding=\"async\" class=\"alignnone size-full wp-image-248449\" src=\"https:\/\/justvape.nu\/wp-content\/uploads\/2018\/05\/Specifications.png\" alt=\"\" width=\"950\" height=\"64\" title=\"\" srcset=\"https:\/\/justvape.nu\/wp-content\/uploads\/2018\/05\/Specifications.png 950w, https:\/\/justvape.nu\/wp-content\/uploads\/2018\/05\/Specifications-600x40.png 600w, https:\/\/justvape.nu\/wp-content\/uploads\/2018\/05\/Specifications-64x4.png 64w, https:\/\/justvape.nu\/wp-content\/uploads\/2018\/05\/Specifications-300x20.png 300w, https:\/\/justvape.nu\/wp-content\/uploads\/2018\/05\/Specifications-768x52.png 768w\" sizes=\"auto, (max-width: 950px) 100vw, 950px\" \/><\/a><\/h2>\n<p>&nbsp;<\/p>\n<\/div>\n<p><strong class=\"description-little-title\">Parametri dell&#8217;Ursa Baby Pro:<\/strong><\/p>\n<table class=\"description-table\">\n<tbody>\n<tr>\n<td class=\"strong-title \">Marchio<\/td>\n<td class=\"inline\">Lost Vape<\/td>\n<\/tr>\n<tr>\n<td class=\"strong-title \">Nome del prodotto<\/td>\n<td class=\"inline\">Kit Ursa Baby Pro<\/td>\n<\/tr>\n<tr>\n<td class=\"strong-title \">Dimensione<\/td>\n<td class=\"inline\">46,5*15,2*71,6 mm<\/td>\n<\/tr>\n<tr>\n<td class=\"strong-title \">Capacit\u00e0 del serbatoio<\/td>\n<td class=\"inline\">2ml<\/td>\n<\/tr>\n<tr>\n<td class=\"strong-title \">Batteria<\/td>\n<td class=\"inline\">900 mAh<\/td>\n<\/tr>\n<tr>\n<td class=\"strong-title \">Tensione della batteria<\/td>\n<td class=\"inline\">3.2V-4.2V<\/td>\n<\/tr>\n<tr>\n<td class=\"strong-title \">Gamma di potenza<\/td>\n<td class=\"inline\">5-25W<\/td>\n<\/tr>\n<tr>\n<td class=\"strong-title \">Materiale del corpo<\/td>\n<td class=\"inline\">Lega di zinco<\/td>\n<\/tr>\n<tr>\n<td class=\"strong-title \">Chip<\/td>\n<td class=\"inline\">Chip Quest<\/td>\n<\/tr>\n<tr>\n<td class=\"strong-title \">Tensione di uscita<\/td>\n<td class=\"inline\">1,7V-3,9V<\/td>\n<\/tr>\n<tr>\n<td class=\"strong-title \">Visualizza<\/td>\n<td class=\"inline\">Schermo OLED da 0,42 pollici<\/td>\n<\/tr>\n<tr>\n<td class=\"strong-title \">Carica<\/td>\n<td class=\"inline\">Tipo-C, 5V\/2A<\/td>\n<\/tr>\n<tr>\n<td class=\"strong-title \">Flusso d&#8217;aria<\/td>\n<td class=\"inline\">Valvola del flusso d&#8217;aria di facile accesso<\/td>\n<\/tr>\n<tr>\n<td class=\"strong-title \">Colore<\/td>\n<td class=\"inline\">Espresso canna di fucile, nero classico, blu navy, bianco perla, cavaliere d&#8217;oro, argento, verde smeraldo, blu ghiaccio, rosa sakuka.<\/td>\n<\/tr>\n<\/tbody>\n<\/table>\n<div class=\"shop-features \">\n<h2 class=\"shop-features-title \"><a href=\"https:\/\/justvape.nu\/wp-content\/uploads\/2018\/05\/Features.png\"><img loading=\"lazy\" decoding=\"async\" class=\"alignnone size-full wp-image-248459\" src=\"https:\/\/justvape.nu\/wp-content\/uploads\/2018\/05\/Features.png\" alt=\"\" width=\"950\" height=\"64\" title=\"\" srcset=\"https:\/\/justvape.nu\/wp-content\/uploads\/2018\/05\/Features.png 950w, https:\/\/justvape.nu\/wp-content\/uploads\/2018\/05\/Features-600x40.png 600w, https:\/\/justvape.nu\/wp-content\/uploads\/2018\/05\/Features-64x4.png 64w, https:\/\/justvape.nu\/wp-content\/uploads\/2018\/05\/Features-300x20.png 300w, https:\/\/justvape.nu\/wp-content\/uploads\/2018\/05\/Features-768x52.png 768w\" sizes=\"auto, (max-width: 950px) 100vw, 950px\" \/><\/a><\/h2>\n<p>&nbsp;<\/p>\n<\/div>\n<p><strong class=\"description-little-title\">Lost Vape Ursa Baby Pro Dettagli:<\/strong><\/p>\n<ul>\n<li style=\"list-style-type: none;\">\n<ul>\n<li>1. Lega di zinco solida come la roccia, max 25W<\/li>\n<li>2. Con una cartuccia Ursa aggiornata<\/li>\n<li>3. Compatibile con sale\/freebase<\/li>\n<li>4. Supporta tutti gli MTL a MTL e RL sciolti.<\/li>\n<li>5. Protezioni di sicurezza: Protezione da cortocircuito\/batteria scarica\/sovracapo.<\/li>\n<\/ul>\n<\/li>\n<\/ul>\n<div class=\"img-show-more\">\n<div id=\"img_content_less\" class=\"img-content add-more\">\n<p class=\"description-img-center\"><a href=\"https:\/\/justvape.nu\/wp-content\/uploads\/2023\/03\/Lost_Vape_Ursa_Baby_Pro_Kit_25W.jpg\"><img loading=\"lazy\" decoding=\"async\" class=\"alignnone size-full wp-image-577114\" src=\"https:\/\/justvape.nu\/wp-content\/uploads\/2023\/03\/Lost_Vape_Ursa_Baby_Pro_Kit_25W.jpg\" alt=\"\" width=\"831\" height=\"374\" title=\"\" srcset=\"https:\/\/justvape.nu\/wp-content\/uploads\/2023\/03\/Lost_Vape_Ursa_Baby_Pro_Kit_25W.jpg 831w, https:\/\/justvape.nu\/wp-content\/uploads\/2023\/03\/Lost_Vape_Ursa_Baby_Pro_Kit_25W-600x270.jpg 600w, https:\/\/justvape.nu\/wp-content\/uploads\/2023\/03\/Lost_Vape_Ursa_Baby_Pro_Kit_25W-64x29.jpg 64w, https:\/\/justvape.nu\/wp-content\/uploads\/2023\/03\/Lost_Vape_Ursa_Baby_Pro_Kit_25W-300x135.jpg 300w, https:\/\/justvape.nu\/wp-content\/uploads\/2023\/03\/Lost_Vape_Ursa_Baby_Pro_Kit_25W-768x346.jpg 768w\" sizes=\"auto, (max-width: 831px) 100vw, 831px\" \/><\/a> <a href=\"https:\/\/justvape.nu\/wp-content\/uploads\/2023\/03\/Lost_Vape_Ursa_Baby_Pro_Kit_Airflow_Range.jpg\"><img loading=\"lazy\" decoding=\"async\" class=\"alignnone size-full wp-image-577123\" src=\"https:\/\/justvape.nu\/wp-content\/uploads\/2023\/03\/Lost_Vape_Ursa_Baby_Pro_Kit_Airflow_Range.jpg\" alt=\"\" width=\"831\" height=\"436\" title=\"\" srcset=\"https:\/\/justvape.nu\/wp-content\/uploads\/2023\/03\/Lost_Vape_Ursa_Baby_Pro_Kit_Airflow_Range.jpg 831w, https:\/\/justvape.nu\/wp-content\/uploads\/2023\/03\/Lost_Vape_Ursa_Baby_Pro_Kit_Airflow_Range-600x315.jpg 600w, https:\/\/justvape.nu\/wp-content\/uploads\/2023\/03\/Lost_Vape_Ursa_Baby_Pro_Kit_Airflow_Range-64x34.jpg 64w, https:\/\/justvape.nu\/wp-content\/uploads\/2023\/03\/Lost_Vape_Ursa_Baby_Pro_Kit_Airflow_Range-300x157.jpg 300w, https:\/\/justvape.nu\/wp-content\/uploads\/2023\/03\/Lost_Vape_Ursa_Baby_Pro_Kit_Airflow_Range-768x403.jpg 768w\" sizes=\"auto, (max-width: 831px) 100vw, 831px\" \/><\/a> <a href=\"https:\/\/justvape.nu\/wp-content\/uploads\/2023\/03\/Lost_Vape_Ursa_Baby_Pro_Kit_Cartridge.jpg\"><img loading=\"lazy\" decoding=\"async\" class=\"alignnone size-full wp-image-577132\" src=\"https:\/\/justvape.nu\/wp-content\/uploads\/2023\/03\/Lost_Vape_Ursa_Baby_Pro_Kit_Cartridge.jpg\" alt=\"\" width=\"831\" height=\"441\" title=\"\" srcset=\"https:\/\/justvape.nu\/wp-content\/uploads\/2023\/03\/Lost_Vape_Ursa_Baby_Pro_Kit_Cartridge.jpg 831w, https:\/\/justvape.nu\/wp-content\/uploads\/2023\/03\/Lost_Vape_Ursa_Baby_Pro_Kit_Cartridge-600x318.jpg 600w, https:\/\/justvape.nu\/wp-content\/uploads\/2023\/03\/Lost_Vape_Ursa_Baby_Pro_Kit_Cartridge-64x34.jpg 64w, https:\/\/justvape.nu\/wp-content\/uploads\/2023\/03\/Lost_Vape_Ursa_Baby_Pro_Kit_Cartridge-300x159.jpg 300w, https:\/\/justvape.nu\/wp-content\/uploads\/2023\/03\/Lost_Vape_Ursa_Baby_Pro_Kit_Cartridge-768x408.jpg 768w\" sizes=\"auto, (max-width: 831px) 100vw, 831px\" \/><\/a><\/p>\n<\/div>\n<\/div>\n<div class=\"shop-features \">\n<h2 class=\"shop-features-title \"><a href=\"https:\/\/justvape.nu\/wp-content\/uploads\/2018\/04\/Packing-List.png\"><img loading=\"lazy\" decoding=\"async\" class=\"alignnone size-full wp-image-18999\" src=\"https:\/\/justvape.nu\/wp-content\/uploads\/2018\/04\/Packing-List.png\" alt=\"\" width=\"950\" height=\"64\" title=\"\" srcset=\"https:\/\/justvape.nu\/wp-content\/uploads\/2018\/04\/Packing-List.png 950w, https:\/\/justvape.nu\/wp-content\/uploads\/2018\/04\/Packing-List-555x37.png 555w, https:\/\/justvape.nu\/wp-content\/uploads\/2018\/04\/Packing-List-64x4.png 64w, https:\/\/justvape.nu\/wp-content\/uploads\/2018\/04\/Packing-List-300x20.png 300w, https:\/\/justvape.nu\/wp-content\/uploads\/2018\/04\/Packing-List-768x52.png 768w\" sizes=\"auto, (max-width: 950px) 100vw, 950px\" \/><\/a><\/h2>\n<p>&nbsp;<\/p>\n<\/div>\n<p><strong class=\"description-little-title \">La confezione di Lost Vape Ursa Baby Pro Pod Kit viene fornita con:<\/strong><\/p>\n<p>1* Dispositivo Ursa Baby Pro Pod<br \/>\n1* Cartuccia vuota Ursa<br \/>\n1* Cartuccia Ursa da 0,6ohm<br \/>\n1* UB Mini S1 Coil 0.8ohm<br \/>\n1* Cavo di ricarica di tipo C<br \/>\n1* cordino<br \/>\n1 * Manuale dell&#8217;utente<br \/>\n1* Scheda di garanzia<\/p>\n<p class=\"description-img-center \"><a href=\"https:\/\/justvape.nu\/wp-content\/uploads\/2023\/03\/Lost_Vape_Ursa_Baby_Pro_Kit_Package_List.jpg\"><img loading=\"lazy\" decoding=\"async\" class=\"alignnone size-full wp-image-577141\" src=\"https:\/\/justvape.nu\/wp-content\/uploads\/2023\/03\/Lost_Vape_Ursa_Baby_Pro_Kit_Package_List.jpg\" alt=\"\" width=\"831\" height=\"310\" title=\"\" srcset=\"https:\/\/justvape.nu\/wp-content\/uploads\/2023\/03\/Lost_Vape_Ursa_Baby_Pro_Kit_Package_List.jpg 831w, https:\/\/justvape.nu\/wp-content\/uploads\/2023\/03\/Lost_Vape_Ursa_Baby_Pro_Kit_Package_List-600x224.jpg 600w, https:\/\/justvape.nu\/wp-content\/uploads\/2023\/03\/Lost_Vape_Ursa_Baby_Pro_Kit_Package_List-64x24.jpg 64w, https:\/\/justvape.nu\/wp-content\/uploads\/2023\/03\/Lost_Vape_Ursa_Baby_Pro_Kit_Package_List-300x112.jpg 300w, https:\/\/justvape.nu\/wp-content\/uploads\/2023\/03\/Lost_Vape_Ursa_Baby_Pro_Kit_Package_List-768x286.jpg 768w\" sizes=\"auto, (max-width: 831px) 100vw, 831px\" \/><\/a><\/p>\n","protected":false},"excerpt":{"rendered":"<p>LOST VAPE &#8211; URSA BABY PRO POD KIT<\/p>\n","protected":false},"featured_media":577165,"comment_status":"open","ping_status":"closed","template":"","meta":{"_acf_changed":false,"_uag_custom_page_level_css":"","site-sidebar-layout":"default","site-content-layout":"default","ast-site-content-layout":"default","site-content-style":"default","site-sidebar-style":"default","ast-global-header-display":"","ast-banner-title-visibility":"","ast-main-header-display":"","ast-hfb-above-header-display":"","ast-hfb-below-header-display":"","ast-hfb-mobile-header-display":"","site-post-title":"","ast-breadcrumbs-content":"","ast-featured-img":"","footer-sml-layout":"","ast-disable-related-posts":"","theme-transparent-header-meta":"default","adv-header-id-meta":"","stick-header-meta":"default","header-above-stick-meta":"","header-main-stick-meta":"","header-below-stick-meta":"","astra-migrate-meta-layouts":"default","ast-page-background-enabled":"default","ast-page-background-meta":{"desktop":{"background-color":"","background-image":"","background-repeat":"repeat","background-position":"center center","background-size":"auto","background-attachment":"scroll","background-type":"","background-media":"","overlay-type":"","overlay-color":"","overlay-opacity":"","overlay-gradient":""},"tablet":{"background-color":"","background-image":"","background-repeat":"repeat","background-position":"center center","background-size":"auto","background-attachment":"scroll","background-type":"","background-media":"","overlay-type":"","overlay-color":"","overlay-opacity":"","overlay-gradient":""},"mobile":{"background-color":"","background-image":"","background-repeat":"repeat","background-position":"center center","background-size":"auto","background-attachment":"scroll","background-type":"","background-media":"","overlay-type":"","overlay-color":"","overlay-opacity":"","overlay-gradient":""}},"ast-content-background-meta":{"desktop":{"background-color":"var(--ast-global-color-5)","background-image":"","background-repeat":"repeat","background-position":"center center","background-size":"auto","background-attachment":"scroll","background-type":"","background-media":"","overlay-type":"","overlay-color":"","overlay-opacity":"","overlay-gradient":""},"tablet":{"background-color":"var(--ast-global-color-5)","background-image":"","background-repeat":"repeat","background-position":"center center","background-size":"auto","background-attachment":"scroll","background-type":"","background-media":"","overlay-type":"","overlay-color":"","overlay-opacity":"","overlay-gradient":""},"mobile":{"background-color":"var(--ast-global-color-5)","background-image":"","background-repeat":"repeat","background-position":"center center","background-size":"auto","background-attachment":"scroll","background-type":"","background-media":"","overlay-type":"","overlay-color":"","overlay-opacity":"","overlay-gradient":""}}},"product_brand":[],"product_cat":[2517,2079,4810,2518,2069],"product_tag":[],"class_list":{"0":"post-577321","1":"product","2":"type-product","3":"status-publish","4":"has-post-thumbnail","6":"product_cat-hardware-it","7":"product_cat-kit-per-principianti-e-pod","8":"product_cat-lost-vape-it","9":"product_cat-shop-by-brand-it","10":"product_cat-sigarette-elettroniche","11":"desktop-align-center","12":"tablet-align-center","13":"mobile-align-center","14":"ast-product-gallery-layout-horizontal-slider","15":"ast-product-gallery-with-no-image","16":"ast-product-single-variable","17":"ast-product-tabs-layout-horizontal","19":"first","20":"instock","21":"sale","22":"taxable","23":"shipping-taxable","24":"purchasable","25":"product-type-variable"},"acf":[],"uagb_featured_image_src":{"full":["https:\/\/justvape.nu\/wp-content\/uploads\/2023\/03\/Lost-Vape-Ursa-Baby-Pro-Pod-Kit.jpg",840,840,false],"thumbnail":["https:\/\/justvape.nu\/wp-content\/uploads\/2023\/03\/Lost-Vape-Ursa-Baby-Pro-Pod-Kit-150x150.jpg",150,150,true],"medium":["https:\/\/justvape.nu\/wp-content\/uploads\/2023\/03\/Lost-Vape-Ursa-Baby-Pro-Pod-Kit-300x300.jpg",300,300,true],"medium_large":["https:\/\/justvape.nu\/wp-content\/uploads\/2023\/03\/Lost-Vape-Ursa-Baby-Pro-Pod-Kit-768x768.jpg",768,768,true],"large":["https:\/\/justvape.nu\/wp-content\/uploads\/2023\/03\/Lost-Vape-Ursa-Baby-Pro-Pod-Kit.jpg",840,840,false],"1536x1536":["https:\/\/justvape.nu\/wp-content\/uploads\/2023\/03\/Lost-Vape-Ursa-Baby-Pro-Pod-Kit.jpg",840,840,false],"2048x2048":["https:\/\/justvape.nu\/wp-content\/uploads\/2023\/03\/Lost-Vape-Ursa-Baby-Pro-Pod-Kit.jpg",840,840,false],"woocommerce_thumbnail":["https:\/\/justvape.nu\/wp-content\/uploads\/2023\/03\/Lost-Vape-Ursa-Baby-Pro-Pod-Kit-300x300.jpg",300,300,true],"woocommerce_single":["https:\/\/justvape.nu\/wp-content\/uploads\/2023\/03\/Lost-Vape-Ursa-Baby-Pro-Pod-Kit-600x600.jpg",600,600,true],"woocommerce_gallery_thumbnail":["https:\/\/justvape.nu\/wp-content\/uploads\/2023\/03\/Lost-Vape-Ursa-Baby-Pro-Pod-Kit-100x100.jpg",100,100,true],"dgwt-wcas-product-suggestion":["https:\/\/justvape.nu\/wp-content\/uploads\/2023\/03\/Lost-Vape-Ursa-Baby-Pro-Pod-Kit-64x64.jpg",64,64,true]},"uagb_author_info":{"display_name":"Kenneth Merkur","author_link":"https:\/\/justvape.nu\/it\/author\/"},"uagb_comment_info":0,"uagb_excerpt":"LOST VAPE - URSA BABY PRO POD KIT","_links":{"self":[{"href":"https:\/\/justvape.nu\/it\/wp-json\/wp\/v2\/product\/577321","targetHints":{"allow":["GET"]}}],"collection":[{"href":"https:\/\/justvape.nu\/it\/wp-json\/wp\/v2\/product"}],"about":[{"href":"https:\/\/justvape.nu\/it\/wp-json\/wp\/v2\/types\/product"}],"replies":[{"embeddable":true,"href":"https:\/\/justvape.nu\/it\/wp-json\/wp\/v2\/comments?post=577321"}],"wp:featuredmedia":[{"embeddable":true,"href":"https:\/\/justvape.nu\/it\/wp-json\/wp\/v2\/media\/577165"}],"wp:attachment":[{"href":"https:\/\/justvape.nu\/it\/wp-json\/wp\/v2\/media?parent=577321"}],"wp:term":[{"taxonomy":"product_brand","embeddable":true,"href":"https:\/\/justvape.nu\/it\/wp-json\/wp\/v2\/product_brand?post=577321"},{"taxonomy":"product_cat","embeddable":true,"href":"https:\/\/justvape.nu\/it\/wp-json\/wp\/v2\/product_cat?post=577321"},{"taxonomy":"product_tag","embeddable":true,"href":"https:\/\/justvape.nu\/it\/wp-json\/wp\/v2\/product_tag?post=577321"}],"curies":[{"name":"wp","href":"https:\/\/api.w.org\/{rel}","templated":true}]}}