{"id":571147,"date":"2023-02-20T13:56:06","date_gmt":"2023-02-20T12:56:06","guid":{"rendered":"https:\/\/justvape.nu\/produkt\/aspire-gotek-x-pod-system\/"},"modified":"2024-04-09T14:38:19","modified_gmt":"2024-04-09T12:38:19","slug":"aspire-gotek-x-pod-system","status":"publish","type":"product","link":"https:\/\/justvape.nu\/it\/produkt\/aspire-gotek-x-pod-system\/","title":{"rendered":"ASPIRE &#8211; GOTEK X POD SYSTEM"},"content":{"rendered":"<h2>ASPIRE &#8211; GOTEK X POD SYSTEM<\/h2>\n<p>Il kit da svapo Aspire Gotek X \u00e8 un dispositivo compatto in stile pod, perfetto per lo svapo in movimento. Ha una batteria integrata da 650 mAh e una bassa potenza di uscita di 10-13W, che la rende adatta sia allo stile di vaping MTL che RDTL. Il kit \u00e8 dotato del chipset ASP di Aspire, che offre molteplici funzioni di protezione, come la protezione da sovraccarico e cortocircuito. Dispone inoltre della tecnologia di attivazione dell&#8217;inalazione, per cui \u00e8 sufficiente soffiare sul bocchino per produrre una quantit\u00e0 discreta di vapore, simile a quella di una sigaretta. Il kit comprende un supporto per cordino per un facile accesso quando si \u00e8 in giro. Il kit Gotek X viene fornito con cialde ricaricabili da 2 ml, che consentono di provare una variet\u00e0 di aromi e intensit\u00e0 di nicotina. Le cialde possono essere facilmente riempite attraverso un tappo laterale e la funzione di flusso d&#8217;aria regolabile consente di scegliere tra un&#8217;estrazione pi\u00f9 stretta o pi\u00f9 lenta. La bobina incorporata ha una resistenza di 0,8 Ohm e funziona al meglio con gli e-liquid che hanno una concentrazione di PG del 50% o superiore.<\/p>\n<p><a href=\"https:\/\/justvape.nu\/wp-content\/uploads\/2018\/05\/Color-Schemes.png\"><img loading=\"lazy\" decoding=\"async\" class=\"alignnone size-full wp-image-19187\" src=\"https:\/\/justvape.nu\/wp-content\/uploads\/2018\/05\/Color-Schemes.png\" alt=\"\" width=\"950\" height=\"64\" title=\"\" srcset=\"https:\/\/justvape.nu\/wp-content\/uploads\/2018\/05\/Color-Schemes.png 950w, https:\/\/justvape.nu\/wp-content\/uploads\/2018\/05\/Color-Schemes-555x37.png 555w, https:\/\/justvape.nu\/wp-content\/uploads\/2018\/05\/Color-Schemes-64x4.png 64w, https:\/\/justvape.nu\/wp-content\/uploads\/2018\/05\/Color-Schemes-300x20.png 300w, https:\/\/justvape.nu\/wp-content\/uploads\/2018\/05\/Color-Schemes-768x52.png 768w\" sizes=\"auto, (max-width: 950px) 100vw, 950px\" \/><\/a><\/p>\n<p class=\"description-img-center\"><a href=\"https:\/\/justvape.nu\/wp-content\/uploads\/2023\/02\/Aspire_GoTek_X_Pod_Kit_Colors.jpg\"><img loading=\"lazy\" decoding=\"async\" class=\"alignnone wp-image-571050\" src=\"https:\/\/justvape.nu\/wp-content\/uploads\/2023\/02\/Aspire_GoTek_X_Pod_Kit_Colors.jpg\" alt=\"\" width=\"900\" height=\"872\" title=\"\" srcset=\"https:\/\/justvape.nu\/wp-content\/uploads\/2023\/02\/Aspire_GoTek_X_Pod_Kit_Colors.jpg 700w, https:\/\/justvape.nu\/wp-content\/uploads\/2023\/02\/Aspire_GoTek_X_Pod_Kit_Colors-600x581.jpg 600w, https:\/\/justvape.nu\/wp-content\/uploads\/2023\/02\/Aspire_GoTek_X_Pod_Kit_Colors-64x62.jpg 64w, https:\/\/justvape.nu\/wp-content\/uploads\/2023\/02\/Aspire_GoTek_X_Pod_Kit_Colors-300x291.jpg 300w\" sizes=\"auto, (max-width: 900px) 100vw, 900px\" \/><\/a><\/p>\n<div class=\"shop-features \">\n<h2 class=\"shop-features-title \"><a href=\"https:\/\/justvape.nu\/wp-content\/uploads\/2018\/05\/Specifications.png\"><img loading=\"lazy\" decoding=\"async\" class=\"alignnone size-full wp-image-248449\" src=\"https:\/\/justvape.nu\/wp-content\/uploads\/2018\/05\/Specifications.png\" alt=\"\" width=\"950\" height=\"64\" title=\"\" srcset=\"https:\/\/justvape.nu\/wp-content\/uploads\/2018\/05\/Specifications.png 950w, https:\/\/justvape.nu\/wp-content\/uploads\/2018\/05\/Specifications-600x40.png 600w, https:\/\/justvape.nu\/wp-content\/uploads\/2018\/05\/Specifications-64x4.png 64w, https:\/\/justvape.nu\/wp-content\/uploads\/2018\/05\/Specifications-300x20.png 300w, https:\/\/justvape.nu\/wp-content\/uploads\/2018\/05\/Specifications-768x52.png 768w\" sizes=\"auto, (max-width: 950px) 100vw, 950px\" \/><\/a><\/h2>\n<\/div>\n<p><strong class=\"description-little-title\">Aspire GoTek X Parametri:<\/strong><\/p>\n<table class=\"description-table\">\n<tbody>\n<tr>\n<td class=\"strong-title \">Marchio<\/td>\n<td class=\"inline\">Aspire<\/td>\n<\/tr>\n<tr>\n<td class=\"strong-title \">Nome del prodotto<\/td>\n<td class=\"inline\">Kit GoTek X<\/td>\n<\/tr>\n<tr>\n<td class=\"strong-title \">Dimensione<\/td>\n<td class=\"inline\">81,5*47,6*19,8 mm<\/td>\n<\/tr>\n<tr>\n<td class=\"strong-title \">Capacit\u00e0 della batteria<\/td>\n<td class=\"inline\">integrato da 650 mAh<\/td>\n<\/tr>\n<tr>\n<td class=\"strong-title \">Porta di ricarica<\/td>\n<td class=\"inline\">Tipo-C<\/td>\n<\/tr>\n<tr>\n<td class=\"strong-title \">Tipo di capsula<\/td>\n<td class=\"inline\">Ricaricabile<\/td>\n<\/tr>\n<tr>\n<td class=\"strong-title \">Capacit\u00e0 della capsula<\/td>\n<td class=\"inline\">2ml (cialda ricaricabile)<\/td>\n<\/tr>\n<tr>\n<td class=\"strong-title \">Flusso d&#8217;aria<\/td>\n<td class=\"inline\">Flusso d&#8217;aria inferiore regolabile<\/td>\n<\/tr>\n<tr>\n<td class=\"strong-title \">Tipo di riempimento<\/td>\n<td class=\"inline\">Facile riempimento laterale (cialda ricaricabile)<\/td>\n<\/tr>\n<tr>\n<td class=\"strong-title \">Bobina<\/td>\n<td class=\"inline\">Bobina a maglia da 0,8ohm non sostituibile<\/td>\n<\/tr>\n<tr>\n<td class=\"strong-title \">Colore<\/td>\n<td class=\"inline\">Nero traslucido, Ambra traslucido, Blu reale traslucido, Trasparente, Rosa traslucido<\/td>\n<\/tr>\n<\/tbody>\n<\/table>\n<div class=\"shop-features \">\n<h2 class=\"shop-features-title \"><a href=\"https:\/\/justvape.nu\/wp-content\/uploads\/2018\/05\/Features.png\"><img loading=\"lazy\" decoding=\"async\" class=\"alignnone size-full wp-image-248459\" src=\"https:\/\/justvape.nu\/wp-content\/uploads\/2018\/05\/Features.png\" alt=\"\" width=\"950\" height=\"64\" title=\"\" srcset=\"https:\/\/justvape.nu\/wp-content\/uploads\/2018\/05\/Features.png 950w, https:\/\/justvape.nu\/wp-content\/uploads\/2018\/05\/Features-600x40.png 600w, https:\/\/justvape.nu\/wp-content\/uploads\/2018\/05\/Features-64x4.png 64w, https:\/\/justvape.nu\/wp-content\/uploads\/2018\/05\/Features-300x20.png 300w, https:\/\/justvape.nu\/wp-content\/uploads\/2018\/05\/Features-768x52.png 768w\" sizes=\"auto, (max-width: 950px) 100vw, 950px\" \/><\/a><\/h2>\n<\/div>\n<ul>\n<li style=\"list-style-type: none;\">\n<ul>\n<li>1. Regolazione precisa del flusso d&#8217;aria<\/li>\n<li>2. Corpo traslucido<\/li>\n<li>3. Grande capacit\u00e0 di e-liquid di 2 ml<\/li>\n<li>4. Facile riempimento laterale per la cialda ricaricabile Gotek<\/li>\n<li>5. Capacit\u00e0 della batteria 650 mAh<\/li>\n<li>6. Sistema di estrazione attivato<\/li>\n<li>7. Porta di ricarica di tipo C<\/li>\n<li>8. Supporto per cordino<\/li>\n<li>9. Collegamento alla capsula magnetica<\/li>\n<li>10. Protezioni di sicurezza: Vaping Protezione da sovratempo\/cortocircuito\/surriscaldamento\/basso voltaggio\/sovraccarico\/scarico eccessivo<\/li>\n<\/ul>\n<\/li>\n<\/ul>\n<div class=\"img-show-more\">\n<div id=\"img_content_less\" class=\"img-content add-more\">\n<p class=\"description-img-center\"><a href=\"https:\/\/justvape.nu\/wp-content\/uploads\/2023\/02\/Aspire_GoTek_X_Kit_650mAh_battery.jpg\"><img loading=\"lazy\" decoding=\"async\" class=\"alignnone size-full wp-image-571059\" src=\"https:\/\/justvape.nu\/wp-content\/uploads\/2023\/02\/Aspire_GoTek_X_Kit_650mAh_battery.jpg\" alt=\"\" width=\"831\" height=\"430\" title=\"\" srcset=\"https:\/\/justvape.nu\/wp-content\/uploads\/2023\/02\/Aspire_GoTek_X_Kit_650mAh_battery.jpg 831w, https:\/\/justvape.nu\/wp-content\/uploads\/2023\/02\/Aspire_GoTek_X_Kit_650mAh_battery-600x310.jpg 600w, https:\/\/justvape.nu\/wp-content\/uploads\/2023\/02\/Aspire_GoTek_X_Kit_650mAh_battery-64x33.jpg 64w, https:\/\/justvape.nu\/wp-content\/uploads\/2023\/02\/Aspire_GoTek_X_Kit_650mAh_battery-300x155.jpg 300w, https:\/\/justvape.nu\/wp-content\/uploads\/2023\/02\/Aspire_GoTek_X_Kit_650mAh_battery-768x397.jpg 768w\" sizes=\"auto, (max-width: 831px) 100vw, 831px\" \/><\/a> <a href=\"https:\/\/justvape.nu\/wp-content\/uploads\/2023\/02\/Aspire_GoTek_X_Kit_Airflow_Adjustment.jpg\"><img loading=\"lazy\" decoding=\"async\" class=\"alignnone size-full wp-image-571068\" src=\"https:\/\/justvape.nu\/wp-content\/uploads\/2023\/02\/Aspire_GoTek_X_Kit_Airflow_Adjustment.jpg\" alt=\"\" width=\"831\" height=\"346\" title=\"\" srcset=\"https:\/\/justvape.nu\/wp-content\/uploads\/2023\/02\/Aspire_GoTek_X_Kit_Airflow_Adjustment.jpg 831w, https:\/\/justvape.nu\/wp-content\/uploads\/2023\/02\/Aspire_GoTek_X_Kit_Airflow_Adjustment-600x250.jpg 600w, https:\/\/justvape.nu\/wp-content\/uploads\/2023\/02\/Aspire_GoTek_X_Kit_Airflow_Adjustment-64x27.jpg 64w, https:\/\/justvape.nu\/wp-content\/uploads\/2023\/02\/Aspire_GoTek_X_Kit_Airflow_Adjustment-300x125.jpg 300w, https:\/\/justvape.nu\/wp-content\/uploads\/2023\/02\/Aspire_GoTek_X_Kit_Airflow_Adjustment-768x320.jpg 768w\" sizes=\"auto, (max-width: 831px) 100vw, 831px\" \/><\/a> <a href=\"https:\/\/justvape.nu\/wp-content\/uploads\/2023\/02\/Aspire_GoTek_X_Kit_Colors_Available.jpg\"><img loading=\"lazy\" decoding=\"async\" class=\"alignnone size-full wp-image-571077\" src=\"https:\/\/justvape.nu\/wp-content\/uploads\/2023\/02\/Aspire_GoTek_X_Kit_Colors_Available.jpg\" alt=\"\" width=\"831\" height=\"421\" title=\"\" srcset=\"https:\/\/justvape.nu\/wp-content\/uploads\/2023\/02\/Aspire_GoTek_X_Kit_Colors_Available.jpg 831w, https:\/\/justvape.nu\/wp-content\/uploads\/2023\/02\/Aspire_GoTek_X_Kit_Colors_Available-600x304.jpg 600w, https:\/\/justvape.nu\/wp-content\/uploads\/2023\/02\/Aspire_GoTek_X_Kit_Colors_Available-64x32.jpg 64w, https:\/\/justvape.nu\/wp-content\/uploads\/2023\/02\/Aspire_GoTek_X_Kit_Colors_Available-300x152.jpg 300w, https:\/\/justvape.nu\/wp-content\/uploads\/2023\/02\/Aspire_GoTek_X_Kit_Colors_Available-768x389.jpg 768w\" sizes=\"auto, (max-width: 831px) 100vw, 831px\" \/><\/a><\/p>\n<\/div>\n<\/div>\n<div class=\"shop-features \">\n<h2 class=\"shop-features-title \"><a href=\"https:\/\/justvape.nu\/wp-content\/uploads\/2018\/05\/Packing-List.png\"><img loading=\"lazy\" decoding=\"async\" class=\"alignnone size-full wp-image-248468\" src=\"https:\/\/justvape.nu\/wp-content\/uploads\/2018\/05\/Packing-List.png\" alt=\"\" width=\"950\" height=\"64\" title=\"\" srcset=\"https:\/\/justvape.nu\/wp-content\/uploads\/2018\/05\/Packing-List.png 950w, https:\/\/justvape.nu\/wp-content\/uploads\/2018\/05\/Packing-List-600x40.png 600w, https:\/\/justvape.nu\/wp-content\/uploads\/2018\/05\/Packing-List-64x4.png 64w, https:\/\/justvape.nu\/wp-content\/uploads\/2018\/05\/Packing-List-300x20.png 300w, https:\/\/justvape.nu\/wp-content\/uploads\/2018\/05\/Packing-List-768x52.png 768w\" sizes=\"auto, (max-width: 950px) 100vw, 950px\" \/><\/a><\/h2>\n<\/div>\n<p><strong class=\"description-little-title \">La confezione del kit Aspire GoTek X Pod viene fornita con:<\/strong><\/p>\n<p>1* Dispositivo Gotek X<br \/>\n1* Gotek Pod 0,8ohm (4,5ml, ricaricabile)<br \/>\n1* Cavo di tipo C<br \/>\n1 * Manuale dell&#8217;utente<\/p>\n","protected":false},"excerpt":{"rendered":"<p>ASPIRE &#8211; GOTEK X POD SYSTEM<\/p>\n","protected":false},"featured_media":571098,"comment_status":"open","ping_status":"closed","template":"","meta":{"_acf_changed":false,"_uag_custom_page_level_css":"","site-sidebar-layout":"default","site-content-layout":"default","ast-site-content-layout":"default","site-content-style":"default","site-sidebar-style":"default","ast-global-header-display":"","ast-banner-title-visibility":"","ast-main-header-display":"","ast-hfb-above-header-display":"","ast-hfb-below-header-display":"","ast-hfb-mobile-header-display":"","site-post-title":"","ast-breadcrumbs-content":"","ast-featured-img":"","footer-sml-layout":"","ast-disable-related-posts":"","theme-transparent-header-meta":"default","adv-header-id-meta":"","stick-header-meta":"default","header-above-stick-meta":"","header-main-stick-meta":"","header-below-stick-meta":"","astra-migrate-meta-layouts":"default","ast-page-background-enabled":"default","ast-page-background-meta":{"desktop":{"background-color":"","background-image":"","background-repeat":"repeat","background-position":"center center","background-size":"auto","background-attachment":"scroll","background-type":"","background-media":"","overlay-type":"","overlay-color":"","overlay-opacity":"","overlay-gradient":""},"tablet":{"background-color":"","background-image":"","background-repeat":"repeat","background-position":"center center","background-size":"auto","background-attachment":"scroll","background-type":"","background-media":"","overlay-type":"","overlay-color":"","overlay-opacity":"","overlay-gradient":""},"mobile":{"background-color":"","background-image":"","background-repeat":"repeat","background-position":"center center","background-size":"auto","background-attachment":"scroll","background-type":"","background-media":"","overlay-type":"","overlay-color":"","overlay-opacity":"","overlay-gradient":""}},"ast-content-background-meta":{"desktop":{"background-color":"var(--ast-global-color-5)","background-image":"","background-repeat":"repeat","background-position":"center center","background-size":"auto","background-attachment":"scroll","background-type":"","background-media":"","overlay-type":"","overlay-color":"","overlay-opacity":"","overlay-gradient":""},"tablet":{"background-color":"var(--ast-global-color-5)","background-image":"","background-repeat":"repeat","background-position":"center center","background-size":"auto","background-attachment":"scroll","background-type":"","background-media":"","overlay-type":"","overlay-color":"","overlay-opacity":"","overlay-gradient":""},"mobile":{"background-color":"var(--ast-global-color-5)","background-image":"","background-repeat":"repeat","background-position":"center center","background-size":"auto","background-attachment":"scroll","background-type":"","background-media":"","overlay-type":"","overlay-color":"","overlay-opacity":"","overlay-gradient":""}}},"product_brand":[],"product_cat":[3191,2517,2079,2518,2069],"product_tag":[],"class_list":{"0":"post-571147","1":"product","2":"type-product","3":"status-publish","4":"has-post-thumbnail","6":"product_cat-aspirare","7":"product_cat-hardware-it","8":"product_cat-kit-per-principianti-e-pod","9":"product_cat-shop-by-brand-it","10":"product_cat-sigarette-elettroniche","11":"desktop-align-center","12":"tablet-align-center","13":"mobile-align-center","14":"ast-product-gallery-layout-horizontal-slider","15":"ast-product-single-variable","16":"ast-product-tabs-layout-horizontal","18":"first","19":"instock","20":"sale","21":"taxable","22":"shipping-taxable","23":"purchasable","24":"product-type-variable"},"acf":[],"uagb_featured_image_src":{"full":["https:\/\/justvape.nu\/wp-content\/uploads\/2023\/02\/GoTek-X-Pod-Kits-cover.webp",512,512,false],"thumbnail":["https:\/\/justvape.nu\/wp-content\/uploads\/2023\/02\/GoTek-X-Pod-Kits-cover-150x150.webp",150,150,true],"medium":["https:\/\/justvape.nu\/wp-content\/uploads\/2023\/02\/GoTek-X-Pod-Kits-cover-300x300.webp",300,300,true],"medium_large":["https:\/\/justvape.nu\/wp-content\/uploads\/2023\/02\/GoTek-X-Pod-Kits-cover.webp",512,512,false],"large":["https:\/\/justvape.nu\/wp-content\/uploads\/2023\/02\/GoTek-X-Pod-Kits-cover.webp",512,512,false],"1536x1536":["https:\/\/justvape.nu\/wp-content\/uploads\/2023\/02\/GoTek-X-Pod-Kits-cover.webp",512,512,false],"2048x2048":["https:\/\/justvape.nu\/wp-content\/uploads\/2023\/02\/GoTek-X-Pod-Kits-cover.webp",512,512,false],"woocommerce_thumbnail":["https:\/\/justvape.nu\/wp-content\/uploads\/2023\/02\/GoTek-X-Pod-Kits-cover-300x300.webp",300,300,true],"woocommerce_single":["https:\/\/justvape.nu\/wp-content\/uploads\/2023\/02\/GoTek-X-Pod-Kits-cover.webp",512,512,false],"woocommerce_gallery_thumbnail":["https:\/\/justvape.nu\/wp-content\/uploads\/2023\/02\/GoTek-X-Pod-Kits-cover-100x100.webp",100,100,true],"dgwt-wcas-product-suggestion":["https:\/\/justvape.nu\/wp-content\/uploads\/2023\/02\/GoTek-X-Pod-Kits-cover-64x64.webp",64,64,true]},"uagb_author_info":{"display_name":"Kenneth Merkur","author_link":"https:\/\/justvape.nu\/it\/author\/"},"uagb_comment_info":0,"uagb_excerpt":"ASPIRE - GOTEK X POD SYSTEM","_links":{"self":[{"href":"https:\/\/justvape.nu\/it\/wp-json\/wp\/v2\/product\/571147","targetHints":{"allow":["GET"]}}],"collection":[{"href":"https:\/\/justvape.nu\/it\/wp-json\/wp\/v2\/product"}],"about":[{"href":"https:\/\/justvape.nu\/it\/wp-json\/wp\/v2\/types\/product"}],"replies":[{"embeddable":true,"href":"https:\/\/justvape.nu\/it\/wp-json\/wp\/v2\/comments?post=571147"}],"wp:featuredmedia":[{"embeddable":true,"href":"https:\/\/justvape.nu\/it\/wp-json\/wp\/v2\/media\/571098"}],"wp:attachment":[{"href":"https:\/\/justvape.nu\/it\/wp-json\/wp\/v2\/media?parent=571147"}],"wp:term":[{"taxonomy":"product_brand","embeddable":true,"href":"https:\/\/justvape.nu\/it\/wp-json\/wp\/v2\/product_brand?post=571147"},{"taxonomy":"product_cat","embeddable":true,"href":"https:\/\/justvape.nu\/it\/wp-json\/wp\/v2\/product_cat?post=571147"},{"taxonomy":"product_tag","embeddable":true,"href":"https:\/\/justvape.nu\/it\/wp-json\/wp\/v2\/product_tag?post=571147"}],"curies":[{"name":"wp","href":"https:\/\/api.w.org\/{rel}","templated":true}]}}